{"id":1490,"date":"2026-02-25T18:51:29","date_gmt":"2026-02-25T17:51:29","guid":{"rendered":"https:\/\/www.royalpeptides.eu\/reklamacny-poriadok"},"modified":"2026-03-05T09:08:46","modified_gmt":"2026-03-05T08:08:46","slug":"reklamacni-rad","status":"publish","type":"page","link":"https:\/\/www.royalpeptides.eu\/cs\/reklamacni-rad","title":{"rendered":"Reklama\u010dn\u00ed \u0159\u00e1d"},"content":{"rendered":"\t\t<div data-elementor-type=\"wp-page\" data-elementor-id=\"1490\" class=\"elementor elementor-1490 elementor-616\" data-elementor-post-type=\"page\">\n\t\t\t\t<div class=\"elementor-element elementor-element-7d872dc7 e-flex e-con-boxed e-con e-parent\" data-id=\"7d872dc7\" data-element_type=\"container\" data-e-type=\"container\" data-settings=\"{&quot;background_background&quot;:&quot;classic&quot;}\">\n\t\t\t\t\t<div class=\"e-con-inner\">\n\t\t<div class=\"elementor-element elementor-element-3b841669 e-con-full e-flex e-con e-child\" data-id=\"3b841669\" data-element_type=\"container\" data-e-type=\"container\" data-settings=\"{&quot;background_background&quot;:&quot;classic&quot;}\">\n\t\t\t\t<div class=\"elementor-element elementor-element-2698f8f0 elementor-widget elementor-widget-heading\" data-id=\"2698f8f0\" data-element_type=\"widget\" data-e-type=\"widget\" data-widget_type=\"heading.default\">\n\t\t\t\t\t<h1 class=\"elementor-heading-title elementor-size-default\">Reklama\u010dn\u00ed \u0159\u00e1d<\/h1>\t\t\t\t<\/div>\n\t\t\t\t<\/div>\n\t\t\t\t\t<\/div>\n\t\t\t\t<\/div>\n\t\t<div class=\"elementor-element elementor-element-b37b6db e-flex e-con-boxed e-con e-parent\" data-id=\"b37b6db\" data-element_type=\"container\" data-e-type=\"container\" data-settings=\"{&quot;background_background&quot;:&quot;classic&quot;}\">\n\t\t\t\t\t<div class=\"e-con-inner\">\n\t\t<div class=\"elementor-element elementor-element-2aecef9 e-con-full e-flex e-con e-child\" data-id=\"2aecef9\" data-element_type=\"container\" data-e-type=\"container\">\n\t\t\t\t<div class=\"elementor-element elementor-element-57574c0 elementor-widget elementor-widget-text-editor\" data-id=\"57574c0\" data-element_type=\"widget\" data-e-type=\"widget\" data-widget_type=\"text-editor.default\">\n\t\t\t\t\t\t\t\t\t<p><strong>REKLAMA\u010cN\u00cd \u0158\u00c1D<\/strong><\/p><ol><li><strong> \u00davodn\u00ed ustanoven\u00ed<\/strong><\/li><\/ol><p>Tento reklama\u010dn\u00ed \u0159\u00e1d upravuje postup p\u0159i vy\u0159izov\u00e1n\u00ed reklamac\u00ed zbo\u017e\u00ed zakoupen\u00e9ho prost\u0159ednictv\u00edm e-shopu spole\u010dnosti Barbarea s.r.o., se s\u00eddlem Drot\u00e1rska cesta 1, 821 01 Bratislava, Slovensko, I\u010cO: 36271238, v souladu s platnou legislativou Slovensk\u00e9 republiky, zejm\u00e9na z\u00e1konem \u010d. 250\/2007 Z.z. o ochran\u011b spot\u0159ebitele a p\u0159\u00edslu\u0161n\u00fdmi ustanoven\u00edmi Ob\u010dansk\u00e9ho z\u00e1kon\u00edku.<\/p><ol start=\"2\"><li><strong> Obecn\u00e9 informace<\/strong><\/li><\/ol><ol><li><strong>Prod\u00e1vaj\u00edc\u00ed:<\/strong><br \/>Barbarea s.r.o.<br \/>Drot\u00e1rska cesta, Bratislava, Slovensko<br \/>E-mail: [uve\u010f e-mail z\u00e1kaznick\u00e9 podpory]<br \/>Telefon: [uve\u010f telefon, pokud jej pou\u017e\u00edv\u00e1te]<\/li><li>Tento reklama\u010dn\u00ed \u0159\u00e1d je z\u00e1vazn\u00fd pro ob\u011b smluvn\u00ed strany \u2013 kupuj\u00edc\u00edho i prod\u00e1vaj\u00edc\u00edho \u2013 a upravuje pr\u00e1va a povinnosti p\u0159i uplatn\u011bn\u00ed reklamace zbo\u017e\u00ed.<\/li><\/ol><ol start=\"3\"><li><strong> Uplatn\u011bn\u00ed reklamace<\/strong><\/li><\/ol><ol><li>Reklamaci lze uplatnit v p\u0159\u00edpad\u011b, \u017ee je zbo\u017e\u00ed vadn\u00e9, po\u0161kozen\u00e9, ne\u00fapln\u00e9, neodpov\u00edd\u00e1 objednan\u00e9mu zbo\u017e\u00ed nebo m\u00e1 jinou vadu br\u00e1n\u00edc\u00ed jeho \u0159\u00e1dn\u00e9mu u\u017e\u00edv\u00e1n\u00ed.<\/li><li>Reklamaci lze uplatnit:<br \/>a) p\u00edsemn\u011b na e-mail: info@royalpeptides.eu<br \/>b) po\u0161tou na adresu: Barbarea s.r.o., Drot\u00e1rska cesta, 821 01 Bratislava<br \/>c) osobn\u011b p\u0159i p\u0159evzet\u00ed zbo\u017e\u00ed od dopravce \u2013 v p\u0159\u00edpad\u011b zjevn\u00e9ho po\u0161kozen\u00ed obalu<\/li><li>P\u0159i uplatn\u011bn\u00ed reklamace je kupuj\u00edc\u00ed povinen p\u0159edlo\u017eit:<br \/>a) doklad o koupi (fakturu nebo potvrzen\u00ed o platb\u011b)<br \/>b) popis vady zbo\u017e\u00ed<br \/>c) fotodokumentaci vady (je-li to mo\u017en\u00e9)<br \/>d) kontaktn\u00ed \u00fadaje kupuj\u00edc\u00edho<\/li><\/ol><ol start=\"4\"><li><strong> Lh\u016fta pro uplatn\u011bn\u00ed reklamace<\/strong><\/li><\/ol><ol><li>Reklamaci je nutn\u00e9 uplatnit bez zbyte\u010dn\u00e9ho odkladu ode dne, kdy byla zji\u0161t\u011bna skute\u010dnost zakl\u00e1daj\u00edc\u00ed reklamaci.<\/li><li>Minim\u00e1ln\u00ed z\u00e1konn\u00e1 lh\u016fta pro uplatn\u011bn\u00ed pr\u00e1v z vadn\u00e9ho pln\u011bn\u00ed \u010din\u00ed 24 m\u011bs\u00edc\u016f od p\u0159evzet\u00ed zbo\u017e\u00ed, nen\u00ed-li u konkr\u00e9tn\u00edho zbo\u017e\u00ed sjedn\u00e1no jinak.<\/li><li>Pokud je zbo\u017e\u00ed pou\u017e\u00edv\u00e1no nespr\u00e1vn\u011b, nadm\u011brn\u011b zat\u011b\u017eov\u00e1no nebo bylo neopr\u00e1vn\u011bn\u011b upravov\u00e1no, reklamace nebude uzn\u00e1na jako opr\u00e1vn\u011bn\u00e1.<\/li><\/ol><ol start=\"5\"><li><strong> Zp\u016fsob vy\u0159\u00edzen\u00ed reklamace<\/strong><\/li><\/ol><ol><li>Prod\u00e1vaj\u00edc\u00ed se zavazuje vy\u0159\u00eddit reklamaci do 30 dn\u016f ode dne p\u0159ijet\u00ed zbo\u017e\u00ed v\u010detn\u011b v\u0161ech pot\u0159ebn\u00fdch doklad\u016f a informac\u00ed.<\/li><li>Prod\u00e1vaj\u00edc\u00ed m\u016f\u017ee:<br \/>a) zbo\u017e\u00ed bezplatn\u011b opravit<br \/>b) vym\u011bnit zbo\u017e\u00ed za nov\u00fd bezvadn\u00fd kus<br \/>c) pokud oprava ani v\u00fdm\u011bna nen\u00ed mo\u017en\u00e1, vr\u00e1tit kupuj\u00edc\u00edmu plnou cenu zbo\u017e\u00ed<\/li><li>V\u00fdsledek reklamace bude kupuj\u00edc\u00edmu ozn\u00e1men e-mailem nebo telefonicky.<\/li><li>N\u00e1klady spojen\u00e9 s doru\u010den\u00edm reklamovan\u00e9ho zbo\u017e\u00ed prod\u00e1vaj\u00edc\u00edmu hrad\u00ed:<br \/>a) kupuj\u00edc\u00ed \u2013 pokud se reklamace t\u00fdk\u00e1 zjevn\u00e9ho po\u0161kozen\u00ed vznikl\u00e9ho po p\u0159evzet\u00ed<br \/>b) prod\u00e1vaj\u00edc\u00ed \u2013 pokud je reklamace uzn\u00e1na jako opr\u00e1vn\u011bn\u00e1<\/li><\/ol><ol start=\"6\"><li><strong> Odstoupen\u00ed od smlouvy<\/strong><\/li><\/ol><ol><li>Kupuj\u00edc\u00ed je opr\u00e1vn\u011bn odstoupit od kupn\u00ed smlouvy bez ud\u00e1n\u00ed d\u016fvodu do 14 dn\u016f od p\u0159evzet\u00ed zbo\u017e\u00ed, pokud pr\u00e1vn\u00ed \u00faprava nestanov\u00ed jinak (nap\u0159. zbo\u017e\u00ed nelze vr\u00e1tit z hygienick\u00fdch nebo jin\u00fdch z\u00e1konem stanoven\u00fdch d\u016fvod\u016f).<\/li><li>Ozn\u00e1men\u00ed o odstoupen\u00ed od smlouvy mus\u00ed obsahovat:<br \/>a) n\u00e1zev zbo\u017e\u00ed<br \/>b) \u010d\u00edslo objedn\u00e1vky<br \/>c) jm\u00e9no a adresu kupuj\u00edc\u00edho<\/li><li>Prod\u00e1vaj\u00edc\u00ed vr\u00e1t\u00ed kupn\u00ed cenu do 14 dn\u016f od doru\u010den\u00ed odstoupen\u00ed od smlouvy.<\/li><\/ol><ol start=\"7\"><li><strong> Odpov\u011bdnost prod\u00e1vaj\u00edc\u00edho<\/strong><\/li><\/ol><ol><li>Prod\u00e1vaj\u00edc\u00ed neodpov\u00edd\u00e1 za vady zp\u016fsoben\u00e9 nespr\u00e1vn\u00fdm pou\u017e\u00edv\u00e1n\u00edm zbo\u017e\u00ed, mechanick\u00fdm po\u0161kozen\u00edm po odesl\u00e1n\u00ed, p\u0159irozen\u00fdm opot\u0159eben\u00edm nebo n\u00e1sledn\u00fdmi \u00fapravami.<\/li><li>Prod\u00e1vaj\u00edc\u00ed si vyhrazuje pr\u00e1vo odm\u00edtnout reklamace, kter\u00e9 se nevztahuj\u00ed na vady zp\u016fsoben\u00e9 v\u00fdrobcem.<\/li><\/ol><ol start=\"8\"><li><strong> Z\u00e1v\u011bre\u010dn\u00e1 ustanoven\u00ed<\/strong><\/li><\/ol><ol><li>Tento reklama\u010dn\u00ed \u0159\u00e1d nab\u00fdv\u00e1 \u00fa\u010dinnosti dnem jeho zve\u0159ejn\u011bn\u00ed na webov\u00fdch str\u00e1nk\u00e1ch e-shopu a je kupuj\u00edc\u00edmu p\u0159\u00edstupn\u00fd p\u0159ed uzav\u0159en\u00edm smlouvy.<\/li><li>V p\u0159\u00edpad\u011b zm\u011bn pr\u00e1vn\u00edch p\u0159edpis\u016f si prod\u00e1vaj\u00edc\u00ed vyhrazuje pr\u00e1vo tento reklama\u010dn\u00ed \u0159\u00e1d aktualizovat.<\/li><\/ol><p><strong>FORMUL\u00c1\u0158 NA ODSTOUPEN\u00cd OD SMLOUVY UZAV\u0158EN\u00c9 NA D\u00c1LKU<\/strong><\/p><p>A SMLOUVY UZAV\u0158EN\u00c9 MIMO OBCHODN\u00cd PROSTORY OBCHODN\u00cdKA<\/p><p>(Vypl\u0148te a za\u0161lete tento formul\u00e1\u0159 pouze v p\u0159\u00edpad\u011b, \u017ee si p\u0159ejete odstoupit od smlouvy.)<\/p><p>Komu:<br \/>Barbarea s.r.o.<br \/>Drot\u00e1rska cesta 19B<br \/>811 02 Bratislava \u2013 Star\u00e9 M\u011bsto<br \/>I\u010cO: 51474271<br \/>Zapsan\u00e1 v Obchodn\u00edm rejst\u0159\u00edku M\u011bstsk\u00e9ho soudu Bratislava III, odd\u00edl Sro, vlo\u017eka \u010d. 161486\/B<br \/>E-mail: info@royalpeptides.eu<\/p><p>T\u00edmto oznamuji\/oznamujeme*, \u017ee odstupuji\/odstupujeme* od smlouvy o dod\u00e1n\u00ed nebo poskytnut\u00ed tohoto produktu:<\/p><p>Datum objedn\u00e1n\u00ed \/ datum p\u0159ijet\u00ed: &#8230;&#8230;&#8230;&#8230;..<br \/>Jm\u00e9no a p\u0159\u00edjmen\u00ed spot\u0159ebitele: &#8230;&#8230;&#8230;&#8230;..<br \/>Adresa spot\u0159ebitele: &#8230;&#8230;&#8230;&#8230;..<\/p><p>Podpis spot\u0159ebitele: &#8230;&#8230;&#8230;&#8230;..<br \/>Datum: &#8230;&#8230;&#8230;&#8230;..<\/p><p><strong>POU\u010cEN\u00cd O UPLATN\u011aN\u00cd PR\u00c1VA SPOT\u0158EBITELE NA ODSTOUPEN\u00cd OD SMLOUVY<\/strong><\/p><ol><li><strong> Pr\u00e1vo na odstoupen\u00ed od smlouvy<\/strong><\/li><\/ol><p>M\u00e1te pr\u00e1vo odstoupit od t\u00e9to smlouvy bez ud\u00e1n\u00ed d\u016fvodu ve lh\u016ft\u011b 14 dn\u016f.<\/p><p>Lh\u016fta pro odstoupen\u00ed od smlouvy uplyne po 14 dnech.<\/p><p>Pro uplatn\u011bn\u00ed pr\u00e1va na odstoupen\u00ed od smlouvy n\u00e1s informujte o sv\u00e9m rozhodnut\u00ed jednozna\u010dn\u00fdm prohl\u00e1\u0161en\u00edm na e-mail: info@royalpeptides.eu<\/p><p>M\u016f\u017eete pou\u017e\u00edt vzorov\u00fd formul\u00e1\u0159 pro odstoupen\u00ed od smlouvy, nen\u00ed to v\u0161ak povinn\u00e9.<\/p><p>Lh\u016fta je zachov\u00e1na, pokud ozn\u00e1men\u00ed ode\u0161lete p\u0159ed jej\u00edm uplynut\u00edm.<\/p><ol start=\"2\"><li><strong> D\u016fsledky odstoupen\u00ed od smlouvy<\/strong><\/li><\/ol><p>Po odstoupen\u00ed od smlouvy V\u00e1m vr\u00e1t\u00edme v\u0161echny platby, kter\u00e9 jsme od V\u00e1s obdr\u017eeli, v\u010detn\u011b n\u00e1klad\u016f na dod\u00e1n\u00ed zbo\u017e\u00ed (s v\u00fdjimkou dodate\u010dn\u00fdch n\u00e1klad\u016f vznikl\u00fdch volbou jin\u00e9ho ne\u017e nejlevn\u011bj\u0161\u00edho zp\u016fsobu doru\u010den\u00ed).<\/p><p>Platby V\u00e1m budou vr\u00e1ceny nejpozd\u011bji do 14 dn\u016f ode dne, kdy n\u00e1m bylo doru\u010deno ozn\u00e1men\u00ed o odstoupen\u00ed od smlouvy.<\/p><p>Vr\u00e1cen\u00ed prob\u011bhne stejn\u00fdm zp\u016fsobem, jak\u00fd jste pou\u017eili p\u0159i platb\u011b, pokud jste v\u00fdslovn\u011b nesouhlasili s jin\u00fdm zp\u016fsobem, a bez \u00fa\u010dtov\u00e1n\u00ed jak\u00fdchkoli dal\u0161\u00edch poplatk\u016f.<\/p><p>\u00a0<\/p>\t\t\t\t\t\t\t\t<\/div>\n\t\t\t\t<\/div>\n\t\t\t\t\t<\/div>\n\t\t\t\t<\/div>\n\t\t\t\t<\/div>\n\t\t","protected":false},"excerpt":{"rendered":"<p>Reklama\u010dn\u00ed \u0159\u00e1d REKLAMA\u010cN\u00cd \u0158\u00c1D \u00davodn\u00ed ustanoven\u00ed Tento reklama\u010dn\u00ed \u0159\u00e1d upravuje postup p\u0159i vy\u0159izov\u00e1n\u00ed reklamac\u00ed zbo\u017e\u00ed zakoupen\u00e9ho prost\u0159ednictv\u00edm e-shopu spole\u010dnosti Barbarea s.r.o., se s\u00eddlem Drot\u00e1rska cesta 1, 821 01 Bratislava, Slovensko, I\u010cO: 36271238, v souladu s platnou legislativou Slovensk\u00e9 republiky, zejm\u00e9na z\u00e1konem \u010d. 250\/2007 Z.z. o ochran\u011b spot\u0159ebitele a p\u0159\u00edslu\u0161n\u00fdmi ustanoven\u00edmi Ob\u010dansk\u00e9ho z\u00e1kon\u00edku. Obecn\u00e9 informace Prod\u00e1vaj\u00edc\u00ed:Barbarea [&hellip;]<\/p>\n","protected":false},"author":1,"featured_media":0,"parent":0,"menu_order":0,"comment_status":"closed","ping_status":"closed","template":"","meta":{"footnotes":""},"class_list":["post-1490","page","type-page","status-publish","hentry"],"yoast_head":"<!-- This site is optimized with the Yoast SEO plugin v27.0 - https:\/\/yoast.com\/product\/yoast-seo-wordpress\/ -->\n<title>Reklama\u010dn\u00ed \u0159\u00e1d - Royal Peptides<\/title>\n<meta name=\"robots\" content=\"index, follow, max-snippet:-1, max-image-preview:large, max-video-preview:-1\" \/>\n<link rel=\"canonical\" href=\"https:\/\/www.royalpeptides.eu\/cs\/reklamacni-rad\" \/>\n<meta property=\"og:locale\" content=\"cs_CZ\" \/>\n<meta property=\"og:type\" content=\"article\" \/>\n<meta property=\"og:title\" content=\"Reklama\u010dn\u00ed \u0159\u00e1d - Royal Peptides\" \/>\n<meta property=\"og:description\" content=\"Reklama\u010dn\u00ed \u0159\u00e1d REKLAMA\u010cN\u00cd \u0158\u00c1D \u00davodn\u00ed ustanoven\u00ed Tento reklama\u010dn\u00ed \u0159\u00e1d upravuje postup p\u0159i vy\u0159izov\u00e1n\u00ed reklamac\u00ed zbo\u017e\u00ed zakoupen\u00e9ho prost\u0159ednictv\u00edm e-shopu spole\u010dnosti Barbarea s.r.o., se s\u00eddlem Drot\u00e1rska cesta 1, 821 01 Bratislava, Slovensko, I\u010cO: 36271238, v souladu s platnou legislativou Slovensk\u00e9 republiky, zejm\u00e9na z\u00e1konem \u010d. 250\/2007 Z.z. o ochran\u011b spot\u0159ebitele a p\u0159\u00edslu\u0161n\u00fdmi ustanoven\u00edmi Ob\u010dansk\u00e9ho z\u00e1kon\u00edku. Obecn\u00e9 informace Prod\u00e1vaj\u00edc\u00ed:Barbarea [&hellip;]\" \/>\n<meta property=\"og:url\" content=\"https:\/\/www.royalpeptides.eu\/cs\/reklamacni-rad\" \/>\n<meta property=\"og:site_name\" content=\"Royal Peptides\" \/>\n<meta property=\"article:publisher\" content=\"https:\/\/www.facebook.com\/profile.php?id=61588101646707\" \/>\n<meta property=\"article:modified_time\" content=\"2026-03-05T08:08:46+00:00\" \/>\n<meta name=\"twitter:card\" content=\"summary_large_image\" \/>\n<meta name=\"twitter:label1\" content=\"Odhadovan\u00e1 doba \u010dten\u00ed\" \/>\n\t<meta name=\"twitter:data1\" content=\"4 minuty\" \/>\n<script type=\"application\/ld+json\" class=\"yoast-schema-graph\">{\"@context\":\"https:\/\/schema.org\",\"@graph\":[{\"@type\":\"WebPage\",\"@id\":\"https:\/\/www.royalpeptides.eu\/cs\/reklamacni-rad\",\"url\":\"https:\/\/www.royalpeptides.eu\/cs\/reklamacni-rad\",\"name\":\"Reklama\u010dn\u00ed \u0159\u00e1d - Royal Peptides\",\"isPartOf\":{\"@id\":\"https:\/\/www.royalpeptides.eu\/cs#website\"},\"datePublished\":\"2026-02-25T17:51:29+00:00\",\"dateModified\":\"2026-03-05T08:08:46+00:00\",\"breadcrumb\":{\"@id\":\"https:\/\/www.royalpeptides.eu\/cs\/reklamacni-rad#breadcrumb\"},\"inLanguage\":\"cs\",\"potentialAction\":[{\"@type\":\"ReadAction\",\"target\":[\"https:\/\/www.royalpeptides.eu\/cs\/reklamacni-rad\"]}]},{\"@type\":\"BreadcrumbList\",\"@id\":\"https:\/\/www.royalpeptides.eu\/cs\/reklamacni-rad#breadcrumb\",\"itemListElement\":[{\"@type\":\"ListItem\",\"position\":1,\"name\":\"Domovsk\u00e1 str\u00e1nka\",\"item\":\"https:\/\/www.royalpeptides.eu\/cs\"},{\"@type\":\"ListItem\",\"position\":2,\"name\":\"Reklama\u010dn\u00ed \u0159\u00e1d\"}]},{\"@type\":\"WebSite\",\"@id\":\"https:\/\/www.royalpeptides.eu\/cs#website\",\"url\":\"https:\/\/www.royalpeptides.eu\/cs\",\"name\":\"Royal Peptides\",\"description\":\"\",\"publisher\":{\"@id\":\"https:\/\/www.royalpeptides.eu\/cs#organization\"},\"potentialAction\":[{\"@type\":\"SearchAction\",\"target\":{\"@type\":\"EntryPoint\",\"urlTemplate\":\"https:\/\/www.royalpeptides.eu\/cs?s={search_term_string}\"},\"query-input\":{\"@type\":\"PropertyValueSpecification\",\"valueRequired\":true,\"valueName\":\"search_term_string\"}}],\"inLanguage\":\"cs\"},{\"@type\":\"Organization\",\"@id\":\"https:\/\/www.royalpeptides.eu\/cs#organization\",\"name\":\"Royal Peptides\",\"url\":\"https:\/\/www.royalpeptides.eu\/cs\",\"logo\":{\"@type\":\"ImageObject\",\"inLanguage\":\"cs\",\"@id\":\"https:\/\/www.royalpeptides.eu\/cs#\/schema\/logo\/image\/\",\"url\":\"https:\/\/www.royalpeptides.eu\/wp-content\/uploads\/2026\/02\/royal_peptides_fade_edges.png\",\"contentUrl\":\"https:\/\/www.royalpeptides.eu\/wp-content\/uploads\/2026\/02\/royal_peptides_fade_edges.png\",\"width\":2048,\"height\":909,\"caption\":\"Royal Peptides\"},\"image\":{\"@id\":\"https:\/\/www.royalpeptides.eu\/cs#\/schema\/logo\/image\/\"},\"sameAs\":[\"https:\/\/www.facebook.com\/profile.php?id=61588101646707\",\"https:\/\/www.instagram.com\/royal_pep?igsh=Z2RoamNlaW1sZmFr\"]}]}<\/script>\n<!-- \/ Yoast SEO plugin. -->","yoast_head_json":{"title":"Reklama\u010dn\u00ed \u0159\u00e1d - Royal Peptides","robots":{"index":"index","follow":"follow","max-snippet":"max-snippet:-1","max-image-preview":"max-image-preview:large","max-video-preview":"max-video-preview:-1"},"canonical":"https:\/\/www.royalpeptides.eu\/cs\/reklamacni-rad","og_locale":"cs_CZ","og_type":"article","og_title":"Reklama\u010dn\u00ed \u0159\u00e1d - Royal Peptides","og_description":"Reklama\u010dn\u00ed \u0159\u00e1d REKLAMA\u010cN\u00cd \u0158\u00c1D \u00davodn\u00ed ustanoven\u00ed Tento reklama\u010dn\u00ed \u0159\u00e1d upravuje postup p\u0159i vy\u0159izov\u00e1n\u00ed reklamac\u00ed zbo\u017e\u00ed zakoupen\u00e9ho prost\u0159ednictv\u00edm e-shopu spole\u010dnosti Barbarea s.r.o., se s\u00eddlem Drot\u00e1rska cesta 1, 821 01 Bratislava, Slovensko, I\u010cO: 36271238, v souladu s platnou legislativou Slovensk\u00e9 republiky, zejm\u00e9na z\u00e1konem \u010d. 250\/2007 Z.z. o ochran\u011b spot\u0159ebitele a p\u0159\u00edslu\u0161n\u00fdmi ustanoven\u00edmi Ob\u010dansk\u00e9ho z\u00e1kon\u00edku. Obecn\u00e9 informace Prod\u00e1vaj\u00edc\u00ed:Barbarea [&hellip;]","og_url":"https:\/\/www.royalpeptides.eu\/cs\/reklamacni-rad","og_site_name":"Royal Peptides","article_publisher":"https:\/\/www.facebook.com\/profile.php?id=61588101646707","article_modified_time":"2026-03-05T08:08:46+00:00","twitter_card":"summary_large_image","twitter_misc":{"Odhadovan\u00e1 doba \u010dten\u00ed":"4 minuty"},"schema":{"@context":"https:\/\/schema.org","@graph":[{"@type":"WebPage","@id":"https:\/\/www.royalpeptides.eu\/cs\/reklamacni-rad","url":"https:\/\/www.royalpeptides.eu\/cs\/reklamacni-rad","name":"Reklama\u010dn\u00ed \u0159\u00e1d - Royal Peptides","isPartOf":{"@id":"https:\/\/www.royalpeptides.eu\/cs#website"},"datePublished":"2026-02-25T17:51:29+00:00","dateModified":"2026-03-05T08:08:46+00:00","breadcrumb":{"@id":"https:\/\/www.royalpeptides.eu\/cs\/reklamacni-rad#breadcrumb"},"inLanguage":"cs","potentialAction":[{"@type":"ReadAction","target":["https:\/\/www.royalpeptides.eu\/cs\/reklamacni-rad"]}]},{"@type":"BreadcrumbList","@id":"https:\/\/www.royalpeptides.eu\/cs\/reklamacni-rad#breadcrumb","itemListElement":[{"@type":"ListItem","position":1,"name":"Domovsk\u00e1 str\u00e1nka","item":"https:\/\/www.royalpeptides.eu\/cs"},{"@type":"ListItem","position":2,"name":"Reklama\u010dn\u00ed \u0159\u00e1d"}]},{"@type":"WebSite","@id":"https:\/\/www.royalpeptides.eu\/cs#website","url":"https:\/\/www.royalpeptides.eu\/cs","name":"Royal Peptides","description":"","publisher":{"@id":"https:\/\/www.royalpeptides.eu\/cs#organization"},"potentialAction":[{"@type":"SearchAction","target":{"@type":"EntryPoint","urlTemplate":"https:\/\/www.royalpeptides.eu\/cs?s={search_term_string}"},"query-input":{"@type":"PropertyValueSpecification","valueRequired":true,"valueName":"search_term_string"}}],"inLanguage":"cs"},{"@type":"Organization","@id":"https:\/\/www.royalpeptides.eu\/cs#organization","name":"Royal Peptides","url":"https:\/\/www.royalpeptides.eu\/cs","logo":{"@type":"ImageObject","inLanguage":"cs","@id":"https:\/\/www.royalpeptides.eu\/cs#\/schema\/logo\/image\/","url":"https:\/\/www.royalpeptides.eu\/wp-content\/uploads\/2026\/02\/royal_peptides_fade_edges.png","contentUrl":"https:\/\/www.royalpeptides.eu\/wp-content\/uploads\/2026\/02\/royal_peptides_fade_edges.png","width":2048,"height":909,"caption":"Royal Peptides"},"image":{"@id":"https:\/\/www.royalpeptides.eu\/cs#\/schema\/logo\/image\/"},"sameAs":["https:\/\/www.facebook.com\/profile.php?id=61588101646707","https:\/\/www.instagram.com\/royal_pep?igsh=Z2RoamNlaW1sZmFr"]}]}},"_links":{"self":[{"href":"https:\/\/www.royalpeptides.eu\/cs\/wp-json\/wp\/v2\/pages\/1490","targetHints":{"allow":["GET"]}}],"collection":[{"href":"https:\/\/www.royalpeptides.eu\/cs\/wp-json\/wp\/v2\/pages"}],"about":[{"href":"https:\/\/www.royalpeptides.eu\/cs\/wp-json\/wp\/v2\/types\/page"}],"author":[{"embeddable":true,"href":"https:\/\/www.royalpeptides.eu\/cs\/wp-json\/wp\/v2\/users\/1"}],"replies":[{"embeddable":true,"href":"https:\/\/www.royalpeptides.eu\/cs\/wp-json\/wp\/v2\/comments?post=1490"}],"version-history":[{"count":7,"href":"https:\/\/www.royalpeptides.eu\/cs\/wp-json\/wp\/v2\/pages\/1490\/revisions"}],"predecessor-version":[{"id":1524,"href":"https:\/\/www.royalpeptides.eu\/cs\/wp-json\/wp\/v2\/pages\/1490\/revisions\/1524"}],"wp:attachment":[{"href":"https:\/\/www.royalpeptides.eu\/cs\/wp-json\/wp\/v2\/media?parent=1490"}],"curies":[{"name":"wp","href":"https:\/\/api.w.org\/{rel}","templated":true}]}}