{"id":1498,"date":"2026-02-17T14:23:35","date_gmt":"2026-02-17T13:23:35","guid":{"rendered":"https:\/\/www.royalpeptides.eu\/ochrana-sukromia"},"modified":"2026-03-05T09:11:35","modified_gmt":"2026-03-05T08:11:35","slug":"podminky-ochrany-osobnich-udaju","status":"publish","type":"page","link":"https:\/\/www.royalpeptides.eu\/cs\/podminky-ochrany-osobnich-udaju","title":{"rendered":"Podm\u00ednky ochrany osobn\u00edch \u00fadaj\u016f"},"content":{"rendered":"\t\t<div data-elementor-type=\"wp-page\" data-elementor-id=\"1498\" class=\"elementor elementor-1498 elementor-3\" data-elementor-post-type=\"page\">\n\t\t\t\t<div class=\"elementor-element elementor-element-3305f135 e-flex e-con-boxed e-con e-parent\" data-id=\"3305f135\" data-element_type=\"container\" data-e-type=\"container\" data-settings=\"{&quot;background_background&quot;:&quot;classic&quot;}\">\n\t\t\t\t\t<div class=\"e-con-inner\">\n\t\t<div class=\"elementor-element elementor-element-628fe60b e-con-full e-flex e-con e-child\" data-id=\"628fe60b\" data-element_type=\"container\" data-e-type=\"container\" data-settings=\"{&quot;background_background&quot;:&quot;classic&quot;}\">\n\t\t\t\t<div class=\"elementor-element elementor-element-29ed0584 elementor-widget elementor-widget-heading\" data-id=\"29ed0584\" data-element_type=\"widget\" data-e-type=\"widget\" data-widget_type=\"heading.default\">\n\t\t\t\t\t<h1 class=\"elementor-heading-title elementor-size-default\">Podm\u00ednky ochrany osobn\u00edch \u00fadaj\u016f<\/h1>\t\t\t\t<\/div>\n\t\t\t\t<\/div>\n\t\t\t\t\t<\/div>\n\t\t\t\t<\/div>\n\t\t<div class=\"elementor-element elementor-element-7d836bcb e-flex e-con-boxed e-con e-parent\" data-id=\"7d836bcb\" data-element_type=\"container\" data-e-type=\"container\">\n\t\t\t\t\t<div class=\"e-con-inner\">\n\t\t\t\t<div class=\"elementor-element elementor-element-4a06f51c elementor-widget elementor-widget-text-editor\" data-id=\"4a06f51c\" data-element_type=\"widget\" data-e-type=\"widget\" data-widget_type=\"text-editor.default\">\n\t\t\t\t\t\t\t\t\t<p><strong>OCHRANA OSOBN\u00cdCH \u00daDAJ\u016e A POU\u010cEN\u00cd O COOKIES<\/strong><\/p><p>Z\u00e1sady a pou\u010den\u00ed o ochran\u011b osobn\u00edch \u00fadaj\u016f poskytovan\u00e9 spr\u00e1vcem subjektu \u00fadaj\u016f p\u0159i z\u00edsk\u00e1v\u00e1n\u00ed osobn\u00edch \u00fadaj\u016f od subjektu \u00fadaj\u016f a pou\u010den\u00ed o cookies internetov\u00e9ho obchodu <a href=\"https:\/\/www.royalpeptides.eu\">www.royalpeptides.eu<\/a><\/p><p>Jsme spole\u010dnost:<\/p><p><strong>Barbarea s.r.o.<\/strong><br \/>Drot\u00e1rska cesta 19B<br \/>811 02 Bratislava \u2013 m\u011bstsk\u00e1 \u010d\u00e1st Star\u00e9 Mesto<br \/>I\u010cO: 51474271<br \/>Zapsan\u00e1 v Obchodn\u00edm rejst\u0159\u00edku M\u011bstsk\u00e9ho soudu Bratislava III, odd\u00edl Sro, vlo\u017eka \u010d. 161486\/B<br \/>E-mail: info@royalpeptides.eu<\/p><p>Provozujeme e-shop na webov\u00fdch str\u00e1nk\u00e1ch:<br \/><a href=\"https:\/\/www.royalpeptides.eu\"><strong>www.royalpeptides.eu<\/strong><\/a><\/p><p>P\u0159i poskytov\u00e1n\u00ed na\u0161ich slu\u017eeb, prodeji zbo\u017e\u00ed a provozu na\u0161ich webov\u00fdch str\u00e1nek zpracov\u00e1v\u00e1me n\u011bkter\u00e9 osobn\u00ed \u00fadaje.<\/p><p>Zpracov\u00e1n\u00ed osobn\u00edch \u00fadaj\u016f se \u0159\u00edd\u00ed zejm\u00e9na na\u0159\u00edzen\u00edm Evropsk\u00e9ho parlamentu a Rady (EU) 2016\/679 ze dne 27. dubna 2016 o ochran\u011b fyzick\u00fdch osob p\u0159i zpracov\u00e1n\u00ed osobn\u00edch \u00fadaj\u016f a o voln\u00e9m pohybu t\u011bchto \u00fadaj\u016f (GDPR).<\/p><ol><li><strong> Zpracov\u00e1n\u00ed osobn\u00edch \u00fadaj\u016f<\/strong><\/li><li><strong> Zpracov\u00e1n\u00ed osobn\u00edch \u00fadaj\u016f p\u0159i pou\u017eit\u00ed kontaktn\u00edho formul\u00e1\u0159e<\/strong><\/li><\/ol><p>Pokud n\u00e1s kontaktujete v souvislosti s na\u0161imi produkty nebo slu\u017ebami, budeme pracovat s Va\u0161imi kontaktn\u00edmi \u00fadaji, kter\u00e9 n\u00e1m sd\u011bl\u00edte, zejm\u00e9na prost\u0159ednictv\u00edm kontaktn\u00edho formul\u00e1\u0159e.<\/p><p>Jedn\u00e1 se o osobn\u00ed \u00fadaje v rozsahu:<\/p><ul><li>jm\u00e9no a p\u0159\u00edjmen\u00ed<\/li><li>bydli\u0161t\u011b<\/li><li>e-mailov\u00e1 adresa<\/li><li>telefonn\u00ed \u010d\u00edslo<\/li><li>mobiln\u00ed telefonn\u00ed \u010d\u00edslo<\/li><li>faktura\u010dn\u00ed adresa<\/li><li>doru\u010dovac\u00ed adresa<\/li><li>\u00fadaje z\u00edskan\u00e9 ze soubor\u016f cookies<\/li><li>IP adresa<\/li><\/ul><p><strong>Z jak\u00e9ho d\u016fvodu?<\/strong><\/p><p>Na z\u00e1klad\u011b zaslan\u00fdch osobn\u00edch \u00fadaj\u016f V\u00e1s budeme kontaktovat v souvislosti s na\u0161\u00ed nab\u00eddkou zbo\u017e\u00ed.<\/p><p><strong>Na jak\u00e9m pr\u00e1vn\u00edm z\u00e1klad\u011b?<\/strong><\/p><p>Zpracov\u00e1n\u00ed prob\u00edh\u00e1 podle \u010dl\u00e1nku 6 odst. 1 p\u00edsm. b) GDPR \u2013 pln\u011bn\u00ed smlouvy nebo proveden\u00ed opat\u0159en\u00ed p\u0159ed uzav\u0159en\u00edm smlouvy na Va\u0161i \u017e\u00e1dost.<\/p><p>Pokud byste n\u00e1m tyto osobn\u00ed \u00fadaje neposkytli, nemohli bychom s V\u00e1mi komunikovat za \u00fa\u010delem uzav\u0159en\u00ed smlouvy.<\/p><p><strong>Jak dlouho budeme \u00fadaje zpracov\u00e1vat?<\/strong><\/p><p>Pokud nedojde k nav\u00e1z\u00e1n\u00ed dal\u0161\u00ed spolupr\u00e1ce, budeme osobn\u00ed \u00fadaje zpracov\u00e1vat maxim\u00e1ln\u011b 5 let od posledn\u00ed komunikace.<\/p><ol start=\"2\"><li><strong> Zpracov\u00e1n\u00ed osobn\u00edch \u00fadaj\u016f p\u0159i n\u00e1kupu<\/strong><\/li><\/ol><p>Pokud u n\u00e1s nakoup\u00edte, budeme zpracov\u00e1vat osobn\u00ed \u00fadaje pot\u0159ebn\u00e9 k uzav\u0159en\u00ed a pln\u011bn\u00ed smlouvy.<\/p><p>Jedn\u00e1 se zejm\u00e9na o:<\/p><ul><li>jm\u00e9no a p\u0159\u00edjmen\u00ed<\/li><li>adresa bydli\u0161t\u011b<\/li><li>e-mailov\u00e1 adresa<\/li><li>telefonn\u00ed \u010d\u00edslo<\/li><li>mobiln\u00ed telefonn\u00ed \u010d\u00edslo<\/li><li>faktura\u010dn\u00ed adresa<\/li><li>doru\u010dovac\u00ed adresa<\/li><li>\u00fadaje z cookies<\/li><li>IP adresa<\/li><\/ul><p><strong>Z jak\u00e9ho d\u016fvodu?<\/strong><\/p><p>Osobn\u00ed \u00fadaje pot\u0159ebujeme ke spln\u011bn\u00ed na\u0161ich smluvn\u00edch povinnost\u00ed (dod\u00e1n\u00ed zbo\u017e\u00ed nebo poskytnut\u00ed slu\u017eby).<\/p><p>Z\u00e1rove\u0148 je pou\u017e\u00edv\u00e1me pro komunikaci ohledn\u011b objedn\u00e1vky, reklamac\u00ed nebo Va\u0161ich dotaz\u016f.<\/p><p>D\u00e1le je zpracov\u00e1v\u00e1me pro spln\u011bn\u00ed z\u00e1konn\u00fdch povinnost\u00ed (zejm\u00e9na \u00fa\u010detn\u00ed a da\u0148ov\u00e9 \u00fa\u010dely).<\/p><p><strong>Pr\u00e1vn\u00ed z\u00e1klad:<\/strong><\/p><ul><li>\u010dl. 6 odst. 1 p\u00edsm. b) GDPR \u2013 pln\u011bn\u00ed smlouvy<\/li><li>\u010dl. 6 odst. 1 p\u00edsm. c) GDPR \u2013 pln\u011bn\u00ed pr\u00e1vn\u00ed povinnosti<\/li><\/ul><p>Bez t\u011bchto \u00fadaj\u016f nen\u00ed mo\u017en\u00e9 uzav\u0159\u00edt smlouvu.<\/p><p><strong>Doba zpracov\u00e1n\u00ed:<\/strong><\/p><p>Po dobu pln\u011bn\u00ed smlouvy a n\u00e1sledn\u011b maxim\u00e1ln\u011b 5 let od posledn\u00edho dod\u00e1n\u00ed zbo\u017e\u00ed nebo slu\u017eby.<\/p><ol start=\"3\"><li><strong> Newsletter (marketingov\u00e1 komunikace)<\/strong><\/li><\/ol><p>Pokud jste u n\u00e1s nakoupili a v\u00fdslovn\u011b jste neodm\u00edtli zas\u00edl\u00e1n\u00ed marketingov\u00fdch sd\u011blen\u00ed, pou\u017eijeme Va\u0161i e-mailovou adresu pro zas\u00edl\u00e1n\u00ed obchodn\u00edch sd\u011blen\u00ed.<\/p><p><strong>Pr\u00e1vn\u00ed z\u00e1klad:<\/strong><\/p><p>\u010dl. 6 odst. 1 p\u00edsm. f) GDPR \u2013 opr\u00e1vn\u011bn\u00fd z\u00e1jem (marketing v\u016f\u010di z\u00e1kazn\u00edk\u016fm)<\/p><p><strong>Doba zpracov\u00e1n\u00ed:<\/strong><\/p><p>5 let od posledn\u00edho n\u00e1kupu.<\/p><p>Z odb\u011bru se m\u016f\u017eete kdykoli odhl\u00e1sit prost\u0159ednictv\u00edm e-mailu nebo na:<br \/>info@royalpeptides.eu<\/p><ol><li><strong> Kdo m\u00e1 k \u00fadaj\u016fm p\u0159\u00edstup?<\/strong><\/li><\/ol><p>Va\u0161e osobn\u00ed \u00fadaje z\u016fst\u00e1vaj\u00ed u n\u00e1s. N\u011bkter\u00e9 subjekty n\u00e1m v\u0161ak pom\u00e1haj\u00ed s provozem e-shopu.<\/p><p>Nap\u0159\u00edklad:<\/p><ul><li><strong>Packeta Slovakia s. r. o.<\/strong>, Slia\u010dska 1E, 831 02 Bratislava \u2013 Nov\u00e9 Mesto, I\u010cO: 48136999 \u2013 dopravn\u00ed slu\u017eby<\/li><\/ul><p><strong>P\u0159ed\u00e1v\u00e1n\u00ed \u00fadaj\u016f do t\u0159et\u00edch zem\u00ed (cookies)<\/strong><\/p><p>Osobn\u00ed \u00fadaje ve form\u011b cookies mohou b\u00fdt p\u0159en\u00e1\u0161eny do t\u0159et\u00edch zem\u00ed t\u011bmto subjekt\u016fm:<\/p><ul><li><strong>Google HQ<\/strong>, 1600 Amphitheatre Parkway, Mountain View, CA 94043, USA<br \/><a href=\"https:\/\/support.google.com\/analytics\">https:\/\/support.google.com\/analytics<\/a><\/li><li><strong>Meta Platforms Ireland Ltd.<\/strong>, 4 Grand Canal Square, Dublin 2, Irsko<br \/><a href=\"https:\/\/www.facebook.com\/about\/privacy\/\">https:\/\/www.facebook.com\/about\/privacy\/<\/a><\/li><\/ul><p>Osobn\u00ed \u00fadaje jinak zpracov\u00e1v\u00e1me v\u00fdhradn\u011b na \u00fazem\u00ed Evropsk\u00e9 unie.<\/p><p><strong>III. Dal\u0161\u00ed informace<\/strong><\/p><p>Ve spole\u010dnosti m\u00e1me pov\u011b\u0159ence pro ochranu osobn\u00edch \u00fadaj\u016f.<\/p><p>V na\u0161\u00ed spole\u010dnosti doch\u00e1z\u00ed k automatizovan\u00e9mu rozhodov\u00e1n\u00ed a profilov\u00e1n\u00ed.<\/p><p>V p\u0159\u00edpad\u011b dotaz\u016f n\u00e1s kontaktujte:<br \/>info@royalpeptides.eu<\/p><ol><li><strong> Pou\u017e\u00edv\u00e1n\u00ed cookies<\/strong><\/li><\/ol><p>Cookies jsou textov\u00e9 soubory s mal\u00fdm mno\u017estv\u00edm informac\u00ed, kter\u00e9 se p\u0159i n\u00e1v\u0161t\u011bv\u011b webu ukl\u00e1daj\u00ed do Va\u0161eho za\u0159\u00edzen\u00ed.<\/p><p>Pom\u00e1haj\u00ed nap\u0159\u00edklad:<\/p><ul><li>efektivn\u00ed navigaci<\/li><li>zapamatov\u00e1n\u00ed preferenc\u00ed<\/li><li>zlep\u0161en\u00ed u\u017eivatelsk\u00e9ho z\u00e1\u017eitku<\/li><li>personalizaci reklamy<\/li><\/ul><p><strong>Typy pou\u017e\u00edvan\u00fdch cookies<\/strong><\/p><p><strong>Nezbytn\u00e9 cookies<\/strong><\/p><ul><li>Nutn\u00e9 pro provoz webu<\/li><li>Nelze je deaktivovat<\/li><\/ul><p><strong>Analytick\u00e9 \/ statistick\u00e9 cookies<\/strong><\/p><ul><li>Sleduj\u00ed n\u00e1v\u0161t\u011bvnost a chov\u00e1n\u00ed u\u017eivatel\u016f<\/li><li>Spou\u0161t\u00edme pouze s Va\u0161\u00edm souhlasem<\/li><\/ul><p><strong>Reklamn\u00ed cookies<\/strong><\/p><ul><li>Slou\u017e\u00ed k personalizaci reklamy<\/li><li>Spou\u0161t\u00edme pouze s Va\u0161\u00edm souhlasem<\/li><\/ul><p>T\u0159et\u00ed strany mohou rovn\u011b\u017e pou\u017e\u00edvat vlastn\u00ed cookies.<\/p><p><strong>Spr\u00e1va cookies<\/strong><\/p><p>Souhlas lze ud\u011blit prost\u0159ednictv\u00edm cookie li\u0161ty.<\/p><p>Cookies lze kdykoliv odm\u00edtnout nebo omezit v nastaven\u00ed prohl\u00ed\u017ee\u010de.<\/p><p>Spr\u00e1va cookies dle prohl\u00ed\u017ee\u010de:<\/p><ul><li>Internet Explorer<\/li><li>Google Chrome<\/li><li>Firefox<\/li><li>Safari<\/li><li>Opera<\/li><li>Microsoft Edge<\/li><\/ul><p>(odkazy z\u016fst\u00e1vaj\u00ed beze zm\u011bny)<\/p><ol><li><strong> Va\u0161e pr\u00e1va podle GDPR<\/strong><\/li><\/ol><p>M\u00e1te pr\u00e1vo:<\/p><ul><li>po\u017eadovat informaci, jak\u00e9 osobn\u00ed \u00fadaje zpracov\u00e1v\u00e1me<\/li><li>po\u017eadovat p\u0159\u00edstup k \u00fadaj\u016fm<\/li><li>po\u017eadovat opravu nebo aktualizaci<\/li><li>po\u017eadovat omezen\u00ed zpracov\u00e1n\u00ed<\/li><li>po\u017eadovat v\u00fdmaz<\/li><li>po\u017eadovat p\u0159enositelnost<\/li><li>vzn\u00e9st n\u00e1mitku proti zpracov\u00e1n\u00ed na z\u00e1klad\u011b opr\u00e1vn\u011bn\u00e9ho z\u00e1jmu<\/li><\/ul><p>Pokud se domn\u00edv\u00e1te, \u017ee s \u00fadaji nenakl\u00e1d\u00e1me spr\u00e1vn\u011b, m\u00e1te pr\u00e1vo podat st\u00ed\u017enost u:<\/p><p><strong>\u00da\u0159ad na ochranu osobn\u00edch \u00fadaj\u016f Slovensk\u00e9 republiky<\/strong><br \/>Budova Park One<br \/>N\u00e1mestie 1. m\u00e1ja 18<br \/>811 06 Bratislava<br \/>Tel.: +421 2 32 31 32 14<br \/>E-mail: statny.dozor@pdp.gov.sk<\/p><p>nebo se obr\u00e1tit na soud.<\/p><p>Tyto z\u00e1sady jsou \u00fa\u010dinn\u00e9 od <strong>01.02.2026<\/strong><\/p><p>\u00a0<\/p>\t\t\t\t\t\t\t\t<\/div>\n\t\t\t\t\t<\/div>\n\t\t\t\t<\/div>\n\t\t\t\t<\/div>\n\t\t","protected":false},"excerpt":{"rendered":"<p>Podm\u00ednky ochrany osobn\u00edch \u00fadaj\u016f OCHRANA OSOBN\u00cdCH \u00daDAJ\u016e A POU\u010cEN\u00cd O COOKIES Z\u00e1sady a pou\u010den\u00ed o ochran\u011b osobn\u00edch \u00fadaj\u016f poskytovan\u00e9 spr\u00e1vcem subjektu \u00fadaj\u016f p\u0159i z\u00edsk\u00e1v\u00e1n\u00ed osobn\u00edch \u00fadaj\u016f od subjektu \u00fadaj\u016f a pou\u010den\u00ed o cookies internetov\u00e9ho obchodu www.royalpeptides.eu Jsme spole\u010dnost: Barbarea s.r.o.Drot\u00e1rska cesta 19B811 02 Bratislava \u2013 m\u011bstsk\u00e1 \u010d\u00e1st Star\u00e9 MestoI\u010cO: 51474271Zapsan\u00e1 v Obchodn\u00edm rejst\u0159\u00edku M\u011bstsk\u00e9ho soudu [&hellip;]<\/p>\n","protected":false},"author":1,"featured_media":0,"parent":0,"menu_order":0,"comment_status":"closed","ping_status":"open","template":"","meta":{"footnotes":""},"class_list":["post-1498","page","type-page","status-publish","hentry"],"yoast_head":"<!-- This site is optimized with the Yoast SEO plugin v27.0 - https:\/\/yoast.com\/product\/yoast-seo-wordpress\/ -->\n<title>Podm\u00ednky ochrany osobn\u00edch \u00fadaj\u016f - Royal Peptides<\/title>\n<meta name=\"robots\" content=\"index, follow, max-snippet:-1, max-image-preview:large, max-video-preview:-1\" \/>\n<link rel=\"canonical\" href=\"https:\/\/www.royalpeptides.eu\/cs\/podminky-ochrany-osobnich-udaju\" \/>\n<meta property=\"og:locale\" content=\"cs_CZ\" \/>\n<meta property=\"og:type\" content=\"article\" \/>\n<meta property=\"og:title\" content=\"Podm\u00ednky ochrany osobn\u00edch \u00fadaj\u016f - Royal Peptides\" \/>\n<meta property=\"og:description\" content=\"Podm\u00ednky ochrany osobn\u00edch \u00fadaj\u016f OCHRANA OSOBN\u00cdCH \u00daDAJ\u016e A POU\u010cEN\u00cd O COOKIES Z\u00e1sady a pou\u010den\u00ed o ochran\u011b osobn\u00edch \u00fadaj\u016f poskytovan\u00e9 spr\u00e1vcem subjektu \u00fadaj\u016f p\u0159i z\u00edsk\u00e1v\u00e1n\u00ed osobn\u00edch \u00fadaj\u016f od subjektu \u00fadaj\u016f a pou\u010den\u00ed o cookies internetov\u00e9ho obchodu www.royalpeptides.eu Jsme spole\u010dnost: Barbarea s.r.o.Drot\u00e1rska cesta 19B811 02 Bratislava \u2013 m\u011bstsk\u00e1 \u010d\u00e1st Star\u00e9 MestoI\u010cO: 51474271Zapsan\u00e1 v Obchodn\u00edm rejst\u0159\u00edku M\u011bstsk\u00e9ho soudu [&hellip;]\" \/>\n<meta property=\"og:url\" content=\"https:\/\/www.royalpeptides.eu\/cs\/podminky-ochrany-osobnich-udaju\" \/>\n<meta property=\"og:site_name\" content=\"Royal Peptides\" \/>\n<meta property=\"article:publisher\" content=\"https:\/\/www.facebook.com\/profile.php?id=61588101646707\" \/>\n<meta property=\"article:modified_time\" content=\"2026-03-05T08:11:35+00:00\" \/>\n<meta name=\"twitter:card\" content=\"summary_large_image\" \/>\n<meta name=\"twitter:label1\" content=\"Odhadovan\u00e1 doba \u010dten\u00ed\" \/>\n\t<meta name=\"twitter:data1\" content=\"5 minut\" \/>\n<script type=\"application\/ld+json\" class=\"yoast-schema-graph\">{\"@context\":\"https:\/\/schema.org\",\"@graph\":[{\"@type\":\"WebPage\",\"@id\":\"https:\/\/www.royalpeptides.eu\/cs\/podminky-ochrany-osobnich-udaju\",\"url\":\"https:\/\/www.royalpeptides.eu\/cs\/podminky-ochrany-osobnich-udaju\",\"name\":\"Podm\u00ednky ochrany osobn\u00edch \u00fadaj\u016f - Royal Peptides\",\"isPartOf\":{\"@id\":\"https:\/\/www.royalpeptides.eu\/cs#website\"},\"datePublished\":\"2026-02-17T13:23:35+00:00\",\"dateModified\":\"2026-03-05T08:11:35+00:00\",\"breadcrumb\":{\"@id\":\"https:\/\/www.royalpeptides.eu\/cs\/podminky-ochrany-osobnich-udaju#breadcrumb\"},\"inLanguage\":\"cs\",\"potentialAction\":[{\"@type\":\"ReadAction\",\"target\":[\"https:\/\/www.royalpeptides.eu\/cs\/podminky-ochrany-osobnich-udaju\"]}]},{\"@type\":\"BreadcrumbList\",\"@id\":\"https:\/\/www.royalpeptides.eu\/cs\/podminky-ochrany-osobnich-udaju#breadcrumb\",\"itemListElement\":[{\"@type\":\"ListItem\",\"position\":1,\"name\":\"Domovsk\u00e1 str\u00e1nka\",\"item\":\"https:\/\/www.royalpeptides.eu\/cs\"},{\"@type\":\"ListItem\",\"position\":2,\"name\":\"Podm\u00ednky ochrany osobn\u00edch \u00fadaj\u016f\"}]},{\"@type\":\"WebSite\",\"@id\":\"https:\/\/www.royalpeptides.eu\/cs#website\",\"url\":\"https:\/\/www.royalpeptides.eu\/cs\",\"name\":\"Royal Peptides\",\"description\":\"\",\"publisher\":{\"@id\":\"https:\/\/www.royalpeptides.eu\/cs#organization\"},\"potentialAction\":[{\"@type\":\"SearchAction\",\"target\":{\"@type\":\"EntryPoint\",\"urlTemplate\":\"https:\/\/www.royalpeptides.eu\/cs?s={search_term_string}\"},\"query-input\":{\"@type\":\"PropertyValueSpecification\",\"valueRequired\":true,\"valueName\":\"search_term_string\"}}],\"inLanguage\":\"cs\"},{\"@type\":\"Organization\",\"@id\":\"https:\/\/www.royalpeptides.eu\/cs#organization\",\"name\":\"Royal Peptides\",\"url\":\"https:\/\/www.royalpeptides.eu\/cs\",\"logo\":{\"@type\":\"ImageObject\",\"inLanguage\":\"cs\",\"@id\":\"https:\/\/www.royalpeptides.eu\/cs#\/schema\/logo\/image\/\",\"url\":\"https:\/\/www.royalpeptides.eu\/wp-content\/uploads\/2026\/02\/royal_peptides_fade_edges.png\",\"contentUrl\":\"https:\/\/www.royalpeptides.eu\/wp-content\/uploads\/2026\/02\/royal_peptides_fade_edges.png\",\"width\":2048,\"height\":909,\"caption\":\"Royal Peptides\"},\"image\":{\"@id\":\"https:\/\/www.royalpeptides.eu\/cs#\/schema\/logo\/image\/\"},\"sameAs\":[\"https:\/\/www.facebook.com\/profile.php?id=61588101646707\",\"https:\/\/www.instagram.com\/royal_pep?igsh=Z2RoamNlaW1sZmFr\"]}]}<\/script>\n<!-- \/ Yoast SEO plugin. -->","yoast_head_json":{"title":"Podm\u00ednky ochrany osobn\u00edch \u00fadaj\u016f - Royal Peptides","robots":{"index":"index","follow":"follow","max-snippet":"max-snippet:-1","max-image-preview":"max-image-preview:large","max-video-preview":"max-video-preview:-1"},"canonical":"https:\/\/www.royalpeptides.eu\/cs\/podminky-ochrany-osobnich-udaju","og_locale":"cs_CZ","og_type":"article","og_title":"Podm\u00ednky ochrany osobn\u00edch \u00fadaj\u016f - Royal Peptides","og_description":"Podm\u00ednky ochrany osobn\u00edch \u00fadaj\u016f OCHRANA OSOBN\u00cdCH \u00daDAJ\u016e A POU\u010cEN\u00cd O COOKIES Z\u00e1sady a pou\u010den\u00ed o ochran\u011b osobn\u00edch \u00fadaj\u016f poskytovan\u00e9 spr\u00e1vcem subjektu \u00fadaj\u016f p\u0159i z\u00edsk\u00e1v\u00e1n\u00ed osobn\u00edch \u00fadaj\u016f od subjektu \u00fadaj\u016f a pou\u010den\u00ed o cookies internetov\u00e9ho obchodu www.royalpeptides.eu Jsme spole\u010dnost: Barbarea s.r.o.Drot\u00e1rska cesta 19B811 02 Bratislava \u2013 m\u011bstsk\u00e1 \u010d\u00e1st Star\u00e9 MestoI\u010cO: 51474271Zapsan\u00e1 v Obchodn\u00edm rejst\u0159\u00edku M\u011bstsk\u00e9ho soudu [&hellip;]","og_url":"https:\/\/www.royalpeptides.eu\/cs\/podminky-ochrany-osobnich-udaju","og_site_name":"Royal Peptides","article_publisher":"https:\/\/www.facebook.com\/profile.php?id=61588101646707","article_modified_time":"2026-03-05T08:11:35+00:00","twitter_card":"summary_large_image","twitter_misc":{"Odhadovan\u00e1 doba \u010dten\u00ed":"5 minut"},"schema":{"@context":"https:\/\/schema.org","@graph":[{"@type":"WebPage","@id":"https:\/\/www.royalpeptides.eu\/cs\/podminky-ochrany-osobnich-udaju","url":"https:\/\/www.royalpeptides.eu\/cs\/podminky-ochrany-osobnich-udaju","name":"Podm\u00ednky ochrany osobn\u00edch \u00fadaj\u016f - Royal Peptides","isPartOf":{"@id":"https:\/\/www.royalpeptides.eu\/cs#website"},"datePublished":"2026-02-17T13:23:35+00:00","dateModified":"2026-03-05T08:11:35+00:00","breadcrumb":{"@id":"https:\/\/www.royalpeptides.eu\/cs\/podminky-ochrany-osobnich-udaju#breadcrumb"},"inLanguage":"cs","potentialAction":[{"@type":"ReadAction","target":["https:\/\/www.royalpeptides.eu\/cs\/podminky-ochrany-osobnich-udaju"]}]},{"@type":"BreadcrumbList","@id":"https:\/\/www.royalpeptides.eu\/cs\/podminky-ochrany-osobnich-udaju#breadcrumb","itemListElement":[{"@type":"ListItem","position":1,"name":"Domovsk\u00e1 str\u00e1nka","item":"https:\/\/www.royalpeptides.eu\/cs"},{"@type":"ListItem","position":2,"name":"Podm\u00ednky ochrany osobn\u00edch \u00fadaj\u016f"}]},{"@type":"WebSite","@id":"https:\/\/www.royalpeptides.eu\/cs#website","url":"https:\/\/www.royalpeptides.eu\/cs","name":"Royal Peptides","description":"","publisher":{"@id":"https:\/\/www.royalpeptides.eu\/cs#organization"},"potentialAction":[{"@type":"SearchAction","target":{"@type":"EntryPoint","urlTemplate":"https:\/\/www.royalpeptides.eu\/cs?s={search_term_string}"},"query-input":{"@type":"PropertyValueSpecification","valueRequired":true,"valueName":"search_term_string"}}],"inLanguage":"cs"},{"@type":"Organization","@id":"https:\/\/www.royalpeptides.eu\/cs#organization","name":"Royal Peptides","url":"https:\/\/www.royalpeptides.eu\/cs","logo":{"@type":"ImageObject","inLanguage":"cs","@id":"https:\/\/www.royalpeptides.eu\/cs#\/schema\/logo\/image\/","url":"https:\/\/www.royalpeptides.eu\/wp-content\/uploads\/2026\/02\/royal_peptides_fade_edges.png","contentUrl":"https:\/\/www.royalpeptides.eu\/wp-content\/uploads\/2026\/02\/royal_peptides_fade_edges.png","width":2048,"height":909,"caption":"Royal Peptides"},"image":{"@id":"https:\/\/www.royalpeptides.eu\/cs#\/schema\/logo\/image\/"},"sameAs":["https:\/\/www.facebook.com\/profile.php?id=61588101646707","https:\/\/www.instagram.com\/royal_pep?igsh=Z2RoamNlaW1sZmFr"]}]}},"_links":{"self":[{"href":"https:\/\/www.royalpeptides.eu\/cs\/wp-json\/wp\/v2\/pages\/1498","targetHints":{"allow":["GET"]}}],"collection":[{"href":"https:\/\/www.royalpeptides.eu\/cs\/wp-json\/wp\/v2\/pages"}],"about":[{"href":"https:\/\/www.royalpeptides.eu\/cs\/wp-json\/wp\/v2\/types\/page"}],"author":[{"embeddable":true,"href":"https:\/\/www.royalpeptides.eu\/cs\/wp-json\/wp\/v2\/users\/1"}],"replies":[{"embeddable":true,"href":"https:\/\/www.royalpeptides.eu\/cs\/wp-json\/wp\/v2\/comments?post=1498"}],"version-history":[{"count":4,"href":"https:\/\/www.royalpeptides.eu\/cs\/wp-json\/wp\/v2\/pages\/1498\/revisions"}],"predecessor-version":[{"id":1532,"href":"https:\/\/www.royalpeptides.eu\/cs\/wp-json\/wp\/v2\/pages\/1498\/revisions\/1532"}],"wp:attachment":[{"href":"https:\/\/www.royalpeptides.eu\/cs\/wp-json\/wp\/v2\/media?parent=1498"}],"curies":[{"name":"wp","href":"https:\/\/api.w.org\/{rel}","templated":true}]}}