{"id":3919,"date":"2026-04-22T21:07:54","date_gmt":"2026-04-22T19:07:54","guid":{"rendered":"https:\/\/www.royalpeptides.eu\/?post_type=product&#038;p=3919"},"modified":"2026-04-22T21:30:19","modified_gmt":"2026-04-22T19:30:19","slug":"hexarelin","status":"publish","type":"product","link":"https:\/\/www.royalpeptides.eu\/cs\/produkt\/hexarelin","title":{"rendered":"Hexarelin"},"content":{"rendered":"<section class=\"text-token-text-primary w-full focus:outline-none [--shadow-height:45px] has-data-writing-block:pointer-events-none has-data-writing-block:-mt-(--shadow-height) has-data-writing-block:pt-(--shadow-height) [&amp;:has([data-writing-block])&gt;*]:pointer-events-auto [content-visibility:auto] supports-[content-visibility:auto]:[contain-intrinsic-size:auto_100lvh] R6Vx5W_threadScrollVars scroll-mb-[calc(var(--scroll-root-safe-area-inset-bottom,0px)+var(--thread-response-height))] scroll-mt-[calc(var(--header-height)+min(200px,max(70px,20svh)))]\" dir=\"auto\" data-turn-id=\"request-WEB:981ab8f8-aa40-41a6-95d0-50903369a283-1\" data-testid=\"conversation-turn-4\" data-scroll-anchor=\"false\" data-turn=\"assistant\">\n<div class=\"text-base my-auto mx-auto pb-10 [--thread-content-margin:var(--thread-content-margin-xs,calc(var(--spacing)*4))] @w-sm\/main:[--thread-content-margin:var(--thread-content-margin-sm,calc(var(--spacing)*6))] @w-lg\/main:[--thread-content-margin:var(--thread-content-margin-lg,calc(var(--spacing)*16))] px-(--thread-content-margin)\">\n<div class=\"[--thread-content-max-width:40rem] @w-lg\/main:[--thread-content-max-width:48rem] mx-auto max-w-(--thread-content-max-width) flex-1 group\/turn-messages focus-visible:outline-hidden relative flex w-full min-w-0 flex-col agent-turn\">\n<div class=\"flex max-w-full flex-col gap-4 grow\">\n<div class=\"min-h-8 text-message relative flex w-full flex-col items-end gap-2 text-start break-words whitespace-normal outline-none keyboard-focused:focus-ring [.text-message+&amp;]:mt-1\" dir=\"auto\" tabindex=\"0\" data-message-author-role=\"assistant\" data-message-id=\"d3b6edaa-4ef3-4d79-b4fe-ab9288d43258\" data-message-model-slug=\"gpt-5-3\" data-turn-start-message=\"true\">\n<div class=\"flex w-full flex-col gap-1 empty:hidden\">\n<div class=\"markdown prose dark:prose-invert w-full wrap-break-word light markdown-new-styling\">\n<p data-start=\"0\" data-end=\"67\">Hexarelin \u2013 v\u00fdzkumn\u00fd peptid (GHS-R agonista)<br data-start=\"44\" data-end=\"48\" \/>(Research Use Only)<\/p>\n<p data-start=\"71\" data-end=\"365\">Hexarelin je syntetick\u00fd peptid pat\u0159\u00edc\u00ed do skupiny growth hormone secretagogues (GHS), kter\u00fd p\u016fsob\u00ed jako agonista ghrelinov\u00e9ho receptoru (GHS-R1a). Tento receptor se nach\u00e1z\u00ed p\u0159edev\u0161\u00edm v hypotalamu a hypof\u00fdze a hraje kl\u00ed\u010dovou roli v regulaci sekrece r\u016fstov\u00e9ho hormonu a neuroendokrinn\u00edch proces\u016f.<\/p>\n<p data-start=\"369\" data-end=\"552\">Ve v\u011bdeck\u00fdch a preklinick\u00fdch studi\u00edch se Hexarelin vyu\u017e\u00edv\u00e1 jako n\u00e1stroj pro zkoum\u00e1n\u00ed hormon\u00e1ln\u00ed signalizace, metabolick\u00fdch proces\u016f, kardiovaskul\u00e1rn\u00edch mechanism\u016f a bun\u011b\u010dn\u00e9 regenerace.<\/p>\n<p data-start=\"556\" data-end=\"576\">Mechanistick\u00fd profil<\/p>\n<p data-start=\"580\" data-end=\"734\">Agonista ghrelinov\u00e9ho receptoru (GHS-R)<br data-start=\"619\" data-end=\"623\" \/>Hexarelin se v\u00e1\u017ee na GHS-R receptor a stimuluje uvol\u0148ov\u00e1n\u00ed r\u016fstov\u00e9ho hormonu (GH) v hypotalamo-hypofyz\u00e1rn\u00ed ose.<\/p>\n<p data-start=\"738\" data-end=\"921\">\u2699 Stimulace r\u016fstov\u00e9ho hormonu<br data-start=\"767\" data-end=\"771\" \/>V experiment\u00e1ln\u00edch modelech se sleduje jeho schopnost indukovat pulzatiln\u00ed sekreci GH, kter\u00e1 je regulov\u00e1na zp\u011btnou vazbou a fyziologick\u00fdmi mechanismy.<\/p>\n<p data-start=\"925\" data-end=\"1055\">Metabolick\u00e1 regulace<br data-start=\"945\" data-end=\"949\" \/>Preklinick\u00e9 studie nazna\u010duj\u00ed vliv na metabolismus lipid\u016f, inzulinovou citlivost a distribuci tukov\u00e9 tk\u00e1n\u011b.<\/p>\n<p data-start=\"1059\" data-end=\"1238\">\u2764\ufe0f Kardiovaskul\u00e1rn\u00ed a bun\u011b\u010dn\u00e9 \u00fa\u010dinky<br data-start=\"1095\" data-end=\"1099\" \/>Hexarelin vykazuje \u00fa\u010dinky nez\u00e1visl\u00e9 na GH, v\u010detn\u011b pozitivn\u00edho vlivu na srde\u010dn\u00ed sval a bun\u011b\u010dnou ochranu prost\u0159ednictv\u00edm receptor\u016f jako CD36.<\/p>\n<p data-start=\"1242\" data-end=\"1399\">Neuroendokrinn\u00ed p\u016fsoben\u00ed<br data-start=\"1266\" data-end=\"1270\" \/>V\u00fdzkum poukazuje tak\u00e9 na jeho vliv na centr\u00e1ln\u00ed nervov\u00fd syst\u00e9m, v\u010detn\u011b regulace stresov\u00fdch hormon\u016f, sp\u00e1nku a neuron\u00e1ln\u00ed aktivity.<\/p>\n<p data-start=\"1403\" data-end=\"1420\">V\u00fdhody pro v\u00fdzkum<\/p>\n<p data-start=\"1424\" data-end=\"1468\">Hexarelin je vyu\u017e\u00edv\u00e1n p\u0159edev\u0161\u00edm v oblastech:<\/p>\n<p data-start=\"1472\" data-end=\"1708\">studium sekrece r\u016fstov\u00e9ho hormonu<br data-start=\"1505\" data-end=\"1509\" \/>anal\u00fdza ghrelinov\u00e9ho receptorov\u00e9ho syst\u00e9mu<br data-start=\"1551\" data-end=\"1555\" \/>v\u00fdzkum metabolismu lipid\u016f a gluk\u00f3zy<br data-start=\"1590\" data-end=\"1594\" \/>modelov\u00e1n\u00ed regenerace sval\u016f a tk\u00e1n\u00ed<br data-start=\"1629\" data-end=\"1633\" \/>v\u00fdzkum kardiovaskul\u00e1rn\u00edch mechanism\u016f<br data-start=\"1669\" data-end=\"1673\" \/>studium neuroendokrinn\u00edch proces\u016f<\/p>\n<p data-start=\"1712\" data-end=\"1729\">V\u00fdzkumn\u00e9 podklady<\/p>\n<p data-start=\"1733\" data-end=\"1807\">Biologick\u00e9 vlastnosti Hexarelinu byly p\u0159edm\u011btem n\u011bkolika odborn\u00fdch studi\u00ed:<\/p>\n<p data-start=\"1811\" data-end=\"2410\">Imbimbo BP et al., klinick\u00e9 studie \u2013 Hexarelin prok\u00e1zal silnou schopnost stimulovat uvol\u0148ov\u00e1n\u00ed r\u016fstov\u00e9ho hormonu u lid\u00ed<br data-start=\"1930\" data-end=\"1934\" \/>Korbonits M et al., Journal of Clinical Endocrinology &amp; Metabolism \u2013 GHS v\u010detn\u011b Hexarelinu p\u016fsob\u00ed p\u0159es hypotalamo-hypofyz\u00e1rn\u00ed osu a ovliv\u0148uj\u00ed hormon\u00e1ln\u00ed regulaci<br data-start=\"2099\" data-end=\"2103\" \/>Mosa R et al., metabolick\u00e9 studie \u2013 Hexarelin zlep\u0161il lipidov\u00fd metabolismus a inzulinovou toleranci v preklinick\u00fdch modelech<br data-start=\"2227\" data-end=\"2231\" \/>Bresciani E et al., v\u00fdzkum CD36 \u2013 prok\u00e1z\u00e1ny kardioprotektivn\u00ed \u00fa\u010dinky nez\u00e1visl\u00e9 na GH<br data-start=\"2315\" data-end=\"2319\" \/>Sirago G et al., Scientific Reports \u2013 role mitochondri\u00ed p\u0159i \u00fa\u010dinc\u00edch GHS na svalovou tk\u00e1\u0148<\/p>\n<p data-start=\"2414\" data-end=\"2432\">Pou\u017eit\u00ed ve v\u00fdzkumu<\/p>\n<p data-start=\"2436\" data-end=\"2498\">Hexarelin se v laboratorn\u00edch podm\u00ednk\u00e1ch vyu\u017e\u00edv\u00e1 p\u0159edev\u0161\u00edm pro:<\/p>\n<p data-start=\"2502\" data-end=\"2731\">v\u00fdzkum hormon\u00e1ln\u00ed regulace GH<br data-start=\"2531\" data-end=\"2535\" \/>anal\u00fdzu ghrelinov\u00e9ho receptorov\u00e9ho syst\u00e9mu<br data-start=\"2577\" data-end=\"2581\" \/>studium metabolismu tuk\u016f a gluk\u00f3zy<br data-start=\"2615\" data-end=\"2619\" \/>modelov\u00e1n\u00ed regenerace tk\u00e1n\u00ed<br data-start=\"2646\" data-end=\"2650\" \/>v\u00fdzkum kardiovaskul\u00e1rn\u00edch \u00fa\u010dink\u016f<br data-start=\"2682\" data-end=\"2686\" \/>experiment\u00e1ln\u00ed bun\u011b\u010dn\u00e9 a preklinick\u00e9 studie<\/p>\n<p data-start=\"2735\" data-end=\"2769\">Bezpe\u010dnostn\u00ed a regula\u010dn\u00ed informace<\/p>\n<p data-start=\"2773\" data-end=\"2820\">Hexarelin je klasifikov\u00e1n jako v\u00fdzkumn\u00fd peptid.<\/p>\n<p data-start=\"2824\" data-end=\"2937\">\u274c Nen\u00ed schv\u00e1len jako l\u00e9\u010divo<br data-start=\"2851\" data-end=\"2855\" \/>\u274c Nen\u00ed ur\u010den k diagnostice<br data-start=\"2881\" data-end=\"2885\" \/>\u274c Nen\u00ed ur\u010den k hum\u00e1nn\u00edmu ani veterin\u00e1rn\u00edmu pou\u017eit\u00ed<\/p>\n<p data-start=\"2941\" data-end=\"2992\">\u2705 Ur\u010den v\u00fdhradn\u011b pro laboratorn\u00ed a v\u011bdeck\u00fd v\u00fdzkum<\/p>\n<p data-start=\"2996\" data-end=\"3135\" data-is-last-node=\"\" data-is-only-node=\"\">Zakoupen\u00edm produktu z\u00e1kazn\u00edk potvrzuje, \u017ee rozum\u00ed jeho v\u00fdzkumn\u00e9mu charakteru a zavazuje se pou\u017e\u00edvat jej v\u00fdhradn\u011b v souladu s t\u00edmto ur\u010den\u00edm.<\/p>\n<\/div>\n<\/div>\n<\/div>\n<\/div>\n<\/div>\n<\/div>\n<\/section>\n","protected":false},"excerpt":{"rendered":"<p>Hexarelin je v\u00fdzkumn\u00fd peptid \u2013 agonista ghrelinov\u00e9ho receptoru (GHS-R), pou\u017e\u00edvan\u00fd v laboratorn\u00edch studi\u00edch zam\u011b\u0159en\u00fdch na regulaci sekrece r\u016fstov\u00e9ho hormonu a metabolick\u00fdch proces\u016f. V preklinick\u00e9m v\u00fdzkumu se zkoum\u00e1 jeho vliv na hormon\u00e1ln\u00ed signalizaci, regeneraci tk\u00e1n\u00ed a kardiovaskul\u00e1rn\u00ed funkce. Produkt je ur\u010den v\u00fdhradn\u011b pro v\u011bdeck\u00e9 \u00fa\u010dely.<\/p>\n","protected":false},"featured_media":3918,"comment_status":"closed","ping_status":"closed","template":"","meta":[],"product_brand":[],"product_cat":[155,158,160,164],"product_tag":[],"class_list":{"0":"post-3919","1":"product","2":"type-product","3":"status-publish","4":"has-post-thumbnail","6":"product_cat-anti-aging","7":"product_cat-fitness","8":"product_cat-hormonalni-rovnovaha","9":"product_cat-regenerace","10":"pa_obsah-5mg","12":"first","13":"instock","14":"purchasable","15":"product-type-simple"},"yoast_head":"<!-- This site is optimized with the Yoast SEO plugin v27.0 - https:\/\/yoast.com\/product\/yoast-seo-wordpress\/ -->\n<title>Hexarelin - Royal Peptides<\/title>\n<meta name=\"robots\" content=\"index, follow, max-snippet:-1, max-image-preview:large, max-video-preview:-1\" \/>\n<link rel=\"canonical\" href=\"https:\/\/www.royalpeptides.eu\/cs\/produkt\/hexarelin\" \/>\n<meta property=\"og:locale\" content=\"cs_CZ\" \/>\n<meta property=\"og:type\" content=\"article\" \/>\n<meta property=\"og:title\" content=\"Hexarelin - Royal Peptides\" \/>\n<meta property=\"og:description\" content=\"Hexarelin je v\u00fdzkumn\u00fd peptid \u2013 agonista ghrelinov\u00e9ho receptoru (GHS-R), pou\u017e\u00edvan\u00fd v laboratorn\u00edch studi\u00edch zam\u011b\u0159en\u00fdch na regulaci sekrece r\u016fstov\u00e9ho hormonu a metabolick\u00fdch proces\u016f. V preklinick\u00e9m v\u00fdzkumu se zkoum\u00e1 jeho vliv na hormon\u00e1ln\u00ed signalizaci, regeneraci tk\u00e1n\u00ed a kardiovaskul\u00e1rn\u00ed funkce. Produkt je ur\u010den v\u00fdhradn\u011b pro v\u011bdeck\u00e9 \u00fa\u010dely.\" \/>\n<meta property=\"og:url\" content=\"https:\/\/www.royalpeptides.eu\/cs\/produkt\/hexarelin\" \/>\n<meta property=\"og:site_name\" content=\"Royal Peptides\" \/>\n<meta property=\"article:publisher\" content=\"https:\/\/www.facebook.com\/profile.php?id=61588101646707\" \/>\n<meta property=\"article:modified_time\" content=\"2026-04-22T19:30:19+00:00\" \/>\n<meta property=\"og:image\" content=\"https:\/\/www.royalpeptides.eu\/wp-content\/uploads\/2026\/04\/Hexarelin-5mg.png\" \/>\n\t<meta property=\"og:image:width\" content=\"1024\" \/>\n\t<meta property=\"og:image:height\" content=\"1536\" \/>\n\t<meta property=\"og:image:type\" content=\"image\/png\" \/>\n<meta name=\"twitter:card\" content=\"summary_large_image\" \/>\n<meta name=\"twitter:label1\" content=\"Odhadovan\u00e1 doba \u010dten\u00ed\" \/>\n\t<meta name=\"twitter:data1\" content=\"3 minuty\" \/>\n<script type=\"application\/ld+json\" class=\"yoast-schema-graph\">{\"@context\":\"https:\/\/schema.org\",\"@graph\":[{\"@type\":\"WebPage\",\"@id\":\"https:\/\/www.royalpeptides.eu\/cs\/produkt\/hexarelin\",\"url\":\"https:\/\/www.royalpeptides.eu\/cs\/produkt\/hexarelin\",\"name\":\"Hexarelin - Royal Peptides\",\"isPartOf\":{\"@id\":\"https:\/\/www.royalpeptides.eu\/cs#website\"},\"primaryImageOfPage\":{\"@id\":\"https:\/\/www.royalpeptides.eu\/cs\/produkt\/hexarelin#primaryimage\"},\"image\":{\"@id\":\"https:\/\/www.royalpeptides.eu\/cs\/produkt\/hexarelin#primaryimage\"},\"thumbnailUrl\":\"https:\/\/www.royalpeptides.eu\/wp-content\/uploads\/2026\/04\/Hexarelin-5mg.png\",\"datePublished\":\"2026-04-22T19:07:54+00:00\",\"dateModified\":\"2026-04-22T19:30:19+00:00\",\"breadcrumb\":{\"@id\":\"https:\/\/www.royalpeptides.eu\/cs\/produkt\/hexarelin#breadcrumb\"},\"inLanguage\":\"cs\",\"potentialAction\":[{\"@type\":\"ReadAction\",\"target\":[\"https:\/\/www.royalpeptides.eu\/cs\/produkt\/hexarelin\"]}]},{\"@type\":\"ImageObject\",\"inLanguage\":\"cs\",\"@id\":\"https:\/\/www.royalpeptides.eu\/cs\/produkt\/hexarelin#primaryimage\",\"url\":\"https:\/\/www.royalpeptides.eu\/wp-content\/uploads\/2026\/04\/Hexarelin-5mg.png\",\"contentUrl\":\"https:\/\/www.royalpeptides.eu\/wp-content\/uploads\/2026\/04\/Hexarelin-5mg.png\",\"width\":1024,\"height\":1536},{\"@type\":\"BreadcrumbList\",\"@id\":\"https:\/\/www.royalpeptides.eu\/cs\/produkt\/hexarelin#breadcrumb\",\"itemListElement\":[{\"@type\":\"ListItem\",\"position\":1,\"name\":\"Domovsk\u00e1 str\u00e1nka\",\"item\":\"https:\/\/www.royalpeptides.eu\/cs\"},{\"@type\":\"ListItem\",\"position\":2,\"name\":\"Obchod\",\"item\":\"https:\/\/www.royalpeptides.eu\/cs\/obchod\"},{\"@type\":\"ListItem\",\"position\":3,\"name\":\"Hexarelin\"}]},{\"@type\":\"WebSite\",\"@id\":\"https:\/\/www.royalpeptides.eu\/cs#website\",\"url\":\"https:\/\/www.royalpeptides.eu\/cs\",\"name\":\"Royal Peptides\",\"description\":\"\",\"publisher\":{\"@id\":\"https:\/\/www.royalpeptides.eu\/cs#organization\"},\"potentialAction\":[{\"@type\":\"SearchAction\",\"target\":{\"@type\":\"EntryPoint\",\"urlTemplate\":\"https:\/\/www.royalpeptides.eu\/cs?s={search_term_string}\"},\"query-input\":{\"@type\":\"PropertyValueSpecification\",\"valueRequired\":true,\"valueName\":\"search_term_string\"}}],\"inLanguage\":\"cs\"},{\"@type\":\"Organization\",\"@id\":\"https:\/\/www.royalpeptides.eu\/cs#organization\",\"name\":\"Royal Peptides\",\"url\":\"https:\/\/www.royalpeptides.eu\/cs\",\"logo\":{\"@type\":\"ImageObject\",\"inLanguage\":\"cs\",\"@id\":\"https:\/\/www.royalpeptides.eu\/cs#\/schema\/logo\/image\/\",\"url\":\"https:\/\/www.royalpeptides.eu\/wp-content\/uploads\/2026\/02\/royal_peptides_fade_edges.png\",\"contentUrl\":\"https:\/\/www.royalpeptides.eu\/wp-content\/uploads\/2026\/02\/royal_peptides_fade_edges.png\",\"width\":2048,\"height\":909,\"caption\":\"Royal Peptides\"},\"image\":{\"@id\":\"https:\/\/www.royalpeptides.eu\/cs#\/schema\/logo\/image\/\"},\"sameAs\":[\"https:\/\/www.facebook.com\/profile.php?id=61588101646707\",\"https:\/\/www.instagram.com\/royal_pep?igsh=Z2RoamNlaW1sZmFr\"]}]}<\/script>\n<!-- \/ Yoast SEO plugin. -->","yoast_head_json":{"title":"Hexarelin - Royal Peptides","robots":{"index":"index","follow":"follow","max-snippet":"max-snippet:-1","max-image-preview":"max-image-preview:large","max-video-preview":"max-video-preview:-1"},"canonical":"https:\/\/www.royalpeptides.eu\/cs\/produkt\/hexarelin","og_locale":"cs_CZ","og_type":"article","og_title":"Hexarelin - Royal Peptides","og_description":"Hexarelin je v\u00fdzkumn\u00fd peptid \u2013 agonista ghrelinov\u00e9ho receptoru (GHS-R), pou\u017e\u00edvan\u00fd v laboratorn\u00edch studi\u00edch zam\u011b\u0159en\u00fdch na regulaci sekrece r\u016fstov\u00e9ho hormonu a metabolick\u00fdch proces\u016f. V preklinick\u00e9m v\u00fdzkumu se zkoum\u00e1 jeho vliv na hormon\u00e1ln\u00ed signalizaci, regeneraci tk\u00e1n\u00ed a kardiovaskul\u00e1rn\u00ed funkce. Produkt je ur\u010den v\u00fdhradn\u011b pro v\u011bdeck\u00e9 \u00fa\u010dely.","og_url":"https:\/\/www.royalpeptides.eu\/cs\/produkt\/hexarelin","og_site_name":"Royal Peptides","article_publisher":"https:\/\/www.facebook.com\/profile.php?id=61588101646707","article_modified_time":"2026-04-22T19:30:19+00:00","og_image":[{"width":1024,"height":1536,"url":"https:\/\/www.royalpeptides.eu\/wp-content\/uploads\/2026\/04\/Hexarelin-5mg.png","type":"image\/png"}],"twitter_card":"summary_large_image","twitter_misc":{"Odhadovan\u00e1 doba \u010dten\u00ed":"3 minuty"},"schema":{"@context":"https:\/\/schema.org","@graph":[{"@type":"WebPage","@id":"https:\/\/www.royalpeptides.eu\/cs\/produkt\/hexarelin","url":"https:\/\/www.royalpeptides.eu\/cs\/produkt\/hexarelin","name":"Hexarelin - Royal Peptides","isPartOf":{"@id":"https:\/\/www.royalpeptides.eu\/cs#website"},"primaryImageOfPage":{"@id":"https:\/\/www.royalpeptides.eu\/cs\/produkt\/hexarelin#primaryimage"},"image":{"@id":"https:\/\/www.royalpeptides.eu\/cs\/produkt\/hexarelin#primaryimage"},"thumbnailUrl":"https:\/\/www.royalpeptides.eu\/wp-content\/uploads\/2026\/04\/Hexarelin-5mg.png","datePublished":"2026-04-22T19:07:54+00:00","dateModified":"2026-04-22T19:30:19+00:00","breadcrumb":{"@id":"https:\/\/www.royalpeptides.eu\/cs\/produkt\/hexarelin#breadcrumb"},"inLanguage":"cs","potentialAction":[{"@type":"ReadAction","target":["https:\/\/www.royalpeptides.eu\/cs\/produkt\/hexarelin"]}]},{"@type":"ImageObject","inLanguage":"cs","@id":"https:\/\/www.royalpeptides.eu\/cs\/produkt\/hexarelin#primaryimage","url":"https:\/\/www.royalpeptides.eu\/wp-content\/uploads\/2026\/04\/Hexarelin-5mg.png","contentUrl":"https:\/\/www.royalpeptides.eu\/wp-content\/uploads\/2026\/04\/Hexarelin-5mg.png","width":1024,"height":1536},{"@type":"BreadcrumbList","@id":"https:\/\/www.royalpeptides.eu\/cs\/produkt\/hexarelin#breadcrumb","itemListElement":[{"@type":"ListItem","position":1,"name":"Domovsk\u00e1 str\u00e1nka","item":"https:\/\/www.royalpeptides.eu\/cs"},{"@type":"ListItem","position":2,"name":"Obchod","item":"https:\/\/www.royalpeptides.eu\/cs\/obchod"},{"@type":"ListItem","position":3,"name":"Hexarelin"}]},{"@type":"WebSite","@id":"https:\/\/www.royalpeptides.eu\/cs#website","url":"https:\/\/www.royalpeptides.eu\/cs","name":"Royal Peptides","description":"","publisher":{"@id":"https:\/\/www.royalpeptides.eu\/cs#organization"},"potentialAction":[{"@type":"SearchAction","target":{"@type":"EntryPoint","urlTemplate":"https:\/\/www.royalpeptides.eu\/cs?s={search_term_string}"},"query-input":{"@type":"PropertyValueSpecification","valueRequired":true,"valueName":"search_term_string"}}],"inLanguage":"cs"},{"@type":"Organization","@id":"https:\/\/www.royalpeptides.eu\/cs#organization","name":"Royal Peptides","url":"https:\/\/www.royalpeptides.eu\/cs","logo":{"@type":"ImageObject","inLanguage":"cs","@id":"https:\/\/www.royalpeptides.eu\/cs#\/schema\/logo\/image\/","url":"https:\/\/www.royalpeptides.eu\/wp-content\/uploads\/2026\/02\/royal_peptides_fade_edges.png","contentUrl":"https:\/\/www.royalpeptides.eu\/wp-content\/uploads\/2026\/02\/royal_peptides_fade_edges.png","width":2048,"height":909,"caption":"Royal Peptides"},"image":{"@id":"https:\/\/www.royalpeptides.eu\/cs#\/schema\/logo\/image\/"},"sameAs":["https:\/\/www.facebook.com\/profile.php?id=61588101646707","https:\/\/www.instagram.com\/royal_pep?igsh=Z2RoamNlaW1sZmFr"]}]}},"_links":{"self":[{"href":"https:\/\/www.royalpeptides.eu\/cs\/wp-json\/wp\/v2\/product\/3919","targetHints":{"allow":["GET"]}}],"collection":[{"href":"https:\/\/www.royalpeptides.eu\/cs\/wp-json\/wp\/v2\/product"}],"about":[{"href":"https:\/\/www.royalpeptides.eu\/cs\/wp-json\/wp\/v2\/types\/product"}],"replies":[{"embeddable":true,"href":"https:\/\/www.royalpeptides.eu\/cs\/wp-json\/wp\/v2\/comments?post=3919"}],"wp:featuredmedia":[{"embeddable":true,"href":"https:\/\/www.royalpeptides.eu\/cs\/wp-json\/wp\/v2\/media\/3918"}],"wp:attachment":[{"href":"https:\/\/www.royalpeptides.eu\/cs\/wp-json\/wp\/v2\/media?parent=3919"}],"wp:term":[{"taxonomy":"product_brand","embeddable":true,"href":"https:\/\/www.royalpeptides.eu\/cs\/wp-json\/wp\/v2\/product_brand?post=3919"},{"taxonomy":"product_cat","embeddable":true,"href":"https:\/\/www.royalpeptides.eu\/cs\/wp-json\/wp\/v2\/product_cat?post=3919"},{"taxonomy":"product_tag","embeddable":true,"href":"https:\/\/www.royalpeptides.eu\/cs\/wp-json\/wp\/v2\/product_tag?post=3919"}],"curies":[{"name":"wp","href":"https:\/\/api.w.org\/{rel}","templated":true}]}}