{"id":3925,"date":"2026-04-22T21:07:54","date_gmt":"2026-04-22T19:07:54","guid":{"rendered":"https:\/\/www.royalpeptides.eu\/?post_type=product&#038;p=3925"},"modified":"2026-04-27T19:50:38","modified_gmt":"2026-04-27T17:50:38","slug":"davkovacie-pero","status":"publish","type":"product","link":"https:\/\/www.royalpeptides.eu\/cs\/produkt\/davkovacie-pero","title":{"rendered":"D\u00e1vkovac\u00ed pero"},"content":{"rendered":"<p>D\u00e1vkovac\u00ed pero s logem RoyalPeptides je pr\u00e1zdn\u00e9 jednor\u00e1zov\u00e9 za\u0159\u00edzen\u00ed ur\u010den\u00e9 pro laboratorn\u00ed a v\u00fdzkumn\u00e9 \u00fa\u010dely. Obsahuje 3 ml steriln\u011b balenou cartridge a je kompatibiln\u00ed se standardn\u00edmi inzulinov\u00fdmi jehlami (jehly nejsou sou\u010d\u00e1st\u00ed balen\u00ed). Mechanismus pera umo\u017e\u0148uje nastaven\u00ed a\u017e 50 kliknut\u00ed, p\u0159i\u010dem\u017e 1 klik odpov\u00edd\u00e1 1 IU, co\u017e poskytuje p\u0159esnou a kontrolovanou manipulaci v experiment\u00e1ln\u00edch podm\u00ednk\u00e1ch.<\/p>\n<p>Pero se dod\u00e1v\u00e1 pr\u00e1zdn\u00e9 a je ur\u010deno k individu\u00e1ln\u00edmu napln\u011bn\u00ed podle pot\u0159eb v\u00fdzkumu. Cartridge lze plnit nap\u0159\u00edklad injek\u010dn\u00ed nebo inzulinovou st\u0159\u00edka\u010dkou. P\u0159ed pln\u011bn\u00edm je nutn\u00e9 ze st\u0159\u00edka\u010dky odstranit vzduch, p\u0159\u00edpadn\u011b p\u0159i pln\u011bn\u00ed pou\u017e\u00edt druhou jehlu, p\u0159es kterou m\u016f\u017ee vzduch z cartridge unikat. Jedn\u00e1 se o jednor\u00e1zov\u00fd produkt.<\/p>\n<p>\u274c Nen\u00ed ur\u010deno pro hum\u00e1nn\u00ed ani veterin\u00e1rn\u00ed pou\u017eit\u00ed<br \/>\n\u274c Neslou\u017e\u00ed k diagnostice ani l\u00e9\u010db\u011b<\/p>\n<p>\u2705 Ur\u010deno v\u00fdhradn\u011b pro laboratorn\u00ed a v\u011bdeck\u00fd v\u00fdzkum<\/p>\n","protected":false},"excerpt":{"rendered":"<p>D\u00e1vkovac\u00ed pero s logem RoyalPeptides je pr\u00e1zdn\u00e9 jednor\u00e1zov\u00e9 za\u0159\u00edzen\u00ed ur\u010den\u00e9 pro laboratorn\u00ed a v\u00fdzkumn\u00e9 \u00fa\u010dely. Obsahuje 3 ml steriln\u011b balenou cartridge a je kompatibiln\u00ed se standardn\u00edmi inzulinov\u00fdmi jehlami (jehly nejsou sou\u010d\u00e1st\u00ed balen\u00ed). Mechanismus pera umo\u017e\u0148uje nastaven\u00ed a\u017e 50 kliknut\u00ed, p\u0159i\u010dem\u017e 1 klik odpov\u00edd\u00e1 1 IU, co\u017e poskytuje p\u0159esnou a kontrolovanou manipulaci v experiment\u00e1ln\u00edch podm\u00ednk\u00e1ch. Pero [&hellip;]<\/p>\n","protected":false},"featured_media":3922,"comment_status":"closed","ping_status":"closed","template":"","meta":[],"product_brand":[],"product_cat":[301],"product_tag":[],"class_list":{"0":"post-3925","1":"product","2":"type-product","3":"status-publish","4":"has-post-thumbnail","6":"product_cat-doplnky","7":"pa_obsah-3ml","9":"first","10":"instock","11":"purchasable","12":"product-type-simple"},"yoast_head":"<!-- This site is optimized with the Yoast SEO plugin v27.0 - https:\/\/yoast.com\/product\/yoast-seo-wordpress\/ -->\n<title>D\u00e1vkovac\u00ed pero - Royal Peptides<\/title>\n<meta name=\"robots\" content=\"index, follow, max-snippet:-1, max-image-preview:large, max-video-preview:-1\" \/>\n<link rel=\"canonical\" href=\"https:\/\/www.royalpeptides.eu\/cs\/produkt\/davkovacie-pero\" \/>\n<meta property=\"og:locale\" content=\"cs_CZ\" \/>\n<meta property=\"og:type\" content=\"article\" \/>\n<meta property=\"og:title\" content=\"D\u00e1vkovac\u00ed pero - Royal Peptides\" \/>\n<meta property=\"og:description\" content=\"D\u00e1vkovac\u00ed pero s logem RoyalPeptides je pr\u00e1zdn\u00e9 jednor\u00e1zov\u00e9 za\u0159\u00edzen\u00ed ur\u010den\u00e9 pro laboratorn\u00ed a v\u00fdzkumn\u00e9 \u00fa\u010dely. Obsahuje 3 ml steriln\u011b balenou cartridge a je kompatibiln\u00ed se standardn\u00edmi inzulinov\u00fdmi jehlami (jehly nejsou sou\u010d\u00e1st\u00ed balen\u00ed). Mechanismus pera umo\u017e\u0148uje nastaven\u00ed a\u017e 50 kliknut\u00ed, p\u0159i\u010dem\u017e 1 klik odpov\u00edd\u00e1 1 IU, co\u017e poskytuje p\u0159esnou a kontrolovanou manipulaci v experiment\u00e1ln\u00edch podm\u00ednk\u00e1ch. Pero [&hellip;]\" \/>\n<meta property=\"og:url\" content=\"https:\/\/www.royalpeptides.eu\/cs\/produkt\/davkovacie-pero\" \/>\n<meta property=\"og:site_name\" content=\"Royal Peptides\" \/>\n<meta property=\"article:publisher\" content=\"https:\/\/www.facebook.com\/profile.php?id=61588101646707\" \/>\n<meta property=\"article:modified_time\" content=\"2026-04-27T17:50:38+00:00\" \/>\n<meta property=\"og:image\" content=\"https:\/\/www.royalpeptides.eu\/wp-content\/uploads\/2026\/04\/pero-produkt.png\" \/>\n\t<meta property=\"og:image:width\" content=\"1536\" \/>\n\t<meta property=\"og:image:height\" content=\"1024\" \/>\n\t<meta property=\"og:image:type\" content=\"image\/png\" \/>\n<meta name=\"twitter:card\" content=\"summary_large_image\" \/>\n<meta name=\"twitter:label1\" content=\"Odhadovan\u00e1 doba \u010dten\u00ed\" \/>\n\t<meta name=\"twitter:data1\" content=\"1 minuta\" \/>\n<script type=\"application\/ld+json\" class=\"yoast-schema-graph\">{\"@context\":\"https:\/\/schema.org\",\"@graph\":[{\"@type\":\"WebPage\",\"@id\":\"https:\/\/www.royalpeptides.eu\/cs\/produkt\/davkovacie-pero\",\"url\":\"https:\/\/www.royalpeptides.eu\/cs\/produkt\/davkovacie-pero\",\"name\":\"D\u00e1vkovac\u00ed pero - Royal Peptides\",\"isPartOf\":{\"@id\":\"https:\/\/www.royalpeptides.eu\/cs#website\"},\"primaryImageOfPage\":{\"@id\":\"https:\/\/www.royalpeptides.eu\/cs\/produkt\/davkovacie-pero#primaryimage\"},\"image\":{\"@id\":\"https:\/\/www.royalpeptides.eu\/cs\/produkt\/davkovacie-pero#primaryimage\"},\"thumbnailUrl\":\"https:\/\/www.royalpeptides.eu\/wp-content\/uploads\/2026\/04\/pero-produkt.png\",\"datePublished\":\"2026-04-22T19:07:54+00:00\",\"dateModified\":\"2026-04-27T17:50:38+00:00\",\"breadcrumb\":{\"@id\":\"https:\/\/www.royalpeptides.eu\/cs\/produkt\/davkovacie-pero#breadcrumb\"},\"inLanguage\":\"cs\",\"potentialAction\":[{\"@type\":\"ReadAction\",\"target\":[\"https:\/\/www.royalpeptides.eu\/cs\/produkt\/davkovacie-pero\"]}]},{\"@type\":\"ImageObject\",\"inLanguage\":\"cs\",\"@id\":\"https:\/\/www.royalpeptides.eu\/cs\/produkt\/davkovacie-pero#primaryimage\",\"url\":\"https:\/\/www.royalpeptides.eu\/wp-content\/uploads\/2026\/04\/pero-produkt.png\",\"contentUrl\":\"https:\/\/www.royalpeptides.eu\/wp-content\/uploads\/2026\/04\/pero-produkt.png\",\"width\":1536,\"height\":1024},{\"@type\":\"BreadcrumbList\",\"@id\":\"https:\/\/www.royalpeptides.eu\/cs\/produkt\/davkovacie-pero#breadcrumb\",\"itemListElement\":[{\"@type\":\"ListItem\",\"position\":1,\"name\":\"Domovsk\u00e1 str\u00e1nka\",\"item\":\"https:\/\/www.royalpeptides.eu\/cs\"},{\"@type\":\"ListItem\",\"position\":2,\"name\":\"Obchod\",\"item\":\"https:\/\/www.royalpeptides.eu\/cs\/obchod\"},{\"@type\":\"ListItem\",\"position\":3,\"name\":\"D\u00e1vkovac\u00ed pero\"}]},{\"@type\":\"WebSite\",\"@id\":\"https:\/\/www.royalpeptides.eu\/cs#website\",\"url\":\"https:\/\/www.royalpeptides.eu\/cs\",\"name\":\"Royal Peptides\",\"description\":\"\",\"publisher\":{\"@id\":\"https:\/\/www.royalpeptides.eu\/cs#organization\"},\"potentialAction\":[{\"@type\":\"SearchAction\",\"target\":{\"@type\":\"EntryPoint\",\"urlTemplate\":\"https:\/\/www.royalpeptides.eu\/cs?s={search_term_string}\"},\"query-input\":{\"@type\":\"PropertyValueSpecification\",\"valueRequired\":true,\"valueName\":\"search_term_string\"}}],\"inLanguage\":\"cs\"},{\"@type\":\"Organization\",\"@id\":\"https:\/\/www.royalpeptides.eu\/cs#organization\",\"name\":\"Royal Peptides\",\"url\":\"https:\/\/www.royalpeptides.eu\/cs\",\"logo\":{\"@type\":\"ImageObject\",\"inLanguage\":\"cs\",\"@id\":\"https:\/\/www.royalpeptides.eu\/cs#\/schema\/logo\/image\/\",\"url\":\"https:\/\/www.royalpeptides.eu\/wp-content\/uploads\/2026\/02\/royal_peptides_fade_edges.png\",\"contentUrl\":\"https:\/\/www.royalpeptides.eu\/wp-content\/uploads\/2026\/02\/royal_peptides_fade_edges.png\",\"width\":2048,\"height\":909,\"caption\":\"Royal Peptides\"},\"image\":{\"@id\":\"https:\/\/www.royalpeptides.eu\/cs#\/schema\/logo\/image\/\"},\"sameAs\":[\"https:\/\/www.facebook.com\/profile.php?id=61588101646707\",\"https:\/\/www.instagram.com\/royal_pep?igsh=Z2RoamNlaW1sZmFr\"]}]}<\/script>\n<!-- \/ Yoast SEO plugin. -->","yoast_head_json":{"title":"D\u00e1vkovac\u00ed pero - Royal Peptides","robots":{"index":"index","follow":"follow","max-snippet":"max-snippet:-1","max-image-preview":"max-image-preview:large","max-video-preview":"max-video-preview:-1"},"canonical":"https:\/\/www.royalpeptides.eu\/cs\/produkt\/davkovacie-pero","og_locale":"cs_CZ","og_type":"article","og_title":"D\u00e1vkovac\u00ed pero - Royal Peptides","og_description":"D\u00e1vkovac\u00ed pero s logem RoyalPeptides je pr\u00e1zdn\u00e9 jednor\u00e1zov\u00e9 za\u0159\u00edzen\u00ed ur\u010den\u00e9 pro laboratorn\u00ed a v\u00fdzkumn\u00e9 \u00fa\u010dely. Obsahuje 3 ml steriln\u011b balenou cartridge a je kompatibiln\u00ed se standardn\u00edmi inzulinov\u00fdmi jehlami (jehly nejsou sou\u010d\u00e1st\u00ed balen\u00ed). Mechanismus pera umo\u017e\u0148uje nastaven\u00ed a\u017e 50 kliknut\u00ed, p\u0159i\u010dem\u017e 1 klik odpov\u00edd\u00e1 1 IU, co\u017e poskytuje p\u0159esnou a kontrolovanou manipulaci v experiment\u00e1ln\u00edch podm\u00ednk\u00e1ch. Pero [&hellip;]","og_url":"https:\/\/www.royalpeptides.eu\/cs\/produkt\/davkovacie-pero","og_site_name":"Royal Peptides","article_publisher":"https:\/\/www.facebook.com\/profile.php?id=61588101646707","article_modified_time":"2026-04-27T17:50:38+00:00","og_image":[{"width":1536,"height":1024,"url":"https:\/\/www.royalpeptides.eu\/wp-content\/uploads\/2026\/04\/pero-produkt.png","type":"image\/png"}],"twitter_card":"summary_large_image","twitter_misc":{"Odhadovan\u00e1 doba \u010dten\u00ed":"1 minuta"},"schema":{"@context":"https:\/\/schema.org","@graph":[{"@type":"WebPage","@id":"https:\/\/www.royalpeptides.eu\/cs\/produkt\/davkovacie-pero","url":"https:\/\/www.royalpeptides.eu\/cs\/produkt\/davkovacie-pero","name":"D\u00e1vkovac\u00ed pero - Royal Peptides","isPartOf":{"@id":"https:\/\/www.royalpeptides.eu\/cs#website"},"primaryImageOfPage":{"@id":"https:\/\/www.royalpeptides.eu\/cs\/produkt\/davkovacie-pero#primaryimage"},"image":{"@id":"https:\/\/www.royalpeptides.eu\/cs\/produkt\/davkovacie-pero#primaryimage"},"thumbnailUrl":"https:\/\/www.royalpeptides.eu\/wp-content\/uploads\/2026\/04\/pero-produkt.png","datePublished":"2026-04-22T19:07:54+00:00","dateModified":"2026-04-27T17:50:38+00:00","breadcrumb":{"@id":"https:\/\/www.royalpeptides.eu\/cs\/produkt\/davkovacie-pero#breadcrumb"},"inLanguage":"cs","potentialAction":[{"@type":"ReadAction","target":["https:\/\/www.royalpeptides.eu\/cs\/produkt\/davkovacie-pero"]}]},{"@type":"ImageObject","inLanguage":"cs","@id":"https:\/\/www.royalpeptides.eu\/cs\/produkt\/davkovacie-pero#primaryimage","url":"https:\/\/www.royalpeptides.eu\/wp-content\/uploads\/2026\/04\/pero-produkt.png","contentUrl":"https:\/\/www.royalpeptides.eu\/wp-content\/uploads\/2026\/04\/pero-produkt.png","width":1536,"height":1024},{"@type":"BreadcrumbList","@id":"https:\/\/www.royalpeptides.eu\/cs\/produkt\/davkovacie-pero#breadcrumb","itemListElement":[{"@type":"ListItem","position":1,"name":"Domovsk\u00e1 str\u00e1nka","item":"https:\/\/www.royalpeptides.eu\/cs"},{"@type":"ListItem","position":2,"name":"Obchod","item":"https:\/\/www.royalpeptides.eu\/cs\/obchod"},{"@type":"ListItem","position":3,"name":"D\u00e1vkovac\u00ed pero"}]},{"@type":"WebSite","@id":"https:\/\/www.royalpeptides.eu\/cs#website","url":"https:\/\/www.royalpeptides.eu\/cs","name":"Royal Peptides","description":"","publisher":{"@id":"https:\/\/www.royalpeptides.eu\/cs#organization"},"potentialAction":[{"@type":"SearchAction","target":{"@type":"EntryPoint","urlTemplate":"https:\/\/www.royalpeptides.eu\/cs?s={search_term_string}"},"query-input":{"@type":"PropertyValueSpecification","valueRequired":true,"valueName":"search_term_string"}}],"inLanguage":"cs"},{"@type":"Organization","@id":"https:\/\/www.royalpeptides.eu\/cs#organization","name":"Royal Peptides","url":"https:\/\/www.royalpeptides.eu\/cs","logo":{"@type":"ImageObject","inLanguage":"cs","@id":"https:\/\/www.royalpeptides.eu\/cs#\/schema\/logo\/image\/","url":"https:\/\/www.royalpeptides.eu\/wp-content\/uploads\/2026\/02\/royal_peptides_fade_edges.png","contentUrl":"https:\/\/www.royalpeptides.eu\/wp-content\/uploads\/2026\/02\/royal_peptides_fade_edges.png","width":2048,"height":909,"caption":"Royal Peptides"},"image":{"@id":"https:\/\/www.royalpeptides.eu\/cs#\/schema\/logo\/image\/"},"sameAs":["https:\/\/www.facebook.com\/profile.php?id=61588101646707","https:\/\/www.instagram.com\/royal_pep?igsh=Z2RoamNlaW1sZmFr"]}]}},"_links":{"self":[{"href":"https:\/\/www.royalpeptides.eu\/cs\/wp-json\/wp\/v2\/product\/3925","targetHints":{"allow":["GET"]}}],"collection":[{"href":"https:\/\/www.royalpeptides.eu\/cs\/wp-json\/wp\/v2\/product"}],"about":[{"href":"https:\/\/www.royalpeptides.eu\/cs\/wp-json\/wp\/v2\/types\/product"}],"replies":[{"embeddable":true,"href":"https:\/\/www.royalpeptides.eu\/cs\/wp-json\/wp\/v2\/comments?post=3925"}],"wp:featuredmedia":[{"embeddable":true,"href":"https:\/\/www.royalpeptides.eu\/cs\/wp-json\/wp\/v2\/media\/3922"}],"wp:attachment":[{"href":"https:\/\/www.royalpeptides.eu\/cs\/wp-json\/wp\/v2\/media?parent=3925"}],"wp:term":[{"taxonomy":"product_brand","embeddable":true,"href":"https:\/\/www.royalpeptides.eu\/cs\/wp-json\/wp\/v2\/product_brand?post=3925"},{"taxonomy":"product_cat","embeddable":true,"href":"https:\/\/www.royalpeptides.eu\/cs\/wp-json\/wp\/v2\/product_cat?post=3925"},{"taxonomy":"product_tag","embeddable":true,"href":"https:\/\/www.royalpeptides.eu\/cs\/wp-json\/wp\/v2\/product_tag?post=3925"}],"curies":[{"name":"wp","href":"https:\/\/api.w.org\/{rel}","templated":true}]}}