{"id":4431,"date":"2026-05-08T10:21:24","date_gmt":"2026-05-08T08:21:24","guid":{"rendered":"https:\/\/www.royalpeptides.eu\/?post_type=product&#038;p=4431"},"modified":"2026-05-11T21:49:07","modified_gmt":"2026-05-11T19:49:07","slug":"epithalon-2","status":"publish","type":"product","link":"https:\/\/www.royalpeptides.eu\/cs\/produkt\/epithalon-2","title":{"rendered":"Epithalon"},"content":{"rendered":"<p data-start=\"0\" data-end=\"16\">Co je Epithalon?<\/p>\n<p data-start=\"20\" data-end=\"469\">Epithalon je syntetick\u00fd tetrapeptid odvozen\u00fd od p\u0159irozen\u011b se vyskytuj\u00edc\u00edho epitalaminu, kter\u00fd je produkov\u00e1n epif\u00fdzou (\u0161i\u0161inkou) v mozku. Tento peptid je p\u0159edm\u011btem v\u011bdeck\u00e9ho v\u00fdzkumu zejm\u00e9na pro sv\u016fj potenci\u00e1ln\u00ed vliv na regulaci biologick\u00fdch rytm\u016f, procesy st\u00e1rnut\u00ed a bun\u011b\u010dnou regeneraci. Epithalon je zn\u00e1m\u00fd svou schopnost\u00ed ovliv\u0148ovat aktivitu telomer\u00e1zy \u2013 enzymu, kter\u00fd se pod\u00edl\u00ed na udr\u017eov\u00e1n\u00ed d\u00e9lky telomer, ochrann\u00fdch struktur na konc\u00edch chromozom\u016f.<\/p>\n<p data-start=\"473\" data-end=\"704\">Zkracov\u00e1n\u00ed telomer je p\u0159irozen\u00fd proces spojen\u00fd se st\u00e1rnut\u00edm bun\u011bk, a proto je Epithalon intenzivn\u011b zkoum\u00e1n v oblasti longevity a bun\u011b\u010dn\u00e9ho zdrav\u00ed. Krom\u011b toho m\u016f\u017ee m\u00edt vliv tak\u00e9 na regulaci cirkadi\u00e1nn\u00edch rytm\u016f a produkci melatoninu.<\/p>\n<p data-start=\"708\" data-end=\"732\">\u00da\u010dinky zkouman\u00e9 v\u00fdzkumem<\/p>\n<ol data-start=\"736\" data-end=\"1360\">\n<li data-section-id=\"16de3q1\" data-start=\"736\" data-end=\"904\">Epithalon a telomer\u00e1za<br \/>\nV\u00fdzkum nazna\u010duje, \u017ee Epithalon m\u016f\u017ee aktivovat telomer\u00e1zu, \u010d\u00edm\u017e p\u0159isp\u00edv\u00e1 k ochran\u011b telomer a potenci\u00e1ln\u011b zpomaluje procesy bun\u011b\u010dn\u00e9ho st\u00e1rnut\u00ed.<\/li>\n<li data-section-id=\"9ww083\" data-start=\"908\" data-end=\"1063\">Epithalon a regulace sp\u00e1nku<br \/>\nVliv na epif\u00fdzu m\u016f\u017ee ovliv\u0148ovat produkci melatoninu, hormonu zodpov\u011bdn\u00e9ho za \u0159\u00edzen\u00ed sp\u00e1nkov\u00e9ho cyklu a cirkadi\u00e1nn\u00edch rytm\u016f.<\/li>\n<li data-section-id=\"1qoh6cl\" data-start=\"1067\" data-end=\"1193\">Epithalon a bun\u011b\u010dn\u00e1 regenerace<br \/>\nPodpora bun\u011b\u010dn\u00e9 obnovy a ochrana p\u0159ed po\u0161kozen\u00edm m\u016f\u017ee p\u0159isp\u00edvat k celkov\u00e9 regeneraci tk\u00e1n\u00ed.<\/li>\n<li data-section-id=\"1wih0cq\" data-start=\"1197\" data-end=\"1360\">Epithalon a hormon\u00e1ln\u00ed rovnov\u00e1ha<br \/>\nN\u011bkter\u00e9 studie nazna\u010duj\u00ed jeho potenci\u00e1ln\u00ed vliv na regulaci hormon\u00e1ln\u00edch proces\u016f, zejm\u00e9na v souvislosti se st\u00e1rnut\u00edm organismu.<\/li>\n<\/ol>\n<p data-start=\"1364\" data-end=\"1540\">Epithalon pat\u0159\u00ed mezi nejzn\u00e1m\u011bj\u0161\u00ed peptidy zkouman\u00e9 v oblasti dlouhov\u011bkosti, regenerace a regulace biologick\u00fdch rytm\u016f. Jeho \u00fa\u010dinky jsou p\u0159edm\u011btem pokra\u010duj\u00edc\u00edho v\u011bdeck\u00e9ho v\u00fdzkumu.<\/p>\n<p data-start=\"1544\" data-end=\"1588\" data-is-last-node=\"\" data-is-only-node=\"\">Produkt je ur\u010den v\u00fdhradn\u011b pro v\u011bdeck\u00e9 \u00fa\u010dely.<\/p>\n","protected":false},"excerpt":{"rendered":"<p>Epithalon je syntetick\u00fd peptid odvozen\u00fd od p\u0159irozen\u011b se vyskytuj\u00edc\u00edho epitalaminu, kter\u00fd je p\u0159edm\u011btem v\u00fdzkumu pro sv\u016fj potenci\u00e1ln\u00ed vliv na regulaci bun\u011b\u010dn\u00e9ho st\u00e1rnut\u00ed a biologick\u00fdch rytm\u016f. P\u0159edpokl\u00e1d\u00e1 se, \u017ee m\u016f\u017ee ovliv\u0148ovat aktivitu telomer\u00e1zy, \u010d\u00edm\u017e p\u0159isp\u00edv\u00e1 k ochran\u011b telomer a podpo\u0159e bun\u011b\u010dn\u00e9 longevity. Epithalon je tak\u00e9 zkoum\u00e1n v souvislosti s regulac\u00ed sp\u00e1nku, hormon\u00e1ln\u00ed rovnov\u00e1hy a celkov\u00e9 regenerace organismu.<\/p>\n<p>Produkt je ur\u010den v\u00fdhradn\u011b pro v\u011bdeck\u00e9 \u00fa\u010dely.<\/p>\n","protected":false},"featured_media":4430,"comment_status":"open","ping_status":"closed","template":"","meta":[],"product_brand":[],"product_cat":[155,151,164,166],"product_tag":[],"class_list":{"0":"post-4431","1":"product","2":"type-product","3":"status-publish","4":"has-post-thumbnail","6":"product_cat-anti-aging","7":"product_cat-pilulky","8":"product_cat-regenerace","9":"product_cat-spanek","10":"pa_obsah-3mg","12":"first","13":"instock","14":"shipping-taxable","15":"purchasable","16":"product-type-simple"},"yoast_head":"<!-- This site is optimized with the Yoast SEO plugin v27.0 - https:\/\/yoast.com\/product\/yoast-seo-wordpress\/ -->\n<title>Epithalon - Royal Peptides<\/title>\n<meta name=\"robots\" content=\"index, follow, max-snippet:-1, max-image-preview:large, max-video-preview:-1\" \/>\n<link rel=\"canonical\" href=\"https:\/\/www.royalpeptides.eu\/cs\/produkt\/epithalon-2\" \/>\n<meta property=\"og:locale\" content=\"cs_CZ\" \/>\n<meta property=\"og:type\" content=\"article\" \/>\n<meta property=\"og:title\" content=\"Epithalon - Royal Peptides\" \/>\n<meta property=\"og:description\" content=\"Epithalon je syntetick\u00fd peptid odvozen\u00fd od p\u0159irozen\u011b se vyskytuj\u00edc\u00edho epitalaminu, kter\u00fd je p\u0159edm\u011btem v\u00fdzkumu pro sv\u016fj potenci\u00e1ln\u00ed vliv na regulaci bun\u011b\u010dn\u00e9ho st\u00e1rnut\u00ed a biologick\u00fdch rytm\u016f. P\u0159edpokl\u00e1d\u00e1 se, \u017ee m\u016f\u017ee ovliv\u0148ovat aktivitu telomer\u00e1zy, \u010d\u00edm\u017e p\u0159isp\u00edv\u00e1 k ochran\u011b telomer a podpo\u0159e bun\u011b\u010dn\u00e9 longevity. Epithalon je tak\u00e9 zkoum\u00e1n v souvislosti s regulac\u00ed sp\u00e1nku, hormon\u00e1ln\u00ed rovnov\u00e1hy a celkov\u00e9 regenerace organismu.  Produkt je ur\u010den v\u00fdhradn\u011b pro v\u011bdeck\u00e9 \u00fa\u010dely.\" \/>\n<meta property=\"og:url\" content=\"https:\/\/www.royalpeptides.eu\/cs\/produkt\/epithalon-2\" \/>\n<meta property=\"og:site_name\" content=\"Royal Peptides\" \/>\n<meta property=\"article:publisher\" content=\"https:\/\/www.facebook.com\/profile.php?id=61588101646707\" \/>\n<meta property=\"article:modified_time\" content=\"2026-05-11T19:49:07+00:00\" \/>\n<meta property=\"og:image\" content=\"https:\/\/www.royalpeptides.eu\/wp-content\/uploads\/2026\/05\/Epithalon-3mg.png\" \/>\n\t<meta property=\"og:image:width\" content=\"1027\" \/>\n\t<meta property=\"og:image:height\" content=\"1532\" \/>\n\t<meta property=\"og:image:type\" content=\"image\/png\" \/>\n<meta name=\"twitter:card\" content=\"summary_large_image\" \/>\n<meta name=\"twitter:label1\" content=\"Odhadovan\u00e1 doba \u010dten\u00ed\" \/>\n\t<meta name=\"twitter:data1\" content=\"2 minuty\" \/>\n<script type=\"application\/ld+json\" class=\"yoast-schema-graph\">{\"@context\":\"https:\/\/schema.org\",\"@graph\":[{\"@type\":\"WebPage\",\"@id\":\"https:\/\/www.royalpeptides.eu\/cs\/produkt\/epithalon-2\",\"url\":\"https:\/\/www.royalpeptides.eu\/cs\/produkt\/epithalon-2\",\"name\":\"Epithalon - Royal Peptides\",\"isPartOf\":{\"@id\":\"https:\/\/www.royalpeptides.eu\/cs#website\"},\"primaryImageOfPage\":{\"@id\":\"https:\/\/www.royalpeptides.eu\/cs\/produkt\/epithalon-2#primaryimage\"},\"image\":{\"@id\":\"https:\/\/www.royalpeptides.eu\/cs\/produkt\/epithalon-2#primaryimage\"},\"thumbnailUrl\":\"https:\/\/www.royalpeptides.eu\/wp-content\/uploads\/2026\/05\/Epithalon-3mg.png\",\"datePublished\":\"2026-05-08T08:21:24+00:00\",\"dateModified\":\"2026-05-11T19:49:07+00:00\",\"breadcrumb\":{\"@id\":\"https:\/\/www.royalpeptides.eu\/cs\/produkt\/epithalon-2#breadcrumb\"},\"inLanguage\":\"cs\",\"potentialAction\":[{\"@type\":\"ReadAction\",\"target\":[\"https:\/\/www.royalpeptides.eu\/cs\/produkt\/epithalon-2\"]}]},{\"@type\":\"ImageObject\",\"inLanguage\":\"cs\",\"@id\":\"https:\/\/www.royalpeptides.eu\/cs\/produkt\/epithalon-2#primaryimage\",\"url\":\"https:\/\/www.royalpeptides.eu\/wp-content\/uploads\/2026\/05\/Epithalon-3mg.png\",\"contentUrl\":\"https:\/\/www.royalpeptides.eu\/wp-content\/uploads\/2026\/05\/Epithalon-3mg.png\",\"width\":1027,\"height\":1532},{\"@type\":\"BreadcrumbList\",\"@id\":\"https:\/\/www.royalpeptides.eu\/cs\/produkt\/epithalon-2#breadcrumb\",\"itemListElement\":[{\"@type\":\"ListItem\",\"position\":1,\"name\":\"Domovsk\u00e1 str\u00e1nka\",\"item\":\"https:\/\/www.royalpeptides.eu\/cs\"},{\"@type\":\"ListItem\",\"position\":2,\"name\":\"Obchod\",\"item\":\"https:\/\/www.royalpeptides.eu\/cs\/obchod\"},{\"@type\":\"ListItem\",\"position\":3,\"name\":\"Epithalon\"}]},{\"@type\":\"WebSite\",\"@id\":\"https:\/\/www.royalpeptides.eu\/cs#website\",\"url\":\"https:\/\/www.royalpeptides.eu\/cs\",\"name\":\"Royal Peptides\",\"description\":\"\",\"publisher\":{\"@id\":\"https:\/\/www.royalpeptides.eu\/cs#organization\"},\"potentialAction\":[{\"@type\":\"SearchAction\",\"target\":{\"@type\":\"EntryPoint\",\"urlTemplate\":\"https:\/\/www.royalpeptides.eu\/cs?s={search_term_string}\"},\"query-input\":{\"@type\":\"PropertyValueSpecification\",\"valueRequired\":true,\"valueName\":\"search_term_string\"}}],\"inLanguage\":\"cs\"},{\"@type\":\"Organization\",\"@id\":\"https:\/\/www.royalpeptides.eu\/cs#organization\",\"name\":\"Royal Peptides\",\"url\":\"https:\/\/www.royalpeptides.eu\/cs\",\"logo\":{\"@type\":\"ImageObject\",\"inLanguage\":\"cs\",\"@id\":\"https:\/\/www.royalpeptides.eu\/cs#\/schema\/logo\/image\/\",\"url\":\"https:\/\/www.royalpeptides.eu\/wp-content\/uploads\/2026\/02\/royal_peptides_fade_edges.png\",\"contentUrl\":\"https:\/\/www.royalpeptides.eu\/wp-content\/uploads\/2026\/02\/royal_peptides_fade_edges.png\",\"width\":2048,\"height\":909,\"caption\":\"Royal Peptides\"},\"image\":{\"@id\":\"https:\/\/www.royalpeptides.eu\/cs#\/schema\/logo\/image\/\"},\"sameAs\":[\"https:\/\/www.facebook.com\/profile.php?id=61588101646707\",\"https:\/\/www.instagram.com\/royal_pep?igsh=Z2RoamNlaW1sZmFr\"]}]}<\/script>\n<!-- \/ Yoast SEO plugin. -->","yoast_head_json":{"title":"Epithalon - Royal Peptides","robots":{"index":"index","follow":"follow","max-snippet":"max-snippet:-1","max-image-preview":"max-image-preview:large","max-video-preview":"max-video-preview:-1"},"canonical":"https:\/\/www.royalpeptides.eu\/cs\/produkt\/epithalon-2","og_locale":"cs_CZ","og_type":"article","og_title":"Epithalon - Royal Peptides","og_description":"Epithalon je syntetick\u00fd peptid odvozen\u00fd od p\u0159irozen\u011b se vyskytuj\u00edc\u00edho epitalaminu, kter\u00fd je p\u0159edm\u011btem v\u00fdzkumu pro sv\u016fj potenci\u00e1ln\u00ed vliv na regulaci bun\u011b\u010dn\u00e9ho st\u00e1rnut\u00ed a biologick\u00fdch rytm\u016f. P\u0159edpokl\u00e1d\u00e1 se, \u017ee m\u016f\u017ee ovliv\u0148ovat aktivitu telomer\u00e1zy, \u010d\u00edm\u017e p\u0159isp\u00edv\u00e1 k ochran\u011b telomer a podpo\u0159e bun\u011b\u010dn\u00e9 longevity. Epithalon je tak\u00e9 zkoum\u00e1n v souvislosti s regulac\u00ed sp\u00e1nku, hormon\u00e1ln\u00ed rovnov\u00e1hy a celkov\u00e9 regenerace organismu.  Produkt je ur\u010den v\u00fdhradn\u011b pro v\u011bdeck\u00e9 \u00fa\u010dely.","og_url":"https:\/\/www.royalpeptides.eu\/cs\/produkt\/epithalon-2","og_site_name":"Royal Peptides","article_publisher":"https:\/\/www.facebook.com\/profile.php?id=61588101646707","article_modified_time":"2026-05-11T19:49:07+00:00","og_image":[{"width":1027,"height":1532,"url":"https:\/\/www.royalpeptides.eu\/wp-content\/uploads\/2026\/05\/Epithalon-3mg.png","type":"image\/png"}],"twitter_card":"summary_large_image","twitter_misc":{"Odhadovan\u00e1 doba \u010dten\u00ed":"2 minuty"},"schema":{"@context":"https:\/\/schema.org","@graph":[{"@type":"WebPage","@id":"https:\/\/www.royalpeptides.eu\/cs\/produkt\/epithalon-2","url":"https:\/\/www.royalpeptides.eu\/cs\/produkt\/epithalon-2","name":"Epithalon - Royal Peptides","isPartOf":{"@id":"https:\/\/www.royalpeptides.eu\/cs#website"},"primaryImageOfPage":{"@id":"https:\/\/www.royalpeptides.eu\/cs\/produkt\/epithalon-2#primaryimage"},"image":{"@id":"https:\/\/www.royalpeptides.eu\/cs\/produkt\/epithalon-2#primaryimage"},"thumbnailUrl":"https:\/\/www.royalpeptides.eu\/wp-content\/uploads\/2026\/05\/Epithalon-3mg.png","datePublished":"2026-05-08T08:21:24+00:00","dateModified":"2026-05-11T19:49:07+00:00","breadcrumb":{"@id":"https:\/\/www.royalpeptides.eu\/cs\/produkt\/epithalon-2#breadcrumb"},"inLanguage":"cs","potentialAction":[{"@type":"ReadAction","target":["https:\/\/www.royalpeptides.eu\/cs\/produkt\/epithalon-2"]}]},{"@type":"ImageObject","inLanguage":"cs","@id":"https:\/\/www.royalpeptides.eu\/cs\/produkt\/epithalon-2#primaryimage","url":"https:\/\/www.royalpeptides.eu\/wp-content\/uploads\/2026\/05\/Epithalon-3mg.png","contentUrl":"https:\/\/www.royalpeptides.eu\/wp-content\/uploads\/2026\/05\/Epithalon-3mg.png","width":1027,"height":1532},{"@type":"BreadcrumbList","@id":"https:\/\/www.royalpeptides.eu\/cs\/produkt\/epithalon-2#breadcrumb","itemListElement":[{"@type":"ListItem","position":1,"name":"Domovsk\u00e1 str\u00e1nka","item":"https:\/\/www.royalpeptides.eu\/cs"},{"@type":"ListItem","position":2,"name":"Obchod","item":"https:\/\/www.royalpeptides.eu\/cs\/obchod"},{"@type":"ListItem","position":3,"name":"Epithalon"}]},{"@type":"WebSite","@id":"https:\/\/www.royalpeptides.eu\/cs#website","url":"https:\/\/www.royalpeptides.eu\/cs","name":"Royal Peptides","description":"","publisher":{"@id":"https:\/\/www.royalpeptides.eu\/cs#organization"},"potentialAction":[{"@type":"SearchAction","target":{"@type":"EntryPoint","urlTemplate":"https:\/\/www.royalpeptides.eu\/cs?s={search_term_string}"},"query-input":{"@type":"PropertyValueSpecification","valueRequired":true,"valueName":"search_term_string"}}],"inLanguage":"cs"},{"@type":"Organization","@id":"https:\/\/www.royalpeptides.eu\/cs#organization","name":"Royal Peptides","url":"https:\/\/www.royalpeptides.eu\/cs","logo":{"@type":"ImageObject","inLanguage":"cs","@id":"https:\/\/www.royalpeptides.eu\/cs#\/schema\/logo\/image\/","url":"https:\/\/www.royalpeptides.eu\/wp-content\/uploads\/2026\/02\/royal_peptides_fade_edges.png","contentUrl":"https:\/\/www.royalpeptides.eu\/wp-content\/uploads\/2026\/02\/royal_peptides_fade_edges.png","width":2048,"height":909,"caption":"Royal Peptides"},"image":{"@id":"https:\/\/www.royalpeptides.eu\/cs#\/schema\/logo\/image\/"},"sameAs":["https:\/\/www.facebook.com\/profile.php?id=61588101646707","https:\/\/www.instagram.com\/royal_pep?igsh=Z2RoamNlaW1sZmFr"]}]}},"_links":{"self":[{"href":"https:\/\/www.royalpeptides.eu\/cs\/wp-json\/wp\/v2\/product\/4431","targetHints":{"allow":["GET"]}}],"collection":[{"href":"https:\/\/www.royalpeptides.eu\/cs\/wp-json\/wp\/v2\/product"}],"about":[{"href":"https:\/\/www.royalpeptides.eu\/cs\/wp-json\/wp\/v2\/types\/product"}],"replies":[{"embeddable":true,"href":"https:\/\/www.royalpeptides.eu\/cs\/wp-json\/wp\/v2\/comments?post=4431"}],"wp:featuredmedia":[{"embeddable":true,"href":"https:\/\/www.royalpeptides.eu\/cs\/wp-json\/wp\/v2\/media\/4430"}],"wp:attachment":[{"href":"https:\/\/www.royalpeptides.eu\/cs\/wp-json\/wp\/v2\/media?parent=4431"}],"wp:term":[{"taxonomy":"product_brand","embeddable":true,"href":"https:\/\/www.royalpeptides.eu\/cs\/wp-json\/wp\/v2\/product_brand?post=4431"},{"taxonomy":"product_cat","embeddable":true,"href":"https:\/\/www.royalpeptides.eu\/cs\/wp-json\/wp\/v2\/product_cat?post=4431"},{"taxonomy":"product_tag","embeddable":true,"href":"https:\/\/www.royalpeptides.eu\/cs\/wp-json\/wp\/v2\/product_tag?post=4431"}],"curies":[{"name":"wp","href":"https:\/\/api.w.org\/{rel}","templated":true}]}}