{"id":2609,"date":"2026-02-25T18:53:01","date_gmt":"2026-02-25T17:53:01","guid":{"rendered":"https:\/\/www.royalpeptides.eu\/?page_id=2609"},"modified":"2026-04-15T11:26:27","modified_gmt":"2026-04-15T09:26:27","slug":"hogyan-vasaroljon-fizetes-szallitas","status":"publish","type":"page","link":"https:\/\/www.royalpeptides.eu\/hu\/hogyan-vasaroljon-fizetes-szallitas","title":{"rendered":"Hogyan v\u00e1s\u00e1roljon, fizet\u00e9s, sz\u00e1ll\u00edt\u00e1s"},"content":{"rendered":"\t\t<div data-elementor-type=\"wp-page\" data-elementor-id=\"2609\" class=\"elementor elementor-2609 elementor-624\" data-elementor-post-type=\"page\">\n\t\t\t\t<div class=\"elementor-element elementor-element-7d872dc7 e-flex e-con-boxed e-con e-parent\" data-id=\"7d872dc7\" data-element_type=\"container\" data-e-type=\"container\" data-settings=\"{&quot;background_background&quot;:&quot;classic&quot;}\">\n\t\t\t\t\t<div class=\"e-con-inner\">\n\t\t<div class=\"elementor-element elementor-element-3b841669 e-con-full e-flex e-con e-child\" data-id=\"3b841669\" data-element_type=\"container\" data-e-type=\"container\" data-settings=\"{&quot;background_background&quot;:&quot;classic&quot;}\">\n\t\t\t\t<div class=\"elementor-element elementor-element-2698f8f0 elementor-widget elementor-widget-heading\" data-id=\"2698f8f0\" data-element_type=\"widget\" data-e-type=\"widget\" data-widget_type=\"heading.default\">\n\t\t\t\t\t<h1 class=\"elementor-heading-title elementor-size-default\">Hogyan v\u00e1s\u00e1roljon, fizet\u00e9s, sz\u00e1ll\u00edt\u00e1s<\/h1>\t\t\t\t<\/div>\n\t\t\t\t<\/div>\n\t\t\t\t\t<\/div>\n\t\t\t\t<\/div>\n\t\t<div class=\"elementor-element elementor-element-b37b6db e-flex e-con-boxed e-con e-parent\" data-id=\"b37b6db\" data-element_type=\"container\" data-e-type=\"container\" data-settings=\"{&quot;background_background&quot;:&quot;classic&quot;}\">\n\t\t\t\t\t<div class=\"e-con-inner\">\n\t\t<div class=\"elementor-element elementor-element-2aecef9 e-con-full e-flex e-con e-child\" data-id=\"2aecef9\" data-element_type=\"container\" data-e-type=\"container\">\n\t\t\t\t<div class=\"elementor-element elementor-element-57574c0 elementor-widget elementor-widget-text-editor\" data-id=\"57574c0\" data-element_type=\"widget\" data-e-type=\"widget\" data-widget_type=\"text-editor.default\">\n\t\t\t\t\t\t\t\t\t<p>A royalpeptides.eu oldalon a v\u00e1s\u00e1rl\u00e1s egyszer\u0171, gyors \u00e9s biztons\u00e1gos. El\u0151k\u00e9sz\u00edtett\u00fcnk \u00d6nnek egy \u00e1ttekinthet\u0151 rendel\u00e9si folyamatot, hogy mindent k\u00e9zben tarthasson a term\u00e9k kiv\u00e1laszt\u00e1s\u00e1t\u00f3l eg\u00e9szen a kisz\u00e1ll\u00edt\u00e1sig.<\/p>\n<p>Az al\u00e1bbiakban l\u00e9p\u00e9sr\u0151l l\u00e9p\u00e9sre megtal\u00e1lja, hogyan v\u00e1s\u00e1rolhat n\u00e1lunk.<\/p>\n<p>Hogyan v\u00e1s\u00e1roljon<\/p>\n<p><img decoding=\"async\" draggable=\"false\" role=\"img\" class=\"emoji\" alt=\"1\ufe0f\u20e3\" src=\"https:\/\/s.w.org\/images\/core\/emoji\/17.0.2\/svg\/31-20e3.svg\"> V\u00e1lassza ki a term\u00e9ket<\/p>\n<p>Web\u00e1ruh\u00e1zunkban v\u00e1lassza ki az \u00d6nt \u00e9rdekl\u0151 term\u00e9ket. Javasoljuk, hogy mindig olvassa el a term\u00e9k r\u00e9szletes le\u00edr\u00e1s\u00e1t, ahol megtal\u00e1lja az alapvet\u0151 inform\u00e1ci\u00f3kat, a specifik\u00e1ci\u00f3kat \u00e9s a kutat\u00e1si c\u00e9l\u00fa felhaszn\u00e1l\u00e1s le\u00edr\u00e1s\u00e1t.<\/p>\n<p>Ha d\u00f6nt\u00f6tt, kattintson a <strong>\u201eKos\u00e1rba teszem\u201d<\/strong> gombra.<br><img decoding=\"async\" draggable=\"false\" role=\"img\" class=\"emoji\" alt=\"2\ufe0f\u20e3\" src=\"https:\/\/s.w.org\/images\/core\/emoji\/17.0.2\/svg\/32-20e3.svg\" style=\"background-color: rgb(255, 255, 255);\"> Ellen\u0151rizze a kosar\u00e1t<\/p>\n<p>A kos\u00e1rban ellen\u0151rizheti:<\/p>\n<ul>\n<li>a kiv\u00e1lasztott term\u00e9keket<\/li>\n<li>a darabsz\u00e1mot<\/li>\n<li>a rendel\u00e9s \u00e1r\u00e1t<\/li>\n<\/ul>\n<p> Ha minden rendben van, folytassa a <strong>\u201eTov\u00e1bb a p\u00e9nzt\u00e1rhoz\u201d<\/strong> gombra kattintva.<\/p>\n<p><img decoding=\"async\" draggable=\"false\" role=\"img\" class=\"emoji\" alt=\"3\ufe0f\u20e3\" src=\"https:\/\/s.w.org\/images\/core\/emoji\/17.0.2\/svg\/33-20e3.svg\"> Sz\u00e1ml\u00e1z\u00e1si \u00e9s sz\u00e1ll\u00edt\u00e1si adatok megad\u00e1sa<\/p>\n<p>A k\u00f6vetkez\u0151 l\u00e9p\u00e9sben adja meg:<\/p>\n<ul>\n<li>sz\u00e1ml\u00e1z\u00e1si adatokat<\/li>\n<li>sz\u00e1ll\u00edt\u00e1si c\u00edmet<\/li>\n<li>kapcsolattart\u00e1si e-mail c\u00edmet \u00e9s telefonsz\u00e1mot<\/li>\n<\/ul>\n<p> Ezek az adatok kiz\u00e1r\u00f3lag a rendel\u00e9s feldolgoz\u00e1s\u00e1ra \u00e9s a rendel\u00e9s \u00e1llapot\u00e1r\u00f3l val\u00f3 kommunik\u00e1ci\u00f3ra szolg\u00e1lnak.<\/p>\n<p><img decoding=\"async\" draggable=\"false\" role=\"img\" class=\"emoji\" alt=\"4\ufe0f\u20e3\" src=\"https:\/\/s.w.org\/images\/core\/emoji\/17.0.2\/svg\/34-20e3.svg\"> \u00c1ltal\u00e1nos szerz\u0151d\u00e9si felt\u00e9telek elfogad\u00e1sa<\/p>\n<p>A rendel\u00e9s befejez\u00e9se el\u0151tt sz\u00fcks\u00e9ges elfogadni:<\/p>\n<ul>\n<li>\u00c1ltal\u00e1nos szerz\u0151d\u00e9si felt\u00e9telek<\/li>\n<li>Adatv\u00e9delmi ir\u00e1nyelvek<\/li>\n<\/ul>\n<p> Ez biztos\u00edtja az \u00e1tl\u00e1that\u00f3s\u00e1got \u00e9s mindk\u00e9t f\u00e9l jogainak v\u00e9delm\u00e9t.<\/p>\n<p><img decoding=\"async\" draggable=\"false\" role=\"img\" class=\"emoji\" alt=\"5\ufe0f\u20e3\" src=\"https:\/\/s.w.org\/images\/core\/emoji\/17.0.2\/svg\/35-20e3.svg\"> Sz\u00e1ll\u00edt\u00e1si m\u00f3d kiv\u00e1laszt\u00e1sa<\/p>\n<p>T\u00f6bb sz\u00e1ll\u00edt\u00e1si lehet\u0151s\u00e9get k\u00edn\u00e1lunk az \u00d6n preferenci\u00e1i szerint:<\/p>\n<p><img decoding=\"async\" draggable=\"false\" role=\"img\" class=\"emoji\" alt=\"\ud83d\udce6\" src=\"https:\/\/s.w.org\/images\/core\/emoji\/17.0.2\/svg\/1f4e6.svg\"> Z\u00e1sielkov\u0148a (Packeta)<\/p>\n<ul>\n<li>k\u00e9zbes\u00edt\u00e9s \u00e1tvev\u0151helyre<\/li>\n<li>k\u00e9zbes\u00edt\u00e9s Z-BOX-ba<\/li>\n<li>k\u00e9zbes\u00edt\u00e9s az \u00d6n \u00e1ltal megadott c\u00edmre<\/li>\n<\/ul>\n<p> Gyors \u00e9s rugalmas megold\u00e1s, csomagk\u00f6vet\u00e9ssel.<\/p>\n<p><img decoding=\"async\" draggable=\"false\" role=\"img\" class=\"emoji\" alt=\"6\ufe0f\u20e3\" src=\"https:\/\/s.w.org\/images\/core\/emoji\/17.0.2\/svg\/36-20e3.svg\"> Fizet\u00e9si m\u00f3d kiv\u00e1laszt\u00e1sa<\/p>\n<p>Az \u00d6n k\u00e9nyelme \u00e9rdek\u00e9ben t\u00f6bb fizet\u00e9si m\u00f3dot k\u00edn\u00e1lunk:<\/p>\n<p><img decoding=\"async\" draggable=\"false\" role=\"img\" class=\"emoji\" alt=\"\ud83d\udcb3\" src=\"https:\/\/s.w.org\/images\/core\/emoji\/17.0.2\/svg\/1f4b3.svg\"> Bankk\u00e1rty\u00e1s fizet\u00e9s<\/p>\n<p>Gyors \u00e9s biztons\u00e1gos online fizet\u00e9s fizet\u00e9si rendszeren kereszt\u00fcl.<\/p>\n<p>\u20bf Kriptovalut\u00e1s fizet\u00e9s<\/p>\n<p>Modern fizet\u00e9si m\u00f3d azoknak, akik digit\u00e1lis valut\u00e1t r\u00e9szes\u00edtenek el\u0151nyben. A fizet\u00e9s biztons\u00e1gos fizet\u00e9si rendszeren kereszt\u00fcl t\u00f6rt\u00e9nik.<\/p>\n<p><img decoding=\"async\" draggable=\"false\" role=\"img\" class=\"emoji\" alt=\"7\ufe0f\u20e3\" src=\"https:\/\/s.w.org\/images\/core\/emoji\/17.0.2\/svg\/37-20e3.svg\"> Rendel\u00e9s befejez\u00e9se<\/p>\n<p>A sz\u00e1ll\u00edt\u00e1s \u00e9s a fizet\u00e9s kiv\u00e1laszt\u00e1sa ut\u00e1n kattintson a <strong>\u201eRendel\u00e9s elk\u00fcld\u00e9se\u201d<\/strong> gombra.<br>\nE-mailben azonnal visszaigazol\u00e1st kap a rendel\u00e9s r\u00e9szleteivel.<\/p>\n<p>Rendel\u00e9s feldolgoz\u00e1sa \u00e9s kisz\u00e1ll\u00edt\u00e1s<\/p>\n<p>A rendel\u00e9seket munkanapokon folyamatosan feldolgozzuk. A csomag felad\u00e1sa ut\u00e1n k\u00fcld\u00fcnk \u00d6nnek nyomk\u00f6vet\u00e9si sz\u00e1mot, amellyel a sz\u00e1ll\u00edt\u00e1s val\u00f3s id\u0151ben k\u00f6vethet\u0151.<\/p>\n<p>Kiemelt figyelmet ford\u00edtunk:<\/p>\n<ul>\n<li>diszkr\u00e9t csomagol\u00e1sra<\/li>\n<li>biztons\u00e1gos csomagol\u00e1sra<\/li>\n<li>gyors kisz\u00e1ll\u00edt\u00e1sra<\/li>\n<\/ul>\n<p>Seg\u00edts\u00e9gre van sz\u00fcks\u00e9ge?<\/p>\n<p>Ha bizonytalan a term\u00e9kv\u00e1laszt\u00e1sban, a fizet\u00e9sben vagy a sz\u00e1ll\u00edt\u00e1sban, \u00fcgyf\u00e9lszolg\u00e1lati csapatunk rendelkez\u00e9s\u00e9re \u00e1ll.<\/p>\n<p>Sz\u00edvesen seg\u00edt\u00fcnk a rendel\u00e9s minden l\u00e9p\u00e9s\u00e9ben.<\/p>\t\t\t\t\t\t\t\t<\/div>\n\t\t\t\t<\/div>\n\t\t\t\t\t<\/div>\n\t\t\t\t<\/div>\n\t\t\t\t<\/div>\n\t\t","protected":false},"excerpt":{"rendered":"<p>Hogyan v\u00e1s\u00e1roljon, fizet\u00e9s, sz\u00e1ll\u00edt\u00e1s A royalpeptides.eu oldalon a v\u00e1s\u00e1rl\u00e1s egyszer\u0171, gyors \u00e9s biztons\u00e1gos. El\u0151k\u00e9sz\u00edtett\u00fcnk \u00d6nnek egy \u00e1ttekinthet\u0151 rendel\u00e9si folyamatot, hogy mindent k\u00e9zben tarthasson a term\u00e9k kiv\u00e1laszt\u00e1s\u00e1t\u00f3l eg\u00e9szen a kisz\u00e1ll\u00edt\u00e1sig. Az al\u00e1bbiakban l\u00e9p\u00e9sr\u0151l l\u00e9p\u00e9sre megtal\u00e1lja, hogyan v\u00e1s\u00e1rolhat n\u00e1lunk. Hogyan v\u00e1s\u00e1roljon V\u00e1lassza ki a term\u00e9ket Web\u00e1ruh\u00e1zunkban v\u00e1lassza ki az \u00d6nt \u00e9rdekl\u0151 term\u00e9ket. Javasoljuk, hogy mindig olvassa el [&hellip;]<\/p>\n","protected":false},"author":1,"featured_media":0,"parent":0,"menu_order":0,"comment_status":"closed","ping_status":"closed","template":"","meta":{"footnotes":""},"class_list":["post-2609","page","type-page","status-publish","hentry"],"yoast_head":"<!-- This site is optimized with the Yoast SEO plugin v27.0 - https:\/\/yoast.com\/product\/yoast-seo-wordpress\/ -->\n<title>Hogyan v\u00e1s\u00e1roljon, fizet\u00e9s, sz\u00e1ll\u00edt\u00e1s - Royal Peptides<\/title>\n<meta name=\"robots\" content=\"index, follow, max-snippet:-1, max-image-preview:large, max-video-preview:-1\" \/>\n<link rel=\"canonical\" href=\"https:\/\/www.royalpeptides.eu\/hu\/hogyan-vasaroljon-fizetes-szallitas\" \/>\n<meta property=\"og:locale\" content=\"hu_HU\" \/>\n<meta property=\"og:type\" content=\"article\" \/>\n<meta property=\"og:title\" content=\"Hogyan v\u00e1s\u00e1roljon, fizet\u00e9s, sz\u00e1ll\u00edt\u00e1s - Royal Peptides\" \/>\n<meta property=\"og:description\" content=\"Hogyan v\u00e1s\u00e1roljon, fizet\u00e9s, sz\u00e1ll\u00edt\u00e1s A royalpeptides.eu oldalon a v\u00e1s\u00e1rl\u00e1s egyszer\u0171, gyors \u00e9s biztons\u00e1gos. El\u0151k\u00e9sz\u00edtett\u00fcnk \u00d6nnek egy \u00e1ttekinthet\u0151 rendel\u00e9si folyamatot, hogy mindent k\u00e9zben tarthasson a term\u00e9k kiv\u00e1laszt\u00e1s\u00e1t\u00f3l eg\u00e9szen a kisz\u00e1ll\u00edt\u00e1sig. Az al\u00e1bbiakban l\u00e9p\u00e9sr\u0151l l\u00e9p\u00e9sre megtal\u00e1lja, hogyan v\u00e1s\u00e1rolhat n\u00e1lunk. Hogyan v\u00e1s\u00e1roljon V\u00e1lassza ki a term\u00e9ket Web\u00e1ruh\u00e1zunkban v\u00e1lassza ki az \u00d6nt \u00e9rdekl\u0151 term\u00e9ket. Javasoljuk, hogy mindig olvassa el [&hellip;]\" \/>\n<meta property=\"og:url\" content=\"https:\/\/www.royalpeptides.eu\/hu\/hogyan-vasaroljon-fizetes-szallitas\" \/>\n<meta property=\"og:site_name\" content=\"Royal Peptides\" \/>\n<meta property=\"article:publisher\" content=\"https:\/\/www.facebook.com\/profile.php?id=61588101646707\" \/>\n<meta property=\"article:modified_time\" content=\"2026-04-15T09:26:27+00:00\" \/>\n<meta property=\"og:image\" content=\"https:\/\/s.w.org\/images\/core\/emoji\/17.0.2\/svg\/31-20e3.svg\" \/>\n<meta name=\"twitter:card\" content=\"summary_large_image\" \/>\n<meta name=\"twitter:label1\" content=\"Becs\u00fclt olvas\u00e1si id\u0151\" \/>\n\t<meta name=\"twitter:data1\" content=\"4 perc\" \/>\n<script type=\"application\/ld+json\" class=\"yoast-schema-graph\">{\"@context\":\"https:\/\/schema.org\",\"@graph\":[{\"@type\":\"WebPage\",\"@id\":\"https:\/\/www.royalpeptides.eu\/hu\/hogyan-vasaroljon-fizetes-szallitas\",\"url\":\"https:\/\/www.royalpeptides.eu\/hu\/hogyan-vasaroljon-fizetes-szallitas\",\"name\":\"Hogyan v\u00e1s\u00e1roljon, fizet\u00e9s, sz\u00e1ll\u00edt\u00e1s - Royal Peptides\",\"isPartOf\":{\"@id\":\"https:\/\/www.royalpeptides.eu\/hu#website\"},\"primaryImageOfPage\":{\"@id\":\"https:\/\/www.royalpeptides.eu\/hu\/hogyan-vasaroljon-fizetes-szallitas#primaryimage\"},\"image\":{\"@id\":\"https:\/\/www.royalpeptides.eu\/hu\/hogyan-vasaroljon-fizetes-szallitas#primaryimage\"},\"thumbnailUrl\":\"https:\/\/s.w.org\/images\/core\/emoji\/17.0.2\/svg\/31-20e3.svg\",\"datePublished\":\"2026-02-25T17:53:01+00:00\",\"dateModified\":\"2026-04-15T09:26:27+00:00\",\"breadcrumb\":{\"@id\":\"https:\/\/www.royalpeptides.eu\/hu\/hogyan-vasaroljon-fizetes-szallitas#breadcrumb\"},\"inLanguage\":\"hu\",\"potentialAction\":[{\"@type\":\"ReadAction\",\"target\":[\"https:\/\/www.royalpeptides.eu\/hu\/hogyan-vasaroljon-fizetes-szallitas\"]}]},{\"@type\":\"ImageObject\",\"inLanguage\":\"hu\",\"@id\":\"https:\/\/www.royalpeptides.eu\/hu\/hogyan-vasaroljon-fizetes-szallitas#primaryimage\",\"url\":\"https:\/\/s.w.org\/images\/core\/emoji\/17.0.2\/svg\/31-20e3.svg\",\"contentUrl\":\"https:\/\/s.w.org\/images\/core\/emoji\/17.0.2\/svg\/31-20e3.svg\"},{\"@type\":\"BreadcrumbList\",\"@id\":\"https:\/\/www.royalpeptides.eu\/hu\/hogyan-vasaroljon-fizetes-szallitas#breadcrumb\",\"itemListElement\":[{\"@type\":\"ListItem\",\"position\":1,\"name\":\"Domovsk\u00e1 str\u00e1nka\",\"item\":\"https:\/\/www.royalpeptides.eu\/hu\"},{\"@type\":\"ListItem\",\"position\":2,\"name\":\"Hogyan v\u00e1s\u00e1roljon, fizet\u00e9s, sz\u00e1ll\u00edt\u00e1s\"}]},{\"@type\":\"WebSite\",\"@id\":\"https:\/\/www.royalpeptides.eu\/hu#website\",\"url\":\"https:\/\/www.royalpeptides.eu\/hu\",\"name\":\"Royal Peptides\",\"description\":\"\",\"publisher\":{\"@id\":\"https:\/\/www.royalpeptides.eu\/hu#organization\"},\"potentialAction\":[{\"@type\":\"SearchAction\",\"target\":{\"@type\":\"EntryPoint\",\"urlTemplate\":\"https:\/\/www.royalpeptides.eu\/hu?s={search_term_string}\"},\"query-input\":{\"@type\":\"PropertyValueSpecification\",\"valueRequired\":true,\"valueName\":\"search_term_string\"}}],\"inLanguage\":\"hu\"},{\"@type\":\"Organization\",\"@id\":\"https:\/\/www.royalpeptides.eu\/hu#organization\",\"name\":\"Royal Peptides\",\"url\":\"https:\/\/www.royalpeptides.eu\/hu\",\"logo\":{\"@type\":\"ImageObject\",\"inLanguage\":\"hu\",\"@id\":\"https:\/\/www.royalpeptides.eu\/hu#\/schema\/logo\/image\/\",\"url\":\"https:\/\/www.royalpeptides.eu\/wp-content\/uploads\/2026\/02\/royal_peptides_fade_edges.png\",\"contentUrl\":\"https:\/\/www.royalpeptides.eu\/wp-content\/uploads\/2026\/02\/royal_peptides_fade_edges.png\",\"width\":2048,\"height\":909,\"caption\":\"Royal Peptides\"},\"image\":{\"@id\":\"https:\/\/www.royalpeptides.eu\/hu#\/schema\/logo\/image\/\"},\"sameAs\":[\"https:\/\/www.facebook.com\/profile.php?id=61588101646707\",\"https:\/\/www.instagram.com\/royal_pep?igsh=Z2RoamNlaW1sZmFr\"]}]}<\/script>\n<!-- \/ Yoast SEO plugin. -->","yoast_head_json":{"title":"Hogyan v\u00e1s\u00e1roljon, fizet\u00e9s, sz\u00e1ll\u00edt\u00e1s - Royal Peptides","robots":{"index":"index","follow":"follow","max-snippet":"max-snippet:-1","max-image-preview":"max-image-preview:large","max-video-preview":"max-video-preview:-1"},"canonical":"https:\/\/www.royalpeptides.eu\/hu\/hogyan-vasaroljon-fizetes-szallitas","og_locale":"hu_HU","og_type":"article","og_title":"Hogyan v\u00e1s\u00e1roljon, fizet\u00e9s, sz\u00e1ll\u00edt\u00e1s - Royal Peptides","og_description":"Hogyan v\u00e1s\u00e1roljon, fizet\u00e9s, sz\u00e1ll\u00edt\u00e1s A royalpeptides.eu oldalon a v\u00e1s\u00e1rl\u00e1s egyszer\u0171, gyors \u00e9s biztons\u00e1gos. El\u0151k\u00e9sz\u00edtett\u00fcnk \u00d6nnek egy \u00e1ttekinthet\u0151 rendel\u00e9si folyamatot, hogy mindent k\u00e9zben tarthasson a term\u00e9k kiv\u00e1laszt\u00e1s\u00e1t\u00f3l eg\u00e9szen a kisz\u00e1ll\u00edt\u00e1sig. Az al\u00e1bbiakban l\u00e9p\u00e9sr\u0151l l\u00e9p\u00e9sre megtal\u00e1lja, hogyan v\u00e1s\u00e1rolhat n\u00e1lunk. Hogyan v\u00e1s\u00e1roljon V\u00e1lassza ki a term\u00e9ket Web\u00e1ruh\u00e1zunkban v\u00e1lassza ki az \u00d6nt \u00e9rdekl\u0151 term\u00e9ket. Javasoljuk, hogy mindig olvassa el [&hellip;]","og_url":"https:\/\/www.royalpeptides.eu\/hu\/hogyan-vasaroljon-fizetes-szallitas","og_site_name":"Royal Peptides","article_publisher":"https:\/\/www.facebook.com\/profile.php?id=61588101646707","article_modified_time":"2026-04-15T09:26:27+00:00","og_image":[{"url":"https:\/\/s.w.org\/images\/core\/emoji\/17.0.2\/svg\/31-20e3.svg","type":"","width":"","height":""}],"twitter_card":"summary_large_image","twitter_misc":{"Becs\u00fclt olvas\u00e1si id\u0151":"4 perc"},"schema":{"@context":"https:\/\/schema.org","@graph":[{"@type":"WebPage","@id":"https:\/\/www.royalpeptides.eu\/hu\/hogyan-vasaroljon-fizetes-szallitas","url":"https:\/\/www.royalpeptides.eu\/hu\/hogyan-vasaroljon-fizetes-szallitas","name":"Hogyan v\u00e1s\u00e1roljon, fizet\u00e9s, sz\u00e1ll\u00edt\u00e1s - Royal Peptides","isPartOf":{"@id":"https:\/\/www.royalpeptides.eu\/hu#website"},"primaryImageOfPage":{"@id":"https:\/\/www.royalpeptides.eu\/hu\/hogyan-vasaroljon-fizetes-szallitas#primaryimage"},"image":{"@id":"https:\/\/www.royalpeptides.eu\/hu\/hogyan-vasaroljon-fizetes-szallitas#primaryimage"},"thumbnailUrl":"https:\/\/s.w.org\/images\/core\/emoji\/17.0.2\/svg\/31-20e3.svg","datePublished":"2026-02-25T17:53:01+00:00","dateModified":"2026-04-15T09:26:27+00:00","breadcrumb":{"@id":"https:\/\/www.royalpeptides.eu\/hu\/hogyan-vasaroljon-fizetes-szallitas#breadcrumb"},"inLanguage":"hu","potentialAction":[{"@type":"ReadAction","target":["https:\/\/www.royalpeptides.eu\/hu\/hogyan-vasaroljon-fizetes-szallitas"]}]},{"@type":"ImageObject","inLanguage":"hu","@id":"https:\/\/www.royalpeptides.eu\/hu\/hogyan-vasaroljon-fizetes-szallitas#primaryimage","url":"https:\/\/s.w.org\/images\/core\/emoji\/17.0.2\/svg\/31-20e3.svg","contentUrl":"https:\/\/s.w.org\/images\/core\/emoji\/17.0.2\/svg\/31-20e3.svg"},{"@type":"BreadcrumbList","@id":"https:\/\/www.royalpeptides.eu\/hu\/hogyan-vasaroljon-fizetes-szallitas#breadcrumb","itemListElement":[{"@type":"ListItem","position":1,"name":"Domovsk\u00e1 str\u00e1nka","item":"https:\/\/www.royalpeptides.eu\/hu"},{"@type":"ListItem","position":2,"name":"Hogyan v\u00e1s\u00e1roljon, fizet\u00e9s, sz\u00e1ll\u00edt\u00e1s"}]},{"@type":"WebSite","@id":"https:\/\/www.royalpeptides.eu\/hu#website","url":"https:\/\/www.royalpeptides.eu\/hu","name":"Royal Peptides","description":"","publisher":{"@id":"https:\/\/www.royalpeptides.eu\/hu#organization"},"potentialAction":[{"@type":"SearchAction","target":{"@type":"EntryPoint","urlTemplate":"https:\/\/www.royalpeptides.eu\/hu?s={search_term_string}"},"query-input":{"@type":"PropertyValueSpecification","valueRequired":true,"valueName":"search_term_string"}}],"inLanguage":"hu"},{"@type":"Organization","@id":"https:\/\/www.royalpeptides.eu\/hu#organization","name":"Royal Peptides","url":"https:\/\/www.royalpeptides.eu\/hu","logo":{"@type":"ImageObject","inLanguage":"hu","@id":"https:\/\/www.royalpeptides.eu\/hu#\/schema\/logo\/image\/","url":"https:\/\/www.royalpeptides.eu\/wp-content\/uploads\/2026\/02\/royal_peptides_fade_edges.png","contentUrl":"https:\/\/www.royalpeptides.eu\/wp-content\/uploads\/2026\/02\/royal_peptides_fade_edges.png","width":2048,"height":909,"caption":"Royal Peptides"},"image":{"@id":"https:\/\/www.royalpeptides.eu\/hu#\/schema\/logo\/image\/"},"sameAs":["https:\/\/www.facebook.com\/profile.php?id=61588101646707","https:\/\/www.instagram.com\/royal_pep?igsh=Z2RoamNlaW1sZmFr"]}]}},"_links":{"self":[{"href":"https:\/\/www.royalpeptides.eu\/hu\/wp-json\/wp\/v2\/pages\/2609","targetHints":{"allow":["GET"]}}],"collection":[{"href":"https:\/\/www.royalpeptides.eu\/hu\/wp-json\/wp\/v2\/pages"}],"about":[{"href":"https:\/\/www.royalpeptides.eu\/hu\/wp-json\/wp\/v2\/types\/page"}],"author":[{"embeddable":true,"href":"https:\/\/www.royalpeptides.eu\/hu\/wp-json\/wp\/v2\/users\/1"}],"replies":[{"embeddable":true,"href":"https:\/\/www.royalpeptides.eu\/hu\/wp-json\/wp\/v2\/comments?post=2609"}],"version-history":[{"count":6,"href":"https:\/\/www.royalpeptides.eu\/hu\/wp-json\/wp\/v2\/pages\/2609\/revisions"}],"predecessor-version":[{"id":2640,"href":"https:\/\/www.royalpeptides.eu\/hu\/wp-json\/wp\/v2\/pages\/2609\/revisions\/2640"}],"wp:attachment":[{"href":"https:\/\/www.royalpeptides.eu\/hu\/wp-json\/wp\/v2\/media?parent=2609"}],"curies":[{"name":"wp","href":"https:\/\/api.w.org\/{rel}","templated":true}]}}