{"id":2631,"date":"2026-02-17T14:23:35","date_gmt":"2026-02-17T13:23:35","guid":{"rendered":"https:\/\/www.royalpeptides.eu\/?page_id=2631"},"modified":"2026-04-15T12:33:43","modified_gmt":"2026-04-15T10:33:43","slug":"adatvedelmi-iranyelvek","status":"publish","type":"page","link":"https:\/\/www.royalpeptides.eu\/hu\/adatvedelmi-iranyelvek","title":{"rendered":"Adatv\u00e9delmi ir\u00e1nyelvek"},"content":{"rendered":"\t\t<div data-elementor-type=\"wp-page\" data-elementor-id=\"2631\" class=\"elementor elementor-2631 elementor-3\" data-elementor-post-type=\"page\">\n\t\t\t\t<div class=\"elementor-element elementor-element-3305f135 e-flex e-con-boxed e-con e-parent\" data-id=\"3305f135\" data-element_type=\"container\" data-e-type=\"container\" data-settings=\"{&quot;background_background&quot;:&quot;classic&quot;}\">\n\t\t\t\t\t<div class=\"e-con-inner\">\n\t\t<div class=\"elementor-element elementor-element-628fe60b e-con-full e-flex e-con e-child\" data-id=\"628fe60b\" data-element_type=\"container\" data-e-type=\"container\" data-settings=\"{&quot;background_background&quot;:&quot;classic&quot;}\">\n\t\t\t\t<div class=\"elementor-element elementor-element-29ed0584 elementor-widget elementor-widget-heading\" data-id=\"29ed0584\" data-element_type=\"widget\" data-e-type=\"widget\" data-widget_type=\"heading.default\">\n\t\t\t\t\t<h1 class=\"elementor-heading-title elementor-size-default\">Szem\u00e9lyes adatok v\u00e9delm\u00e9nek felt\u00e9telei<\/h1>\t\t\t\t<\/div>\n\t\t\t\t<\/div>\n\t\t\t\t\t<\/div>\n\t\t\t\t<\/div>\n\t\t<div class=\"elementor-element elementor-element-7d836bcb e-flex e-con-boxed e-con e-parent\" data-id=\"7d836bcb\" data-element_type=\"container\" data-e-type=\"container\">\n\t\t\t\t\t<div class=\"e-con-inner\">\n\t\t\t\t<div class=\"elementor-element elementor-element-4a06f51c elementor-widget elementor-widget-text-editor\" data-id=\"4a06f51c\" data-element_type=\"widget\" data-e-type=\"widget\" data-widget_type=\"text-editor.default\">\n\t\t\t\t\t\t\t\t\t<strong>SZEM\u00c9LYES ADATOK V\u00c9DELME \u00c9S COOKIE-KR\u00d3L SZ\u00d3L\u00d3 T\u00c1J\u00c9KOZTAT\u00c1S<\/strong>\n\n<strong>A szem\u00e9lyes adatok v\u00e9delm\u00e9re vonatkoz\u00f3 elvek \u00e9s t\u00e1j\u00e9koztat\u00e1s, amelyet az adatkezel\u0151 ny\u00fajt az \u00e9rintett r\u00e9sz\u00e9re a szem\u00e9lyes adatok megszerz\u00e9sekor, valamint a www.royalpeptides.eu\n web\u00e1ruh\u00e1z cookie-kezel\u00e9s\u00e9re vonatkoz\u00f3 t\u00e1j\u00e9koztat\u00e1s<\/strong>\n\n \n\nMi a Barbarea s.r.o. t\u00e1rsas\u00e1g vagyunk, sz\u00e9khely: Drot\u00e1rska cesta 19B, 811 02 Pozsony \u2013 Star\u00e9 Mesto v\u00e1rosr\u00e9sz, C\u00e9gjegyz\u00e9ksz\u00e1m: 51474271, bejegyezve a Pozsonyi V\u00e1rosi B\u00edr\u00f3s\u00e1g III. c\u00e9gjegyz\u00e9k\u00e9ben, Sro r\u00e9szleg, 161486\/B bet\u00e9tsz\u00e1m alatt.\n\nE-mail kapcsolat: <a href=\"mailto:info@royalpeptides.eu\">info@royalpeptides.eu\n<\/a>\n\n \n\nWeb\u00e1ruh\u00e1zat \u00fczemeltet\u00fcnk a www.royalpeptides.eu\n weboldalon.\n\n \n\nSzolg\u00e1ltat\u00e1saink ny\u00fajt\u00e1sa, \u00e1ruk \u00e9rt\u00e9kes\u00edt\u00e9se \u00e9s weboldalunk m\u0171k\u00f6dtet\u00e9se sor\u00e1n egyes szem\u00e9lyes adatokat kezel\u00fcnk.\n\n \n\nA szem\u00e9lyes adatok kezel\u00e9s\u00e9t els\u0151sorban az Eur\u00f3pai Parlament \u00e9s a Tan\u00e1cs (EU) 2016\/679 rendelete (GDPR) szab\u00e1lyozza.\n\n<ol> <li>Szem\u00e9lyes adatok kezel\u00e9se<\/li> <\/ol> <ol> <li><strong>Szem\u00e9lyes adatok kezel\u00e9se kapcsolatfelv\u00e9teli \u0171rlap haszn\u00e1lata eset\u00e9n<\/strong><\/li> <\/ol>\n\nAmennyiben kapcsolatba l\u00e9p vel\u00fcnk term\u00e9keinkkel vagy szolg\u00e1ltat\u00e1sainkkal kapcsolatban, az \u00d6n \u00e1ltal megadott el\u00e9rhet\u0151s\u00e9gi adatokat kezelj\u00fck, k\u00fcl\u00f6n\u00f6sen a kapcsolatfelv\u00e9teli \u0171rlapon kereszt\u00fcl. Ezek az adatok: n\u00e9v, vezet\u00e9kn\u00e9v, lakc\u00edm, e-mail c\u00edm, telefonsz\u00e1m, mobiltelefonsz\u00e1m, sz\u00e1ml\u00e1z\u00e1si c\u00edm, sz\u00e1ll\u00edt\u00e1si c\u00edm, cookie-adatok, IP-c\u00edm.\n\n<u>Milyen c\u00e9lb\u00f3l?<\/u>\nAz \u00d6n szem\u00e9lyes adatai alapj\u00e1n felvessz\u00fck \u00d6nnel a kapcsolatot aj\u00e1nlatainkkal kapcsolatban.\n\n<u>Milyen jogalapon?<\/u>\nGDPR 6. cikk (1) bekezd\u00e9s b) pont \u2013 szerz\u0151d\u00e9s teljes\u00edt\u00e9se vagy szerz\u0151d\u00e9sk\u00f6t\u00e9st megel\u0151z\u0151 l\u00e9p\u00e9sek.\n\n<u>Meddig kezelj\u00fck az adatokat?<\/u>\nLegfeljebb 5 \u00e9vig az utols\u00f3 kommunik\u00e1ci\u00f3t\u00f3l sz\u00e1m\u00edtva.\n\n<ol> <li><strong>Szem\u00e9lyes adatok kezel\u00e9se v\u00e1s\u00e1rl\u00e1s eset\u00e9n<\/strong><\/li> <\/ol>\n\nV\u00e1s\u00e1rl\u00e1s eset\u00e9n a szerz\u0151d\u00e9s teljes\u00edt\u00e9s\u00e9hez sz\u00fcks\u00e9ges adatokat kezelj\u00fck: n\u00e9v, c\u00edm, e-mail, telefonsz\u00e1m, sz\u00e1ml\u00e1z\u00e1si \u00e9s sz\u00e1ll\u00edt\u00e1si adatok, cookie-adatok, IP-c\u00edm.\n\n<u>Milyen c\u00e9lb\u00f3l?<\/u>\nSzerz\u0151d\u00e9s teljes\u00edt\u00e9se, rendel\u00e9s kezel\u00e9se, kommunik\u00e1ci\u00f3, reklam\u00e1ci\u00f3k kezel\u00e9se, jogszab\u00e1lyi k\u00f6telezetts\u00e9gek teljes\u00edt\u00e9se.\n\n<u>Jogalap<\/u>\nGDPR 6. cikk (1) b) \u00e9s c) pont.\n\n<u>Meddig?<\/u>\nA szolg\u00e1ltat\u00e1s id\u0151tartama + max. 5 \u00e9v.\n\n<ol> <li><strong>H\u00edrlev\u00e9l (marketing kommunik\u00e1ci\u00f3)<\/strong><\/li> <\/ol>\n\nAmennyiben nem tiltakozott, e-mailben marketing \u00fczeneteket k\u00fcldhet\u00fcnk.\n\n<u>Jogalap<\/u>\nGDPR 6. cikk (1) f) pont \u2013 jogos \u00e9rdek.\n\n<u>Meddig?<\/u>\n5 \u00e9v az utols\u00f3 v\u00e1s\u00e1rl\u00e1st\u00f3l, leiratkoz\u00e1s b\u00e1rmikor lehets\u00e9ges.\n\n<ol> <li>Ki f\u00e9r hozz\u00e1 az adatokhoz?<\/li> <\/ol>\n\nAdatok n\u00e1lunk maradnak, de egy\u00fcttm\u0171k\u00f6d\u0151 partnerek is hozz\u00e1f\u00e9rhetnek:\n\nPacketa Slovakia s.r.o. \u2013 sz\u00e1ll\u00edt\u00e1s\n\nTov\u00e1bbi partnerek:\n\nGoogle (USA)\nMeta \/ Facebook (\u00cdrorsz\u00e1g)\n\nAz adatokat f\u0151k\u00e9nt az EU-ban kezelj\u00fck.\n\n<ol> <li>Tov\u00e1bbi inform\u00e1ci\u00f3k<\/li> <\/ol>\n\nVan adatv\u00e9delmi felel\u0151s\u00fcnk.\nAutomatiz\u00e1lt d\u00f6nt\u00e9shozatal t\u00f6rt\u00e9nik.\nKapcsolat: info@royalpeptides.eu\n\n<ol> <li>Cookie-k haszn\u00e1lata<\/li> <\/ol>\n\nA cookie-k kis adatf\u00e1jlok, amelyek jav\u00edtj\u00e1k a felhaszn\u00e1l\u00f3i \u00e9lm\u00e9nyt.\n\nHaszn\u00e1lt t\u00edpusok:\n\n<strong>Sz\u00fcks\u00e9ges<\/strong> \u2013 m\u0171k\u00f6d\u00e9shez sz\u00fcks\u00e9ges\n<strong>Statisztikai<\/strong> \u2013 l\u00e1togatotts\u00e1g m\u00e9r\u00e9s\n<strong>Marketing<\/strong> \u2013 rekl\u00e1m c\u00e9lokra\n\nA cookie-k haszn\u00e1lat\u00e1hoz hozz\u00e1j\u00e1rul\u00e1s sz\u00fcks\u00e9ges (kiv\u00e9ve a sz\u00fcks\u00e9geseket).\n\nA b\u00f6ng\u00e9sz\u0151ben be\u00e1ll\u00edthat\u00f3 a cookie-kezel\u00e9s.\n\n<ol> <li>Az \u00d6n jogai<\/li> <\/ol>\n\nJogai:\n\nhozz\u00e1f\u00e9r\u00e9s az adatokhoz\nhelyesb\u00edt\u00e9s\nt\u00f6rl\u00e9s\nkorl\u00e1toz\u00e1s\nadathordozhat\u00f3s\u00e1g\ntiltakoz\u00e1s\n\nPanasz:\nSzlov\u00e1k Adatv\u00e9delmi Hat\u00f3s\u00e1g\nN\u00e1mestie 1. m\u00e1ja 18, Bratislava\nEmail: statny.dozor@pdp.gov.sk\n\nJogorvoslat b\u00edr\u00f3s\u00e1gon is lehets\u00e9ges.\n\n \n\nA jelen szab\u00e1lyzat hat\u00e1lyos: <strong>2026.02.01<\/strong>\t\t\t\t\t\t\t\t<\/div>\n\t\t\t\t\t<\/div>\n\t\t\t\t<\/div>\n\t\t\t\t<\/div>\n\t\t","protected":false},"excerpt":{"rendered":"<p>Szem\u00e9lyes adatok v\u00e9delm\u00e9nek felt\u00e9telei SZEM\u00c9LYES ADATOK V\u00c9DELME \u00c9S COOKIE-KR\u00d3L SZ\u00d3L\u00d3 T\u00c1J\u00c9KOZTAT\u00c1S A szem\u00e9lyes adatok v\u00e9delm\u00e9re vonatkoz\u00f3 elvek \u00e9s t\u00e1j\u00e9koztat\u00e1s, amelyet az adatkezel\u0151 ny\u00fajt az \u00e9rintett r\u00e9sz\u00e9re a szem\u00e9lyes adatok megszerz\u00e9sekor, valamint a www.royalpeptides.eu web\u00e1ruh\u00e1z cookie-kezel\u00e9s\u00e9re vonatkoz\u00f3 t\u00e1j\u00e9koztat\u00e1s Mi a Barbarea s.r.o. t\u00e1rsas\u00e1g vagyunk, sz\u00e9khely: Drot\u00e1rska cesta 19B, 811 02 Pozsony \u2013 Star\u00e9 Mesto v\u00e1rosr\u00e9sz, C\u00e9gjegyz\u00e9ksz\u00e1m: [&hellip;]<\/p>\n","protected":false},"author":1,"featured_media":0,"parent":0,"menu_order":0,"comment_status":"closed","ping_status":"open","template":"","meta":{"footnotes":""},"class_list":["post-2631","page","type-page","status-publish","hentry"],"yoast_head":"<!-- This site is optimized with the Yoast SEO plugin v27.0 - https:\/\/yoast.com\/product\/yoast-seo-wordpress\/ -->\n<title>Adatv\u00e9delmi ir\u00e1nyelvek - Royal Peptides<\/title>\n<meta name=\"robots\" content=\"index, follow, max-snippet:-1, max-image-preview:large, max-video-preview:-1\" \/>\n<link rel=\"canonical\" href=\"https:\/\/www.royalpeptides.eu\/hu\/adatvedelmi-iranyelvek\" \/>\n<meta property=\"og:locale\" content=\"hu_HU\" \/>\n<meta property=\"og:type\" content=\"article\" \/>\n<meta property=\"og:title\" content=\"Adatv\u00e9delmi ir\u00e1nyelvek - Royal Peptides\" \/>\n<meta property=\"og:description\" content=\"Szem\u00e9lyes adatok v\u00e9delm\u00e9nek felt\u00e9telei SZEM\u00c9LYES ADATOK V\u00c9DELME \u00c9S COOKIE-KR\u00d3L SZ\u00d3L\u00d3 T\u00c1J\u00c9KOZTAT\u00c1S A szem\u00e9lyes adatok v\u00e9delm\u00e9re vonatkoz\u00f3 elvek \u00e9s t\u00e1j\u00e9koztat\u00e1s, amelyet az adatkezel\u0151 ny\u00fajt az \u00e9rintett r\u00e9sz\u00e9re a szem\u00e9lyes adatok megszerz\u00e9sekor, valamint a www.royalpeptides.eu web\u00e1ruh\u00e1z cookie-kezel\u00e9s\u00e9re vonatkoz\u00f3 t\u00e1j\u00e9koztat\u00e1s Mi a Barbarea s.r.o. t\u00e1rsas\u00e1g vagyunk, sz\u00e9khely: Drot\u00e1rska cesta 19B, 811 02 Pozsony \u2013 Star\u00e9 Mesto v\u00e1rosr\u00e9sz, C\u00e9gjegyz\u00e9ksz\u00e1m: [&hellip;]\" \/>\n<meta property=\"og:url\" content=\"https:\/\/www.royalpeptides.eu\/hu\/adatvedelmi-iranyelvek\" \/>\n<meta property=\"og:site_name\" content=\"Royal Peptides\" \/>\n<meta property=\"article:publisher\" content=\"https:\/\/www.facebook.com\/profile.php?id=61588101646707\" \/>\n<meta property=\"article:modified_time\" content=\"2026-04-15T10:33:43+00:00\" \/>\n<meta name=\"twitter:card\" content=\"summary_large_image\" \/>\n<meta name=\"twitter:label1\" content=\"Becs\u00fclt olvas\u00e1si id\u0151\" \/>\n\t<meta name=\"twitter:data1\" content=\"2 perc\" \/>\n<script type=\"application\/ld+json\" class=\"yoast-schema-graph\">{\"@context\":\"https:\/\/schema.org\",\"@graph\":[{\"@type\":\"WebPage\",\"@id\":\"https:\/\/www.royalpeptides.eu\/hu\/adatvedelmi-iranyelvek\",\"url\":\"https:\/\/www.royalpeptides.eu\/hu\/adatvedelmi-iranyelvek\",\"name\":\"Adatv\u00e9delmi ir\u00e1nyelvek - Royal Peptides\",\"isPartOf\":{\"@id\":\"https:\/\/www.royalpeptides.eu\/hu#website\"},\"datePublished\":\"2026-02-17T13:23:35+00:00\",\"dateModified\":\"2026-04-15T10:33:43+00:00\",\"breadcrumb\":{\"@id\":\"https:\/\/www.royalpeptides.eu\/hu\/adatvedelmi-iranyelvek#breadcrumb\"},\"inLanguage\":\"hu\",\"potentialAction\":[{\"@type\":\"ReadAction\",\"target\":[\"https:\/\/www.royalpeptides.eu\/hu\/adatvedelmi-iranyelvek\"]}]},{\"@type\":\"BreadcrumbList\",\"@id\":\"https:\/\/www.royalpeptides.eu\/hu\/adatvedelmi-iranyelvek#breadcrumb\",\"itemListElement\":[{\"@type\":\"ListItem\",\"position\":1,\"name\":\"Domovsk\u00e1 str\u00e1nka\",\"item\":\"https:\/\/www.royalpeptides.eu\/hu\"},{\"@type\":\"ListItem\",\"position\":2,\"name\":\"Adatv\u00e9delmi ir\u00e1nyelvek\"}]},{\"@type\":\"WebSite\",\"@id\":\"https:\/\/www.royalpeptides.eu\/hu#website\",\"url\":\"https:\/\/www.royalpeptides.eu\/hu\",\"name\":\"Royal Peptides\",\"description\":\"\",\"publisher\":{\"@id\":\"https:\/\/www.royalpeptides.eu\/hu#organization\"},\"potentialAction\":[{\"@type\":\"SearchAction\",\"target\":{\"@type\":\"EntryPoint\",\"urlTemplate\":\"https:\/\/www.royalpeptides.eu\/hu?s={search_term_string}\"},\"query-input\":{\"@type\":\"PropertyValueSpecification\",\"valueRequired\":true,\"valueName\":\"search_term_string\"}}],\"inLanguage\":\"hu\"},{\"@type\":\"Organization\",\"@id\":\"https:\/\/www.royalpeptides.eu\/hu#organization\",\"name\":\"Royal Peptides\",\"url\":\"https:\/\/www.royalpeptides.eu\/hu\",\"logo\":{\"@type\":\"ImageObject\",\"inLanguage\":\"hu\",\"@id\":\"https:\/\/www.royalpeptides.eu\/hu#\/schema\/logo\/image\/\",\"url\":\"https:\/\/www.royalpeptides.eu\/wp-content\/uploads\/2026\/02\/royal_peptides_fade_edges.png\",\"contentUrl\":\"https:\/\/www.royalpeptides.eu\/wp-content\/uploads\/2026\/02\/royal_peptides_fade_edges.png\",\"width\":2048,\"height\":909,\"caption\":\"Royal Peptides\"},\"image\":{\"@id\":\"https:\/\/www.royalpeptides.eu\/hu#\/schema\/logo\/image\/\"},\"sameAs\":[\"https:\/\/www.facebook.com\/profile.php?id=61588101646707\",\"https:\/\/www.instagram.com\/royal_pep?igsh=Z2RoamNlaW1sZmFr\"]}]}<\/script>\n<!-- \/ Yoast SEO plugin. -->","yoast_head_json":{"title":"Adatv\u00e9delmi ir\u00e1nyelvek - Royal Peptides","robots":{"index":"index","follow":"follow","max-snippet":"max-snippet:-1","max-image-preview":"max-image-preview:large","max-video-preview":"max-video-preview:-1"},"canonical":"https:\/\/www.royalpeptides.eu\/hu\/adatvedelmi-iranyelvek","og_locale":"hu_HU","og_type":"article","og_title":"Adatv\u00e9delmi ir\u00e1nyelvek - Royal Peptides","og_description":"Szem\u00e9lyes adatok v\u00e9delm\u00e9nek felt\u00e9telei SZEM\u00c9LYES ADATOK V\u00c9DELME \u00c9S COOKIE-KR\u00d3L SZ\u00d3L\u00d3 T\u00c1J\u00c9KOZTAT\u00c1S A szem\u00e9lyes adatok v\u00e9delm\u00e9re vonatkoz\u00f3 elvek \u00e9s t\u00e1j\u00e9koztat\u00e1s, amelyet az adatkezel\u0151 ny\u00fajt az \u00e9rintett r\u00e9sz\u00e9re a szem\u00e9lyes adatok megszerz\u00e9sekor, valamint a www.royalpeptides.eu web\u00e1ruh\u00e1z cookie-kezel\u00e9s\u00e9re vonatkoz\u00f3 t\u00e1j\u00e9koztat\u00e1s Mi a Barbarea s.r.o. t\u00e1rsas\u00e1g vagyunk, sz\u00e9khely: Drot\u00e1rska cesta 19B, 811 02 Pozsony \u2013 Star\u00e9 Mesto v\u00e1rosr\u00e9sz, C\u00e9gjegyz\u00e9ksz\u00e1m: [&hellip;]","og_url":"https:\/\/www.royalpeptides.eu\/hu\/adatvedelmi-iranyelvek","og_site_name":"Royal Peptides","article_publisher":"https:\/\/www.facebook.com\/profile.php?id=61588101646707","article_modified_time":"2026-04-15T10:33:43+00:00","twitter_card":"summary_large_image","twitter_misc":{"Becs\u00fclt olvas\u00e1si id\u0151":"2 perc"},"schema":{"@context":"https:\/\/schema.org","@graph":[{"@type":"WebPage","@id":"https:\/\/www.royalpeptides.eu\/hu\/adatvedelmi-iranyelvek","url":"https:\/\/www.royalpeptides.eu\/hu\/adatvedelmi-iranyelvek","name":"Adatv\u00e9delmi ir\u00e1nyelvek - Royal Peptides","isPartOf":{"@id":"https:\/\/www.royalpeptides.eu\/hu#website"},"datePublished":"2026-02-17T13:23:35+00:00","dateModified":"2026-04-15T10:33:43+00:00","breadcrumb":{"@id":"https:\/\/www.royalpeptides.eu\/hu\/adatvedelmi-iranyelvek#breadcrumb"},"inLanguage":"hu","potentialAction":[{"@type":"ReadAction","target":["https:\/\/www.royalpeptides.eu\/hu\/adatvedelmi-iranyelvek"]}]},{"@type":"BreadcrumbList","@id":"https:\/\/www.royalpeptides.eu\/hu\/adatvedelmi-iranyelvek#breadcrumb","itemListElement":[{"@type":"ListItem","position":1,"name":"Domovsk\u00e1 str\u00e1nka","item":"https:\/\/www.royalpeptides.eu\/hu"},{"@type":"ListItem","position":2,"name":"Adatv\u00e9delmi ir\u00e1nyelvek"}]},{"@type":"WebSite","@id":"https:\/\/www.royalpeptides.eu\/hu#website","url":"https:\/\/www.royalpeptides.eu\/hu","name":"Royal Peptides","description":"","publisher":{"@id":"https:\/\/www.royalpeptides.eu\/hu#organization"},"potentialAction":[{"@type":"SearchAction","target":{"@type":"EntryPoint","urlTemplate":"https:\/\/www.royalpeptides.eu\/hu?s={search_term_string}"},"query-input":{"@type":"PropertyValueSpecification","valueRequired":true,"valueName":"search_term_string"}}],"inLanguage":"hu"},{"@type":"Organization","@id":"https:\/\/www.royalpeptides.eu\/hu#organization","name":"Royal Peptides","url":"https:\/\/www.royalpeptides.eu\/hu","logo":{"@type":"ImageObject","inLanguage":"hu","@id":"https:\/\/www.royalpeptides.eu\/hu#\/schema\/logo\/image\/","url":"https:\/\/www.royalpeptides.eu\/wp-content\/uploads\/2026\/02\/royal_peptides_fade_edges.png","contentUrl":"https:\/\/www.royalpeptides.eu\/wp-content\/uploads\/2026\/02\/royal_peptides_fade_edges.png","width":2048,"height":909,"caption":"Royal Peptides"},"image":{"@id":"https:\/\/www.royalpeptides.eu\/hu#\/schema\/logo\/image\/"},"sameAs":["https:\/\/www.facebook.com\/profile.php?id=61588101646707","https:\/\/www.instagram.com\/royal_pep?igsh=Z2RoamNlaW1sZmFr"]}]}},"_links":{"self":[{"href":"https:\/\/www.royalpeptides.eu\/hu\/wp-json\/wp\/v2\/pages\/2631","targetHints":{"allow":["GET"]}}],"collection":[{"href":"https:\/\/www.royalpeptides.eu\/hu\/wp-json\/wp\/v2\/pages"}],"about":[{"href":"https:\/\/www.royalpeptides.eu\/hu\/wp-json\/wp\/v2\/types\/page"}],"author":[{"embeddable":true,"href":"https:\/\/www.royalpeptides.eu\/hu\/wp-json\/wp\/v2\/users\/1"}],"replies":[{"embeddable":true,"href":"https:\/\/www.royalpeptides.eu\/hu\/wp-json\/wp\/v2\/comments?post=2631"}],"version-history":[{"count":4,"href":"https:\/\/www.royalpeptides.eu\/hu\/wp-json\/wp\/v2\/pages\/2631\/revisions"}],"predecessor-version":[{"id":2713,"href":"https:\/\/www.royalpeptides.eu\/hu\/wp-json\/wp\/v2\/pages\/2631\/revisions\/2713"}],"wp:attachment":[{"href":"https:\/\/www.royalpeptides.eu\/hu\/wp-json\/wp\/v2\/media?parent=2631"}],"curies":[{"name":"wp","href":"https:\/\/api.w.org\/{rel}","templated":true}]}}