{"id":2340,"date":"2026-03-05T13:54:36","date_gmt":"2026-03-05T12:54:36","guid":{"rendered":"https:\/\/www.royalpeptides.eu\/?post_type=product&#038;p=2340"},"modified":"2026-04-15T10:06:34","modified_gmt":"2026-04-15T08:06:34","slug":"tb-500-capsules","status":"publish","type":"product","link":"https:\/\/www.royalpeptides.eu\/hu\/produkt\/tb-500-capsules","title":{"rendered":"TB-500 Capsules"},"content":{"rendered":"<p>Mi az a Thymosin Beta-4?<br \/>\nA TB-500 a term\u00e9szetben el\u0151fordul\u00f3 Thymosin Beta-4 peptid szintetikus anal\u00f3gja, amely fontos szerepet j\u00e1tszik a s\u00e9r\u00fclt sejtek \u00e9s sz\u00f6vetek regener\u00e1ci\u00f3j\u00e1ban. Cs\u00f6kkenti a hegesed\u00e9st \u00e9s a fibr\u00f3zist is az\u00e1ltal, hogy m\u00e9rs\u00e9kli a miofibroblasztok sz\u00e1m\u00e1t a sebekben, \u00e9s ter\u00e1pi\u00e1s potenci\u00e1llal rendelkezik a b\u0151r, a szem, a sz\u00edv \u00e9s az agy s\u00e9r\u00fcl\u00e9seinek kezel\u00e9s\u00e9ben is. A biol\u00f3gi\u00e1j\u00e1nak meg\u00e9rt\u00e9s\u00e9ben el\u00e9rt el\u0151rel\u00e9p\u00e9sek megnyitott\u00e1k az utat a folyamatban l\u00e9v\u0151 \u00e9s lehets\u00e9ges klinikai vizsg\u00e1latok el\u0151tt a b\u0151rsebek, a szaruh\u00e1rtya s\u00e9r\u00fcl\u00e9sei, valamint a sz\u00edv- \u00e9s k\u00f6zponti idegrendszeri sz\u00f6vetek regener\u00e1ci\u00f3j\u00e1nak kezel\u00e9s\u00e9ben iszk\u00e9mi\u00e1s k\u00e1rosod\u00e1s vagy trauma ut\u00e1n. A TB-500 els\u0151sorban aktint k\u00f6t\u0151 feh\u00e9rjek\u00e9nt m\u0171k\u00f6dik, ahol az aktin a sejtszerkezet kulcsfontoss\u00e1g\u00fa eleme, amely mikrofilamentumokat alkot. A mikrofilamentumok l\u00e9tfontoss\u00e1g\u00faak a sejtek alakja, a membr\u00e1n integrit\u00e1sa, a sejtek mozg\u00e1sa \u00e9s bizonyos sejtoszt\u00f3d\u00e1si folyamatok szempontj\u00e1b\u00f3l. Az aktin emellett az izomfeh\u00e9rj\u00e9k f\u0151 alkot\u00f3eleme, amely elengedhetetlen az izom\u00f6sszeh\u00faz\u00f3d\u00e1shoz. Sz\u00e1mos kutat\u00e1s igazolta ennek a k\u00fcl\u00f6nleges peptidnek a hat\u00e1sait.<\/p>\n<p>[1]<\/p>\n<p>Kutat\u00e1sokkal igazolt hat\u00e1sok<\/p>\n<p>TB-500 \u00e9s neurol\u00f3giai hat\u00e1sok<br \/>\nA Thymosin \u03b24 (T\u03b24) \u00edg\u00e9retes ter\u00e1pi\u00e1s szernek bizonyult gerincvel\u0151-s\u00e9r\u00fcl\u00e9s (SCI) eset\u00e9n neuroprotekt\u00edv, gyullad\u00e1scs\u00f6kkent\u0151 \u00e9s \u00e9rv\u00e9d\u0151 tulajdons\u00e1gai miatt. Patk\u00e1ny modellen a T\u03b24 kezel\u00e9s jelent\u0151sen jav\u00edtotta a mozg\u00e1sos fel\u00e9p\u00fcl\u00e9st, n\u00f6velte a t\u00fal\u00e9l\u0151 neuronok \u00e9s oligodendrocit\u00e1k sz\u00e1m\u00e1t, valamint cs\u00f6kkentette a gyullad\u00e1st a csak fiziol\u00f3gi\u00e1s oldattal kezelt kontrollokhoz k\u00e9pest. Emellett a T\u03b24 kezel\u00e9s cs\u00f6kkentette a gyullad\u00e1skelt\u0151 citokinek expresszi\u00f3j\u00e1t \u00e9s n\u00f6velte az anti-inflammatorikus IL-10 szintj\u00e9t. Ezek az eredm\u00e9nyek arra utalnak, hogy a T\u03b24 potenci\u00e1llal b\u00edr az SCI kezel\u00e9s\u00e9ben emberekn\u00e9l is, amit a klinikai vizsg\u00e1latokban m\u00e1r ismert biztons\u00e1gi profilja is al\u00e1t\u00e1maszt.<\/p>\n<p>Az SCI-n t\u00fal a Thymosin \u03b24 (T\u03b24) \u00edg\u00e9retes ter\u00e1pi\u00e1s strat\u00e9gia lehet neurol\u00f3giai s\u00e9r\u00fcl\u00e9sek \u00e9s neurodegenerat\u00edv betegs\u00e9gek eset\u00e9n is. El\u0151seg\u00edti a k\u00f6zponti idegrendszer (CNS) \u00e9s a perif\u00e9ri\u00e1s idegrendszer (PNS) plaszticit\u00e1s\u00e1t, a neurovaszkul\u00e1ris \u00e1talakul\u00e1st, az angiogenezist, a neurogenezist \u00e9s az oligodendrogenezist, ami javult funkcion\u00e1lis kimenetelhez vezet. K\u00fcl\u00f6n\u00f6sen az oligodendrogenezis t\u0171nik kulcsmechanizmusnak a T\u03b24 regenerat\u00edv hat\u00e1sainak h\u00e1tter\u00e9ben. A mikroRNS-ek (miRNS) \u00e9s az exosz\u00f3m\u00e1s kommunik\u00e1ci\u00f3s h\u00e1l\u00f3zatok tov\u00e1bbi kutat\u00e1sa seg\u00edthet felt\u00e1rni azokat a molekul\u00e1ris mechanizmusokat, amelyek a T\u03b24 \u00e1ltal k\u00f6zvet\u00edtett neuroprotekci\u00f3t \u00e9s regener\u00e1ci\u00f3t ir\u00e1ny\u00edtj\u00e1k, ez\u00e1ltal \u00faj ter\u00e1pi\u00e1s strat\u00e9gi\u00e1k el\u0151tt nyitva utat.<\/p>\n<p>A Thymosin Beta-4 (T\u03b24) v\u00e9d\u0151 szerepet mutat az oxidat\u00edv stressz \u00e1ltal kiv\u00e1ltott k\u00e1rosod\u00e1s ellen a gerincvel\u0151b\u0151l sz\u00e1rmaz\u00f3 idegi \u0151s\/progenitor sejtekben (NSPC), a Toll receptor 4 (TLR4)\/myeloid differenci\u00e1ci\u00f3s els\u0151dleges v\u00e1lasz 88 (MyD88) \u00fatvonalon kereszt\u00fcl. Oxidat\u00edv stressz hat\u00e1s\u00e1ra az NSPC sejtekben cs\u00f6kkent a T\u03b24 expresszi\u00f3ja, ami cs\u00f6kkent sejtk\u00e9pess\u00e9ghez \u00e9s fokozott apopt\u00f3zishoz vezetett. A T\u03b24 kezel\u00e9s azonban visszaford\u00edtotta ezeket a hat\u00e1sokat, n\u00f6velte a sejtek \u00e9letk\u00e9pess\u00e9g\u00e9t \u00e9s cs\u00f6kkentette az apopt\u00f3zist. Emellett a T\u03b24 m\u00e9rs\u00e9kelte az intracellul\u00e1ris kalciumszint n\u00f6veked\u00e9s\u00e9t, a lakt\u00e1t-dehidrogen\u00e1z szintj\u00e9t, a ROS termel\u00e9st \u00e9s a gyullad\u00e1skelt\u0151 citokinek expresszi\u00f3j\u00e1t. Mechanisztikusan a T\u03b24 cs\u00f6kkentette a TLR4 \u00e9s MyD88 expresszi\u00f3j\u00e1t, ami arra utal, hogy ez az \u00fatvonal r\u00e9szt vesz a v\u00e9d\u0151 hat\u00e1sokban. Az \u00fatvonal g\u00e1tl\u00e1sa hasonl\u00f3 hat\u00e1st mutatott, mint a T\u03b24 kezel\u00e9s, ami tov\u00e1bb er\u0151s\u00edti szerep\u00e9t az oxidat\u00edv stressz k\u00e1ros hat\u00e1sainak cs\u00f6kkent\u00e9s\u00e9ben. Ezek az eredm\u00e9nyek kiemelik a T\u03b24 ter\u00e1pi\u00e1s potenci\u00e1lj\u00e1t az NSPC sejtek t\u00fal\u00e9l\u00e9s\u00e9nek t\u00e1mogat\u00e1s\u00e1ban \u00e9s a gerincvel\u0151 regener\u00e1ci\u00f3j\u00e1nak fokoz\u00e1s\u00e1ban.<\/p>\n<p>[2] &#8211; [4]<\/p>\n<p>Thymosin Beta-4 \u00e9s az \u00e9rk\u00e9pz\u0151d\u00e9s<br \/>\nA Thymosin \u03b24 (T\u03b24) t\u00f6bbf\u00e9le szerepet t\u00f6lt be az \u00e9rrendszer fejl\u0151d\u00e9s\u00e9ben, regener\u00e1ci\u00f3j\u00e1ban \u00e9s v\u00e9delm\u00e9ben. Az \u00e9rrendszer kialakul\u00e1sa kulcsfontoss\u00e1g\u00fa az embri\u00f3 t\u00fal\u00e9l\u00e9s\u00e9hez, \u00e9s hat\u00e1ssal van a k\u00e9s\u0151bbi eg\u00e9szs\u00e9gre is. A T\u03b24, mint aktin-k\u00f6t\u0151 feh\u00e9rje, r\u00e9szt vesz a vaszkul\u00e1ris h\u00e1l\u00f3zat kialakul\u00e1s\u00e1nak folyamataiban, bele\u00e9rtve a vaszkulogenezist, angiogenezist, arteriogenezist, az endothel\u2013mezenchim\u00e1lis \u00e1tmenetet \u00e9s az extracellul\u00e1ris m\u00e1trix \u00e1talakul\u00e1s\u00e1t. B\u00e1r a pontos molekul\u00e1ris mechanizmusok m\u00e9g nem teljesen tiszt\u00e1zottak, ismert, hogy fokozza a kapill\u00e1risok k\u00e9pz\u0151d\u00e9s\u00e9t \u00e9s a pericit\u00e1k toborz\u00e1s\u00e1t. A TB-500, a T\u03b24 sz\u00e1rmaz\u00e9ka, er\u0151sen stimul\u00e1lja a VEGF expresszi\u00f3j\u00e1t, ami szerepet j\u00e1tszik az \u00e9rk\u00e9pz\u0151d\u00e9s \u00e9s \u00e1talakul\u00e1s t\u00f6bb l\u00e9p\u00e9s\u00e9ben.<\/p>\n<p>[5]<\/p>\n<p>Thymosin Beta-4 \u00e9s a hajn\u00f6veked\u00e9s<br \/>\nA Thymosin Beta-4 (T\u03b24) kulcsszerepet j\u00e1tszik a hajn\u00f6veked\u00e9s szab\u00e1lyoz\u00e1s\u00e1ban, k\u00fcl\u00f6nb\u00f6z\u0151 mechanizmusokon kereszt\u00fcl stimul\u00e1lva azt. Patk\u00e1ny- \u00e9s eg\u00e9rmodelleken v\u00e9gzett vizsg\u00e1latok kimutatt\u00e1k, hogy t\u00e1mogatja a haj n\u00f6veked\u00e9s\u00e9t. Hat\u00e1ssal van a hajt\u00fcsz\u0151k \u0151ssejtjeire, el\u0151seg\u00edtve azok n\u00f6veked\u00e9s\u00e9t, migr\u00e1ci\u00f3j\u00e1t \u00e9s differenci\u00e1ci\u00f3j\u00e1t. A T\u03b24 hi\u00e1nyos egerek lassabb sz\u0151rvisszan\u00f6veked\u00e9st mutattak, m\u00edg a magasabb T\u03b24 szinttel rendelkez\u0151 egyedek gyorsabb regener\u00e1ci\u00f3t. Mikroszk\u00f3pos vizsg\u00e1latok s\u0171r\u0171bb hajsz\u00e1lakat \u00e9s t\u00f6bb hajt\u00fcsz\u0151t mutattak ki.<\/p>\n<p>[6]<\/p>\n<p>Thymosin Beta-4 \u00e9s szinergia antibiotikumokkal<br \/>\nA vizsg\u00e1lat c\u00e9lja a Thymosin Beta-4 (T\u03b24) alkalmaz\u00e1sa volt antibiotikumok kieg\u00e9sz\u00edt\u0151 ter\u00e1pi\u00e1jak\u00e9nt bakteri\u00e1lis keratitis kezel\u00e9s\u00e9ben. A kombin\u00e1lt ter\u00e1pia jelent\u0151sen jav\u00edtotta a gy\u00f3gyul\u00e1st, cs\u00f6kkentette a gyullad\u00e1st \u00e9s er\u0151s\u00edtette a szervezet v\u00e9dekez\u0151k\u00e9pess\u00e9g\u00e9t. A ciprofloxacinnal kombin\u00e1lt T\u03b24 fokozta az antibiotikum hat\u00e1s\u00e1t \u00e9s gyors\u00edtotta a regener\u00e1ci\u00f3t, ami \u00faj lehet\u0151s\u00e9geket k\u00edn\u00e1l a gy\u00f3gyszerrezisztencia kezel\u00e9s\u00e9ben.<\/p>\n<p>[7]<\/p>\n<p>TB-500 \u00e9s a kardiovaszkul\u00e1ris eg\u00e9szs\u00e9g<br \/>\nA T\u03b24-Ac-SDKP \u00fatvonal \u00edg\u00e9retes ter\u00e1pi\u00e1s lehet\u0151s\u00e9g sz\u00edv- \u00e9s \u00e9rrendszeri betegs\u00e9gek eset\u00e9n. Az Ac-SDKP t\u00e1mogatja a sz\u00edv regener\u00e1ci\u00f3j\u00e1t infarktus ut\u00e1n, m\u00edg a T\u03b24 gyullad\u00e1scs\u00f6kkent\u0151 \u00e9s antifibrotikus hat\u00e1s\u00fa. A TB-500 el\u0151seg\u00edti az \u00faj erek k\u00e9pz\u0151d\u00e9s\u00e9t, jav\u00edtja a sejtek t\u00fal\u00e9l\u00e9s\u00e9t \u00e9s cs\u00f6kkenti a gyullad\u00e1st.<\/p>\n<p>[8], [9]<\/p>\n<p>TB-500 \u00e9s neurodegenerat\u00edv betegs\u00e9gek<br \/>\nA Thymosin Beta-4 (T\u03b24) autof\u00e1gi\u00e1t induk\u00e1l \u00e9s v\u00e9delmet ny\u00fajt a neurotoxicit\u00e1s ellen. Hat\u00e1ssal van a sejtszint\u0171 mechanizmusokra, amelyek szerepet j\u00e1tszanak az Alzheimer-k\u00f3r \u00e9s m\u00e1s neurodegenerat\u00edv betegs\u00e9gek kialakul\u00e1s\u00e1ban.<\/p>\n<p>[10]<\/p>\n<p>Thymosin Beta-4 sz\u00e9les k\u00f6r\u0171 alkalmaz\u00e1sa<br \/>\nA T\u03b24 szintje emelkedett reumatoid artritiszben szenved\u0151 betegekn\u00e9l, \u00e9s \u00f6sszef\u00fcgg a betegs\u00e9g aktivit\u00e1s\u00e1val. Ez biomarkerk\u00e9nt szolg\u00e1lhat, \u00e9s seg\u00edthet a kezel\u00e9si v\u00e1lasz el\u0151rejelz\u00e9s\u00e9ben.<\/p>\n<p>A Thymosin Beta-4 (T\u03b24) sz\u00e1mos ter\u00fcleten mutat \u00edg\u00e9retes hat\u00e1sokat, bele\u00e9rtve az angiogenezist, a sebgy\u00f3gyul\u00e1st \u00e9s a sz\u00f6veti regener\u00e1ci\u00f3t. A TB-500 jelenleg f\u0151k\u00e9nt kutat\u00e1si c\u00e9lokra haszn\u00e1lhat\u00f3, \u00e9s emberi alkalmaz\u00e1sa szigor\u00faan szab\u00e1lyozott.<\/p>\n","protected":false},"excerpt":{"rendered":"<p>A Thymosin Beta-4 (T\u03b24), m\u00e1s n\u00e9ven TB-500, egy 43 aminosavb\u00f3l \u00e1ll\u00f3 term\u00e9szetes peptid szintetikus v\u00e1ltozata. Ez a term\u00e9szetben el\u0151fordul\u00f3 peptid fontos szerepet j\u00e1tszik a s\u00e9r\u00fclt sejtek \u00e9s sz\u00f6vetek helyre\u00e1ll\u00edt\u00e1s\u00e1ban \u00e9s regener\u00e1ci\u00f3j\u00e1ban az\u00e1ltal, hogy cs\u00f6kkenti az apopt\u00f3zist, a gyullad\u00e1st \u00e9s a mikrobi\u00e1lis n\u00f6veked\u00e9st s\u00e9r\u00fcl\u00e9s ut\u00e1n. K\u00fcl\u00f6nb\u00f6z\u0151 sejtt\u00edpusok szabad\u00edtj\u00e1k fel, bele\u00e9rtve a v\u00e9rlemezk\u00e9ket \u00e9s a makrof\u00e1gokat, \u00e9s az aktinhoz k\u00f6t\u0151dve el\u0151seg\u00edti a sejtv\u00e1ndorl\u00e1st, valamint az \u0151s-\/progenitor sejtek differenci\u00e1l\u00f3d\u00e1s\u00e1t \u00faj erek k\u00e9pz\u0151d\u00e9se \u00e9s a sz\u00f6vetek regener\u00e1ci\u00f3ja \u00e9rdek\u00e9ben. Vizsg\u00e1lt\u00e1k tov\u00e1bb\u00e1 sebgy\u00f3gyul\u00e1s el\u0151seg\u00edt\u00e9s\u00e9re, illetve kardiovaszkul\u00e1ris \u00e9s neurol\u00f3giai hat\u00e1sai miatt is.<\/p>\n","protected":false},"featured_media":2330,"comment_status":"closed","ping_status":"closed","template":"","meta":[],"product_brand":[],"product_cat":[198,203,197],"product_tag":[],"class_list":{"0":"post-2340","1":"product","2":"type-product","3":"status-publish","4":"has-post-thumbnail","6":"product_cat-anti-aging","7":"product_cat-regeneracio","8":"product_cat-tablettak","9":"pa_dolezite-upozornenie-vsetky-produkty-dostupne-v-nasej-ponuke-su-urcene-vyhradne-na-vyskumne-laboratorne-a-vyvojove-ucely-nie-su-urcene-na-pouzitie-ako-liek-zdravotnicka-pomocka-kozmeticky-pripra","10":"pa_obsah-10mg","11":"pa_obsah-500mcg","12":"pa_obsah-5mg","14":"first","15":"instock","16":"purchasable","17":"product-type-simple"},"yoast_head":"<!-- This site is optimized with the Yoast SEO plugin v27.0 - https:\/\/yoast.com\/product\/yoast-seo-wordpress\/ -->\n<title>TB-500 Capsules - Royal Peptides<\/title>\n<meta name=\"robots\" content=\"index, follow, max-snippet:-1, max-image-preview:large, max-video-preview:-1\" \/>\n<link rel=\"canonical\" href=\"https:\/\/www.royalpeptides.eu\/hu\/produkt\/tb-500-capsules\" \/>\n<meta property=\"og:locale\" content=\"hu_HU\" \/>\n<meta property=\"og:type\" content=\"article\" \/>\n<meta property=\"og:title\" content=\"TB-500 Capsules - Royal Peptides\" \/>\n<meta property=\"og:description\" content=\"A Thymosin Beta-4 (T\u03b24), m\u00e1s n\u00e9ven TB-500, egy 43 aminosavb\u00f3l \u00e1ll\u00f3 term\u00e9szetes peptid szintetikus v\u00e1ltozata. Ez a term\u00e9szetben el\u0151fordul\u00f3 peptid fontos szerepet j\u00e1tszik a s\u00e9r\u00fclt sejtek \u00e9s sz\u00f6vetek helyre\u00e1ll\u00edt\u00e1s\u00e1ban \u00e9s regener\u00e1ci\u00f3j\u00e1ban az\u00e1ltal, hogy cs\u00f6kkenti az apopt\u00f3zist, a gyullad\u00e1st \u00e9s a mikrobi\u00e1lis n\u00f6veked\u00e9st s\u00e9r\u00fcl\u00e9s ut\u00e1n. K\u00fcl\u00f6nb\u00f6z\u0151 sejtt\u00edpusok szabad\u00edtj\u00e1k fel, bele\u00e9rtve a v\u00e9rlemezk\u00e9ket \u00e9s a makrof\u00e1gokat, \u00e9s az aktinhoz k\u00f6t\u0151dve el\u0151seg\u00edti a sejtv\u00e1ndorl\u00e1st, valamint az \u0151s-\/progenitor sejtek differenci\u00e1l\u00f3d\u00e1s\u00e1t \u00faj erek k\u00e9pz\u0151d\u00e9se \u00e9s a sz\u00f6vetek regener\u00e1ci\u00f3ja \u00e9rdek\u00e9ben. Vizsg\u00e1lt\u00e1k tov\u00e1bb\u00e1 sebgy\u00f3gyul\u00e1s el\u0151seg\u00edt\u00e9s\u00e9re, illetve kardiovaszkul\u00e1ris \u00e9s neurol\u00f3giai hat\u00e1sai miatt is.\" \/>\n<meta property=\"og:url\" content=\"https:\/\/www.royalpeptides.eu\/hu\/produkt\/tb-500-capsules\" \/>\n<meta property=\"og:site_name\" content=\"Royal Peptides\" \/>\n<meta property=\"article:publisher\" content=\"https:\/\/www.facebook.com\/profile.php?id=61588101646707\" \/>\n<meta property=\"article:modified_time\" content=\"2026-04-15T08:06:34+00:00\" \/>\n<meta property=\"og:image\" content=\"https:\/\/www.royalpeptides.eu\/wp-content\/uploads\/2026\/02\/TB500-500mcg.png\" \/>\n\t<meta property=\"og:image:width\" content=\"832\" \/>\n\t<meta property=\"og:image:height\" content=\"1248\" \/>\n\t<meta property=\"og:image:type\" content=\"image\/png\" \/>\n<meta name=\"twitter:card\" content=\"summary_large_image\" \/>\n<meta name=\"twitter:label1\" content=\"Becs\u00fclt olvas\u00e1si id\u0151\" \/>\n\t<meta name=\"twitter:data1\" content=\"5 perc\" \/>\n<script type=\"application\/ld+json\" class=\"yoast-schema-graph\">{\"@context\":\"https:\/\/schema.org\",\"@graph\":[{\"@type\":\"WebPage\",\"@id\":\"https:\/\/www.royalpeptides.eu\/hu\/produkt\/tb-500-capsules\",\"url\":\"https:\/\/www.royalpeptides.eu\/hu\/produkt\/tb-500-capsules\",\"name\":\"TB-500 Capsules - Royal Peptides\",\"isPartOf\":{\"@id\":\"https:\/\/www.royalpeptides.eu\/hu#website\"},\"primaryImageOfPage\":{\"@id\":\"https:\/\/www.royalpeptides.eu\/hu\/produkt\/tb-500-capsules#primaryimage\"},\"image\":{\"@id\":\"https:\/\/www.royalpeptides.eu\/hu\/produkt\/tb-500-capsules#primaryimage\"},\"thumbnailUrl\":\"https:\/\/www.royalpeptides.eu\/wp-content\/uploads\/2026\/02\/TB500-500mcg.png\",\"datePublished\":\"2026-03-05T12:54:36+00:00\",\"dateModified\":\"2026-04-15T08:06:34+00:00\",\"breadcrumb\":{\"@id\":\"https:\/\/www.royalpeptides.eu\/hu\/produkt\/tb-500-capsules#breadcrumb\"},\"inLanguage\":\"hu\",\"potentialAction\":[{\"@type\":\"ReadAction\",\"target\":[\"https:\/\/www.royalpeptides.eu\/hu\/produkt\/tb-500-capsules\"]}]},{\"@type\":\"ImageObject\",\"inLanguage\":\"hu\",\"@id\":\"https:\/\/www.royalpeptides.eu\/hu\/produkt\/tb-500-capsules#primaryimage\",\"url\":\"https:\/\/www.royalpeptides.eu\/wp-content\/uploads\/2026\/02\/TB500-500mcg.png\",\"contentUrl\":\"https:\/\/www.royalpeptides.eu\/wp-content\/uploads\/2026\/02\/TB500-500mcg.png\",\"width\":832,\"height\":1248},{\"@type\":\"BreadcrumbList\",\"@id\":\"https:\/\/www.royalpeptides.eu\/hu\/produkt\/tb-500-capsules#breadcrumb\",\"itemListElement\":[{\"@type\":\"ListItem\",\"position\":1,\"name\":\"Domovsk\u00e1 str\u00e1nka\",\"item\":\"https:\/\/www.royalpeptides.eu\/hu\"},{\"@type\":\"ListItem\",\"position\":2,\"name\":\"Web\u00e1ruh\u00e1z\",\"item\":\"https:\/\/www.royalpeptides.eu\/hu\/peptidek-vasarlasa\"},{\"@type\":\"ListItem\",\"position\":3,\"name\":\"TB-500 Capsules\"}]},{\"@type\":\"WebSite\",\"@id\":\"https:\/\/www.royalpeptides.eu\/hu#website\",\"url\":\"https:\/\/www.royalpeptides.eu\/hu\",\"name\":\"Royal Peptides\",\"description\":\"\",\"publisher\":{\"@id\":\"https:\/\/www.royalpeptides.eu\/hu#organization\"},\"potentialAction\":[{\"@type\":\"SearchAction\",\"target\":{\"@type\":\"EntryPoint\",\"urlTemplate\":\"https:\/\/www.royalpeptides.eu\/hu?s={search_term_string}\"},\"query-input\":{\"@type\":\"PropertyValueSpecification\",\"valueRequired\":true,\"valueName\":\"search_term_string\"}}],\"inLanguage\":\"hu\"},{\"@type\":\"Organization\",\"@id\":\"https:\/\/www.royalpeptides.eu\/hu#organization\",\"name\":\"Royal Peptides\",\"url\":\"https:\/\/www.royalpeptides.eu\/hu\",\"logo\":{\"@type\":\"ImageObject\",\"inLanguage\":\"hu\",\"@id\":\"https:\/\/www.royalpeptides.eu\/hu#\/schema\/logo\/image\/\",\"url\":\"https:\/\/www.royalpeptides.eu\/wp-content\/uploads\/2026\/02\/royal_peptides_fade_edges.png\",\"contentUrl\":\"https:\/\/www.royalpeptides.eu\/wp-content\/uploads\/2026\/02\/royal_peptides_fade_edges.png\",\"width\":2048,\"height\":909,\"caption\":\"Royal Peptides\"},\"image\":{\"@id\":\"https:\/\/www.royalpeptides.eu\/hu#\/schema\/logo\/image\/\"},\"sameAs\":[\"https:\/\/www.facebook.com\/profile.php?id=61588101646707\",\"https:\/\/www.instagram.com\/royal_pep?igsh=Z2RoamNlaW1sZmFr\"]}]}<\/script>\n<!-- \/ Yoast SEO plugin. -->","yoast_head_json":{"title":"TB-500 Capsules - Royal Peptides","robots":{"index":"index","follow":"follow","max-snippet":"max-snippet:-1","max-image-preview":"max-image-preview:large","max-video-preview":"max-video-preview:-1"},"canonical":"https:\/\/www.royalpeptides.eu\/hu\/produkt\/tb-500-capsules","og_locale":"hu_HU","og_type":"article","og_title":"TB-500 Capsules - Royal Peptides","og_description":"A Thymosin Beta-4 (T\u03b24), m\u00e1s n\u00e9ven TB-500, egy 43 aminosavb\u00f3l \u00e1ll\u00f3 term\u00e9szetes peptid szintetikus v\u00e1ltozata. Ez a term\u00e9szetben el\u0151fordul\u00f3 peptid fontos szerepet j\u00e1tszik a s\u00e9r\u00fclt sejtek \u00e9s sz\u00f6vetek helyre\u00e1ll\u00edt\u00e1s\u00e1ban \u00e9s regener\u00e1ci\u00f3j\u00e1ban az\u00e1ltal, hogy cs\u00f6kkenti az apopt\u00f3zist, a gyullad\u00e1st \u00e9s a mikrobi\u00e1lis n\u00f6veked\u00e9st s\u00e9r\u00fcl\u00e9s ut\u00e1n. K\u00fcl\u00f6nb\u00f6z\u0151 sejtt\u00edpusok szabad\u00edtj\u00e1k fel, bele\u00e9rtve a v\u00e9rlemezk\u00e9ket \u00e9s a makrof\u00e1gokat, \u00e9s az aktinhoz k\u00f6t\u0151dve el\u0151seg\u00edti a sejtv\u00e1ndorl\u00e1st, valamint az \u0151s-\/progenitor sejtek differenci\u00e1l\u00f3d\u00e1s\u00e1t \u00faj erek k\u00e9pz\u0151d\u00e9se \u00e9s a sz\u00f6vetek regener\u00e1ci\u00f3ja \u00e9rdek\u00e9ben. Vizsg\u00e1lt\u00e1k tov\u00e1bb\u00e1 sebgy\u00f3gyul\u00e1s el\u0151seg\u00edt\u00e9s\u00e9re, illetve kardiovaszkul\u00e1ris \u00e9s neurol\u00f3giai hat\u00e1sai miatt is.","og_url":"https:\/\/www.royalpeptides.eu\/hu\/produkt\/tb-500-capsules","og_site_name":"Royal Peptides","article_publisher":"https:\/\/www.facebook.com\/profile.php?id=61588101646707","article_modified_time":"2026-04-15T08:06:34+00:00","og_image":[{"width":832,"height":1248,"url":"https:\/\/www.royalpeptides.eu\/wp-content\/uploads\/2026\/02\/TB500-500mcg.png","type":"image\/png"}],"twitter_card":"summary_large_image","twitter_misc":{"Becs\u00fclt olvas\u00e1si id\u0151":"5 perc"},"schema":{"@context":"https:\/\/schema.org","@graph":[{"@type":"WebPage","@id":"https:\/\/www.royalpeptides.eu\/hu\/produkt\/tb-500-capsules","url":"https:\/\/www.royalpeptides.eu\/hu\/produkt\/tb-500-capsules","name":"TB-500 Capsules - Royal Peptides","isPartOf":{"@id":"https:\/\/www.royalpeptides.eu\/hu#website"},"primaryImageOfPage":{"@id":"https:\/\/www.royalpeptides.eu\/hu\/produkt\/tb-500-capsules#primaryimage"},"image":{"@id":"https:\/\/www.royalpeptides.eu\/hu\/produkt\/tb-500-capsules#primaryimage"},"thumbnailUrl":"https:\/\/www.royalpeptides.eu\/wp-content\/uploads\/2026\/02\/TB500-500mcg.png","datePublished":"2026-03-05T12:54:36+00:00","dateModified":"2026-04-15T08:06:34+00:00","breadcrumb":{"@id":"https:\/\/www.royalpeptides.eu\/hu\/produkt\/tb-500-capsules#breadcrumb"},"inLanguage":"hu","potentialAction":[{"@type":"ReadAction","target":["https:\/\/www.royalpeptides.eu\/hu\/produkt\/tb-500-capsules"]}]},{"@type":"ImageObject","inLanguage":"hu","@id":"https:\/\/www.royalpeptides.eu\/hu\/produkt\/tb-500-capsules#primaryimage","url":"https:\/\/www.royalpeptides.eu\/wp-content\/uploads\/2026\/02\/TB500-500mcg.png","contentUrl":"https:\/\/www.royalpeptides.eu\/wp-content\/uploads\/2026\/02\/TB500-500mcg.png","width":832,"height":1248},{"@type":"BreadcrumbList","@id":"https:\/\/www.royalpeptides.eu\/hu\/produkt\/tb-500-capsules#breadcrumb","itemListElement":[{"@type":"ListItem","position":1,"name":"Domovsk\u00e1 str\u00e1nka","item":"https:\/\/www.royalpeptides.eu\/hu"},{"@type":"ListItem","position":2,"name":"Web\u00e1ruh\u00e1z","item":"https:\/\/www.royalpeptides.eu\/hu\/peptidek-vasarlasa"},{"@type":"ListItem","position":3,"name":"TB-500 Capsules"}]},{"@type":"WebSite","@id":"https:\/\/www.royalpeptides.eu\/hu#website","url":"https:\/\/www.royalpeptides.eu\/hu","name":"Royal Peptides","description":"","publisher":{"@id":"https:\/\/www.royalpeptides.eu\/hu#organization"},"potentialAction":[{"@type":"SearchAction","target":{"@type":"EntryPoint","urlTemplate":"https:\/\/www.royalpeptides.eu\/hu?s={search_term_string}"},"query-input":{"@type":"PropertyValueSpecification","valueRequired":true,"valueName":"search_term_string"}}],"inLanguage":"hu"},{"@type":"Organization","@id":"https:\/\/www.royalpeptides.eu\/hu#organization","name":"Royal Peptides","url":"https:\/\/www.royalpeptides.eu\/hu","logo":{"@type":"ImageObject","inLanguage":"hu","@id":"https:\/\/www.royalpeptides.eu\/hu#\/schema\/logo\/image\/","url":"https:\/\/www.royalpeptides.eu\/wp-content\/uploads\/2026\/02\/royal_peptides_fade_edges.png","contentUrl":"https:\/\/www.royalpeptides.eu\/wp-content\/uploads\/2026\/02\/royal_peptides_fade_edges.png","width":2048,"height":909,"caption":"Royal Peptides"},"image":{"@id":"https:\/\/www.royalpeptides.eu\/hu#\/schema\/logo\/image\/"},"sameAs":["https:\/\/www.facebook.com\/profile.php?id=61588101646707","https:\/\/www.instagram.com\/royal_pep?igsh=Z2RoamNlaW1sZmFr"]}]}},"_links":{"self":[{"href":"https:\/\/www.royalpeptides.eu\/hu\/wp-json\/wp\/v2\/product\/2340","targetHints":{"allow":["GET"]}}],"collection":[{"href":"https:\/\/www.royalpeptides.eu\/hu\/wp-json\/wp\/v2\/product"}],"about":[{"href":"https:\/\/www.royalpeptides.eu\/hu\/wp-json\/wp\/v2\/types\/product"}],"replies":[{"embeddable":true,"href":"https:\/\/www.royalpeptides.eu\/hu\/wp-json\/wp\/v2\/comments?post=2340"}],"wp:featuredmedia":[{"embeddable":true,"href":"https:\/\/www.royalpeptides.eu\/hu\/wp-json\/wp\/v2\/media\/2330"}],"wp:attachment":[{"href":"https:\/\/www.royalpeptides.eu\/hu\/wp-json\/wp\/v2\/media?parent=2340"}],"wp:term":[{"taxonomy":"product_brand","embeddable":true,"href":"https:\/\/www.royalpeptides.eu\/hu\/wp-json\/wp\/v2\/product_brand?post=2340"},{"taxonomy":"product_cat","embeddable":true,"href":"https:\/\/www.royalpeptides.eu\/hu\/wp-json\/wp\/v2\/product_cat?post=2340"},{"taxonomy":"product_tag","embeddable":true,"href":"https:\/\/www.royalpeptides.eu\/hu\/wp-json\/wp\/v2\/product_tag?post=2340"}],"curies":[{"name":"wp","href":"https:\/\/api.w.org\/{rel}","templated":true}]}}