{"id":2360,"date":"2026-03-04T10:57:23","date_gmt":"2026-03-04T09:57:23","guid":{"rendered":"https:\/\/www.royalpeptides.eu\/?post_type=product&#038;p=2360"},"modified":"2026-04-15T10:06:25","modified_gmt":"2026-04-15T08:06:25","slug":"ace031ae1","status":"publish","type":"product","link":"https:\/\/www.royalpeptides.eu\/hu\/produkt\/ace031ae1","title":{"rendered":"ACE031(AE1)"},"content":{"rendered":"<p>ACE-031 (AE1) \u2013 kutat\u00e1si rekombin\u00e1ns f\u00fazi\u00f3s feh\u00e9rje az izomn\u00f6veked\u00e9s szab\u00e1lyoz\u00e1s\u00e1ra \u00e9s a TGF-\u03b2 jel\u00e1tvitelre f\u00f3kusz\u00e1lva<\/p>\n<p>Az ACE-031 (AE1) egy rekombin\u00e1ns f\u00fazi\u00f3s feh\u00e9rje, amelyet k\u00eds\u00e9rleti eszk\u00f6zk\u00e9nt fejlesztettek ki az izomt\u00f6meg szab\u00e1lyoz\u00e1s\u00e1nak tanulm\u00e1nyoz\u00e1s\u00e1ra a TGF-\u03b2 (transforming growth factor beta) szupercsal\u00e1d jel\u00e1tviteli \u00fatvonalainak modul\u00e1l\u00e1s\u00e1n kereszt\u00fcl. Preklinikai \u00e9s k\u00eds\u00e9rleti modellekben els\u0151sorban a myosztatin g\u00e1tl\u00e1s\u00e1nak, valamint az aktivin t\u00edpus\u00fa ligandumok kutat\u00e1s\u00e1ra haszn\u00e1lj\u00e1k, amelyek r\u00e9szt vesznek a v\u00e1zizom n\u00f6veked\u00e9s\u00e9nek \u00e9s differenci\u00e1ci\u00f3j\u00e1nak szab\u00e1lyoz\u00e1s\u00e1ban.<\/p>\n<p>Olyan biol\u00f3giai molekul\u00e1k k\u00f6z\u00e9 tartozik, amelyeket az izomhipertr\u00f3fia molekul\u00e1ris szab\u00e1lyoz\u00e1sa, a sejtszaporod\u00e1s \u00e9s az izomsejtek metabolikus adapt\u00e1ci\u00f3ja kapcs\u00e1n vizsg\u00e1lnak.<\/p>\n<p>Mi\u00e9rt kutatj\u00e1k az ACE-031-et<\/p>\n<p>Az ACE-031 lehet\u0151v\u00e9 teszi a kutat\u00f3k sz\u00e1m\u00e1ra, hogy elemezz\u00e9k az izomt\u00f6meg szab\u00e1lyoz\u00e1s\u00e1nak mechanizmusait a receptor-k\u00f6t\u0151d\u00e9s \u00e9s az azt k\u00f6vet\u0151 intracellul\u00e1ris jel\u00e1tvitel szintj\u00e9n. K\u00fcl\u00f6n\u00f6sen az al\u00e1bbi ter\u00fcleteken vizsg\u00e1lj\u00e1k:<\/p>\n<p>\u2022 a myosztatin jel\u00e1tvitel g\u00e1tl\u00e1sa<br \/>\n\u2022 az aktivin IIB t\u00edpus\u00fa receptorok (ActRIIB) modul\u00e1ci\u00f3ja<br \/>\n\u2022 a myoblasztok differenci\u00e1ci\u00f3j\u00e1nak \u00e9s prolifer\u00e1ci\u00f3j\u00e1nak szab\u00e1lyoz\u00e1sa<br \/>\n\u2022 az izomhipertr\u00f3fia mechanizmusai<br \/>\n\u2022 a v\u00e1zizom metabolikus adapt\u00e1ci\u00f3ja<br \/>\n\u2022 a n\u00f6veked\u00e9si faktorok \u00e9s az extracellul\u00e1ris jel\u00e1tvitel k\u00f6z\u00f6tti k\u00f6lcs\u00f6nhat\u00e1s<\/p>\n<p>K\u00eds\u00e9rleti modellekben eszk\u00f6zk\u00e9nt szolg\u00e1l olyan biol\u00f3giai folyamatok tanulm\u00e1nyoz\u00e1s\u00e1ra, amelyek befoly\u00e1solj\u00e1k az izomsz\u00f6vet t\u00e9rfogat\u00e1t, szerkezet\u00e9t \u00e9s funkcion\u00e1lis kapacit\u00e1s\u00e1t.<\/p>\n<p>Hat\u00e1smechanizmus (kutat\u00e1si kontextus)<\/p>\n<p>Az ACE-031-et \u00fagy tervezt\u00e9k, mint egy f\u00fazi\u00f3s feh\u00e9rj\u00e9t, amely az ActRIIB receptor extracellul\u00e1ris dom\u00e9nj\u00e9t tartalmazza, \u00e9s k\u00e9pes a TGF-\u03b2 szupercsal\u00e1dba tartoz\u00f3 ligandumok, k\u00f6zt\u00fck a myosztatin megk\u00f6t\u00e9s\u00e9re. E ligandumok megk\u00f6t\u00e9se cs\u00f6kkentheti azok biol\u00f3giai hozz\u00e1f\u00e9rhet\u0151s\u00e9g\u00e9t, \u00e9s ezt k\u00f6vet\u0151en modul\u00e1lhatja a downstream jel\u00e1tviteli \u00fatvonalakat, k\u00fcl\u00f6n\u00f6sen a SMAD-f\u00fcgg\u0151 mechanizmusokat.<\/p>\n<p>Laborat\u00f3riumi vizsg\u00e1latok arra utalnak, hogy az ilyen t\u00edpus\u00fa molekul\u00e1k befoly\u00e1solhatj\u00e1k:<\/p>\n<p>\u2022 az izomn\u00f6veked\u00e9s szab\u00e1lyoz\u00e1s\u00e1ban r\u00e9szt vev\u0151 g\u00e9nek expresszi\u00f3j\u00e1t<br \/>\n\u2022 a feh\u00e9rjeszint\u00e9zis \u00e9s a proteol\u00edzis k\u00f6z\u00f6tti egyens\u00falyt<br \/>\n\u2022 az izom szatellit sejtek differenci\u00e1ci\u00f3j\u00e1t<br \/>\n\u2022 a sejtciklust szab\u00e1lyoz\u00f3 jel\u00e1tviteli \u00fatvonalakat<br \/>\n\u2022 az izomrostok struktur\u00e1lis szervez\u0151d\u00e9s\u00e9t<\/p>\n<p>Ezek a folyamatok fontosak az izomt\u00f6meg molekul\u00e1ris szab\u00e1lyoz\u00e1s\u00e1nak meg\u00e9rt\u00e9s\u00e9hez k\u00eds\u00e9rleti k\u00f6r\u00fclm\u00e9nyek k\u00f6z\u00f6tt.<\/p>\n<p>Kutat\u00e1si felhaszn\u00e1l\u00e1si ter\u00fcletek<\/p>\n<p>Az ACE-031-et els\u0151sorban az al\u00e1bbi ter\u00fcleteken haszn\u00e1lj\u00e1k:<\/p>\n<p>\u2022 az izomhipertr\u00f3fia szab\u00e1lyoz\u00e1s\u00e1nak kutat\u00e1sa<br \/>\n\u2022 a v\u00e1zizom molekul\u00e1ris biol\u00f3gi\u00e1ja<br \/>\n\u2022 a TGF-\u03b2 \u00e9s a myosztatin jel\u00e1tvitel tanulm\u00e1nyoz\u00e1sa<br \/>\n\u2022 a myoblasztok sejtdifferenci\u00e1ci\u00f3ja \u00e9s prolifer\u00e1ci\u00f3ja<br \/>\n\u2022 izomatr\u00f3fia \u00e9s adapt\u00e1ci\u00f3 k\u00eds\u00e9rleti modelljei<\/p>\n<p>Kutat\u00e1si alapok \u00e9s tudom\u00e1nyos forr\u00e1sok<\/p>\n<p>A myosztatin g\u00e1tl\u00e1s\u00e1nak \u00e9s az ActRIIB jel\u00e1tvitelnek a kutat\u00e1sa a izomn\u00f6veked\u00e9s szab\u00e1lyoz\u00e1s\u00e1ra vonatkoz\u00f3 sz\u00e9lesebb tudom\u00e1nyos ismereteken alapul:<\/p>\n<p>1\ufe0f\u20e3 Lee S.J.<br \/>\nRegulation of muscle mass by myostatin<br \/>\nAnnual Review of Cell and Developmental Biology<br \/>\n\u2192 A myosztatin szerepe az izomt\u00f6meg szab\u00e1lyoz\u00e1s\u00e1ban.<\/p>\n<p>2\ufe0f\u20e3 McPherron A.C. et al.<br \/>\nRegulation of skeletal muscle mass in mice by a new TGF-beta superfamily member<br \/>\nNature<br \/>\n\u2192 A myosztatin azonos\u00edt\u00e1sa \u00e9s biol\u00f3giai funkci\u00f3ja.<\/p>\n<p>3\ufe0f\u20e3 Trendek az ActRIIB inhibitorok kutat\u00e1s\u00e1ban<br \/>\nPreklinikai modellek a SMAD jel\u00e1tvitel modul\u00e1ci\u00f3j\u00e1nak \u00e9s az izomhipertr\u00f3fi\u00e1nak a vizsg\u00e1lat\u00e1ra.<\/p>\n<p>Biztons\u00e1gi \u00e9s szab\u00e1lyoz\u00e1si inform\u00e1ci\u00f3<\/p>\n<p>\u26a0\ufe0f Fontos figyelmeztet\u00e9s:<\/p>\n<p>Az ACE-031 kiz\u00e1r\u00f3lag laborat\u00f3riumi \u00e9s kutat\u00e1si c\u00e9lokra szolg\u00e1l.<br \/>\nNem enged\u00e9lyezett gy\u00f3gyszerk\u00e9nt.<br \/>\nNem alkalmas hum\u00e1n vagy \u00e1llatorvosi felhaszn\u00e1l\u00e1sra.<br \/>\nNem fogyaszt\u00e1sra \u00e9s nem klinikai alkalmaz\u00e1sra sz\u00e1nt.<\/p>\n<p>A term\u00e9ket kiz\u00e1r\u00f3lag kutat\u00f3int\u00e9zetek, laborat\u00f3riumok \u00e9s szakmai k\u00eds\u00e9rleti felhaszn\u00e1l\u00e1s sz\u00e1m\u00e1ra forgalmazz\u00e1k.<\/p>\n","protected":false},"excerpt":{"rendered":"<p>Az ACE-031 (AE1) egy rekombin\u00e1ns f\u00fazi\u00f3s feh\u00e9rje, amelyet kutat\u00e1si c\u00e9lokra haszn\u00e1lnak az izomn\u00f6veked\u00e9s szab\u00e1lyoz\u00e1sa \u00e9s a TGF-\u03b2 (transforming growth factor beta) szupercsal\u00e1d jel\u00e1tviteli folyamatai ter\u00fclet\u00e9n. K\u00eds\u00e9rleti modellekben a myosztatin g\u00e1tl\u00e1s\u00e1nak mechanizmusait, valamint annak az izom differenci\u00e1ci\u00f3j\u00e1ra, hipertr\u00f3fi\u00e1j\u00e1ra \u00e9s a v\u00e1zizom metabolikus adapt\u00e1ci\u00f3j\u00e1ra gyakorolt hat\u00e1s\u00e1t vizsg\u00e1lj\u00e1k. Els\u0151sorban az izomt\u00f6meg molekul\u00e1ris szab\u00e1lyoz\u00e1sa, a sejtes jel\u00e1tvitel, valamint a n\u00f6veked\u00e9si faktorok \u00e9s az izomsz\u00f6vet k\u00f6z\u00f6tti k\u00f6lcs\u00f6nhat\u00e1sok kontextus\u00e1ban kutatj\u00e1k. \u2705 Csak kutat\u00e1si c\u00e9lokra \u274c Nem alkalmas hum\u00e1n felhaszn\u00e1l\u00e1sra<\/p>\n","protected":false},"featured_media":2359,"comment_status":"closed","ping_status":"open","template":"","meta":[],"product_brand":[],"product_cat":[198,200,201],"product_tag":[],"class_list":{"0":"post-2360","1":"product","2":"type-product","3":"status-publish","4":"has-post-thumbnail","6":"product_cat-anti-aging","7":"product_cat-fitnesz","8":"product_cat-hormonalis-egyensuly","9":"pa_dolezite-upozornenie-vsetky-produkty-dostupne-v-nasej-ponuke-su-urcene-vyhradne-na-vyskumne-laboratorne-a-vyvojove-ucely-nie-su-urcene-na-pouzitie-ako-liek-zdravotnicka-pomocka-kozmeticky-pripra","10":"pa_obsah-1mg","12":"first","13":"instock","14":"purchasable","15":"product-type-simple"},"yoast_head":"<!-- This site is optimized with the Yoast SEO plugin v27.0 - https:\/\/yoast.com\/product\/yoast-seo-wordpress\/ -->\n<title>ACE031(AE1) - Royal Peptides<\/title>\n<meta name=\"robots\" content=\"index, follow, max-snippet:-1, max-image-preview:large, max-video-preview:-1\" \/>\n<link rel=\"canonical\" href=\"https:\/\/www.royalpeptides.eu\/hu\/produkt\/ace031ae1\" \/>\n<meta property=\"og:locale\" content=\"hu_HU\" \/>\n<meta property=\"og:type\" content=\"article\" \/>\n<meta property=\"og:title\" content=\"ACE031(AE1) - Royal Peptides\" \/>\n<meta property=\"og:description\" content=\"Az ACE-031 (AE1) egy rekombin\u00e1ns f\u00fazi\u00f3s feh\u00e9rje, amelyet kutat\u00e1si c\u00e9lokra haszn\u00e1lnak az izomn\u00f6veked\u00e9s szab\u00e1lyoz\u00e1sa \u00e9s a TGF-\u03b2 (transforming growth factor beta) szupercsal\u00e1d jel\u00e1tviteli folyamatai ter\u00fclet\u00e9n. K\u00eds\u00e9rleti modellekben a myosztatin g\u00e1tl\u00e1s\u00e1nak mechanizmusait, valamint annak az izom differenci\u00e1ci\u00f3j\u00e1ra, hipertr\u00f3fi\u00e1j\u00e1ra \u00e9s a v\u00e1zizom metabolikus adapt\u00e1ci\u00f3j\u00e1ra gyakorolt hat\u00e1s\u00e1t vizsg\u00e1lj\u00e1k. Els\u0151sorban az izomt\u00f6meg molekul\u00e1ris szab\u00e1lyoz\u00e1sa, a sejtes jel\u00e1tvitel, valamint a n\u00f6veked\u00e9si faktorok \u00e9s az izomsz\u00f6vet k\u00f6z\u00f6tti k\u00f6lcs\u00f6nhat\u00e1sok kontextus\u00e1ban kutatj\u00e1k. \u2705 Csak kutat\u00e1si c\u00e9lokra \u274c Nem alkalmas hum\u00e1n felhaszn\u00e1l\u00e1sra\" \/>\n<meta property=\"og:url\" content=\"https:\/\/www.royalpeptides.eu\/hu\/produkt\/ace031ae1\" \/>\n<meta property=\"og:site_name\" content=\"Royal Peptides\" \/>\n<meta property=\"article:publisher\" content=\"https:\/\/www.facebook.com\/profile.php?id=61588101646707\" \/>\n<meta property=\"article:modified_time\" content=\"2026-04-15T08:06:25+00:00\" \/>\n<meta property=\"og:image\" content=\"https:\/\/www.royalpeptides.eu\/wp-content\/uploads\/2026\/02\/ACE-031-1mg.png\" \/>\n\t<meta property=\"og:image:width\" content=\"848\" \/>\n\t<meta property=\"og:image:height\" content=\"1264\" \/>\n\t<meta property=\"og:image:type\" content=\"image\/png\" \/>\n<meta name=\"twitter:card\" content=\"summary_large_image\" \/>\n<meta name=\"twitter:label1\" content=\"Becs\u00fclt olvas\u00e1si id\u0151\" \/>\n\t<meta name=\"twitter:data1\" content=\"3 perc\" \/>\n<script type=\"application\/ld+json\" class=\"yoast-schema-graph\">{\"@context\":\"https:\/\/schema.org\",\"@graph\":[{\"@type\":\"WebPage\",\"@id\":\"https:\/\/www.royalpeptides.eu\/hu\/produkt\/ace031ae1\",\"url\":\"https:\/\/www.royalpeptides.eu\/hu\/produkt\/ace031ae1\",\"name\":\"ACE031(AE1) - Royal Peptides\",\"isPartOf\":{\"@id\":\"https:\/\/www.royalpeptides.eu\/hu#website\"},\"primaryImageOfPage\":{\"@id\":\"https:\/\/www.royalpeptides.eu\/hu\/produkt\/ace031ae1#primaryimage\"},\"image\":{\"@id\":\"https:\/\/www.royalpeptides.eu\/hu\/produkt\/ace031ae1#primaryimage\"},\"thumbnailUrl\":\"https:\/\/www.royalpeptides.eu\/wp-content\/uploads\/2026\/02\/ACE-031-1mg.png\",\"datePublished\":\"2026-03-04T09:57:23+00:00\",\"dateModified\":\"2026-04-15T08:06:25+00:00\",\"breadcrumb\":{\"@id\":\"https:\/\/www.royalpeptides.eu\/hu\/produkt\/ace031ae1#breadcrumb\"},\"inLanguage\":\"hu\",\"potentialAction\":[{\"@type\":\"ReadAction\",\"target\":[\"https:\/\/www.royalpeptides.eu\/hu\/produkt\/ace031ae1\"]}]},{\"@type\":\"ImageObject\",\"inLanguage\":\"hu\",\"@id\":\"https:\/\/www.royalpeptides.eu\/hu\/produkt\/ace031ae1#primaryimage\",\"url\":\"https:\/\/www.royalpeptides.eu\/wp-content\/uploads\/2026\/02\/ACE-031-1mg.png\",\"contentUrl\":\"https:\/\/www.royalpeptides.eu\/wp-content\/uploads\/2026\/02\/ACE-031-1mg.png\",\"width\":848,\"height\":1264},{\"@type\":\"BreadcrumbList\",\"@id\":\"https:\/\/www.royalpeptides.eu\/hu\/produkt\/ace031ae1#breadcrumb\",\"itemListElement\":[{\"@type\":\"ListItem\",\"position\":1,\"name\":\"Domovsk\u00e1 str\u00e1nka\",\"item\":\"https:\/\/www.royalpeptides.eu\/hu\"},{\"@type\":\"ListItem\",\"position\":2,\"name\":\"Web\u00e1ruh\u00e1z\",\"item\":\"https:\/\/www.royalpeptides.eu\/hu\/peptidek-vasarlasa\"},{\"@type\":\"ListItem\",\"position\":3,\"name\":\"ACE031(AE1)\"}]},{\"@type\":\"WebSite\",\"@id\":\"https:\/\/www.royalpeptides.eu\/hu#website\",\"url\":\"https:\/\/www.royalpeptides.eu\/hu\",\"name\":\"Royal Peptides\",\"description\":\"\",\"publisher\":{\"@id\":\"https:\/\/www.royalpeptides.eu\/hu#organization\"},\"potentialAction\":[{\"@type\":\"SearchAction\",\"target\":{\"@type\":\"EntryPoint\",\"urlTemplate\":\"https:\/\/www.royalpeptides.eu\/hu?s={search_term_string}\"},\"query-input\":{\"@type\":\"PropertyValueSpecification\",\"valueRequired\":true,\"valueName\":\"search_term_string\"}}],\"inLanguage\":\"hu\"},{\"@type\":\"Organization\",\"@id\":\"https:\/\/www.royalpeptides.eu\/hu#organization\",\"name\":\"Royal Peptides\",\"url\":\"https:\/\/www.royalpeptides.eu\/hu\",\"logo\":{\"@type\":\"ImageObject\",\"inLanguage\":\"hu\",\"@id\":\"https:\/\/www.royalpeptides.eu\/hu#\/schema\/logo\/image\/\",\"url\":\"https:\/\/www.royalpeptides.eu\/wp-content\/uploads\/2026\/02\/royal_peptides_fade_edges.png\",\"contentUrl\":\"https:\/\/www.royalpeptides.eu\/wp-content\/uploads\/2026\/02\/royal_peptides_fade_edges.png\",\"width\":2048,\"height\":909,\"caption\":\"Royal Peptides\"},\"image\":{\"@id\":\"https:\/\/www.royalpeptides.eu\/hu#\/schema\/logo\/image\/\"},\"sameAs\":[\"https:\/\/www.facebook.com\/profile.php?id=61588101646707\",\"https:\/\/www.instagram.com\/royal_pep?igsh=Z2RoamNlaW1sZmFr\"]}]}<\/script>\n<!-- \/ Yoast SEO plugin. -->","yoast_head_json":{"title":"ACE031(AE1) - Royal Peptides","robots":{"index":"index","follow":"follow","max-snippet":"max-snippet:-1","max-image-preview":"max-image-preview:large","max-video-preview":"max-video-preview:-1"},"canonical":"https:\/\/www.royalpeptides.eu\/hu\/produkt\/ace031ae1","og_locale":"hu_HU","og_type":"article","og_title":"ACE031(AE1) - Royal Peptides","og_description":"Az ACE-031 (AE1) egy rekombin\u00e1ns f\u00fazi\u00f3s feh\u00e9rje, amelyet kutat\u00e1si c\u00e9lokra haszn\u00e1lnak az izomn\u00f6veked\u00e9s szab\u00e1lyoz\u00e1sa \u00e9s a TGF-\u03b2 (transforming growth factor beta) szupercsal\u00e1d jel\u00e1tviteli folyamatai ter\u00fclet\u00e9n. K\u00eds\u00e9rleti modellekben a myosztatin g\u00e1tl\u00e1s\u00e1nak mechanizmusait, valamint annak az izom differenci\u00e1ci\u00f3j\u00e1ra, hipertr\u00f3fi\u00e1j\u00e1ra \u00e9s a v\u00e1zizom metabolikus adapt\u00e1ci\u00f3j\u00e1ra gyakorolt hat\u00e1s\u00e1t vizsg\u00e1lj\u00e1k. Els\u0151sorban az izomt\u00f6meg molekul\u00e1ris szab\u00e1lyoz\u00e1sa, a sejtes jel\u00e1tvitel, valamint a n\u00f6veked\u00e9si faktorok \u00e9s az izomsz\u00f6vet k\u00f6z\u00f6tti k\u00f6lcs\u00f6nhat\u00e1sok kontextus\u00e1ban kutatj\u00e1k. \u2705 Csak kutat\u00e1si c\u00e9lokra \u274c Nem alkalmas hum\u00e1n felhaszn\u00e1l\u00e1sra","og_url":"https:\/\/www.royalpeptides.eu\/hu\/produkt\/ace031ae1","og_site_name":"Royal Peptides","article_publisher":"https:\/\/www.facebook.com\/profile.php?id=61588101646707","article_modified_time":"2026-04-15T08:06:25+00:00","og_image":[{"width":848,"height":1264,"url":"https:\/\/www.royalpeptides.eu\/wp-content\/uploads\/2026\/02\/ACE-031-1mg.png","type":"image\/png"}],"twitter_card":"summary_large_image","twitter_misc":{"Becs\u00fclt olvas\u00e1si id\u0151":"3 perc"},"schema":{"@context":"https:\/\/schema.org","@graph":[{"@type":"WebPage","@id":"https:\/\/www.royalpeptides.eu\/hu\/produkt\/ace031ae1","url":"https:\/\/www.royalpeptides.eu\/hu\/produkt\/ace031ae1","name":"ACE031(AE1) - Royal Peptides","isPartOf":{"@id":"https:\/\/www.royalpeptides.eu\/hu#website"},"primaryImageOfPage":{"@id":"https:\/\/www.royalpeptides.eu\/hu\/produkt\/ace031ae1#primaryimage"},"image":{"@id":"https:\/\/www.royalpeptides.eu\/hu\/produkt\/ace031ae1#primaryimage"},"thumbnailUrl":"https:\/\/www.royalpeptides.eu\/wp-content\/uploads\/2026\/02\/ACE-031-1mg.png","datePublished":"2026-03-04T09:57:23+00:00","dateModified":"2026-04-15T08:06:25+00:00","breadcrumb":{"@id":"https:\/\/www.royalpeptides.eu\/hu\/produkt\/ace031ae1#breadcrumb"},"inLanguage":"hu","potentialAction":[{"@type":"ReadAction","target":["https:\/\/www.royalpeptides.eu\/hu\/produkt\/ace031ae1"]}]},{"@type":"ImageObject","inLanguage":"hu","@id":"https:\/\/www.royalpeptides.eu\/hu\/produkt\/ace031ae1#primaryimage","url":"https:\/\/www.royalpeptides.eu\/wp-content\/uploads\/2026\/02\/ACE-031-1mg.png","contentUrl":"https:\/\/www.royalpeptides.eu\/wp-content\/uploads\/2026\/02\/ACE-031-1mg.png","width":848,"height":1264},{"@type":"BreadcrumbList","@id":"https:\/\/www.royalpeptides.eu\/hu\/produkt\/ace031ae1#breadcrumb","itemListElement":[{"@type":"ListItem","position":1,"name":"Domovsk\u00e1 str\u00e1nka","item":"https:\/\/www.royalpeptides.eu\/hu"},{"@type":"ListItem","position":2,"name":"Web\u00e1ruh\u00e1z","item":"https:\/\/www.royalpeptides.eu\/hu\/peptidek-vasarlasa"},{"@type":"ListItem","position":3,"name":"ACE031(AE1)"}]},{"@type":"WebSite","@id":"https:\/\/www.royalpeptides.eu\/hu#website","url":"https:\/\/www.royalpeptides.eu\/hu","name":"Royal Peptides","description":"","publisher":{"@id":"https:\/\/www.royalpeptides.eu\/hu#organization"},"potentialAction":[{"@type":"SearchAction","target":{"@type":"EntryPoint","urlTemplate":"https:\/\/www.royalpeptides.eu\/hu?s={search_term_string}"},"query-input":{"@type":"PropertyValueSpecification","valueRequired":true,"valueName":"search_term_string"}}],"inLanguage":"hu"},{"@type":"Organization","@id":"https:\/\/www.royalpeptides.eu\/hu#organization","name":"Royal Peptides","url":"https:\/\/www.royalpeptides.eu\/hu","logo":{"@type":"ImageObject","inLanguage":"hu","@id":"https:\/\/www.royalpeptides.eu\/hu#\/schema\/logo\/image\/","url":"https:\/\/www.royalpeptides.eu\/wp-content\/uploads\/2026\/02\/royal_peptides_fade_edges.png","contentUrl":"https:\/\/www.royalpeptides.eu\/wp-content\/uploads\/2026\/02\/royal_peptides_fade_edges.png","width":2048,"height":909,"caption":"Royal Peptides"},"image":{"@id":"https:\/\/www.royalpeptides.eu\/hu#\/schema\/logo\/image\/"},"sameAs":["https:\/\/www.facebook.com\/profile.php?id=61588101646707","https:\/\/www.instagram.com\/royal_pep?igsh=Z2RoamNlaW1sZmFr"]}]}},"_links":{"self":[{"href":"https:\/\/www.royalpeptides.eu\/hu\/wp-json\/wp\/v2\/product\/2360","targetHints":{"allow":["GET"]}}],"collection":[{"href":"https:\/\/www.royalpeptides.eu\/hu\/wp-json\/wp\/v2\/product"}],"about":[{"href":"https:\/\/www.royalpeptides.eu\/hu\/wp-json\/wp\/v2\/types\/product"}],"replies":[{"embeddable":true,"href":"https:\/\/www.royalpeptides.eu\/hu\/wp-json\/wp\/v2\/comments?post=2360"}],"wp:featuredmedia":[{"embeddable":true,"href":"https:\/\/www.royalpeptides.eu\/hu\/wp-json\/wp\/v2\/media\/2359"}],"wp:attachment":[{"href":"https:\/\/www.royalpeptides.eu\/hu\/wp-json\/wp\/v2\/media?parent=2360"}],"wp:term":[{"taxonomy":"product_brand","embeddable":true,"href":"https:\/\/www.royalpeptides.eu\/hu\/wp-json\/wp\/v2\/product_brand?post=2360"},{"taxonomy":"product_cat","embeddable":true,"href":"https:\/\/www.royalpeptides.eu\/hu\/wp-json\/wp\/v2\/product_cat?post=2360"},{"taxonomy":"product_tag","embeddable":true,"href":"https:\/\/www.royalpeptides.eu\/hu\/wp-json\/wp\/v2\/product_tag?post=2360"}],"curies":[{"name":"wp","href":"https:\/\/api.w.org\/{rel}","templated":true}]}}