{"id":2384,"date":"2026-03-04T10:57:17","date_gmt":"2026-03-04T09:57:17","guid":{"rendered":"https:\/\/www.royalpeptides.eu\/?post_type=product&#038;p=2384"},"modified":"2026-04-15T10:16:44","modified_gmt":"2026-04-15T08:16:44","slug":"adipotide","status":"publish","type":"product","link":"https:\/\/www.royalpeptides.eu\/hu\/produkt\/adipotide","title":{"rendered":"Adipotide"},"content":{"rendered":"<p>Adipotide \u2013 kutat\u00e1si peptid<br \/>\nAz Adipotide (m\u00e1s n\u00e9ven Prohibitin-targeting peptide) egy szintetikus kutat\u00e1si peptid, amelyet a zs\u00edrsejtek szelekt\u00edv elimin\u00e1ci\u00f3j\u00e1nak \u00e9s a test\u00f6sszet\u00e9tel szab\u00e1lyoz\u00e1si mechanizmusainak k\u00eds\u00e9rleti vizsg\u00e1lat\u00e1ra fejlesztettek ki. Preklinikai \u00e9s laborat\u00f3riumi modellekben alkalmazz\u00e1k, amelyek a zs\u00edrsz\u00f6vet anyagcser\u00e9j\u00e9re, az energiam\u00e9rlegre \u00e9s az elh\u00edz\u00e1ssal kapcsolatos biol\u00f3giai folyamatokra f\u00f3kusz\u00e1lnak.<\/p>\n<p>Az Adipotide intenz\u00edv kutat\u00e1s t\u00e1rgya a metabolikus biol\u00f3gia, az adipocita jel\u00e1tvitel \u00e9s a zs\u00edrrakt\u00e1roz\u00e1s szab\u00e1lyoz\u00e1sa ter\u00fclet\u00e9n.<\/p>\n<p>Mi\u00e9rt kutatj\u00e1k az Adipotide-ot<br \/>\nAz Adipotide lehet\u0151v\u00e9 teszi a tud\u00f3sok sz\u00e1m\u00e1ra t\u00f6bb kulcsfontoss\u00e1g\u00fa metabolikus folyamat elemz\u00e9s\u00e9t:<\/p>\n<p>A zs\u00edrsz\u00f6vet szelekt\u00edv cs\u00f6kkent\u00e9se<\/p>\n<p>Az adipocit\u00e1k apopt\u00f3zis\u00e1nak szab\u00e1lyoz\u00e1sa<\/p>\n<p>Az energiam\u00e9rleg vizsg\u00e1lata<\/p>\n<p>A metabolikus \u00fatvonalak elemz\u00e9se<\/p>\n<p>Az elh\u00edz\u00e1s mechanizmusainak modellez\u00e9se<\/p>\n<p>Hat\u00e1smechanizmus (kutat\u00e1si kontextus)<br \/>\nK\u00eds\u00e9rleti k\u00f6r\u00fclm\u00e9nyek k\u00f6z\u00f6tt az Adipotide a prohibitin receptorokhoz k\u00f6t\u0151dik, amelyek szelekt\u00edven expressz\u00e1l\u00f3dnak a zs\u00edrsz\u00f6vetet ell\u00e1t\u00f3 v\u00e9rerek felsz\u00edn\u00e9n. Ez a k\u00f6t\u0151d\u00e9s apoptotikus folyamatokat ind\u00edt el az adipocit\u00e1kban a mitokondri\u00e1lis m\u0171k\u00f6d\u00e9s megzavar\u00e1s\u00e1n kereszt\u00fcl.<\/p>\n<p>A kutat\u00f3k az Adipotide-ot sejtes modellekben \u00e9s preklinikai vizsg\u00e1latokban haszn\u00e1lj\u00e1k a zs\u00edrsz\u00f6vet, az energia-anyagcsere \u00e9s a test\u00f6sszet\u00e9tel v\u00e1ltoz\u00e1sainak nyomon k\u00f6vet\u00e9s\u00e9re.<\/p>\n<p>Kutat\u00e1si felhaszn\u00e1l\u00e1si ter\u00fcletek<br \/>\nAz Adipotide els\u0151sorban az al\u00e1bbi ter\u00fcleteken ker\u00fcl alkalmaz\u00e1sra:<\/p>\n<p>Metabolikus kutat\u00e1s<\/p>\n<p>Elh\u00edz\u00e1s kutat\u00e1sa<\/p>\n<p>Zs\u00edrsz\u00f6vet biol\u00f3gi\u00e1ja<\/p>\n<p>A sejtek energiam\u00e9rlege<\/p>\n<p>Molekul\u00e1ris jel\u00e1tvitel<\/p>\n<p>Kutat\u00e1si alapok \u00e9s tudom\u00e1nyos forr\u00e1sok<br \/>\nAz Adipotide alkalmaz\u00e1s\u00e1t jelent\u0151s publik\u00e1lt tanulm\u00e1nyok t\u00e1masztj\u00e1k al\u00e1:<\/p>\n<p>1\ufe0f\u20e3 Kolonin M.G. et al.<br \/>\nReversal of obesity by targeted ablation of adipose tissue,<br \/>\nScience, 2004<br \/>\n\u2192 \u00c1tt\u00f6r\u0151 preklinikai tanulm\u00e1ny, amely bemutatja a zs\u00edrsz\u00f6vet szelekt\u00edv c\u00e9lz\u00e1s\u00e1t peptidekkel \u00e9s az adipocit\u00e1k apopt\u00f3zis\u00e1nak indukci\u00f3j\u00e1t.<\/p>\n<p>2\ufe0f\u20e3 Barnhart K.F. et al.<br \/>\nSelective targeting of adipose vasculature and fat reduction using prohibitin-binding peptides,<br \/>\nProceedings of the National Academy of Sciences (PNAS), 2011<br \/>\n\u2192 Kutat\u00e1s az Adipotide k\u00f6t\u0151d\u00e9si mechanizmus\u00e1r\u00f3l az adip\u00f3z \u00e9rrendszeri receptorokhoz \u00e9s ennek metabolikus k\u00f6vetkezm\u00e9nyeir\u0151l.<\/p>\n<p>3\ufe0f\u20e3 Preklinikai modellek (in vivo \/ in vitro)<br \/>\nK\u00eds\u00e9rleti vizsg\u00e1latok a zs\u00edrsz\u00f6vet anyagcser\u00e9j\u00e9nek v\u00e1ltoz\u00e1sair\u00f3l, az adipocita apopt\u00f3zisr\u00f3l \u00e9s az energiam\u00e9rleg szab\u00e1lyoz\u00e1s\u00e1r\u00f3l.<\/p>\n<p>Biztons\u00e1gi \u00e9s szab\u00e1lyoz\u00e1si inform\u00e1ci\u00f3<br \/>\n\u26a0\ufe0f Fontos figyelmeztet\u00e9s:<\/p>\n<p>Az Adipotide kiz\u00e1r\u00f3lag laborat\u00f3riumi \u00e9s kutat\u00e1si c\u00e9lokra szolg\u00e1l<\/p>\n<p>Nem enged\u00e9lyezett gy\u00f3gyszerk\u00e9nt<\/p>\n<p>Nem alkalmas hum\u00e1n vagy \u00e1llatorvosi felhaszn\u00e1l\u00e1sra<\/p>\n<p>Nem fogyaszt\u00e1sra \u00e9s nem klinikai alkalmaz\u00e1sra sz\u00e1nt<\/p>\n","protected":false},"excerpt":{"rendered":"<p>Az Adipotide egy kutat\u00e1si peptid, amelyet laborat\u00f3riumi modellekben alkalmaznak a zs\u00edrsz\u00f6vet szelekt\u00edv cs\u00f6kkent\u00e9s\u00e9nek, a metabolikus \u00fatvonalaknak \u00e9s az energiam\u00e9rleg szab\u00e1lyoz\u00e1s\u00e1nak tanulm\u00e1nyoz\u00e1s\u00e1ra. \u2705 Csak kutat\u00e1si c\u00e9lokra \u274c Nem alkalmas hum\u00e1n felhaszn\u00e1l\u00e1sra <strong>Tartalom:<\/strong> 2mg<\/p>\n","protected":false},"featured_media":2383,"comment_status":"closed","ping_status":"closed","template":"","meta":[],"product_brand":[],"product_cat":[200,199,201],"product_tag":[],"class_list":{"0":"post-2384","1":"product","2":"type-product","3":"status-publish","4":"has-post-thumbnail","6":"product_cat-fitnesz","7":"product_cat-fogyas","8":"product_cat-hormonalis-egyensuly","9":"pa_dolezite-upozornenie-vsetky-produkty-dostupne-v-nasej-ponuke-su-urcene-vyhradne-na-vyskumne-laboratorne-a-vyvojove-ucely-nie-su-urcene-na-pouzitie-ako-liek-zdravotnicka-pomocka-kozmeticky-pripra","10":"pa_obsah-2mg","12":"first","13":"instock","14":"purchasable","15":"product-type-simple"},"yoast_head":"<!-- This site is optimized with the Yoast SEO plugin v27.0 - https:\/\/yoast.com\/product\/yoast-seo-wordpress\/ -->\n<title>Adipotide - Royal Peptides<\/title>\n<meta name=\"robots\" content=\"index, follow, max-snippet:-1, max-image-preview:large, max-video-preview:-1\" \/>\n<link rel=\"canonical\" href=\"https:\/\/www.royalpeptides.eu\/hu\/produkt\/adipotide\" \/>\n<meta property=\"og:locale\" content=\"hu_HU\" \/>\n<meta property=\"og:type\" content=\"article\" \/>\n<meta property=\"og:title\" content=\"Adipotide - Royal Peptides\" \/>\n<meta property=\"og:description\" content=\"Az Adipotide egy kutat\u00e1si peptid, amelyet laborat\u00f3riumi modellekben alkalmaznak a zs\u00edrsz\u00f6vet szelekt\u00edv cs\u00f6kkent\u00e9s\u00e9nek, a metabolikus \u00fatvonalaknak \u00e9s az energiam\u00e9rleg szab\u00e1lyoz\u00e1s\u00e1nak tanulm\u00e1nyoz\u00e1s\u00e1ra. \u2705 Csak kutat\u00e1si c\u00e9lokra \u274c Nem alkalmas hum\u00e1n felhaszn\u00e1l\u00e1sra Tartalom: 2mg\" \/>\n<meta property=\"og:url\" content=\"https:\/\/www.royalpeptides.eu\/hu\/produkt\/adipotide\" \/>\n<meta property=\"og:site_name\" content=\"Royal Peptides\" \/>\n<meta property=\"article:publisher\" content=\"https:\/\/www.facebook.com\/profile.php?id=61588101646707\" \/>\n<meta property=\"article:modified_time\" content=\"2026-04-15T08:16:44+00:00\" \/>\n<meta property=\"og:image\" content=\"https:\/\/www.royalpeptides.eu\/wp-content\/uploads\/2026\/03\/Adipotide-2mg.png\" \/>\n\t<meta property=\"og:image:width\" content=\"848\" \/>\n\t<meta property=\"og:image:height\" content=\"1264\" \/>\n\t<meta property=\"og:image:type\" content=\"image\/png\" \/>\n<meta name=\"twitter:card\" content=\"summary_large_image\" \/>\n<meta name=\"twitter:label1\" content=\"Becs\u00fclt olvas\u00e1si id\u0151\" \/>\n\t<meta name=\"twitter:data1\" content=\"2 perc\" \/>\n<script type=\"application\/ld+json\" class=\"yoast-schema-graph\">{\"@context\":\"https:\/\/schema.org\",\"@graph\":[{\"@type\":\"WebPage\",\"@id\":\"https:\/\/www.royalpeptides.eu\/hu\/produkt\/adipotide\",\"url\":\"https:\/\/www.royalpeptides.eu\/hu\/produkt\/adipotide\",\"name\":\"Adipotide - Royal Peptides\",\"isPartOf\":{\"@id\":\"https:\/\/www.royalpeptides.eu\/hu#website\"},\"primaryImageOfPage\":{\"@id\":\"https:\/\/www.royalpeptides.eu\/hu\/produkt\/adipotide#primaryimage\"},\"image\":{\"@id\":\"https:\/\/www.royalpeptides.eu\/hu\/produkt\/adipotide#primaryimage\"},\"thumbnailUrl\":\"https:\/\/www.royalpeptides.eu\/wp-content\/uploads\/2026\/03\/Adipotide-2mg.png\",\"datePublished\":\"2026-03-04T09:57:17+00:00\",\"dateModified\":\"2026-04-15T08:16:44+00:00\",\"breadcrumb\":{\"@id\":\"https:\/\/www.royalpeptides.eu\/hu\/produkt\/adipotide#breadcrumb\"},\"inLanguage\":\"hu\",\"potentialAction\":[{\"@type\":\"ReadAction\",\"target\":[\"https:\/\/www.royalpeptides.eu\/hu\/produkt\/adipotide\"]}]},{\"@type\":\"ImageObject\",\"inLanguage\":\"hu\",\"@id\":\"https:\/\/www.royalpeptides.eu\/hu\/produkt\/adipotide#primaryimage\",\"url\":\"https:\/\/www.royalpeptides.eu\/wp-content\/uploads\/2026\/03\/Adipotide-2mg.png\",\"contentUrl\":\"https:\/\/www.royalpeptides.eu\/wp-content\/uploads\/2026\/03\/Adipotide-2mg.png\",\"width\":848,\"height\":1264},{\"@type\":\"BreadcrumbList\",\"@id\":\"https:\/\/www.royalpeptides.eu\/hu\/produkt\/adipotide#breadcrumb\",\"itemListElement\":[{\"@type\":\"ListItem\",\"position\":1,\"name\":\"Domovsk\u00e1 str\u00e1nka\",\"item\":\"https:\/\/www.royalpeptides.eu\/hu\"},{\"@type\":\"ListItem\",\"position\":2,\"name\":\"Web\u00e1ruh\u00e1z\",\"item\":\"https:\/\/www.royalpeptides.eu\/hu\/peptidek-vasarlasa\"},{\"@type\":\"ListItem\",\"position\":3,\"name\":\"Adipotide\"}]},{\"@type\":\"WebSite\",\"@id\":\"https:\/\/www.royalpeptides.eu\/hu#website\",\"url\":\"https:\/\/www.royalpeptides.eu\/hu\",\"name\":\"Royal Peptides\",\"description\":\"\",\"publisher\":{\"@id\":\"https:\/\/www.royalpeptides.eu\/hu#organization\"},\"potentialAction\":[{\"@type\":\"SearchAction\",\"target\":{\"@type\":\"EntryPoint\",\"urlTemplate\":\"https:\/\/www.royalpeptides.eu\/hu?s={search_term_string}\"},\"query-input\":{\"@type\":\"PropertyValueSpecification\",\"valueRequired\":true,\"valueName\":\"search_term_string\"}}],\"inLanguage\":\"hu\"},{\"@type\":\"Organization\",\"@id\":\"https:\/\/www.royalpeptides.eu\/hu#organization\",\"name\":\"Royal Peptides\",\"url\":\"https:\/\/www.royalpeptides.eu\/hu\",\"logo\":{\"@type\":\"ImageObject\",\"inLanguage\":\"hu\",\"@id\":\"https:\/\/www.royalpeptides.eu\/hu#\/schema\/logo\/image\/\",\"url\":\"https:\/\/www.royalpeptides.eu\/wp-content\/uploads\/2026\/02\/royal_peptides_fade_edges.png\",\"contentUrl\":\"https:\/\/www.royalpeptides.eu\/wp-content\/uploads\/2026\/02\/royal_peptides_fade_edges.png\",\"width\":2048,\"height\":909,\"caption\":\"Royal Peptides\"},\"image\":{\"@id\":\"https:\/\/www.royalpeptides.eu\/hu#\/schema\/logo\/image\/\"},\"sameAs\":[\"https:\/\/www.facebook.com\/profile.php?id=61588101646707\",\"https:\/\/www.instagram.com\/royal_pep?igsh=Z2RoamNlaW1sZmFr\"]}]}<\/script>\n<!-- \/ Yoast SEO plugin. -->","yoast_head_json":{"title":"Adipotide - Royal Peptides","robots":{"index":"index","follow":"follow","max-snippet":"max-snippet:-1","max-image-preview":"max-image-preview:large","max-video-preview":"max-video-preview:-1"},"canonical":"https:\/\/www.royalpeptides.eu\/hu\/produkt\/adipotide","og_locale":"hu_HU","og_type":"article","og_title":"Adipotide - Royal Peptides","og_description":"Az Adipotide egy kutat\u00e1si peptid, amelyet laborat\u00f3riumi modellekben alkalmaznak a zs\u00edrsz\u00f6vet szelekt\u00edv cs\u00f6kkent\u00e9s\u00e9nek, a metabolikus \u00fatvonalaknak \u00e9s az energiam\u00e9rleg szab\u00e1lyoz\u00e1s\u00e1nak tanulm\u00e1nyoz\u00e1s\u00e1ra. \u2705 Csak kutat\u00e1si c\u00e9lokra \u274c Nem alkalmas hum\u00e1n felhaszn\u00e1l\u00e1sra Tartalom: 2mg","og_url":"https:\/\/www.royalpeptides.eu\/hu\/produkt\/adipotide","og_site_name":"Royal Peptides","article_publisher":"https:\/\/www.facebook.com\/profile.php?id=61588101646707","article_modified_time":"2026-04-15T08:16:44+00:00","og_image":[{"width":848,"height":1264,"url":"https:\/\/www.royalpeptides.eu\/wp-content\/uploads\/2026\/03\/Adipotide-2mg.png","type":"image\/png"}],"twitter_card":"summary_large_image","twitter_misc":{"Becs\u00fclt olvas\u00e1si id\u0151":"2 perc"},"schema":{"@context":"https:\/\/schema.org","@graph":[{"@type":"WebPage","@id":"https:\/\/www.royalpeptides.eu\/hu\/produkt\/adipotide","url":"https:\/\/www.royalpeptides.eu\/hu\/produkt\/adipotide","name":"Adipotide - Royal Peptides","isPartOf":{"@id":"https:\/\/www.royalpeptides.eu\/hu#website"},"primaryImageOfPage":{"@id":"https:\/\/www.royalpeptides.eu\/hu\/produkt\/adipotide#primaryimage"},"image":{"@id":"https:\/\/www.royalpeptides.eu\/hu\/produkt\/adipotide#primaryimage"},"thumbnailUrl":"https:\/\/www.royalpeptides.eu\/wp-content\/uploads\/2026\/03\/Adipotide-2mg.png","datePublished":"2026-03-04T09:57:17+00:00","dateModified":"2026-04-15T08:16:44+00:00","breadcrumb":{"@id":"https:\/\/www.royalpeptides.eu\/hu\/produkt\/adipotide#breadcrumb"},"inLanguage":"hu","potentialAction":[{"@type":"ReadAction","target":["https:\/\/www.royalpeptides.eu\/hu\/produkt\/adipotide"]}]},{"@type":"ImageObject","inLanguage":"hu","@id":"https:\/\/www.royalpeptides.eu\/hu\/produkt\/adipotide#primaryimage","url":"https:\/\/www.royalpeptides.eu\/wp-content\/uploads\/2026\/03\/Adipotide-2mg.png","contentUrl":"https:\/\/www.royalpeptides.eu\/wp-content\/uploads\/2026\/03\/Adipotide-2mg.png","width":848,"height":1264},{"@type":"BreadcrumbList","@id":"https:\/\/www.royalpeptides.eu\/hu\/produkt\/adipotide#breadcrumb","itemListElement":[{"@type":"ListItem","position":1,"name":"Domovsk\u00e1 str\u00e1nka","item":"https:\/\/www.royalpeptides.eu\/hu"},{"@type":"ListItem","position":2,"name":"Web\u00e1ruh\u00e1z","item":"https:\/\/www.royalpeptides.eu\/hu\/peptidek-vasarlasa"},{"@type":"ListItem","position":3,"name":"Adipotide"}]},{"@type":"WebSite","@id":"https:\/\/www.royalpeptides.eu\/hu#website","url":"https:\/\/www.royalpeptides.eu\/hu","name":"Royal Peptides","description":"","publisher":{"@id":"https:\/\/www.royalpeptides.eu\/hu#organization"},"potentialAction":[{"@type":"SearchAction","target":{"@type":"EntryPoint","urlTemplate":"https:\/\/www.royalpeptides.eu\/hu?s={search_term_string}"},"query-input":{"@type":"PropertyValueSpecification","valueRequired":true,"valueName":"search_term_string"}}],"inLanguage":"hu"},{"@type":"Organization","@id":"https:\/\/www.royalpeptides.eu\/hu#organization","name":"Royal Peptides","url":"https:\/\/www.royalpeptides.eu\/hu","logo":{"@type":"ImageObject","inLanguage":"hu","@id":"https:\/\/www.royalpeptides.eu\/hu#\/schema\/logo\/image\/","url":"https:\/\/www.royalpeptides.eu\/wp-content\/uploads\/2026\/02\/royal_peptides_fade_edges.png","contentUrl":"https:\/\/www.royalpeptides.eu\/wp-content\/uploads\/2026\/02\/royal_peptides_fade_edges.png","width":2048,"height":909,"caption":"Royal Peptides"},"image":{"@id":"https:\/\/www.royalpeptides.eu\/hu#\/schema\/logo\/image\/"},"sameAs":["https:\/\/www.facebook.com\/profile.php?id=61588101646707","https:\/\/www.instagram.com\/royal_pep?igsh=Z2RoamNlaW1sZmFr"]}]}},"_links":{"self":[{"href":"https:\/\/www.royalpeptides.eu\/hu\/wp-json\/wp\/v2\/product\/2384","targetHints":{"allow":["GET"]}}],"collection":[{"href":"https:\/\/www.royalpeptides.eu\/hu\/wp-json\/wp\/v2\/product"}],"about":[{"href":"https:\/\/www.royalpeptides.eu\/hu\/wp-json\/wp\/v2\/types\/product"}],"replies":[{"embeddable":true,"href":"https:\/\/www.royalpeptides.eu\/hu\/wp-json\/wp\/v2\/comments?post=2384"}],"wp:featuredmedia":[{"embeddable":true,"href":"https:\/\/www.royalpeptides.eu\/hu\/wp-json\/wp\/v2\/media\/2383"}],"wp:attachment":[{"href":"https:\/\/www.royalpeptides.eu\/hu\/wp-json\/wp\/v2\/media?parent=2384"}],"wp:term":[{"taxonomy":"product_brand","embeddable":true,"href":"https:\/\/www.royalpeptides.eu\/hu\/wp-json\/wp\/v2\/product_brand?post=2384"},{"taxonomy":"product_cat","embeddable":true,"href":"https:\/\/www.royalpeptides.eu\/hu\/wp-json\/wp\/v2\/product_cat?post=2384"},{"taxonomy":"product_tag","embeddable":true,"href":"https:\/\/www.royalpeptides.eu\/hu\/wp-json\/wp\/v2\/product_tag?post=2384"}],"curies":[{"name":"wp","href":"https:\/\/api.w.org\/{rel}","templated":true}]}}