{"id":3991,"date":"2026-04-22T21:07:54","date_gmt":"2026-04-22T19:07:54","guid":{"rendered":"https:\/\/www.royalpeptides.eu\/?post_type=product&#038;p=3991"},"modified":"2026-04-22T22:02:08","modified_gmt":"2026-04-22T20:02:08","slug":"davkovacie-pero","status":"publish","type":"product","link":"https:\/\/www.royalpeptides.eu\/hu\/produkt\/davkovacie-pero","title":{"rendered":"Adagol\u00f3 toll"},"content":{"rendered":"<p>A RoyalPeptides log\u00f3val ell\u00e1tott adagol\u00f3 toll egy \u00fcres, egyszer haszn\u00e1latos eszk\u00f6z, amely laborat\u00f3riumi \u00e9s kutat\u00e1si c\u00e9lokra k\u00e9sz\u00fclt. 3 ml steril csomagol\u00e1s\u00fa patront tartalmaz, \u00e9s kompatibilis a szabv\u00e1nyos inzulin t\u0171kkel (a t\u0171k nem r\u00e9szei a csomagnak). A toll mechanizmusa ak\u00e1r 50 kattint\u00e1s be\u00e1ll\u00edt\u00e1s\u00e1t is lehet\u0151v\u00e9 teszi, ahol 1 kattint\u00e1s 1 IU-nak felel meg, \u00edgy pontos \u00e9s kontroll\u00e1lt kezel\u00e9st biztos\u00edt k\u00eds\u00e9rleti k\u00f6r\u00fclm\u00e9nyek k\u00f6z\u00f6tt.<\/p>\n<p>A toll \u00fcresen ker\u00fcl sz\u00e1ll\u00edt\u00e1sra, \u00e9s egyedi felt\u00f6lt\u00e9sre szolg\u00e1l a kutat\u00e1s ig\u00e9nyei szerint. A patron p\u00e9ld\u00e1ul injekci\u00f3s vagy inzulin fecskend\u0151vel t\u00f6lthet\u0151 fel. Felt\u00f6lt\u00e9s el\u0151tt el kell t\u00e1vol\u00edtani a leveg\u0151t a fecskend\u0151b\u0151l, sz\u00fcks\u00e9g eset\u00e9n a t\u00f6lt\u00e9s sor\u00e1n egy m\u00e1sodik t\u0171 is haszn\u00e1lhat\u00f3, amelyen kereszt\u00fcl a leveg\u0151 t\u00e1vozhat a patronb\u00f3l. Ez egy egyszer haszn\u00e1latos term\u00e9k.<\/p>\n<p>\u274c Nem alkalmas hum\u00e1n vagy \u00e1llatgy\u00f3gy\u00e1szati felhaszn\u00e1l\u00e1sra<br \/>\n\u274c Nem szolg\u00e1l diagnosztikai vagy kezel\u00e9si c\u00e9lokra<\/p>\n<p>\u2705 Kiz\u00e1r\u00f3lag laborat\u00f3riumi \u00e9s tudom\u00e1nyos kutat\u00e1sra \u043f\u0440\u0435\u0434\u043d\u0430\u0437\u043d\u0430\u0447\u0435\u043d\u043e<\/p>\n","protected":false},"excerpt":{"rendered":"<p>A RoyalPeptides log\u00f3val ell\u00e1tott adagol\u00f3 toll egy \u00fcres, egyszer haszn\u00e1latos eszk\u00f6z, amely laborat\u00f3riumi \u00e9s kutat\u00e1si c\u00e9lokra k\u00e9sz\u00fclt. 3 ml steril csomagol\u00e1s\u00fa patront tartalmaz, \u00e9s kompatibilis a szabv\u00e1nyos inzulin t\u0171kkel (a t\u0171k nem r\u00e9szei a csomagnak). A toll mechanizmusa ak\u00e1r 50 kattint\u00e1s be\u00e1ll\u00edt\u00e1s\u00e1t is lehet\u0151v\u00e9 teszi, ahol 1 kattint\u00e1s 1 IU-nak felel meg, \u00edgy pontos \u00e9s [&hellip;]<\/p>\n","protected":false},"featured_media":3988,"comment_status":"closed","ping_status":"closed","template":"","meta":[],"product_brand":[],"product_cat":[305],"product_tag":[],"class_list":{"0":"post-3991","1":"product","2":"type-product","3":"status-publish","4":"has-post-thumbnail","6":"product_cat-kiegeszitok","7":"pa_obsah-3ml","9":"first","10":"instock","11":"purchasable","12":"product-type-simple"},"yoast_head":"<!-- This site is optimized with the Yoast SEO plugin v27.0 - https:\/\/yoast.com\/product\/yoast-seo-wordpress\/ -->\n<title>Adagol\u00f3 toll - Royal Peptides<\/title>\n<meta name=\"robots\" content=\"index, follow, max-snippet:-1, max-image-preview:large, max-video-preview:-1\" \/>\n<link rel=\"canonical\" href=\"https:\/\/www.royalpeptides.eu\/hu\/produkt\/davkovacie-pero\" \/>\n<meta property=\"og:locale\" content=\"hu_HU\" \/>\n<meta property=\"og:type\" content=\"article\" \/>\n<meta property=\"og:title\" content=\"Adagol\u00f3 toll - Royal Peptides\" \/>\n<meta property=\"og:description\" content=\"A RoyalPeptides log\u00f3val ell\u00e1tott adagol\u00f3 toll egy \u00fcres, egyszer haszn\u00e1latos eszk\u00f6z, amely laborat\u00f3riumi \u00e9s kutat\u00e1si c\u00e9lokra k\u00e9sz\u00fclt. 3 ml steril csomagol\u00e1s\u00fa patront tartalmaz, \u00e9s kompatibilis a szabv\u00e1nyos inzulin t\u0171kkel (a t\u0171k nem r\u00e9szei a csomagnak). A toll mechanizmusa ak\u00e1r 50 kattint\u00e1s be\u00e1ll\u00edt\u00e1s\u00e1t is lehet\u0151v\u00e9 teszi, ahol 1 kattint\u00e1s 1 IU-nak felel meg, \u00edgy pontos \u00e9s [&hellip;]\" \/>\n<meta property=\"og:url\" content=\"https:\/\/www.royalpeptides.eu\/hu\/produkt\/davkovacie-pero\" \/>\n<meta property=\"og:site_name\" content=\"Royal Peptides\" \/>\n<meta property=\"article:publisher\" content=\"https:\/\/www.facebook.com\/profile.php?id=61588101646707\" \/>\n<meta property=\"article:modified_time\" content=\"2026-04-22T20:02:08+00:00\" \/>\n<meta property=\"og:image\" content=\"https:\/\/www.royalpeptides.eu\/wp-content\/uploads\/2026\/04\/pero-produkt.png\" \/>\n\t<meta property=\"og:image:width\" content=\"1536\" \/>\n\t<meta property=\"og:image:height\" content=\"1024\" \/>\n\t<meta property=\"og:image:type\" content=\"image\/png\" \/>\n<meta name=\"twitter:card\" content=\"summary_large_image\" \/>\n<meta name=\"twitter:label1\" content=\"Becs\u00fclt olvas\u00e1si id\u0151\" \/>\n\t<meta name=\"twitter:data1\" content=\"1 perc\" \/>\n<script type=\"application\/ld+json\" class=\"yoast-schema-graph\">{\"@context\":\"https:\/\/schema.org\",\"@graph\":[{\"@type\":\"WebPage\",\"@id\":\"https:\/\/www.royalpeptides.eu\/hu\/produkt\/davkovacie-pero\",\"url\":\"https:\/\/www.royalpeptides.eu\/hu\/produkt\/davkovacie-pero\",\"name\":\"Adagol\u00f3 toll - Royal Peptides\",\"isPartOf\":{\"@id\":\"https:\/\/www.royalpeptides.eu\/hu#website\"},\"primaryImageOfPage\":{\"@id\":\"https:\/\/www.royalpeptides.eu\/hu\/produkt\/davkovacie-pero#primaryimage\"},\"image\":{\"@id\":\"https:\/\/www.royalpeptides.eu\/hu\/produkt\/davkovacie-pero#primaryimage\"},\"thumbnailUrl\":\"https:\/\/www.royalpeptides.eu\/wp-content\/uploads\/2026\/04\/pero-produkt.png\",\"datePublished\":\"2026-04-22T19:07:54+00:00\",\"dateModified\":\"2026-04-22T20:02:08+00:00\",\"breadcrumb\":{\"@id\":\"https:\/\/www.royalpeptides.eu\/hu\/produkt\/davkovacie-pero#breadcrumb\"},\"inLanguage\":\"hu\",\"potentialAction\":[{\"@type\":\"ReadAction\",\"target\":[\"https:\/\/www.royalpeptides.eu\/hu\/produkt\/davkovacie-pero\"]}]},{\"@type\":\"ImageObject\",\"inLanguage\":\"hu\",\"@id\":\"https:\/\/www.royalpeptides.eu\/hu\/produkt\/davkovacie-pero#primaryimage\",\"url\":\"https:\/\/www.royalpeptides.eu\/wp-content\/uploads\/2026\/04\/pero-produkt.png\",\"contentUrl\":\"https:\/\/www.royalpeptides.eu\/wp-content\/uploads\/2026\/04\/pero-produkt.png\",\"width\":1536,\"height\":1024},{\"@type\":\"BreadcrumbList\",\"@id\":\"https:\/\/www.royalpeptides.eu\/hu\/produkt\/davkovacie-pero#breadcrumb\",\"itemListElement\":[{\"@type\":\"ListItem\",\"position\":1,\"name\":\"Domovsk\u00e1 str\u00e1nka\",\"item\":\"https:\/\/www.royalpeptides.eu\/hu\"},{\"@type\":\"ListItem\",\"position\":2,\"name\":\"Web\u00e1ruh\u00e1z\",\"item\":\"https:\/\/www.royalpeptides.eu\/hu\/peptidek-vasarlasa\"},{\"@type\":\"ListItem\",\"position\":3,\"name\":\"Adagol\u00f3 toll\"}]},{\"@type\":\"WebSite\",\"@id\":\"https:\/\/www.royalpeptides.eu\/hu#website\",\"url\":\"https:\/\/www.royalpeptides.eu\/hu\",\"name\":\"Royal Peptides\",\"description\":\"\",\"publisher\":{\"@id\":\"https:\/\/www.royalpeptides.eu\/hu#organization\"},\"potentialAction\":[{\"@type\":\"SearchAction\",\"target\":{\"@type\":\"EntryPoint\",\"urlTemplate\":\"https:\/\/www.royalpeptides.eu\/hu?s={search_term_string}\"},\"query-input\":{\"@type\":\"PropertyValueSpecification\",\"valueRequired\":true,\"valueName\":\"search_term_string\"}}],\"inLanguage\":\"hu\"},{\"@type\":\"Organization\",\"@id\":\"https:\/\/www.royalpeptides.eu\/hu#organization\",\"name\":\"Royal Peptides\",\"url\":\"https:\/\/www.royalpeptides.eu\/hu\",\"logo\":{\"@type\":\"ImageObject\",\"inLanguage\":\"hu\",\"@id\":\"https:\/\/www.royalpeptides.eu\/hu#\/schema\/logo\/image\/\",\"url\":\"https:\/\/www.royalpeptides.eu\/wp-content\/uploads\/2026\/02\/royal_peptides_fade_edges.png\",\"contentUrl\":\"https:\/\/www.royalpeptides.eu\/wp-content\/uploads\/2026\/02\/royal_peptides_fade_edges.png\",\"width\":2048,\"height\":909,\"caption\":\"Royal Peptides\"},\"image\":{\"@id\":\"https:\/\/www.royalpeptides.eu\/hu#\/schema\/logo\/image\/\"},\"sameAs\":[\"https:\/\/www.facebook.com\/profile.php?id=61588101646707\",\"https:\/\/www.instagram.com\/royal_pep?igsh=Z2RoamNlaW1sZmFr\"]}]}<\/script>\n<!-- \/ Yoast SEO plugin. -->","yoast_head_json":{"title":"Adagol\u00f3 toll - Royal Peptides","robots":{"index":"index","follow":"follow","max-snippet":"max-snippet:-1","max-image-preview":"max-image-preview:large","max-video-preview":"max-video-preview:-1"},"canonical":"https:\/\/www.royalpeptides.eu\/hu\/produkt\/davkovacie-pero","og_locale":"hu_HU","og_type":"article","og_title":"Adagol\u00f3 toll - Royal Peptides","og_description":"A RoyalPeptides log\u00f3val ell\u00e1tott adagol\u00f3 toll egy \u00fcres, egyszer haszn\u00e1latos eszk\u00f6z, amely laborat\u00f3riumi \u00e9s kutat\u00e1si c\u00e9lokra k\u00e9sz\u00fclt. 3 ml steril csomagol\u00e1s\u00fa patront tartalmaz, \u00e9s kompatibilis a szabv\u00e1nyos inzulin t\u0171kkel (a t\u0171k nem r\u00e9szei a csomagnak). A toll mechanizmusa ak\u00e1r 50 kattint\u00e1s be\u00e1ll\u00edt\u00e1s\u00e1t is lehet\u0151v\u00e9 teszi, ahol 1 kattint\u00e1s 1 IU-nak felel meg, \u00edgy pontos \u00e9s [&hellip;]","og_url":"https:\/\/www.royalpeptides.eu\/hu\/produkt\/davkovacie-pero","og_site_name":"Royal Peptides","article_publisher":"https:\/\/www.facebook.com\/profile.php?id=61588101646707","article_modified_time":"2026-04-22T20:02:08+00:00","og_image":[{"width":1536,"height":1024,"url":"https:\/\/www.royalpeptides.eu\/wp-content\/uploads\/2026\/04\/pero-produkt.png","type":"image\/png"}],"twitter_card":"summary_large_image","twitter_misc":{"Becs\u00fclt olvas\u00e1si id\u0151":"1 perc"},"schema":{"@context":"https:\/\/schema.org","@graph":[{"@type":"WebPage","@id":"https:\/\/www.royalpeptides.eu\/hu\/produkt\/davkovacie-pero","url":"https:\/\/www.royalpeptides.eu\/hu\/produkt\/davkovacie-pero","name":"Adagol\u00f3 toll - Royal Peptides","isPartOf":{"@id":"https:\/\/www.royalpeptides.eu\/hu#website"},"primaryImageOfPage":{"@id":"https:\/\/www.royalpeptides.eu\/hu\/produkt\/davkovacie-pero#primaryimage"},"image":{"@id":"https:\/\/www.royalpeptides.eu\/hu\/produkt\/davkovacie-pero#primaryimage"},"thumbnailUrl":"https:\/\/www.royalpeptides.eu\/wp-content\/uploads\/2026\/04\/pero-produkt.png","datePublished":"2026-04-22T19:07:54+00:00","dateModified":"2026-04-22T20:02:08+00:00","breadcrumb":{"@id":"https:\/\/www.royalpeptides.eu\/hu\/produkt\/davkovacie-pero#breadcrumb"},"inLanguage":"hu","potentialAction":[{"@type":"ReadAction","target":["https:\/\/www.royalpeptides.eu\/hu\/produkt\/davkovacie-pero"]}]},{"@type":"ImageObject","inLanguage":"hu","@id":"https:\/\/www.royalpeptides.eu\/hu\/produkt\/davkovacie-pero#primaryimage","url":"https:\/\/www.royalpeptides.eu\/wp-content\/uploads\/2026\/04\/pero-produkt.png","contentUrl":"https:\/\/www.royalpeptides.eu\/wp-content\/uploads\/2026\/04\/pero-produkt.png","width":1536,"height":1024},{"@type":"BreadcrumbList","@id":"https:\/\/www.royalpeptides.eu\/hu\/produkt\/davkovacie-pero#breadcrumb","itemListElement":[{"@type":"ListItem","position":1,"name":"Domovsk\u00e1 str\u00e1nka","item":"https:\/\/www.royalpeptides.eu\/hu"},{"@type":"ListItem","position":2,"name":"Web\u00e1ruh\u00e1z","item":"https:\/\/www.royalpeptides.eu\/hu\/peptidek-vasarlasa"},{"@type":"ListItem","position":3,"name":"Adagol\u00f3 toll"}]},{"@type":"WebSite","@id":"https:\/\/www.royalpeptides.eu\/hu#website","url":"https:\/\/www.royalpeptides.eu\/hu","name":"Royal Peptides","description":"","publisher":{"@id":"https:\/\/www.royalpeptides.eu\/hu#organization"},"potentialAction":[{"@type":"SearchAction","target":{"@type":"EntryPoint","urlTemplate":"https:\/\/www.royalpeptides.eu\/hu?s={search_term_string}"},"query-input":{"@type":"PropertyValueSpecification","valueRequired":true,"valueName":"search_term_string"}}],"inLanguage":"hu"},{"@type":"Organization","@id":"https:\/\/www.royalpeptides.eu\/hu#organization","name":"Royal Peptides","url":"https:\/\/www.royalpeptides.eu\/hu","logo":{"@type":"ImageObject","inLanguage":"hu","@id":"https:\/\/www.royalpeptides.eu\/hu#\/schema\/logo\/image\/","url":"https:\/\/www.royalpeptides.eu\/wp-content\/uploads\/2026\/02\/royal_peptides_fade_edges.png","contentUrl":"https:\/\/www.royalpeptides.eu\/wp-content\/uploads\/2026\/02\/royal_peptides_fade_edges.png","width":2048,"height":909,"caption":"Royal Peptides"},"image":{"@id":"https:\/\/www.royalpeptides.eu\/hu#\/schema\/logo\/image\/"},"sameAs":["https:\/\/www.facebook.com\/profile.php?id=61588101646707","https:\/\/www.instagram.com\/royal_pep?igsh=Z2RoamNlaW1sZmFr"]}]}},"_links":{"self":[{"href":"https:\/\/www.royalpeptides.eu\/hu\/wp-json\/wp\/v2\/product\/3991","targetHints":{"allow":["GET"]}}],"collection":[{"href":"https:\/\/www.royalpeptides.eu\/hu\/wp-json\/wp\/v2\/product"}],"about":[{"href":"https:\/\/www.royalpeptides.eu\/hu\/wp-json\/wp\/v2\/types\/product"}],"replies":[{"embeddable":true,"href":"https:\/\/www.royalpeptides.eu\/hu\/wp-json\/wp\/v2\/comments?post=3991"}],"wp:featuredmedia":[{"embeddable":true,"href":"https:\/\/www.royalpeptides.eu\/hu\/wp-json\/wp\/v2\/media\/3988"}],"wp:attachment":[{"href":"https:\/\/www.royalpeptides.eu\/hu\/wp-json\/wp\/v2\/media?parent=3991"}],"wp:term":[{"taxonomy":"product_brand","embeddable":true,"href":"https:\/\/www.royalpeptides.eu\/hu\/wp-json\/wp\/v2\/product_brand?post=3991"},{"taxonomy":"product_cat","embeddable":true,"href":"https:\/\/www.royalpeptides.eu\/hu\/wp-json\/wp\/v2\/product_cat?post=3991"},{"taxonomy":"product_tag","embeddable":true,"href":"https:\/\/www.royalpeptides.eu\/hu\/wp-json\/wp\/v2\/product_tag?post=3991"}],"curies":[{"name":"wp","href":"https:\/\/api.w.org\/{rel}","templated":true}]}}