{"id":3365,"date":"2026-02-17T14:23:35","date_gmt":"2026-02-17T13:23:35","guid":{"rendered":"https:\/\/www.royalpeptides.eu\/?page_id=3365"},"modified":"2026-04-16T10:51:30","modified_gmt":"2026-04-16T08:51:30","slug":"politica-de-confidentialitate","status":"publish","type":"page","link":"https:\/\/www.royalpeptides.eu\/ro\/politica-de-confidentialitate","title":{"rendered":"Politica de confiden\u021bialitate"},"content":{"rendered":"\t\t<div data-elementor-type=\"wp-page\" data-elementor-id=\"3365\" class=\"elementor elementor-3365 elementor-3\" data-elementor-post-type=\"page\">\n\t\t\t\t<div class=\"elementor-element elementor-element-3305f135 e-flex e-con-boxed e-con e-parent\" data-id=\"3305f135\" data-element_type=\"container\" data-e-type=\"container\" data-settings=\"{&quot;background_background&quot;:&quot;classic&quot;}\">\n\t\t\t\t\t<div class=\"e-con-inner\">\n\t\t<div class=\"elementor-element elementor-element-628fe60b e-con-full e-flex e-con e-child\" data-id=\"628fe60b\" data-element_type=\"container\" data-e-type=\"container\" data-settings=\"{&quot;background_background&quot;:&quot;classic&quot;}\">\n\t\t\t\t<div class=\"elementor-element elementor-element-29ed0584 elementor-widget elementor-widget-heading\" data-id=\"29ed0584\" data-element_type=\"widget\" data-e-type=\"widget\" data-widget_type=\"heading.default\">\n\t\t\t\t\t<h1 class=\"elementor-heading-title elementor-size-default\">Politica de confiden\u021bialitate<\/h1>\t\t\t\t<\/div>\n\t\t\t\t<\/div>\n\t\t\t\t\t<\/div>\n\t\t\t\t<\/div>\n\t\t<div class=\"elementor-element elementor-element-7d836bcb e-flex e-con-boxed e-con e-parent\" data-id=\"7d836bcb\" data-element_type=\"container\" data-e-type=\"container\">\n\t\t\t\t\t<div class=\"e-con-inner\">\n\t\t\t\t<div class=\"elementor-element elementor-element-4a06f51c elementor-widget elementor-widget-text-editor\" data-id=\"4a06f51c\" data-element_type=\"widget\" data-e-type=\"widget\" data-widget_type=\"text-editor.default\">\n\t\t\t\t\t\t\t\t\t<p><strong>PROTEC\u021aIA DATELOR CU CARACTER PERSONAL \u0218I INFORMA\u021aII DESPRE COOKIE-URI\u00a0<\/strong><\/p><p><strong>Politici \u0219i informa\u021bii privind protec\u021bia datelor cu caracter personal furnizate de operator persoanei vizate la colectarea datelor cu caracter personal \u0219i informa\u021bii despre cookie-urile magazinului online www.royalpeptides.eu<br \/><\/strong><\/p><p>Suntem compania Barbarea s.r.o., Drot\u00e1rska cesta 19B 811 02 Bratislava &#8211; sectorul Star\u00e9 Mesto, I\u010cO: 51474271, \u00eenregistrat\u0103 \u00een Registrul Comer\u021bului al Tribunalului Municipal Bratislava III, Sec\u021biunea Sro, Dosar nr. 161486\/B<\/p><p>Email de contact: <a href=\"mailto:info@royalpeptides.eu\">info@royalpeptides.eu<br \/><\/a><\/p><p>Oper\u0103m magazinul online pe site-ul www.royalpeptides.eu<\/p><p>\u00cen furnizarea serviciilor noastre, v\u00e2nzarea de produse \u0219i operarea site-ului nostru, prelucr\u0103m anumite date cu caracter personal.<\/p><p>Prelucrarea datelor cu caracter personal este reglementat\u0103 \u00een principal de Regulamentul (UE) 2016\/679 al Parlamentului European \u0219i al Consiliului din 27 aprilie 2016 (\u201e<strong>GDPR<\/strong>\u201c).<\/p><ol><li>Prelucrarea datelor cu caracter personal<\/li><\/ol><ol><li><strong>Prelucrarea datelor \u00een cazul utiliz\u0103rii formularului de contact<\/strong><\/li><\/ol><p>Dac\u0103 ne contacta\u021bi \u00een leg\u0103tur\u0103 cu produsele sau serviciile noastre, vom prelucra datele dvs. de contact furnizate, \u00een special prin formularul de contact. Acestea includ: nume, prenume, adres\u0103, e-mail, telefon fix, telefon mobil, adres\u0103 de facturare, adres\u0103 de livrare, date din cookies \u0219i adresa IP.<\/p><p><u>De ce?<\/u><br \/>Pentru a v\u0103 contacta \u00een leg\u0103tur\u0103 cu oferta noastr\u0103 de produse.<\/p><p><u>Temei legal<\/u><br \/>Art. 6 alin. 1 lit. b) GDPR \u2013 executarea unui contract sau m\u0103suri precontractuale.<\/p><p>Dac\u0103 nu furniza\u021bi aceste date, nu vom putea comunica pentru \u00eencheierea contractului.<\/p><p><u>Durata<\/u><br \/>Maxim 5 ani de la ultima comunicare, dac\u0103 nu apare colaborare ulterioar\u0103.<\/p><ol><li><strong>Prelucrarea datelor \u00een cazul achizi\u021biei<\/strong><\/li><\/ol><p>Dac\u0103 cump\u0103ra\u021bi de la noi, prelucr\u0103m datele necesare pentru contract: nume, prenume, adres\u0103, e-mail, telefon, adrese, cookies, IP.<\/p><p><u>De ce?<\/u><br \/>Pentru livrare, comunicare \u0219i obliga\u021bii legale (contabilitate, taxe, reclama\u021bii).<\/p><p><u>Temei legal<\/u><br \/>Art. 6 alin. 1 lit. b) \u0219i c) GDPR.<\/p><p><u>Durata<\/u><br \/>Pe durata contractului \u0219i max. 5 ani dup\u0103.<\/p><ol><li><strong>Newsletter (comunicare comercial\u0103)<\/strong><\/li><\/ol><p>Dac\u0103 a\u021bi cump\u0103rat \u0219i nu a\u021bi refuzat, folosim emailul pentru marketing.<\/p><p><u>Temei legal<\/u><br \/>Art. 6 alin. 1 lit. f) GDPR \u2013 interes legitim.<\/p><p><u>Durata<\/u><br \/>5 ani de la ultima achizi\u021bie. V\u0103 pute\u021bi dezabona oric\u00e2nd.<\/p><ol><li>Cine are acces la date?<\/li><\/ol><p>Datele r\u0103m\u00e2n la noi, dar pot fi accesate de:<\/p><ul><li>Packeta Slovakia s.r.o. \u2013 servicii de livrare<\/li><\/ul><p>De asemenea:<\/p><p>Google (SUA)<br \/>Meta \/ Facebook (Irlanda)<\/p><p>Datele sunt prelucrate \u00een UE.<\/p><p>III. Alte informa\u021bii<\/p><p>Avem responsabil cu protec\u021bia datelor.<br \/>Nu exist\u0103 decizii automate sau profilare.<\/p><p>Contact: info@royalpeptides.eu<\/p><ol><li>Utilizarea cookie-urilor<\/li><\/ol><p>Cookie-urile sunt fi\u0219iere mici stocate pe dispozitivul dvs.<\/p><p>Roluri:<\/p><p>navigare eficient\u0103<br \/>memorarea preferin\u021belor<br \/>personalizare<\/p><p>Tipuri:<\/p><ul><li><strong>Necesar<\/strong> \u2013 func\u021bionare site<\/li><li><strong>Analitic<\/strong> \u2013 statistici (cu consim\u021b\u0103m\u00e2nt)<\/li><li><strong>Marketing<\/strong> \u2013 publicitate (cu consim\u021b\u0103m\u00e2nt)<\/li><\/ul><p>Ter\u021be p\u0103r\u021bi pot folosi cookie-uri.<\/p><p>Pute\u021bi gestiona cookie-urile \u00een browser sau prin banner.<\/p><ol><li>Drepturile dvs.<\/li><\/ol><p>Ave\u021bi dreptul:<\/p><p>acces<br \/>rectificare<br \/>\u0219tergere<br \/>restric\u021bionare<br \/>portabilitate<br \/>opozi\u021bie<\/p><p>Pute\u021bi depune pl\u00e2ngere la autoritatea din Slovacia sau la instan\u021b\u0103.<\/p><p>Aceste politici sunt valabile din 01.02.2026<\/p>\t\t\t\t\t\t\t\t<\/div>\n\t\t\t\t\t<\/div>\n\t\t\t\t<\/div>\n\t\t\t\t<\/div>\n\t\t","protected":false},"excerpt":{"rendered":"<p>Politica de confiden\u021bialitate PROTEC\u021aIA DATELOR CU CARACTER PERSONAL \u0218I INFORMA\u021aII DESPRE COOKIE-URI\u00a0 Politici \u0219i informa\u021bii privind protec\u021bia datelor cu caracter personal furnizate de operator persoanei vizate la colectarea datelor cu caracter personal \u0219i informa\u021bii despre cookie-urile magazinului online www.royalpeptides.eu Suntem compania Barbarea s.r.o., Drot\u00e1rska cesta 19B 811 02 Bratislava &#8211; sectorul Star\u00e9 Mesto, I\u010cO: 51474271, [&hellip;]<\/p>\n","protected":false},"author":1,"featured_media":0,"parent":0,"menu_order":0,"comment_status":"closed","ping_status":"open","template":"","meta":{"footnotes":""},"class_list":["post-3365","page","type-page","status-publish","hentry"],"yoast_head":"<!-- This site is optimized with the Yoast SEO plugin v27.0 - https:\/\/yoast.com\/product\/yoast-seo-wordpress\/ -->\n<title>Politica de confiden\u021bialitate - Royal Peptides<\/title>\n<meta name=\"robots\" content=\"index, follow, max-snippet:-1, max-image-preview:large, max-video-preview:-1\" \/>\n<link rel=\"canonical\" href=\"https:\/\/www.royalpeptides.eu\/ro\/politica-de-confidentialitate\" \/>\n<meta property=\"og:locale\" content=\"ro_RO\" \/>\n<meta property=\"og:type\" content=\"article\" \/>\n<meta property=\"og:title\" content=\"Politica de confiden\u021bialitate - Royal Peptides\" \/>\n<meta property=\"og:description\" content=\"Politica de confiden\u021bialitate PROTEC\u021aIA DATELOR CU CARACTER PERSONAL \u0218I INFORMA\u021aII DESPRE COOKIE-URI\u00a0 Politici \u0219i informa\u021bii privind protec\u021bia datelor cu caracter personal furnizate de operator persoanei vizate la colectarea datelor cu caracter personal \u0219i informa\u021bii despre cookie-urile magazinului online www.royalpeptides.eu Suntem compania Barbarea s.r.o., Drot\u00e1rska cesta 19B 811 02 Bratislava &#8211; sectorul Star\u00e9 Mesto, I\u010cO: 51474271, [&hellip;]\" \/>\n<meta property=\"og:url\" content=\"https:\/\/www.royalpeptides.eu\/ro\/politica-de-confidentialitate\" \/>\n<meta property=\"og:site_name\" content=\"Royal Peptides\" \/>\n<meta property=\"article:publisher\" content=\"https:\/\/www.facebook.com\/profile.php?id=61588101646707\" \/>\n<meta property=\"article:modified_time\" content=\"2026-04-16T08:51:30+00:00\" \/>\n<meta name=\"twitter:card\" content=\"summary_large_image\" \/>\n<meta name=\"twitter:label1\" content=\"Timp estimat pentru citire\" \/>\n\t<meta name=\"twitter:data1\" content=\"3 minute\" \/>\n<script type=\"application\/ld+json\" class=\"yoast-schema-graph\">{\"@context\":\"https:\/\/schema.org\",\"@graph\":[{\"@type\":\"WebPage\",\"@id\":\"https:\/\/www.royalpeptides.eu\/ro\/politica-de-confidentialitate\",\"url\":\"https:\/\/www.royalpeptides.eu\/ro\/politica-de-confidentialitate\",\"name\":\"Politica de confiden\u021bialitate - Royal Peptides\",\"isPartOf\":{\"@id\":\"https:\/\/www.royalpeptides.eu\/ro#website\"},\"datePublished\":\"2026-02-17T13:23:35+00:00\",\"dateModified\":\"2026-04-16T08:51:30+00:00\",\"breadcrumb\":{\"@id\":\"https:\/\/www.royalpeptides.eu\/ro\/politica-de-confidentialitate#breadcrumb\"},\"inLanguage\":\"ro-RO\",\"potentialAction\":[{\"@type\":\"ReadAction\",\"target\":[\"https:\/\/www.royalpeptides.eu\/ro\/politica-de-confidentialitate\"]}]},{\"@type\":\"BreadcrumbList\",\"@id\":\"https:\/\/www.royalpeptides.eu\/ro\/politica-de-confidentialitate#breadcrumb\",\"itemListElement\":[{\"@type\":\"ListItem\",\"position\":1,\"name\":\"Domovsk\u00e1 str\u00e1nka\",\"item\":\"https:\/\/www.royalpeptides.eu\/ro\"},{\"@type\":\"ListItem\",\"position\":2,\"name\":\"Politica de confiden\u021bialitate\"}]},{\"@type\":\"WebSite\",\"@id\":\"https:\/\/www.royalpeptides.eu\/ro#website\",\"url\":\"https:\/\/www.royalpeptides.eu\/ro\",\"name\":\"Royal Peptides\",\"description\":\"\",\"publisher\":{\"@id\":\"https:\/\/www.royalpeptides.eu\/ro#organization\"},\"potentialAction\":[{\"@type\":\"SearchAction\",\"target\":{\"@type\":\"EntryPoint\",\"urlTemplate\":\"https:\/\/www.royalpeptides.eu\/ro?s={search_term_string}\"},\"query-input\":{\"@type\":\"PropertyValueSpecification\",\"valueRequired\":true,\"valueName\":\"search_term_string\"}}],\"inLanguage\":\"ro-RO\"},{\"@type\":\"Organization\",\"@id\":\"https:\/\/www.royalpeptides.eu\/ro#organization\",\"name\":\"Royal Peptides\",\"url\":\"https:\/\/www.royalpeptides.eu\/ro\",\"logo\":{\"@type\":\"ImageObject\",\"inLanguage\":\"ro-RO\",\"@id\":\"https:\/\/www.royalpeptides.eu\/ro#\/schema\/logo\/image\/\",\"url\":\"https:\/\/www.royalpeptides.eu\/wp-content\/uploads\/2026\/02\/royal_peptides_fade_edges.png\",\"contentUrl\":\"https:\/\/www.royalpeptides.eu\/wp-content\/uploads\/2026\/02\/royal_peptides_fade_edges.png\",\"width\":2048,\"height\":909,\"caption\":\"Royal Peptides\"},\"image\":{\"@id\":\"https:\/\/www.royalpeptides.eu\/ro#\/schema\/logo\/image\/\"},\"sameAs\":[\"https:\/\/www.facebook.com\/profile.php?id=61588101646707\",\"https:\/\/www.instagram.com\/royal_pep?igsh=Z2RoamNlaW1sZmFr\"]}]}<\/script>\n<!-- \/ Yoast SEO plugin. -->","yoast_head_json":{"title":"Politica de confiden\u021bialitate - Royal Peptides","robots":{"index":"index","follow":"follow","max-snippet":"max-snippet:-1","max-image-preview":"max-image-preview:large","max-video-preview":"max-video-preview:-1"},"canonical":"https:\/\/www.royalpeptides.eu\/ro\/politica-de-confidentialitate","og_locale":"ro_RO","og_type":"article","og_title":"Politica de confiden\u021bialitate - Royal Peptides","og_description":"Politica de confiden\u021bialitate PROTEC\u021aIA DATELOR CU CARACTER PERSONAL \u0218I INFORMA\u021aII DESPRE COOKIE-URI\u00a0 Politici \u0219i informa\u021bii privind protec\u021bia datelor cu caracter personal furnizate de operator persoanei vizate la colectarea datelor cu caracter personal \u0219i informa\u021bii despre cookie-urile magazinului online www.royalpeptides.eu Suntem compania Barbarea s.r.o., Drot\u00e1rska cesta 19B 811 02 Bratislava &#8211; sectorul Star\u00e9 Mesto, I\u010cO: 51474271, [&hellip;]","og_url":"https:\/\/www.royalpeptides.eu\/ro\/politica-de-confidentialitate","og_site_name":"Royal Peptides","article_publisher":"https:\/\/www.facebook.com\/profile.php?id=61588101646707","article_modified_time":"2026-04-16T08:51:30+00:00","twitter_card":"summary_large_image","twitter_misc":{"Timp estimat pentru citire":"3 minute"},"schema":{"@context":"https:\/\/schema.org","@graph":[{"@type":"WebPage","@id":"https:\/\/www.royalpeptides.eu\/ro\/politica-de-confidentialitate","url":"https:\/\/www.royalpeptides.eu\/ro\/politica-de-confidentialitate","name":"Politica de confiden\u021bialitate - Royal Peptides","isPartOf":{"@id":"https:\/\/www.royalpeptides.eu\/ro#website"},"datePublished":"2026-02-17T13:23:35+00:00","dateModified":"2026-04-16T08:51:30+00:00","breadcrumb":{"@id":"https:\/\/www.royalpeptides.eu\/ro\/politica-de-confidentialitate#breadcrumb"},"inLanguage":"ro-RO","potentialAction":[{"@type":"ReadAction","target":["https:\/\/www.royalpeptides.eu\/ro\/politica-de-confidentialitate"]}]},{"@type":"BreadcrumbList","@id":"https:\/\/www.royalpeptides.eu\/ro\/politica-de-confidentialitate#breadcrumb","itemListElement":[{"@type":"ListItem","position":1,"name":"Domovsk\u00e1 str\u00e1nka","item":"https:\/\/www.royalpeptides.eu\/ro"},{"@type":"ListItem","position":2,"name":"Politica de confiden\u021bialitate"}]},{"@type":"WebSite","@id":"https:\/\/www.royalpeptides.eu\/ro#website","url":"https:\/\/www.royalpeptides.eu\/ro","name":"Royal Peptides","description":"","publisher":{"@id":"https:\/\/www.royalpeptides.eu\/ro#organization"},"potentialAction":[{"@type":"SearchAction","target":{"@type":"EntryPoint","urlTemplate":"https:\/\/www.royalpeptides.eu\/ro?s={search_term_string}"},"query-input":{"@type":"PropertyValueSpecification","valueRequired":true,"valueName":"search_term_string"}}],"inLanguage":"ro-RO"},{"@type":"Organization","@id":"https:\/\/www.royalpeptides.eu\/ro#organization","name":"Royal Peptides","url":"https:\/\/www.royalpeptides.eu\/ro","logo":{"@type":"ImageObject","inLanguage":"ro-RO","@id":"https:\/\/www.royalpeptides.eu\/ro#\/schema\/logo\/image\/","url":"https:\/\/www.royalpeptides.eu\/wp-content\/uploads\/2026\/02\/royal_peptides_fade_edges.png","contentUrl":"https:\/\/www.royalpeptides.eu\/wp-content\/uploads\/2026\/02\/royal_peptides_fade_edges.png","width":2048,"height":909,"caption":"Royal Peptides"},"image":{"@id":"https:\/\/www.royalpeptides.eu\/ro#\/schema\/logo\/image\/"},"sameAs":["https:\/\/www.facebook.com\/profile.php?id=61588101646707","https:\/\/www.instagram.com\/royal_pep?igsh=Z2RoamNlaW1sZmFr"]}]}},"_links":{"self":[{"href":"https:\/\/www.royalpeptides.eu\/ro\/wp-json\/wp\/v2\/pages\/3365","targetHints":{"allow":["GET"]}}],"collection":[{"href":"https:\/\/www.royalpeptides.eu\/ro\/wp-json\/wp\/v2\/pages"}],"about":[{"href":"https:\/\/www.royalpeptides.eu\/ro\/wp-json\/wp\/v2\/types\/page"}],"author":[{"embeddable":true,"href":"https:\/\/www.royalpeptides.eu\/ro\/wp-json\/wp\/v2\/users\/1"}],"replies":[{"embeddable":true,"href":"https:\/\/www.royalpeptides.eu\/ro\/wp-json\/wp\/v2\/comments?post=3365"}],"version-history":[{"count":4,"href":"https:\/\/www.royalpeptides.eu\/ro\/wp-json\/wp\/v2\/pages\/3365\/revisions"}],"predecessor-version":[{"id":3369,"href":"https:\/\/www.royalpeptides.eu\/ro\/wp-json\/wp\/v2\/pages\/3365\/revisions\/3369"}],"wp:attachment":[{"href":"https:\/\/www.royalpeptides.eu\/ro\/wp-json\/wp\/v2\/media?parent=3365"}],"curies":[{"name":"wp","href":"https:\/\/api.w.org\/{rel}","templated":true}]}}