{"id":3392,"date":"2026-02-25T18:53:01","date_gmt":"2026-02-25T17:53:01","guid":{"rendered":"https:\/\/www.royalpeptides.eu\/?page_id=3392"},"modified":"2026-04-16T12:34:43","modified_gmt":"2026-04-16T10:34:43","slug":"cum-sa-cumperi-plata-livrare","status":"publish","type":"page","link":"https:\/\/www.royalpeptides.eu\/ro\/cum-sa-cumperi-plata-livrare","title":{"rendered":"Cum s\u0103 cumperi, plat\u0103, livrare"},"content":{"rendered":"\t\t<div data-elementor-type=\"wp-page\" data-elementor-id=\"3392\" class=\"elementor elementor-3392 elementor-624\" data-elementor-post-type=\"page\">\n\t\t\t\t<div class=\"elementor-element elementor-element-7d872dc7 e-flex e-con-boxed e-con e-parent\" data-id=\"7d872dc7\" data-element_type=\"container\" data-e-type=\"container\" data-settings=\"{&quot;background_background&quot;:&quot;classic&quot;}\">\n\t\t\t\t\t<div class=\"e-con-inner\">\n\t\t<div class=\"elementor-element elementor-element-3b841669 e-con-full e-flex e-con e-child\" data-id=\"3b841669\" data-element_type=\"container\" data-e-type=\"container\" data-settings=\"{&quot;background_background&quot;:&quot;classic&quot;}\">\n\t\t\t\t<div class=\"elementor-element elementor-element-2698f8f0 elementor-widget elementor-widget-heading\" data-id=\"2698f8f0\" data-element_type=\"widget\" data-e-type=\"widget\" data-widget_type=\"heading.default\">\n\t\t\t\t\t<h1 class=\"elementor-heading-title elementor-size-default\">Cum s\u0103 cumperi, plat\u0103, livrare\n<\/h1>\t\t\t\t<\/div>\n\t\t\t\t<\/div>\n\t\t\t\t\t<\/div>\n\t\t\t\t<\/div>\n\t\t<div class=\"elementor-element elementor-element-b37b6db e-flex e-con-boxed e-con e-parent\" data-id=\"b37b6db\" data-element_type=\"container\" data-e-type=\"container\" data-settings=\"{&quot;background_background&quot;:&quot;classic&quot;}\">\n\t\t\t\t\t<div class=\"e-con-inner\">\n\t\t<div class=\"elementor-element elementor-element-2aecef9 e-con-full e-flex e-con e-child\" data-id=\"2aecef9\" data-element_type=\"container\" data-e-type=\"container\">\n\t\t\t\t<div class=\"elementor-element elementor-element-57574c0 elementor-widget elementor-widget-text-editor\" data-id=\"57574c0\" data-element_type=\"widget\" data-e-type=\"widget\" data-widget_type=\"text-editor.default\">\n\t\t\t\t\t\t\t\t\t<p>Cump\u0103r\u0103turile pe royalpeptides.eu sunt simple, rapide \u0219i sigure. Am preg\u0103tit pentru tine un proces de comand\u0103 clar, astfel \u00eenc\u00e2t s\u0103 ai totul sub control \u00eenc\u0103 de la alegerea produsului p\u00e2n\u0103 la livrare.\u00a0<\/p><p>Mai jos g\u0103se\u0219ti pas cu pas ghidul despre cum s\u0103 cumperi de la noi.<\/p><p>Cum s\u0103 cumperi<\/p><p><img decoding=\"async\" class=\"emoji\" role=\"img\" draggable=\"false\" src=\"https:\/\/s.w.org\/images\/core\/emoji\/17.0.2\/svg\/31-20e3.svg\" alt=\"1\ufe0f\u20e3\" \/> Alege produsul<\/p><p>\u00cen magazinul nostru online alege produsul care te intereseaz\u0103. \u00ce\u021bi recomand\u0103m s\u0103 cite\u0219ti \u00eentotdeauna detaliile produsului, unde vei g\u0103si informa\u021bii de baz\u0103, specifica\u021bii \u0219i descrierea destina\u021biei pentru scopuri de cercetare.<\/p><p>C\u00e2nd e\u0219ti decis, apas\u0103 butonul <strong>\u201eAdaug\u0103 \u00een co\u0219\u201d<\/strong>.<\/p><p><img decoding=\"async\" class=\"emoji\" role=\"img\" draggable=\"false\" src=\"https:\/\/s.w.org\/images\/core\/emoji\/17.0.2\/svg\/32-20e3.svg\" alt=\"2\ufe0f\u20e3\" \/> Verific\u0103 co\u0219ul t\u0103u<\/p><p>\u00cen co\u0219 po\u021bi verifica:<\/p><ul><li>produsele selectate<\/li><li>cantitatea de buc\u0103\u021bi<\/li><li>pre\u021bul comenzii<\/li><\/ul><p>Dac\u0103 totul este \u00een regul\u0103, continu\u0103 f\u0103c\u00e2nd clic pe <strong>\u201eContinu\u0103 c\u0103tre comand\u0103\u201d<\/strong>.<\/p><p><img decoding=\"async\" class=\"emoji\" role=\"img\" draggable=\"false\" src=\"https:\/\/s.w.org\/images\/core\/emoji\/17.0.2\/svg\/33-20e3.svg\" alt=\"3\ufe0f\u20e3\" \/> Completeaz\u0103 datele de facturare \u0219i livrare<\/p><p>\u00cen pasul urm\u0103tor introduci:<\/p><ul><li>datele de facturare<\/li><li>adresa de livrare<\/li><li>adresa de e-mail \u0219i num\u0103rul de telefon<\/li><\/ul><p>Aceste date sunt utilizate exclusiv pentru procesarea comenzii \u0219i comunicarea privind statusul acesteia.<\/p><p><img decoding=\"async\" class=\"emoji\" role=\"img\" draggable=\"false\" src=\"https:\/\/s.w.org\/images\/core\/emoji\/17.0.2\/svg\/34-20e3.svg\" alt=\"4\ufe0f\u20e3\" \/> Acord privind termenii \u0219i condi\u021biile<\/p><p>\u00cenainte de finalizarea comenzii este necesar s\u0103 confirmi acordul cu:<\/p><ul><li>Termenii \u0219i condi\u021biile<\/li><li>Politica de protec\u021bie a datelor personale<\/li><\/ul><p>Acest pas asigur\u0103 transparen\u021ba \u0219i protec\u021bia drepturilor ambelor p\u0103r\u021bi.<\/p><p><img decoding=\"async\" class=\"emoji\" role=\"img\" draggable=\"false\" src=\"https:\/\/s.w.org\/images\/core\/emoji\/17.0.2\/svg\/35-20e3.svg\" alt=\"5\ufe0f\u20e3\" \/> Alege metoda de livrare<\/p><p>Oferim mai multe op\u021biuni de livrare \u00een func\u021bie de preferin\u021bele tale:<\/p><p><img decoding=\"async\" class=\"emoji\" role=\"img\" draggable=\"false\" src=\"https:\/\/s.w.org\/images\/core\/emoji\/17.0.2\/svg\/1f4e6.svg\" alt=\"\ud83d\udce6\" \/> Z\u00e1sielkov\u0148a (Packeta)<\/p><ul><li>livrare la punct de ridicare<\/li><li>livrare la Z-BOX<\/li><li>livrare la adresa introdus\u0103 de tine<\/li><\/ul><p>O op\u021biune rapid\u0103 \u0219i flexibil\u0103 cu posibilitate de urm\u0103rire a coletului.<\/p><p><img decoding=\"async\" class=\"emoji\" role=\"img\" draggable=\"false\" src=\"https:\/\/s.w.org\/images\/core\/emoji\/17.0.2\/svg\/36-20e3.svg\" alt=\"6\ufe0f\u20e3\" \/> Alege metoda de plat\u0103<\/p><p>Pentru confortul t\u0103u oferim mai multe metode de plat\u0103:<\/p><p><img decoding=\"async\" class=\"emoji\" role=\"img\" draggable=\"false\" src=\"https:\/\/s.w.org\/images\/core\/emoji\/17.0.2\/svg\/1f4b3.svg\" alt=\"\ud83d\udcb3\" \/> Plata cu cardul<\/p><p>Plat\u0103 online rapid\u0103 \u0219i sigur\u0103 prin gateway de plat\u0103.<\/p><p>\u20bf Plata cu criptomonede<\/p><p>Metod\u0103 modern\u0103 de plat\u0103 pentru clien\u021bii care prefer\u0103 monede digitale. Plata se realizeaz\u0103 \u00een siguran\u021b\u0103 printr-un gateway securizat.<\/p><p><img decoding=\"async\" class=\"emoji\" role=\"img\" draggable=\"false\" src=\"https:\/\/s.w.org\/images\/core\/emoji\/17.0.2\/svg\/37-20e3.svg\" alt=\"7\ufe0f\u20e3\" \/> Finalizarea comenzii<\/p><p>Dup\u0103 selectarea livr\u0103rii \u0219i pl\u0103\u021bii apas\u0103 <strong>\u201eTrimite comanda\u201d<\/strong>.<br \/>Pe e-mailul t\u0103u vei primi imediat confirmarea comenzii cu detaliile acesteia.<\/p><p>Procesarea \u0219i livrarea comenzii<\/p><p>Proces\u0103m comenzile continuu \u00een zilele lucr\u0103toare. Dup\u0103 expedierea coletului \u00ee\u021bi vom trimite num\u0103rul de urm\u0103rire, datorit\u0103 c\u0103ruia po\u021bi urm\u0103ri coletul \u00een timp real.<\/p><p>Avem grij\u0103 de:<\/p><ul><li>ambalare discret\u0103<\/li><li>ambalarea sigur\u0103 a produselor<\/li><li>expediere rapid\u0103<\/li><\/ul><p>Ai nevoie de ajutor?<\/p><p>Dac\u0103 nu e\u0219ti sigur \u00een privin\u021ba alegerii produsului, pl\u0103\u021bii sau livr\u0103rii, echipa noastr\u0103 de suport clien\u021bi \u00ee\u021bi st\u0103 la dispozi\u021bie.<\/p><p>Te ajut\u0103m cu pl\u0103cere la fiecare pas al comenzii.<\/p>\t\t\t\t\t\t\t\t<\/div>\n\t\t\t\t<\/div>\n\t\t\t\t\t<\/div>\n\t\t\t\t<\/div>\n\t\t\t\t<\/div>\n\t\t","protected":false},"excerpt":{"rendered":"<p>Cum s\u0103 cumperi, plat\u0103, livrare Cump\u0103r\u0103turile pe royalpeptides.eu sunt simple, rapide \u0219i sigure. Am preg\u0103tit pentru tine un proces de comand\u0103 clar, astfel \u00eenc\u00e2t s\u0103 ai totul sub control \u00eenc\u0103 de la alegerea produsului p\u00e2n\u0103 la livrare.\u00a0 Mai jos g\u0103se\u0219ti pas cu pas ghidul despre cum s\u0103 cumperi de la noi. Cum s\u0103 cumperi Alege [&hellip;]<\/p>\n","protected":false},"author":1,"featured_media":0,"parent":0,"menu_order":0,"comment_status":"closed","ping_status":"closed","template":"","meta":{"footnotes":""},"class_list":["post-3392","page","type-page","status-publish","hentry"],"yoast_head":"<!-- This site is optimized with the Yoast SEO plugin v27.0 - https:\/\/yoast.com\/product\/yoast-seo-wordpress\/ -->\n<title>Cum s\u0103 cumperi, plat\u0103, livrare - Royal Peptides<\/title>\n<meta name=\"robots\" content=\"index, follow, max-snippet:-1, max-image-preview:large, max-video-preview:-1\" \/>\n<link rel=\"canonical\" href=\"https:\/\/www.royalpeptides.eu\/ro\/cum-sa-cumperi-plata-livrare\" \/>\n<meta property=\"og:locale\" content=\"ro_RO\" \/>\n<meta property=\"og:type\" content=\"article\" \/>\n<meta property=\"og:title\" content=\"Cum s\u0103 cumperi, plat\u0103, livrare - Royal Peptides\" \/>\n<meta property=\"og:description\" content=\"Cum s\u0103 cumperi, plat\u0103, livrare Cump\u0103r\u0103turile pe royalpeptides.eu sunt simple, rapide \u0219i sigure. Am preg\u0103tit pentru tine un proces de comand\u0103 clar, astfel \u00eenc\u00e2t s\u0103 ai totul sub control \u00eenc\u0103 de la alegerea produsului p\u00e2n\u0103 la livrare.\u00a0 Mai jos g\u0103se\u0219ti pas cu pas ghidul despre cum s\u0103 cumperi de la noi. Cum s\u0103 cumperi Alege [&hellip;]\" \/>\n<meta property=\"og:url\" content=\"https:\/\/www.royalpeptides.eu\/ro\/cum-sa-cumperi-plata-livrare\" \/>\n<meta property=\"og:site_name\" content=\"Royal Peptides\" \/>\n<meta property=\"article:publisher\" content=\"https:\/\/www.facebook.com\/profile.php?id=61588101646707\" \/>\n<meta property=\"article:modified_time\" content=\"2026-04-16T10:34:43+00:00\" \/>\n<meta property=\"og:image\" content=\"https:\/\/s.w.org\/images\/core\/emoji\/17.0.2\/svg\/31-20e3.svg\" \/>\n<meta name=\"twitter:card\" content=\"summary_large_image\" \/>\n<meta name=\"twitter:label1\" content=\"Timp estimat pentru citire\" \/>\n\t<meta name=\"twitter:data1\" content=\"4 minute\" \/>\n<script type=\"application\/ld+json\" class=\"yoast-schema-graph\">{\"@context\":\"https:\/\/schema.org\",\"@graph\":[{\"@type\":\"WebPage\",\"@id\":\"https:\/\/www.royalpeptides.eu\/ro\/cum-sa-cumperi-plata-livrare\",\"url\":\"https:\/\/www.royalpeptides.eu\/ro\/cum-sa-cumperi-plata-livrare\",\"name\":\"Cum s\u0103 cumperi, plat\u0103, livrare - Royal Peptides\",\"isPartOf\":{\"@id\":\"https:\/\/www.royalpeptides.eu\/ro#website\"},\"primaryImageOfPage\":{\"@id\":\"https:\/\/www.royalpeptides.eu\/ro\/cum-sa-cumperi-plata-livrare#primaryimage\"},\"image\":{\"@id\":\"https:\/\/www.royalpeptides.eu\/ro\/cum-sa-cumperi-plata-livrare#primaryimage\"},\"thumbnailUrl\":\"https:\/\/s.w.org\/images\/core\/emoji\/17.0.2\/svg\/31-20e3.svg\",\"datePublished\":\"2026-02-25T17:53:01+00:00\",\"dateModified\":\"2026-04-16T10:34:43+00:00\",\"breadcrumb\":{\"@id\":\"https:\/\/www.royalpeptides.eu\/ro\/cum-sa-cumperi-plata-livrare#breadcrumb\"},\"inLanguage\":\"ro-RO\",\"potentialAction\":[{\"@type\":\"ReadAction\",\"target\":[\"https:\/\/www.royalpeptides.eu\/ro\/cum-sa-cumperi-plata-livrare\"]}]},{\"@type\":\"ImageObject\",\"inLanguage\":\"ro-RO\",\"@id\":\"https:\/\/www.royalpeptides.eu\/ro\/cum-sa-cumperi-plata-livrare#primaryimage\",\"url\":\"https:\/\/s.w.org\/images\/core\/emoji\/17.0.2\/svg\/31-20e3.svg\",\"contentUrl\":\"https:\/\/s.w.org\/images\/core\/emoji\/17.0.2\/svg\/31-20e3.svg\"},{\"@type\":\"BreadcrumbList\",\"@id\":\"https:\/\/www.royalpeptides.eu\/ro\/cum-sa-cumperi-plata-livrare#breadcrumb\",\"itemListElement\":[{\"@type\":\"ListItem\",\"position\":1,\"name\":\"Domovsk\u00e1 str\u00e1nka\",\"item\":\"https:\/\/www.royalpeptides.eu\/ro\"},{\"@type\":\"ListItem\",\"position\":2,\"name\":\"Cum s\u0103 cumperi, plat\u0103, livrare\"}]},{\"@type\":\"WebSite\",\"@id\":\"https:\/\/www.royalpeptides.eu\/ro#website\",\"url\":\"https:\/\/www.royalpeptides.eu\/ro\",\"name\":\"Royal Peptides\",\"description\":\"\",\"publisher\":{\"@id\":\"https:\/\/www.royalpeptides.eu\/ro#organization\"},\"potentialAction\":[{\"@type\":\"SearchAction\",\"target\":{\"@type\":\"EntryPoint\",\"urlTemplate\":\"https:\/\/www.royalpeptides.eu\/ro?s={search_term_string}\"},\"query-input\":{\"@type\":\"PropertyValueSpecification\",\"valueRequired\":true,\"valueName\":\"search_term_string\"}}],\"inLanguage\":\"ro-RO\"},{\"@type\":\"Organization\",\"@id\":\"https:\/\/www.royalpeptides.eu\/ro#organization\",\"name\":\"Royal Peptides\",\"url\":\"https:\/\/www.royalpeptides.eu\/ro\",\"logo\":{\"@type\":\"ImageObject\",\"inLanguage\":\"ro-RO\",\"@id\":\"https:\/\/www.royalpeptides.eu\/ro#\/schema\/logo\/image\/\",\"url\":\"https:\/\/www.royalpeptides.eu\/wp-content\/uploads\/2026\/02\/royal_peptides_fade_edges.png\",\"contentUrl\":\"https:\/\/www.royalpeptides.eu\/wp-content\/uploads\/2026\/02\/royal_peptides_fade_edges.png\",\"width\":2048,\"height\":909,\"caption\":\"Royal Peptides\"},\"image\":{\"@id\":\"https:\/\/www.royalpeptides.eu\/ro#\/schema\/logo\/image\/\"},\"sameAs\":[\"https:\/\/www.facebook.com\/profile.php?id=61588101646707\",\"https:\/\/www.instagram.com\/royal_pep?igsh=Z2RoamNlaW1sZmFr\"]}]}<\/script>\n<!-- \/ Yoast SEO plugin. -->","yoast_head_json":{"title":"Cum s\u0103 cumperi, plat\u0103, livrare - Royal Peptides","robots":{"index":"index","follow":"follow","max-snippet":"max-snippet:-1","max-image-preview":"max-image-preview:large","max-video-preview":"max-video-preview:-1"},"canonical":"https:\/\/www.royalpeptides.eu\/ro\/cum-sa-cumperi-plata-livrare","og_locale":"ro_RO","og_type":"article","og_title":"Cum s\u0103 cumperi, plat\u0103, livrare - Royal Peptides","og_description":"Cum s\u0103 cumperi, plat\u0103, livrare Cump\u0103r\u0103turile pe royalpeptides.eu sunt simple, rapide \u0219i sigure. Am preg\u0103tit pentru tine un proces de comand\u0103 clar, astfel \u00eenc\u00e2t s\u0103 ai totul sub control \u00eenc\u0103 de la alegerea produsului p\u00e2n\u0103 la livrare.\u00a0 Mai jos g\u0103se\u0219ti pas cu pas ghidul despre cum s\u0103 cumperi de la noi. Cum s\u0103 cumperi Alege [&hellip;]","og_url":"https:\/\/www.royalpeptides.eu\/ro\/cum-sa-cumperi-plata-livrare","og_site_name":"Royal Peptides","article_publisher":"https:\/\/www.facebook.com\/profile.php?id=61588101646707","article_modified_time":"2026-04-16T10:34:43+00:00","og_image":[{"url":"https:\/\/s.w.org\/images\/core\/emoji\/17.0.2\/svg\/31-20e3.svg","type":"","width":"","height":""}],"twitter_card":"summary_large_image","twitter_misc":{"Timp estimat pentru citire":"4 minute"},"schema":{"@context":"https:\/\/schema.org","@graph":[{"@type":"WebPage","@id":"https:\/\/www.royalpeptides.eu\/ro\/cum-sa-cumperi-plata-livrare","url":"https:\/\/www.royalpeptides.eu\/ro\/cum-sa-cumperi-plata-livrare","name":"Cum s\u0103 cumperi, plat\u0103, livrare - Royal Peptides","isPartOf":{"@id":"https:\/\/www.royalpeptides.eu\/ro#website"},"primaryImageOfPage":{"@id":"https:\/\/www.royalpeptides.eu\/ro\/cum-sa-cumperi-plata-livrare#primaryimage"},"image":{"@id":"https:\/\/www.royalpeptides.eu\/ro\/cum-sa-cumperi-plata-livrare#primaryimage"},"thumbnailUrl":"https:\/\/s.w.org\/images\/core\/emoji\/17.0.2\/svg\/31-20e3.svg","datePublished":"2026-02-25T17:53:01+00:00","dateModified":"2026-04-16T10:34:43+00:00","breadcrumb":{"@id":"https:\/\/www.royalpeptides.eu\/ro\/cum-sa-cumperi-plata-livrare#breadcrumb"},"inLanguage":"ro-RO","potentialAction":[{"@type":"ReadAction","target":["https:\/\/www.royalpeptides.eu\/ro\/cum-sa-cumperi-plata-livrare"]}]},{"@type":"ImageObject","inLanguage":"ro-RO","@id":"https:\/\/www.royalpeptides.eu\/ro\/cum-sa-cumperi-plata-livrare#primaryimage","url":"https:\/\/s.w.org\/images\/core\/emoji\/17.0.2\/svg\/31-20e3.svg","contentUrl":"https:\/\/s.w.org\/images\/core\/emoji\/17.0.2\/svg\/31-20e3.svg"},{"@type":"BreadcrumbList","@id":"https:\/\/www.royalpeptides.eu\/ro\/cum-sa-cumperi-plata-livrare#breadcrumb","itemListElement":[{"@type":"ListItem","position":1,"name":"Domovsk\u00e1 str\u00e1nka","item":"https:\/\/www.royalpeptides.eu\/ro"},{"@type":"ListItem","position":2,"name":"Cum s\u0103 cumperi, plat\u0103, livrare"}]},{"@type":"WebSite","@id":"https:\/\/www.royalpeptides.eu\/ro#website","url":"https:\/\/www.royalpeptides.eu\/ro","name":"Royal Peptides","description":"","publisher":{"@id":"https:\/\/www.royalpeptides.eu\/ro#organization"},"potentialAction":[{"@type":"SearchAction","target":{"@type":"EntryPoint","urlTemplate":"https:\/\/www.royalpeptides.eu\/ro?s={search_term_string}"},"query-input":{"@type":"PropertyValueSpecification","valueRequired":true,"valueName":"search_term_string"}}],"inLanguage":"ro-RO"},{"@type":"Organization","@id":"https:\/\/www.royalpeptides.eu\/ro#organization","name":"Royal Peptides","url":"https:\/\/www.royalpeptides.eu\/ro","logo":{"@type":"ImageObject","inLanguage":"ro-RO","@id":"https:\/\/www.royalpeptides.eu\/ro#\/schema\/logo\/image\/","url":"https:\/\/www.royalpeptides.eu\/wp-content\/uploads\/2026\/02\/royal_peptides_fade_edges.png","contentUrl":"https:\/\/www.royalpeptides.eu\/wp-content\/uploads\/2026\/02\/royal_peptides_fade_edges.png","width":2048,"height":909,"caption":"Royal Peptides"},"image":{"@id":"https:\/\/www.royalpeptides.eu\/ro#\/schema\/logo\/image\/"},"sameAs":["https:\/\/www.facebook.com\/profile.php?id=61588101646707","https:\/\/www.instagram.com\/royal_pep?igsh=Z2RoamNlaW1sZmFr"]}]}},"_links":{"self":[{"href":"https:\/\/www.royalpeptides.eu\/ro\/wp-json\/wp\/v2\/pages\/3392","targetHints":{"allow":["GET"]}}],"collection":[{"href":"https:\/\/www.royalpeptides.eu\/ro\/wp-json\/wp\/v2\/pages"}],"about":[{"href":"https:\/\/www.royalpeptides.eu\/ro\/wp-json\/wp\/v2\/types\/page"}],"author":[{"embeddable":true,"href":"https:\/\/www.royalpeptides.eu\/ro\/wp-json\/wp\/v2\/users\/1"}],"replies":[{"embeddable":true,"href":"https:\/\/www.royalpeptides.eu\/ro\/wp-json\/wp\/v2\/comments?post=3392"}],"version-history":[{"count":4,"href":"https:\/\/www.royalpeptides.eu\/ro\/wp-json\/wp\/v2\/pages\/3392\/revisions"}],"predecessor-version":[{"id":3396,"href":"https:\/\/www.royalpeptides.eu\/ro\/wp-json\/wp\/v2\/pages\/3392\/revisions\/3396"}],"wp:attachment":[{"href":"https:\/\/www.royalpeptides.eu\/ro\/wp-json\/wp\/v2\/media?parent=3392"}],"curies":[{"name":"wp","href":"https:\/\/api.w.org\/{rel}","templated":true}]}}