{"id":3415,"date":"2026-02-18T10:38:10","date_gmt":"2026-02-18T09:38:10","guid":{"rendered":"https:\/\/www.royalpeptides.eu\/?page_id=3415"},"modified":"2026-04-16T12:50:54","modified_gmt":"2026-04-16T10:50:54","slug":"calculator-de-dozare","status":"publish","type":"page","link":"https:\/\/www.royalpeptides.eu\/ro\/calculator-de-dozare","title":{"rendered":"Calculator de dozare"},"content":{"rendered":"\t\t<div data-elementor-type=\"wp-page\" data-elementor-id=\"3415\" class=\"elementor elementor-3415 elementor-243\" data-elementor-post-type=\"page\">\n\t\t\t\t<div class=\"elementor-element elementor-element-72bd45cb e-flex e-con-boxed e-con e-parent\" data-id=\"72bd45cb\" data-element_type=\"container\" data-e-type=\"container\" data-settings=\"{&quot;background_background&quot;:&quot;classic&quot;}\">\n\t\t\t\t\t<div class=\"e-con-inner\">\n\t\t<div class=\"elementor-element elementor-element-54d294e3 e-con-full e-flex e-con e-child\" data-id=\"54d294e3\" data-element_type=\"container\" data-e-type=\"container\" data-settings=\"{&quot;background_background&quot;:&quot;classic&quot;}\">\n\t\t\t\t<div class=\"elementor-element elementor-element-37ef3127 elementor-widget elementor-widget-heading\" data-id=\"37ef3127\" data-element_type=\"widget\" data-e-type=\"widget\" data-widget_type=\"heading.default\">\n\t\t\t\t\t<h1 class=\"elementor-heading-title elementor-size-default\">Calculator de dozare\n<\/h1>\t\t\t\t<\/div>\n\t\t\t\t<\/div>\n\t\t\t\t\t<\/div>\n\t\t\t\t<\/div>\n\t\t<div class=\"elementor-element elementor-element-eee184f e-flex e-con-boxed e-con e-parent\" data-id=\"eee184f\" data-element_type=\"container\" data-e-type=\"container\">\n\t\t\t\t\t<div class=\"e-con-inner\">\n\t\t<div class=\"elementor-element elementor-element-4cf4d23 e-con-full e-flex e-con e-child\" data-id=\"4cf4d23\" data-element_type=\"container\" data-e-type=\"container\">\n\t\t<div class=\"elementor-element elementor-element-9bc6c48 e-con-full e-flex e-con e-child\" data-id=\"9bc6c48\" data-element_type=\"container\" data-e-type=\"container\">\n\t\t<div class=\"elementor-element elementor-element-1fe61b5 e-con-full e-flex e-con e-child\" data-id=\"1fe61b5\" data-element_type=\"container\" data-e-type=\"container\">\n\t\t\t\t<div class=\"elementor-element elementor-element-11f2b0e elementor-widget elementor-widget-elementskit-heading\" data-id=\"11f2b0e\" data-element_type=\"widget\" data-e-type=\"widget\" data-widget_type=\"elementskit-heading.default\">\n\t\t\t\t\t<div class=\"ekit-wid-con\" ><div class=\"ekit-heading elementskit-section-title-wraper text_left   ekit_heading_tablet-text_center   ekit_heading_mobile-text_center\"><h6 class=\"elementskit-section-subtitle  \">\n\t\t\t\t\t\tPreg\u0103te\u0219te-\u021bi propriul peptid\n\t\t\t\t\t<\/h6><h3 class=\"ekit-heading--title elementskit-section-title \">La ce folose\u0219te calculatorul de dozare?<\/h3><\/div><\/div>\t\t\t\t<\/div>\n\t\t\t\t<div class=\"elementor-element elementor-element-3bc2a0b elementor-widget elementor-widget-text-editor\" data-id=\"3bc2a0b\" data-element_type=\"widget\" data-e-type=\"widget\" data-widget_type=\"text-editor.default\">\n\t\t\t\t\t\t\t\t\tCalculatorul de dozare de pe site-ul RoyalPeptides.eu este folosit pentru calculul simplu \u0219i precis al cantit\u0103\u021bii necesare de solu\u021bie atunci c\u00e2nd se lucreaz\u0103 cu peptide.\n\nDup\u0103 introducerea volumului seringii, cantit\u0103\u021bii de peptid din flacon, volumului de reconstituire \u0219i dozei dorite, sistemul calculeaz\u0103 automat c\u00e2te unit\u0103\u021bi trebuie administrate.\n\nAjut\u0103 la prevenirea erorilor de dozare \u0219i cre\u0219te claritatea \u00een procesul de preparare a solu\u021biei.\n\t\t\t\t\t\t\t\t<\/div>\n\t\t\t\t<\/div>\n\t\t<div class=\"elementor-element elementor-element-5a7196e e-con-full e-flex e-con e-child\" data-id=\"5a7196e\" data-element_type=\"container\" data-e-type=\"container\">\n\t\t\t\t<div class=\"elementor-element elementor-element-a7d226a elementor-widget elementor-widget-shortcode\" data-id=\"a7d226a\" data-element_type=\"widget\" data-e-type=\"widget\" data-widget_type=\"shortcode.default\">\n\t\t\t\t\t\t\t<div class=\"elementor-shortcode\"><style>\r\n  #mx_cl *,\r\n  ::after,\r\n  ::before {\r\n    box-sizing: border-box;\r\n  }\r\n\r\n  #mx_cl {\r\n    line-height: 1.5;\r\n    font-family: inherit;\r\n  }\r\n\r\n  #mx_cl .container {\r\n    width: 100%;\r\n    padding-right: 15px;\r\n    padding-left: 15px;\r\n    margin-right: auto;\r\n    margin-left: auto;\r\n    font-size: 1rem;\r\n    font-weight: 400;\r\n    line-height: 1.5;\r\n    color: #000000;\r\n    text-align: left;\r\n  }\r\n\r\n  #mx_cl label {\r\n    display: inline-block;\r\n    font-size: 16px;\r\n    font-weight: 500;\r\n    margin-bottom: 0.5rem;\r\n  }\r\n\r\n  #mx_cl .row {\r\n    display: -ms-flexbox;\r\n    display: flex;\r\n    -ms-flex-wrap: wrap;\r\n    flex-wrap: wrap;\r\n    margin-right: -15px;\r\n    margin-left: -15px;\r\n  }\r\n\r\n  #mx_cl .col-md-1,\r\n  #mx_cl .col-md-10,\r\n  #mx_cl .col-md-11,\r\n  #mx_cl .col-md-12,\r\n  #mx_cl .col-md-2,\r\n  #mx_cl .col-md-3,\r\n  #mx_cl .col-md-4,\r\n  #mx_cl .col-md-5,\r\n  #mx_cl .col-md-6,\r\n  #mx_cl .col-md-7,\r\n  #mx_cl .col-md-8,\r\n  #mx_cl .col-md-9 {\r\n    position: relative;\r\n    width: 100%;\r\n    padding-right: 15px;\r\n    padding-left: 15px;\r\n  }\r\n\r\n  #mx_cl .form-control {\r\n    display: block;\r\n    width: 100%;\r\n    height: 37px;\r\n    padding: 0.275rem 0.75rem;\r\n    font-size: 16px;\r\n    font-weight: 400;\r\n    line-height: 1.5;\r\n    color: #4a4a4a;\r\n    background-color: #fff;\r\n    background-clip: padding-box;\r\n    border: 1px solid #9f9f9f;\r\n    border-radius: 5px;\r\n    transition: border-color 0.15s ease-in-out, box-shadow 0.15s ease-in-out;\r\n  }\r\n\r\n  #mx_cl .form-control:focus {\r\n    outline: none;\r\n  }\r\n\r\n  @media (min-width: 576px) {\r\n    #mx_cl .container {\r\n      max-width: 100%;\r\n    }\r\n  }\r\n\r\n  @media (min-width: 768px) {\r\n    #mx_cl .container {\r\n      max-width: 100%;\r\n    }\r\n\r\n    #mx_cl .col-md-12 {\r\n      -ms-flex: 0 0 100%;\r\n      flex: 0 0 100%;\r\n      max-width: 100%;\r\n    }\r\n\r\n    #mx_cl .col-md-9 {\r\n      -ms-flex: 0 0 75%;\r\n      flex: 0 0 75%;\r\n      max-width: 75%;\r\n    }\r\n\r\n    #mx_cl .col-md-8 {\r\n      -ms-flex: 0 0 66.666667%;\r\n      flex: 0 0 66.666667%;\r\n      max-width: 66.666667%;\r\n    }\r\n\r\n    #mx_cl .col-md-7 {\r\n      -ms-flex: 0 0 58.33333%;\r\n      flex: 0 0 58.33333%;\r\n      max-width: 58.33333%;\r\n    }\r\n\r\n    #mx_cl .col-md-6 {\r\n      -ms-flex: 0 0 50%;\r\n      flex: 0 0 50%;\r\n      max-width: 50%;\r\n    }\r\n\r\n    #mx_cl .col-md-5 {\r\n      -ms-flex: 0 0 41.666667%;\r\n      flex: 0 0 33.333333%;\r\n      max-width: 33.333333%;\r\n    }\r\n\r\n    #mx_cl .col-md-4 {\r\n      -ms-flex: 0 0 33.333333%;\r\n      flex: 0 0 33.333333%;\r\n      max-width: 33.333333%;\r\n    }\r\n\r\n    #mx_cl .col-md-3 {\r\n      -ms-flex: 0 0 25%;\r\n      flex: 0 0 25%;\r\n      max-width: 25%;\r\n    }\r\n  }\r\n\r\n  @media (min-width: 992px) {\r\n    #mx_cl .container {\r\n      max-width: 600px;\r\n    }\r\n  }\r\n\r\n  @media (min-width: 1200px) {\r\n    #mx_cl .container {\r\n      max-width: 600px;\r\n    }\r\n  }\r\n\r\n  #mx_cl .form-group {\r\n    position: relative;\r\n    margin-bottom: 25px;\r\n  }\r\n\r\n  #mx_cl .head-title h3 {\r\n    text-align: center;\r\n    font-size: 24px;\r\n    font-weight: 600;\r\n    border-bottom: 1px solid #7c7c7c;\r\n    margin: 0px;\r\n    margin-bottom: 20px;\r\n  }\r\n\r\n  #mx_cl .full {\r\n    padding: 25px;\r\n    background: #ffffff;\r\n    box-shadow: 0px 0px 15px rgba(0, 0, 0, 0.2);\r\n    border-radius: 8px;\r\n  }\r\n\r\n  #mx_cl .headd {\r\n    font-size: 16px;\r\n    font-weight: 400;\r\n    color: #000000;\r\n  }\r\n\r\n  #mx_cl h3 {\r\n    margin: 11px;\r\n  }\r\n\r\n  @media (max-width: 768px) {\r\n    #mx_cl .full {\r\n      padding: 3px;\r\n    }\r\n  }\r\n\r\n  #mx_cl .top-space {\r\n    margin-top: 15px;\r\n  }\r\n  #mx_cl .rs_sec {\r\n    padding-top: 25px;\r\n  }\r\n  #mx_cl .rs_sec h3 {\r\n    color: #0b0774;\r\n    margin: 0px;\r\n    margin-bottom: 25px;\r\n  }\r\n  #mx_cl .scale_sec {\r\n    position: relative;\r\n  }\r\n  #mx_cl .scale_sec .scale_prog {\r\n    height: 52%;\r\n    background: #f38278a3;\r\n    width: 15%;\r\n    position: absolute;\r\n    left: 0;\r\n    top: 0;\r\n  }\r\n  #mx_cl .scale_sec img {\r\n    width: 100%;\r\n  }\r\n  #mx_cl .ds-none {\r\n    display: none;\r\n  }\r\n<\/style>\r\n\r\n<div class=\"ms-cl\" id=\"mx_cl\">\r\n  <div class=\"container\">\r\n    <div class=\"full\">\r\n      <div class=\"col-md-12\">\r\n        <div class=\"head-title\">\r\n          <h3>Calculator de amestecare a peptidelor<\/h3>\r\n        <\/div>\r\n      <\/div>\r\n\r\n      <div class=\"col-md-12\">\r\n        <div class=\"row\">\r\n          <div class=\"col-md-12\">\r\n            <div class=\"form-group\">\r\n              <label for=\"in_1\" class=\"headd\">Volumul total al seringii<\/label>\r\n              <select class=\"form-control cl-in\" id=\"in_1\">\r\n                <option value=\"0.3\">0.3ml<\/option>\r\n                <option value=\"0.5\">0.5ml<\/option>\r\n                <option value=\"1\">1ml<\/option>\r\n                <option value=\"2\">2ml<\/option>\r\n              <\/select>\r\n            <\/div>\r\n\r\n            <div class=\"form-group\">\r\n              <label for=\"in_2\" class=\"headd\">Cantitatea de peptid din flacon<\/label>\r\n              <select class=\"form-control cl-in\" id=\"in_2\">\r\n                <option value=\"5\">5mg<\/option>\r\n                <option value=\"10\">10mg<\/option>\r\n                <option value=\"15\">15mg<\/option>\r\n                <option value=\"-1\">Altele<\/option>\r\n              <\/select>\r\n              <input\r\n                type=\"number\"\r\n                class=\"form-control cl-in top-space ds-none\"\r\n                id=\"in_2_other\"\r\n              \/>\r\n            <\/div>\r\n\r\n            <div class=\"form-group\">\r\n              <label for=\"in_3\" class=\"headd\">C\u00e2t\u0103 ap\u0103 ad\u0103uga\u021bi?<\/label>\r\n              <select class=\"form-control cl-in\" id=\"in_3\">\r\n                <option value=\"1\">1ml<\/option>\r\n                <option value=\"2\">2ml<\/option>\r\n                <option value=\"3\">3ml<\/option>\r\n                <option value=\"5\">5ml<\/option>\r\n                <option value=\"-1\">Altele<\/option>\r\n              <\/select>\r\n              <input\r\n                type=\"number\"\r\n                class=\"form-control cl-in top-space ds-none\"\r\n                id=\"in_3_other\"\r\n              \/>\r\n            <\/div>\r\n\r\n            <div class=\"form-group\">\r\n              <label for=\"in_4\" class=\"headd\">Doza dorit\u0103 de peptid (mcg)<\/label>\r\n              <input\r\n                type=\"number\"\r\n                value=\"100\"\r\n                class=\"form-control cl-in\"\r\n                id=\"in_4\"\r\n              \/>\r\n            <\/div>\r\n\r\n            <div class=\"rs_sec ds-none\" id=\"rs_sec\">\r\n              <h3>\r\n                Pentru doza <span id=\"in_4_show\"><\/span> mcg trage\u021bi p\u00e2n\u0103 la grada\u021bia\r\n                <span id=\"rs_1\"><\/span>\r\n              <\/h3>\r\n\r\n              <div class=\"scale_sec\">\r\n                <div class=\"scale_prog\" id=\"scale_prog\"><\/div>\r\n                <img decoding=\"async\"\r\n                  src=\"https:\/\/i.postimg.cc\/D0xk1wnJ\/30.png\"\r\n                  class=\"scale_img\"\r\n                  id=\"scale_30\"\r\n                \/>\r\n                <img decoding=\"async\"\r\n                  src=\"https:\/\/i.postimg.cc\/0jk16wR1\/50.png\"\r\n                  class=\"ds-none scale_img\"\r\n                  id=\"scale_50\"\r\n                \/>\r\n                <img decoding=\"async\"\r\n                  src=\"https:\/\/i.postimg.cc\/44PTDBVf\/100.png\"\r\n                  class=\"ds-none scale_img\"\r\n                  id=\"scale_100\"\r\n                \/>\r\n                <img decoding=\"async\"\r\n                  src=\"https:\/\/i.postimg.cc\/Y9fwqxPx\/200.png\"\r\n                  class=\"ds-none scale_img\"\r\n                  id=\"scale_200\"\r\n                \/>\r\n              <\/div>\r\n            <\/div>\r\n\r\n          <\/div>\r\n        <\/div>\r\n      <\/div>\r\n\r\n    <\/div>\r\n  <\/div>\r\n<\/div>\r\n\r\n<script src=\"https:\/\/ajax.googleapis.com\/ajax\/libs\/jquery\/3.7.1\/jquery.min.js\"><\/script>\r\n<script>\r\n  jQuery(document).ready(function ($) {\r\n    let scale_num = 30;\r\n\r\n    calcFunc();\r\n\r\n    $(\"#in_1\").on(\"change\", function () {\r\n      let vl = Number($(this).val());\r\n\r\n      scale_num = vl * 100;\r\n      calcFunc();\r\n    });\r\n\r\n    $(\"#in_2\").on(\"change\", function () {\r\n      let vl = Number($(this).val());\r\n\r\n      if (vl == -1) {\r\n        $(\"#in_2_other\").removeClass(\"ds-none\");\r\n      } else {\r\n        $(\"#in_2_other\").addClass(\"ds-none\");\r\n      }\r\n      calcFunc();\r\n    });\r\n\r\n    $(\"#in_3\").on(\"change\", function () {\r\n      let vl = Number($(this).val());\r\n\r\n      if (vl == -1) {\r\n        $(\"#in_3_other\").removeClass(\"ds-none\");\r\n      } else {\r\n        $(\"#in_3_other\").addClass(\"ds-none\");\r\n      }\r\n      calcFunc();\r\n    });\r\n\r\n    $(\".cl-in\").on(\"input\", function () {\r\n      calcFunc();\r\n    });\r\n\r\n    function calcFunc() {\r\n      in_1 = Number($(\"#in_1\").val());\r\n      in_2 = Number($(\"#in_2\").val());\r\n      in_3 = Number($(\"#in_3\").val());\r\n      in_4 = Number($(\"#in_4\").val());\r\n\r\n      if (in_2 == -1) in_2 = Number($(\"#in_2_other\").val());\r\n      if (in_3 == -1) in_3 = Number($(\"#in_3_other\").val());\r\n\r\n      if (in_1 && in_2 && in_3 && in_4) {\r\n        let a = in_2 * 1000;\r\n        let b = in_3 * 100;\r\n        let c = a \/ b;\r\n        let n = Math.round(in_4 \/ c);\r\n\r\n        let wd = n * (100 \/ scale_num);\r\n\r\n        wd = wd > 100 ? 100 : wd;\r\n\r\n        $(\".scale_img\").addClass(\"ds-none\");\r\n        $(\"#scale_\" + scale_num).removeClass(\"ds-none\");\r\n        $(\"#scale_prog\").css(\"width\", wd + \"%\");\r\n\r\n        n = n > scale_num ? scale_num : n;\r\n\r\n        $(\"#in_4_show\").text(in_4);\r\n        $(\"#rs_1\").text(n);\r\n\r\n        $(\"#rs_sec\").removeClass(\"ds-none\");\r\n      } else {\r\n        $(\"#rs_sec\").addClass(\"ds-none\");\r\n      }\r\n    }\r\n  });\r\n<\/script><\/div>\n\t\t\t\t\t\t<\/div>\n\t\t\t\t<\/div>\n\t\t\t\t<\/div>\n\t\t\t\t<\/div>\n\t\t\t\t\t<\/div>\n\t\t\t\t<\/div>\n\t\t\t\t<section class=\"elementor-section elementor-top-section elementor-element elementor-element-388155c4 elementor-section-full_width elementor-section-height-default elementor-section-height-default\" data-id=\"388155c4\" data-element_type=\"section\" data-e-type=\"section\">\n\t\t\t\t\t\t<div class=\"elementor-container elementor-column-gap-no\">\n\t\t\t\t\t<div class=\"elementor-column elementor-col-100 elementor-top-column elementor-element elementor-element-5952d0ed\" data-id=\"5952d0ed\" data-element_type=\"column\" data-e-type=\"column\">\n\t\t\t<div class=\"elementor-widget-wrap elementor-element-populated\">\n\t\t\t\t\t\t<div class=\"elementor-element elementor-element-228a7080 elementor-widget elementor-widget-google_maps\" data-id=\"228a7080\" data-element_type=\"widget\" data-e-type=\"widget\" data-widget_type=\"google_maps.default\">\n\t\t\t\t\t\t\t<div class=\"elementor-custom-embed\">\n\t\t\t<iframe loading=\"lazy\"\n\t\t\t\t\tsrc=\"https:\/\/maps.google.com\/maps?q=Drot%C3%A1rska%20cesta%2019B%20811%2002%20Bratislava&#038;t=m&#038;z=10&#038;output=embed&#038;iwloc=near\"\n\t\t\t\t\ttitle=\"Drot\u00e1rska cesta 19B 811 02 Bratislava\"\n\t\t\t\t\taria-label=\"Drot\u00e1rska cesta 19B 811 02 Bratislava\"\n\t\t\t><\/iframe>\n\t\t<\/div>\n\t\t\t\t\t\t<\/div>\n\t\t\t\t\t<\/div>\n\t\t<\/div>\n\t\t\t\t\t<\/div>\n\t\t<\/section>\n\t\t\t\t<\/div>\n\t\t","protected":false},"excerpt":{"rendered":"<p>Calculator de dozare Preg\u0103te\u0219te-\u021bi propriul peptid La ce folose\u0219te calculatorul de dozare? Calculatorul de dozare de pe site-ul RoyalPeptides.eu este folosit pentru calculul simplu \u0219i precis al cantit\u0103\u021bii necesare de solu\u021bie atunci c\u00e2nd se lucreaz\u0103 cu peptide. Dup\u0103 introducerea volumului seringii, cantit\u0103\u021bii de peptid din flacon, volumului de reconstituire \u0219i dozei dorite, sistemul calculeaz\u0103 automat [&hellip;]<\/p>\n","protected":false},"author":1,"featured_media":3377,"parent":0,"menu_order":0,"comment_status":"closed","ping_status":"closed","template":"","meta":{"footnotes":""},"class_list":["post-3415","page","type-page","status-publish","has-post-thumbnail","hentry"],"yoast_head":"<!-- This site is optimized with the Yoast SEO plugin v27.0 - https:\/\/yoast.com\/product\/yoast-seo-wordpress\/ -->\n<title>Calculator de dozare - Royal Peptides<\/title>\n<meta name=\"robots\" content=\"index, follow, max-snippet:-1, max-image-preview:large, max-video-preview:-1\" \/>\n<link rel=\"canonical\" href=\"https:\/\/www.royalpeptides.eu\/ro\/calculator-de-dozare\" \/>\n<meta property=\"og:locale\" content=\"ro_RO\" \/>\n<meta property=\"og:type\" content=\"article\" \/>\n<meta property=\"og:title\" content=\"Calculator de dozare - Royal Peptides\" \/>\n<meta property=\"og:description\" content=\"Calculator de dozare Preg\u0103te\u0219te-\u021bi propriul peptid La ce folose\u0219te calculatorul de dozare? Calculatorul de dozare de pe site-ul RoyalPeptides.eu este folosit pentru calculul simplu \u0219i precis al cantit\u0103\u021bii necesare de solu\u021bie atunci c\u00e2nd se lucreaz\u0103 cu peptide. Dup\u0103 introducerea volumului seringii, cantit\u0103\u021bii de peptid din flacon, volumului de reconstituire \u0219i dozei dorite, sistemul calculeaz\u0103 automat [&hellip;]\" \/>\n<meta property=\"og:url\" content=\"https:\/\/www.royalpeptides.eu\/ro\/calculator-de-dozare\" \/>\n<meta property=\"og:site_name\" content=\"Royal Peptides\" \/>\n<meta property=\"article:publisher\" content=\"https:\/\/www.facebook.com\/profile.php?id=61588101646707\" \/>\n<meta property=\"article:modified_time\" content=\"2026-04-16T10:50:54+00:00\" \/>\n<meta property=\"og:image\" content=\"https:\/\/www.royalpeptides.eu\/wp-content\/uploads\/2026\/02\/peptidy-onas-1024x683.png\" \/>\n\t<meta property=\"og:image:width\" content=\"1024\" \/>\n\t<meta property=\"og:image:height\" content=\"683\" \/>\n\t<meta property=\"og:image:type\" content=\"image\/png\" \/>\n<meta name=\"twitter:card\" content=\"summary_large_image\" \/>\n<meta name=\"twitter:label1\" content=\"Timp estimat pentru citire\" \/>\n\t<meta name=\"twitter:data1\" content=\"2 minute\" \/>\n<script type=\"application\/ld+json\" class=\"yoast-schema-graph\">{\"@context\":\"https:\/\/schema.org\",\"@graph\":[{\"@type\":\"WebPage\",\"@id\":\"https:\/\/www.royalpeptides.eu\/ro\/calculator-de-dozare\",\"url\":\"https:\/\/www.royalpeptides.eu\/ro\/calculator-de-dozare\",\"name\":\"Calculator de dozare - Royal Peptides\",\"isPartOf\":{\"@id\":\"https:\/\/www.royalpeptides.eu\/ro#website\"},\"primaryImageOfPage\":{\"@id\":\"https:\/\/www.royalpeptides.eu\/ro\/calculator-de-dozare#primaryimage\"},\"image\":{\"@id\":\"https:\/\/www.royalpeptides.eu\/ro\/calculator-de-dozare#primaryimage\"},\"thumbnailUrl\":\"https:\/\/www.royalpeptides.eu\/wp-content\/uploads\/2026\/02\/peptidy-onas.png\",\"datePublished\":\"2026-02-18T09:38:10+00:00\",\"dateModified\":\"2026-04-16T10:50:54+00:00\",\"breadcrumb\":{\"@id\":\"https:\/\/www.royalpeptides.eu\/ro\/calculator-de-dozare#breadcrumb\"},\"inLanguage\":\"ro-RO\",\"potentialAction\":[{\"@type\":\"ReadAction\",\"target\":[\"https:\/\/www.royalpeptides.eu\/ro\/calculator-de-dozare\"]}]},{\"@type\":\"ImageObject\",\"inLanguage\":\"ro-RO\",\"@id\":\"https:\/\/www.royalpeptides.eu\/ro\/calculator-de-dozare#primaryimage\",\"url\":\"https:\/\/www.royalpeptides.eu\/wp-content\/uploads\/2026\/02\/peptidy-onas.png\",\"contentUrl\":\"https:\/\/www.royalpeptides.eu\/wp-content\/uploads\/2026\/02\/peptidy-onas.png\",\"width\":1536,\"height\":1024},{\"@type\":\"BreadcrumbList\",\"@id\":\"https:\/\/www.royalpeptides.eu\/ro\/calculator-de-dozare#breadcrumb\",\"itemListElement\":[{\"@type\":\"ListItem\",\"position\":1,\"name\":\"Domovsk\u00e1 str\u00e1nka\",\"item\":\"https:\/\/www.royalpeptides.eu\/ro\"},{\"@type\":\"ListItem\",\"position\":2,\"name\":\"Calculator de dozare\"}]},{\"@type\":\"WebSite\",\"@id\":\"https:\/\/www.royalpeptides.eu\/ro#website\",\"url\":\"https:\/\/www.royalpeptides.eu\/ro\",\"name\":\"Royal Peptides\",\"description\":\"\",\"publisher\":{\"@id\":\"https:\/\/www.royalpeptides.eu\/ro#organization\"},\"potentialAction\":[{\"@type\":\"SearchAction\",\"target\":{\"@type\":\"EntryPoint\",\"urlTemplate\":\"https:\/\/www.royalpeptides.eu\/ro?s={search_term_string}\"},\"query-input\":{\"@type\":\"PropertyValueSpecification\",\"valueRequired\":true,\"valueName\":\"search_term_string\"}}],\"inLanguage\":\"ro-RO\"},{\"@type\":\"Organization\",\"@id\":\"https:\/\/www.royalpeptides.eu\/ro#organization\",\"name\":\"Royal Peptides\",\"url\":\"https:\/\/www.royalpeptides.eu\/ro\",\"logo\":{\"@type\":\"ImageObject\",\"inLanguage\":\"ro-RO\",\"@id\":\"https:\/\/www.royalpeptides.eu\/ro#\/schema\/logo\/image\/\",\"url\":\"https:\/\/www.royalpeptides.eu\/wp-content\/uploads\/2026\/02\/royal_peptides_fade_edges.png\",\"contentUrl\":\"https:\/\/www.royalpeptides.eu\/wp-content\/uploads\/2026\/02\/royal_peptides_fade_edges.png\",\"width\":2048,\"height\":909,\"caption\":\"Royal Peptides\"},\"image\":{\"@id\":\"https:\/\/www.royalpeptides.eu\/ro#\/schema\/logo\/image\/\"},\"sameAs\":[\"https:\/\/www.facebook.com\/profile.php?id=61588101646707\",\"https:\/\/www.instagram.com\/royal_pep?igsh=Z2RoamNlaW1sZmFr\"]}]}<\/script>\n<!-- \/ Yoast SEO plugin. -->","yoast_head_json":{"title":"Calculator de dozare - Royal Peptides","robots":{"index":"index","follow":"follow","max-snippet":"max-snippet:-1","max-image-preview":"max-image-preview:large","max-video-preview":"max-video-preview:-1"},"canonical":"https:\/\/www.royalpeptides.eu\/ro\/calculator-de-dozare","og_locale":"ro_RO","og_type":"article","og_title":"Calculator de dozare - Royal Peptides","og_description":"Calculator de dozare Preg\u0103te\u0219te-\u021bi propriul peptid La ce folose\u0219te calculatorul de dozare? Calculatorul de dozare de pe site-ul RoyalPeptides.eu este folosit pentru calculul simplu \u0219i precis al cantit\u0103\u021bii necesare de solu\u021bie atunci c\u00e2nd se lucreaz\u0103 cu peptide. Dup\u0103 introducerea volumului seringii, cantit\u0103\u021bii de peptid din flacon, volumului de reconstituire \u0219i dozei dorite, sistemul calculeaz\u0103 automat [&hellip;]","og_url":"https:\/\/www.royalpeptides.eu\/ro\/calculator-de-dozare","og_site_name":"Royal Peptides","article_publisher":"https:\/\/www.facebook.com\/profile.php?id=61588101646707","article_modified_time":"2026-04-16T10:50:54+00:00","og_image":[{"width":1024,"height":683,"url":"https:\/\/www.royalpeptides.eu\/wp-content\/uploads\/2026\/02\/peptidy-onas-1024x683.png","type":"image\/png"}],"twitter_card":"summary_large_image","twitter_misc":{"Timp estimat pentru citire":"2 minute"},"schema":{"@context":"https:\/\/schema.org","@graph":[{"@type":"WebPage","@id":"https:\/\/www.royalpeptides.eu\/ro\/calculator-de-dozare","url":"https:\/\/www.royalpeptides.eu\/ro\/calculator-de-dozare","name":"Calculator de dozare - Royal Peptides","isPartOf":{"@id":"https:\/\/www.royalpeptides.eu\/ro#website"},"primaryImageOfPage":{"@id":"https:\/\/www.royalpeptides.eu\/ro\/calculator-de-dozare#primaryimage"},"image":{"@id":"https:\/\/www.royalpeptides.eu\/ro\/calculator-de-dozare#primaryimage"},"thumbnailUrl":"https:\/\/www.royalpeptides.eu\/wp-content\/uploads\/2026\/02\/peptidy-onas.png","datePublished":"2026-02-18T09:38:10+00:00","dateModified":"2026-04-16T10:50:54+00:00","breadcrumb":{"@id":"https:\/\/www.royalpeptides.eu\/ro\/calculator-de-dozare#breadcrumb"},"inLanguage":"ro-RO","potentialAction":[{"@type":"ReadAction","target":["https:\/\/www.royalpeptides.eu\/ro\/calculator-de-dozare"]}]},{"@type":"ImageObject","inLanguage":"ro-RO","@id":"https:\/\/www.royalpeptides.eu\/ro\/calculator-de-dozare#primaryimage","url":"https:\/\/www.royalpeptides.eu\/wp-content\/uploads\/2026\/02\/peptidy-onas.png","contentUrl":"https:\/\/www.royalpeptides.eu\/wp-content\/uploads\/2026\/02\/peptidy-onas.png","width":1536,"height":1024},{"@type":"BreadcrumbList","@id":"https:\/\/www.royalpeptides.eu\/ro\/calculator-de-dozare#breadcrumb","itemListElement":[{"@type":"ListItem","position":1,"name":"Domovsk\u00e1 str\u00e1nka","item":"https:\/\/www.royalpeptides.eu\/ro"},{"@type":"ListItem","position":2,"name":"Calculator de dozare"}]},{"@type":"WebSite","@id":"https:\/\/www.royalpeptides.eu\/ro#website","url":"https:\/\/www.royalpeptides.eu\/ro","name":"Royal Peptides","description":"","publisher":{"@id":"https:\/\/www.royalpeptides.eu\/ro#organization"},"potentialAction":[{"@type":"SearchAction","target":{"@type":"EntryPoint","urlTemplate":"https:\/\/www.royalpeptides.eu\/ro?s={search_term_string}"},"query-input":{"@type":"PropertyValueSpecification","valueRequired":true,"valueName":"search_term_string"}}],"inLanguage":"ro-RO"},{"@type":"Organization","@id":"https:\/\/www.royalpeptides.eu\/ro#organization","name":"Royal Peptides","url":"https:\/\/www.royalpeptides.eu\/ro","logo":{"@type":"ImageObject","inLanguage":"ro-RO","@id":"https:\/\/www.royalpeptides.eu\/ro#\/schema\/logo\/image\/","url":"https:\/\/www.royalpeptides.eu\/wp-content\/uploads\/2026\/02\/royal_peptides_fade_edges.png","contentUrl":"https:\/\/www.royalpeptides.eu\/wp-content\/uploads\/2026\/02\/royal_peptides_fade_edges.png","width":2048,"height":909,"caption":"Royal Peptides"},"image":{"@id":"https:\/\/www.royalpeptides.eu\/ro#\/schema\/logo\/image\/"},"sameAs":["https:\/\/www.facebook.com\/profile.php?id=61588101646707","https:\/\/www.instagram.com\/royal_pep?igsh=Z2RoamNlaW1sZmFr"]}]}},"_links":{"self":[{"href":"https:\/\/www.royalpeptides.eu\/ro\/wp-json\/wp\/v2\/pages\/3415","targetHints":{"allow":["GET"]}}],"collection":[{"href":"https:\/\/www.royalpeptides.eu\/ro\/wp-json\/wp\/v2\/pages"}],"about":[{"href":"https:\/\/www.royalpeptides.eu\/ro\/wp-json\/wp\/v2\/types\/page"}],"author":[{"embeddable":true,"href":"https:\/\/www.royalpeptides.eu\/ro\/wp-json\/wp\/v2\/users\/1"}],"replies":[{"embeddable":true,"href":"https:\/\/www.royalpeptides.eu\/ro\/wp-json\/wp\/v2\/comments?post=3415"}],"version-history":[{"count":7,"href":"https:\/\/www.royalpeptides.eu\/ro\/wp-json\/wp\/v2\/pages\/3415\/revisions"}],"predecessor-version":[{"id":3423,"href":"https:\/\/www.royalpeptides.eu\/ro\/wp-json\/wp\/v2\/pages\/3415\/revisions\/3423"}],"wp:featuredmedia":[{"embeddable":true,"href":"https:\/\/www.royalpeptides.eu\/ro\/wp-json\/wp\/v2\/media\/3377"}],"wp:attachment":[{"href":"https:\/\/www.royalpeptides.eu\/ro\/wp-json\/wp\/v2\/media?parent=3415"}],"curies":[{"name":"wp","href":"https:\/\/api.w.org\/{rel}","templated":true}]}}