{"id":3101,"date":"2026-02-19T15:45:41","date_gmt":"2026-02-19T14:45:41","guid":{"rendered":"https:\/\/www.royalpeptides.eu\/?post_type=product&#038;p=3101"},"modified":"2026-04-16T00:19:24","modified_gmt":"2026-04-15T22:19:24","slug":"retatrutide","status":"publish","type":"product","link":"https:\/\/www.royalpeptides.eu\/ro\/produkt\/retatrutide","title":{"rendered":"Retatrutide"},"content":{"rendered":"<p>Retatrutide este un peptid metabolic de cercetare \u2013 agonist triplu al receptorilor. Numai pentru uz de laborator. Nu este medicament \u0219i nu este destinat utiliz\u0103rii terapeutice.<\/p>\n<p>Retatrutide \u2013 peptid metabolic de cercetare<\/p>\n<p>Peptid destinat exclusiv utiliz\u0103rii \u00een cercetare. Nu este medicament \u0219i nu este destinat utiliz\u0103rii la oameni.<\/p>\n<p>Descriere scurt\u0103:<br \/>\nRetatrutide este un agonist triplu al receptorilor GLP-1, GIP \u0219i glucagon, dezvoltat pentru cercetare metabolic\u0103 \u0219i clinic\u0103.<\/p>\n<p>Puncte cheie ale cercet\u0103rii:<br \/>\n\u2022 Sc\u0103dere medie a greut\u0103\u021bii corporale de p\u00e2n\u0103 la ~24%<br \/>\n\u2022 \u00cembun\u0103t\u0103\u021birea parametrilor glicemici \u0219i a profilului lipidic<br \/>\n\u2022 Reducerea circumferin\u021bei taliei \u0219i a gr\u0103simii hepatice (RMN)<br \/>\n\u2022 Efect dependent de doz\u0103 \u00een studiile clinice Phase 2<\/p>\n<p>Forma produsului: pulbere \u2013 pentru uz de laborator<\/p>\n<p>Surse \u0219tiin\u021bifice:<\/p>\n<p>Jastreboff AM et al., NEJM, 2023<br \/>\nRosenstock J et al., studiu Phase 2 diabet 2023<br \/>\nMeta-analize RCT 2024\u20132025<\/p>\n<p>\u26a0\ufe0f Aten\u021bionare: Acest peptid este destinat exclusiv cercet\u0103rii \u0219i nu este aprobat ca medicament.<\/p>\n","protected":false},"excerpt":{"rendered":"<p>Retatrutide este un peptid metabolic de cercetare \u2013 agonist triplu al receptorilor. Numai pentru uz de laborator. Nu este medicament \u0219i nu este destinat utiliz\u0103rii terapeutice.<\/p>\n","protected":false},"featured_media":3100,"comment_status":"closed","ping_status":"closed","template":"","meta":[],"product_brand":[],"product_cat":[245],"product_tag":[],"class_list":{"0":"post-3101","1":"product","2":"type-product","3":"status-publish","4":"has-post-thumbnail","6":"product_cat-slabire","7":"pa_dolezite-upozornenie-vsetky-produkty-dostupne-v-nasej-ponuke-su-urcene-vyhradne-na-vyskumne-laboratorne-a-vyvojove-ucely-nie-su-urcene-na-pouzitie-ako-liek-zdravotnicka-pomocka-kozmeticky-pripra","8":"pa_obsah-10mg","9":"pa_obsah-20mg","10":"pa_obsah-30mg","11":"pa_obsah-40mg","12":"pa_obsah-5mg","14":"first","15":"instock","16":"purchasable","17":"product-type-variable","18":"has-default-attributes"},"yoast_head":"<!-- This site is optimized with the Yoast SEO plugin v27.0 - https:\/\/yoast.com\/product\/yoast-seo-wordpress\/ -->\n<title>Retatrutide - Royal Peptides<\/title>\n<meta name=\"robots\" content=\"index, follow, max-snippet:-1, max-image-preview:large, max-video-preview:-1\" \/>\n<link rel=\"canonical\" href=\"https:\/\/www.royalpeptides.eu\/ro\/produkt\/retatrutide\" \/>\n<meta property=\"og:locale\" content=\"ro_RO\" \/>\n<meta property=\"og:type\" content=\"article\" \/>\n<meta property=\"og:title\" content=\"Retatrutide - Royal Peptides\" \/>\n<meta property=\"og:description\" content=\"Retatrutide este un peptid metabolic de cercetare \u2013 agonist triplu al receptorilor. Numai pentru uz de laborator. Nu este medicament \u0219i nu este destinat utiliz\u0103rii terapeutice.\" \/>\n<meta property=\"og:url\" content=\"https:\/\/www.royalpeptides.eu\/ro\/produkt\/retatrutide\" \/>\n<meta property=\"og:site_name\" content=\"Royal Peptides\" \/>\n<meta property=\"article:publisher\" content=\"https:\/\/www.facebook.com\/profile.php?id=61588101646707\" \/>\n<meta property=\"article:modified_time\" content=\"2026-04-15T22:19:24+00:00\" \/>\n<meta property=\"og:image\" content=\"https:\/\/www.royalpeptides.eu\/wp-content\/uploads\/2026\/02\/Reta-10mg.png\" \/>\n\t<meta property=\"og:image:width\" content=\"819\" \/>\n\t<meta property=\"og:image:height\" content=\"1228\" \/>\n\t<meta property=\"og:image:type\" content=\"image\/png\" \/>\n<meta name=\"twitter:card\" content=\"summary_large_image\" \/>\n<meta name=\"twitter:label1\" content=\"Timp estimat pentru citire\" \/>\n\t<meta name=\"twitter:data1\" content=\"1 minut\" \/>\n<script type=\"application\/ld+json\" class=\"yoast-schema-graph\">{\"@context\":\"https:\/\/schema.org\",\"@graph\":[{\"@type\":\"WebPage\",\"@id\":\"https:\/\/www.royalpeptides.eu\/ro\/produkt\/retatrutide\",\"url\":\"https:\/\/www.royalpeptides.eu\/ro\/produkt\/retatrutide\",\"name\":\"Retatrutide - Royal Peptides\",\"isPartOf\":{\"@id\":\"https:\/\/www.royalpeptides.eu\/ro#website\"},\"primaryImageOfPage\":{\"@id\":\"https:\/\/www.royalpeptides.eu\/ro\/produkt\/retatrutide#primaryimage\"},\"image\":{\"@id\":\"https:\/\/www.royalpeptides.eu\/ro\/produkt\/retatrutide#primaryimage\"},\"thumbnailUrl\":\"https:\/\/www.royalpeptides.eu\/wp-content\/uploads\/2026\/02\/Reta-10mg.png\",\"datePublished\":\"2026-02-19T14:45:41+00:00\",\"dateModified\":\"2026-04-15T22:19:24+00:00\",\"breadcrumb\":{\"@id\":\"https:\/\/www.royalpeptides.eu\/ro\/produkt\/retatrutide#breadcrumb\"},\"inLanguage\":\"ro-RO\",\"potentialAction\":[{\"@type\":\"ReadAction\",\"target\":[\"https:\/\/www.royalpeptides.eu\/ro\/produkt\/retatrutide\"]}]},{\"@type\":\"ImageObject\",\"inLanguage\":\"ro-RO\",\"@id\":\"https:\/\/www.royalpeptides.eu\/ro\/produkt\/retatrutide#primaryimage\",\"url\":\"https:\/\/www.royalpeptides.eu\/wp-content\/uploads\/2026\/02\/Reta-10mg.png\",\"contentUrl\":\"https:\/\/www.royalpeptides.eu\/wp-content\/uploads\/2026\/02\/Reta-10mg.png\",\"width\":819,\"height\":1228},{\"@type\":\"BreadcrumbList\",\"@id\":\"https:\/\/www.royalpeptides.eu\/ro\/produkt\/retatrutide#breadcrumb\",\"itemListElement\":[{\"@type\":\"ListItem\",\"position\":1,\"name\":\"Domovsk\u00e1 str\u00e1nka\",\"item\":\"https:\/\/www.royalpeptides.eu\/ro\"},{\"@type\":\"ListItem\",\"position\":2,\"name\":\"Cump\u0103r\u0103 peptide\",\"item\":\"https:\/\/www.royalpeptides.eu\/ro\/cumpara-peptide\"},{\"@type\":\"ListItem\",\"position\":3,\"name\":\"Retatrutide\"}]},{\"@type\":\"WebSite\",\"@id\":\"https:\/\/www.royalpeptides.eu\/ro#website\",\"url\":\"https:\/\/www.royalpeptides.eu\/ro\",\"name\":\"Royal Peptides\",\"description\":\"\",\"publisher\":{\"@id\":\"https:\/\/www.royalpeptides.eu\/ro#organization\"},\"potentialAction\":[{\"@type\":\"SearchAction\",\"target\":{\"@type\":\"EntryPoint\",\"urlTemplate\":\"https:\/\/www.royalpeptides.eu\/ro?s={search_term_string}\"},\"query-input\":{\"@type\":\"PropertyValueSpecification\",\"valueRequired\":true,\"valueName\":\"search_term_string\"}}],\"inLanguage\":\"ro-RO\"},{\"@type\":\"Organization\",\"@id\":\"https:\/\/www.royalpeptides.eu\/ro#organization\",\"name\":\"Royal Peptides\",\"url\":\"https:\/\/www.royalpeptides.eu\/ro\",\"logo\":{\"@type\":\"ImageObject\",\"inLanguage\":\"ro-RO\",\"@id\":\"https:\/\/www.royalpeptides.eu\/ro#\/schema\/logo\/image\/\",\"url\":\"https:\/\/www.royalpeptides.eu\/wp-content\/uploads\/2026\/02\/royal_peptides_fade_edges.png\",\"contentUrl\":\"https:\/\/www.royalpeptides.eu\/wp-content\/uploads\/2026\/02\/royal_peptides_fade_edges.png\",\"width\":2048,\"height\":909,\"caption\":\"Royal Peptides\"},\"image\":{\"@id\":\"https:\/\/www.royalpeptides.eu\/ro#\/schema\/logo\/image\/\"},\"sameAs\":[\"https:\/\/www.facebook.com\/profile.php?id=61588101646707\",\"https:\/\/www.instagram.com\/royal_pep?igsh=Z2RoamNlaW1sZmFr\"]}]}<\/script>\n<!-- \/ Yoast SEO plugin. -->","yoast_head_json":{"title":"Retatrutide - Royal Peptides","robots":{"index":"index","follow":"follow","max-snippet":"max-snippet:-1","max-image-preview":"max-image-preview:large","max-video-preview":"max-video-preview:-1"},"canonical":"https:\/\/www.royalpeptides.eu\/ro\/produkt\/retatrutide","og_locale":"ro_RO","og_type":"article","og_title":"Retatrutide - Royal Peptides","og_description":"Retatrutide este un peptid metabolic de cercetare \u2013 agonist triplu al receptorilor. Numai pentru uz de laborator. Nu este medicament \u0219i nu este destinat utiliz\u0103rii terapeutice.","og_url":"https:\/\/www.royalpeptides.eu\/ro\/produkt\/retatrutide","og_site_name":"Royal Peptides","article_publisher":"https:\/\/www.facebook.com\/profile.php?id=61588101646707","article_modified_time":"2026-04-15T22:19:24+00:00","og_image":[{"width":819,"height":1228,"url":"https:\/\/www.royalpeptides.eu\/wp-content\/uploads\/2026\/02\/Reta-10mg.png","type":"image\/png"}],"twitter_card":"summary_large_image","twitter_misc":{"Timp estimat pentru citire":"1 minut"},"schema":{"@context":"https:\/\/schema.org","@graph":[{"@type":"WebPage","@id":"https:\/\/www.royalpeptides.eu\/ro\/produkt\/retatrutide","url":"https:\/\/www.royalpeptides.eu\/ro\/produkt\/retatrutide","name":"Retatrutide - Royal Peptides","isPartOf":{"@id":"https:\/\/www.royalpeptides.eu\/ro#website"},"primaryImageOfPage":{"@id":"https:\/\/www.royalpeptides.eu\/ro\/produkt\/retatrutide#primaryimage"},"image":{"@id":"https:\/\/www.royalpeptides.eu\/ro\/produkt\/retatrutide#primaryimage"},"thumbnailUrl":"https:\/\/www.royalpeptides.eu\/wp-content\/uploads\/2026\/02\/Reta-10mg.png","datePublished":"2026-02-19T14:45:41+00:00","dateModified":"2026-04-15T22:19:24+00:00","breadcrumb":{"@id":"https:\/\/www.royalpeptides.eu\/ro\/produkt\/retatrutide#breadcrumb"},"inLanguage":"ro-RO","potentialAction":[{"@type":"ReadAction","target":["https:\/\/www.royalpeptides.eu\/ro\/produkt\/retatrutide"]}]},{"@type":"ImageObject","inLanguage":"ro-RO","@id":"https:\/\/www.royalpeptides.eu\/ro\/produkt\/retatrutide#primaryimage","url":"https:\/\/www.royalpeptides.eu\/wp-content\/uploads\/2026\/02\/Reta-10mg.png","contentUrl":"https:\/\/www.royalpeptides.eu\/wp-content\/uploads\/2026\/02\/Reta-10mg.png","width":819,"height":1228},{"@type":"BreadcrumbList","@id":"https:\/\/www.royalpeptides.eu\/ro\/produkt\/retatrutide#breadcrumb","itemListElement":[{"@type":"ListItem","position":1,"name":"Domovsk\u00e1 str\u00e1nka","item":"https:\/\/www.royalpeptides.eu\/ro"},{"@type":"ListItem","position":2,"name":"Cump\u0103r\u0103 peptide","item":"https:\/\/www.royalpeptides.eu\/ro\/cumpara-peptide"},{"@type":"ListItem","position":3,"name":"Retatrutide"}]},{"@type":"WebSite","@id":"https:\/\/www.royalpeptides.eu\/ro#website","url":"https:\/\/www.royalpeptides.eu\/ro","name":"Royal Peptides","description":"","publisher":{"@id":"https:\/\/www.royalpeptides.eu\/ro#organization"},"potentialAction":[{"@type":"SearchAction","target":{"@type":"EntryPoint","urlTemplate":"https:\/\/www.royalpeptides.eu\/ro?s={search_term_string}"},"query-input":{"@type":"PropertyValueSpecification","valueRequired":true,"valueName":"search_term_string"}}],"inLanguage":"ro-RO"},{"@type":"Organization","@id":"https:\/\/www.royalpeptides.eu\/ro#organization","name":"Royal Peptides","url":"https:\/\/www.royalpeptides.eu\/ro","logo":{"@type":"ImageObject","inLanguage":"ro-RO","@id":"https:\/\/www.royalpeptides.eu\/ro#\/schema\/logo\/image\/","url":"https:\/\/www.royalpeptides.eu\/wp-content\/uploads\/2026\/02\/royal_peptides_fade_edges.png","contentUrl":"https:\/\/www.royalpeptides.eu\/wp-content\/uploads\/2026\/02\/royal_peptides_fade_edges.png","width":2048,"height":909,"caption":"Royal Peptides"},"image":{"@id":"https:\/\/www.royalpeptides.eu\/ro#\/schema\/logo\/image\/"},"sameAs":["https:\/\/www.facebook.com\/profile.php?id=61588101646707","https:\/\/www.instagram.com\/royal_pep?igsh=Z2RoamNlaW1sZmFr"]}]}},"_links":{"self":[{"href":"https:\/\/www.royalpeptides.eu\/ro\/wp-json\/wp\/v2\/product\/3101","targetHints":{"allow":["GET"]}}],"collection":[{"href":"https:\/\/www.royalpeptides.eu\/ro\/wp-json\/wp\/v2\/product"}],"about":[{"href":"https:\/\/www.royalpeptides.eu\/ro\/wp-json\/wp\/v2\/types\/product"}],"replies":[{"embeddable":true,"href":"https:\/\/www.royalpeptides.eu\/ro\/wp-json\/wp\/v2\/comments?post=3101"}],"wp:featuredmedia":[{"embeddable":true,"href":"https:\/\/www.royalpeptides.eu\/ro\/wp-json\/wp\/v2\/media\/3100"}],"wp:attachment":[{"href":"https:\/\/www.royalpeptides.eu\/ro\/wp-json\/wp\/v2\/media?parent=3101"}],"wp:term":[{"taxonomy":"product_brand","embeddable":true,"href":"https:\/\/www.royalpeptides.eu\/ro\/wp-json\/wp\/v2\/product_brand?post=3101"},{"taxonomy":"product_cat","embeddable":true,"href":"https:\/\/www.royalpeptides.eu\/ro\/wp-json\/wp\/v2\/product_cat?post=3101"},{"taxonomy":"product_tag","embeddable":true,"href":"https:\/\/www.royalpeptides.eu\/ro\/wp-json\/wp\/v2\/product_tag?post=3101"}],"curies":[{"name":"wp","href":"https:\/\/api.w.org\/{rel}","templated":true}]}}