{"id":4001,"date":"2026-04-22T21:07:54","date_gmt":"2026-04-22T19:07:54","guid":{"rendered":"https:\/\/www.royalpeptides.eu\/?post_type=product&#038;p=4001"},"modified":"2026-04-22T22:00:06","modified_gmt":"2026-04-22T20:00:06","slug":"obal-s-chladiacim-gelom","status":"publish","type":"product","link":"https:\/\/www.royalpeptides.eu\/ro\/produkt\/obal-s-chladiacim-gelom","title":{"rendered":"Hus\u0103 cu gel de r\u0103cire"},"content":{"rendered":"<p>Husa de protec\u021bie pentru c\u0103l\u0103torii RoyalPeptides este o solu\u021bie practic\u0103 \u0219i compact\u0103, conceput\u0103 pentru depozitarea \u0219i transportul \u00een siguran\u021b\u0103 al echipamentelor de laborator. Construc\u021bia solid\u0103, cu \u00eenchidere cu fermoar de calitate, protejeaz\u0103 con\u021binutul \u00eempotriva deterior\u0103rilor mecanice, \u00een timp ce organizarea interioar\u0103 asigur\u0103 vizibilitatea \u0219i stabilitatea obiectelor depozitate.<\/p>\n<p>Husa este proiectat\u0103 \u00een principal pentru stilouri de dozare (capacitate de p\u00e2n\u0103 la 4 buc.), dar este potrivit\u0103 \u0219i pentru transportul fiolelor \u0219i al altor echipamente mici de laborator. \u00cen interior se afl\u0103 2 inser\u021bii cu gel, care ajut\u0103 la men\u021binerea unei temperaturi mai sc\u0103zute \u00een timpul transportului sau depozit\u0103rii, fiind ideale pentru materialele sensibile la varia\u021biile de temperatur\u0103.<\/p>\n<p>Benzile elastice \u0219i compartimentele din plas\u0103 ajut\u0103 la fixarea con\u021binutului \u0219i la minimizarea mi\u0219c\u0103rii acestuia. Dimensiunile compacte fac din hus\u0103 un partener ideal pentru c\u0103l\u0103torii, precum \u0219i pentru utilizarea zilnic\u0103 \u00een mediul de laborator.<\/p>\n<p>\u274c Nu este destinat\u0103 utiliz\u0103rii umane sau veterinare<br \/>\n\u274c Nu este destinat\u0103 diagnostic\u0103rii sau tratamentului<\/p>\n<p>\u2705 Destinat\u0103 exclusiv pentru uz de laborator \u0219i cercetare<\/p>\n","protected":false},"excerpt":{"rendered":"<p>Husa de protec\u021bie pentru c\u0103l\u0103torii RoyalPeptides este o solu\u021bie practic\u0103 \u0219i compact\u0103, conceput\u0103 pentru depozitarea \u0219i transportul \u00een siguran\u021b\u0103 al echipamentelor de laborator. Construc\u021bia solid\u0103, cu \u00eenchidere cu fermoar de calitate, protejeaz\u0103 con\u021binutul \u00eempotriva deterior\u0103rilor mecanice, \u00een timp ce organizarea interioar\u0103 asigur\u0103 vizibilitatea \u0219i stabilitatea obiectelor depozitate. Husa este proiectat\u0103 \u00een principal pentru stilouri de [&hellip;]<\/p>\n","protected":false},"featured_media":3998,"comment_status":"closed","ping_status":"closed","template":"","meta":[],"product_brand":[],"product_cat":[302],"product_tag":[],"class_list":{"0":"post-4001","1":"product","2":"type-product","3":"status-publish","4":"has-post-thumbnail","6":"product_cat-accesorii","8":"first","9":"instock","10":"purchasable","11":"product-type-simple"},"yoast_head":"<!-- This site is optimized with the Yoast SEO plugin v27.0 - https:\/\/yoast.com\/product\/yoast-seo-wordpress\/ -->\n<title>Hus\u0103 cu gel de r\u0103cire - Royal Peptides<\/title>\n<meta name=\"robots\" content=\"index, follow, max-snippet:-1, max-image-preview:large, max-video-preview:-1\" \/>\n<link rel=\"canonical\" href=\"https:\/\/www.royalpeptides.eu\/ro\/produkt\/obal-s-chladiacim-gelom\" \/>\n<meta property=\"og:locale\" content=\"ro_RO\" \/>\n<meta property=\"og:type\" content=\"article\" \/>\n<meta property=\"og:title\" content=\"Hus\u0103 cu gel de r\u0103cire - Royal Peptides\" \/>\n<meta property=\"og:description\" content=\"Husa de protec\u021bie pentru c\u0103l\u0103torii RoyalPeptides este o solu\u021bie practic\u0103 \u0219i compact\u0103, conceput\u0103 pentru depozitarea \u0219i transportul \u00een siguran\u021b\u0103 al echipamentelor de laborator. Construc\u021bia solid\u0103, cu \u00eenchidere cu fermoar de calitate, protejeaz\u0103 con\u021binutul \u00eempotriva deterior\u0103rilor mecanice, \u00een timp ce organizarea interioar\u0103 asigur\u0103 vizibilitatea \u0219i stabilitatea obiectelor depozitate. Husa este proiectat\u0103 \u00een principal pentru stilouri de [&hellip;]\" \/>\n<meta property=\"og:url\" content=\"https:\/\/www.royalpeptides.eu\/ro\/produkt\/obal-s-chladiacim-gelom\" \/>\n<meta property=\"og:site_name\" content=\"Royal Peptides\" \/>\n<meta property=\"article:publisher\" content=\"https:\/\/www.facebook.com\/profile.php?id=61588101646707\" \/>\n<meta property=\"article:modified_time\" content=\"2026-04-22T20:00:06+00:00\" \/>\n<meta property=\"og:image\" content=\"https:\/\/www.royalpeptides.eu\/wp-content\/uploads\/2026\/04\/obal2.png\" \/>\n\t<meta property=\"og:image:width\" content=\"960\" \/>\n\t<meta property=\"og:image:height\" content=\"540\" \/>\n\t<meta property=\"og:image:type\" content=\"image\/png\" \/>\n<meta name=\"twitter:card\" content=\"summary_large_image\" \/>\n<meta name=\"twitter:label1\" content=\"Timp estimat pentru citire\" \/>\n\t<meta name=\"twitter:data1\" content=\"2 minute\" \/>\n<script type=\"application\/ld+json\" class=\"yoast-schema-graph\">{\"@context\":\"https:\/\/schema.org\",\"@graph\":[{\"@type\":\"WebPage\",\"@id\":\"https:\/\/www.royalpeptides.eu\/ro\/produkt\/obal-s-chladiacim-gelom\",\"url\":\"https:\/\/www.royalpeptides.eu\/ro\/produkt\/obal-s-chladiacim-gelom\",\"name\":\"Hus\u0103 cu gel de r\u0103cire - Royal Peptides\",\"isPartOf\":{\"@id\":\"https:\/\/www.royalpeptides.eu\/ro#website\"},\"primaryImageOfPage\":{\"@id\":\"https:\/\/www.royalpeptides.eu\/ro\/produkt\/obal-s-chladiacim-gelom#primaryimage\"},\"image\":{\"@id\":\"https:\/\/www.royalpeptides.eu\/ro\/produkt\/obal-s-chladiacim-gelom#primaryimage\"},\"thumbnailUrl\":\"https:\/\/www.royalpeptides.eu\/wp-content\/uploads\/2026\/04\/obal2.png\",\"datePublished\":\"2026-04-22T19:07:54+00:00\",\"dateModified\":\"2026-04-22T20:00:06+00:00\",\"breadcrumb\":{\"@id\":\"https:\/\/www.royalpeptides.eu\/ro\/produkt\/obal-s-chladiacim-gelom#breadcrumb\"},\"inLanguage\":\"ro-RO\",\"potentialAction\":[{\"@type\":\"ReadAction\",\"target\":[\"https:\/\/www.royalpeptides.eu\/ro\/produkt\/obal-s-chladiacim-gelom\"]}]},{\"@type\":\"ImageObject\",\"inLanguage\":\"ro-RO\",\"@id\":\"https:\/\/www.royalpeptides.eu\/ro\/produkt\/obal-s-chladiacim-gelom#primaryimage\",\"url\":\"https:\/\/www.royalpeptides.eu\/wp-content\/uploads\/2026\/04\/obal2.png\",\"contentUrl\":\"https:\/\/www.royalpeptides.eu\/wp-content\/uploads\/2026\/04\/obal2.png\",\"width\":960,\"height\":540},{\"@type\":\"BreadcrumbList\",\"@id\":\"https:\/\/www.royalpeptides.eu\/ro\/produkt\/obal-s-chladiacim-gelom#breadcrumb\",\"itemListElement\":[{\"@type\":\"ListItem\",\"position\":1,\"name\":\"Domovsk\u00e1 str\u00e1nka\",\"item\":\"https:\/\/www.royalpeptides.eu\/ro\"},{\"@type\":\"ListItem\",\"position\":2,\"name\":\"Cump\u0103r\u0103 peptide\",\"item\":\"https:\/\/www.royalpeptides.eu\/ro\/cumpara-peptide\"},{\"@type\":\"ListItem\",\"position\":3,\"name\":\"Hus\u0103 cu gel de r\u0103cire\"}]},{\"@type\":\"WebSite\",\"@id\":\"https:\/\/www.royalpeptides.eu\/ro#website\",\"url\":\"https:\/\/www.royalpeptides.eu\/ro\",\"name\":\"Royal Peptides\",\"description\":\"\",\"publisher\":{\"@id\":\"https:\/\/www.royalpeptides.eu\/ro#organization\"},\"potentialAction\":[{\"@type\":\"SearchAction\",\"target\":{\"@type\":\"EntryPoint\",\"urlTemplate\":\"https:\/\/www.royalpeptides.eu\/ro?s={search_term_string}\"},\"query-input\":{\"@type\":\"PropertyValueSpecification\",\"valueRequired\":true,\"valueName\":\"search_term_string\"}}],\"inLanguage\":\"ro-RO\"},{\"@type\":\"Organization\",\"@id\":\"https:\/\/www.royalpeptides.eu\/ro#organization\",\"name\":\"Royal Peptides\",\"url\":\"https:\/\/www.royalpeptides.eu\/ro\",\"logo\":{\"@type\":\"ImageObject\",\"inLanguage\":\"ro-RO\",\"@id\":\"https:\/\/www.royalpeptides.eu\/ro#\/schema\/logo\/image\/\",\"url\":\"https:\/\/www.royalpeptides.eu\/wp-content\/uploads\/2026\/02\/royal_peptides_fade_edges.png\",\"contentUrl\":\"https:\/\/www.royalpeptides.eu\/wp-content\/uploads\/2026\/02\/royal_peptides_fade_edges.png\",\"width\":2048,\"height\":909,\"caption\":\"Royal Peptides\"},\"image\":{\"@id\":\"https:\/\/www.royalpeptides.eu\/ro#\/schema\/logo\/image\/\"},\"sameAs\":[\"https:\/\/www.facebook.com\/profile.php?id=61588101646707\",\"https:\/\/www.instagram.com\/royal_pep?igsh=Z2RoamNlaW1sZmFr\"]}]}<\/script>\n<!-- \/ Yoast SEO plugin. -->","yoast_head_json":{"title":"Hus\u0103 cu gel de r\u0103cire - Royal Peptides","robots":{"index":"index","follow":"follow","max-snippet":"max-snippet:-1","max-image-preview":"max-image-preview:large","max-video-preview":"max-video-preview:-1"},"canonical":"https:\/\/www.royalpeptides.eu\/ro\/produkt\/obal-s-chladiacim-gelom","og_locale":"ro_RO","og_type":"article","og_title":"Hus\u0103 cu gel de r\u0103cire - Royal Peptides","og_description":"Husa de protec\u021bie pentru c\u0103l\u0103torii RoyalPeptides este o solu\u021bie practic\u0103 \u0219i compact\u0103, conceput\u0103 pentru depozitarea \u0219i transportul \u00een siguran\u021b\u0103 al echipamentelor de laborator. Construc\u021bia solid\u0103, cu \u00eenchidere cu fermoar de calitate, protejeaz\u0103 con\u021binutul \u00eempotriva deterior\u0103rilor mecanice, \u00een timp ce organizarea interioar\u0103 asigur\u0103 vizibilitatea \u0219i stabilitatea obiectelor depozitate. Husa este proiectat\u0103 \u00een principal pentru stilouri de [&hellip;]","og_url":"https:\/\/www.royalpeptides.eu\/ro\/produkt\/obal-s-chladiacim-gelom","og_site_name":"Royal Peptides","article_publisher":"https:\/\/www.facebook.com\/profile.php?id=61588101646707","article_modified_time":"2026-04-22T20:00:06+00:00","og_image":[{"width":960,"height":540,"url":"https:\/\/www.royalpeptides.eu\/wp-content\/uploads\/2026\/04\/obal2.png","type":"image\/png"}],"twitter_card":"summary_large_image","twitter_misc":{"Timp estimat pentru citire":"2 minute"},"schema":{"@context":"https:\/\/schema.org","@graph":[{"@type":"WebPage","@id":"https:\/\/www.royalpeptides.eu\/ro\/produkt\/obal-s-chladiacim-gelom","url":"https:\/\/www.royalpeptides.eu\/ro\/produkt\/obal-s-chladiacim-gelom","name":"Hus\u0103 cu gel de r\u0103cire - Royal Peptides","isPartOf":{"@id":"https:\/\/www.royalpeptides.eu\/ro#website"},"primaryImageOfPage":{"@id":"https:\/\/www.royalpeptides.eu\/ro\/produkt\/obal-s-chladiacim-gelom#primaryimage"},"image":{"@id":"https:\/\/www.royalpeptides.eu\/ro\/produkt\/obal-s-chladiacim-gelom#primaryimage"},"thumbnailUrl":"https:\/\/www.royalpeptides.eu\/wp-content\/uploads\/2026\/04\/obal2.png","datePublished":"2026-04-22T19:07:54+00:00","dateModified":"2026-04-22T20:00:06+00:00","breadcrumb":{"@id":"https:\/\/www.royalpeptides.eu\/ro\/produkt\/obal-s-chladiacim-gelom#breadcrumb"},"inLanguage":"ro-RO","potentialAction":[{"@type":"ReadAction","target":["https:\/\/www.royalpeptides.eu\/ro\/produkt\/obal-s-chladiacim-gelom"]}]},{"@type":"ImageObject","inLanguage":"ro-RO","@id":"https:\/\/www.royalpeptides.eu\/ro\/produkt\/obal-s-chladiacim-gelom#primaryimage","url":"https:\/\/www.royalpeptides.eu\/wp-content\/uploads\/2026\/04\/obal2.png","contentUrl":"https:\/\/www.royalpeptides.eu\/wp-content\/uploads\/2026\/04\/obal2.png","width":960,"height":540},{"@type":"BreadcrumbList","@id":"https:\/\/www.royalpeptides.eu\/ro\/produkt\/obal-s-chladiacim-gelom#breadcrumb","itemListElement":[{"@type":"ListItem","position":1,"name":"Domovsk\u00e1 str\u00e1nka","item":"https:\/\/www.royalpeptides.eu\/ro"},{"@type":"ListItem","position":2,"name":"Cump\u0103r\u0103 peptide","item":"https:\/\/www.royalpeptides.eu\/ro\/cumpara-peptide"},{"@type":"ListItem","position":3,"name":"Hus\u0103 cu gel de r\u0103cire"}]},{"@type":"WebSite","@id":"https:\/\/www.royalpeptides.eu\/ro#website","url":"https:\/\/www.royalpeptides.eu\/ro","name":"Royal Peptides","description":"","publisher":{"@id":"https:\/\/www.royalpeptides.eu\/ro#organization"},"potentialAction":[{"@type":"SearchAction","target":{"@type":"EntryPoint","urlTemplate":"https:\/\/www.royalpeptides.eu\/ro?s={search_term_string}"},"query-input":{"@type":"PropertyValueSpecification","valueRequired":true,"valueName":"search_term_string"}}],"inLanguage":"ro-RO"},{"@type":"Organization","@id":"https:\/\/www.royalpeptides.eu\/ro#organization","name":"Royal Peptides","url":"https:\/\/www.royalpeptides.eu\/ro","logo":{"@type":"ImageObject","inLanguage":"ro-RO","@id":"https:\/\/www.royalpeptides.eu\/ro#\/schema\/logo\/image\/","url":"https:\/\/www.royalpeptides.eu\/wp-content\/uploads\/2026\/02\/royal_peptides_fade_edges.png","contentUrl":"https:\/\/www.royalpeptides.eu\/wp-content\/uploads\/2026\/02\/royal_peptides_fade_edges.png","width":2048,"height":909,"caption":"Royal Peptides"},"image":{"@id":"https:\/\/www.royalpeptides.eu\/ro#\/schema\/logo\/image\/"},"sameAs":["https:\/\/www.facebook.com\/profile.php?id=61588101646707","https:\/\/www.instagram.com\/royal_pep?igsh=Z2RoamNlaW1sZmFr"]}]}},"_links":{"self":[{"href":"https:\/\/www.royalpeptides.eu\/ro\/wp-json\/wp\/v2\/product\/4001","targetHints":{"allow":["GET"]}}],"collection":[{"href":"https:\/\/www.royalpeptides.eu\/ro\/wp-json\/wp\/v2\/product"}],"about":[{"href":"https:\/\/www.royalpeptides.eu\/ro\/wp-json\/wp\/v2\/types\/product"}],"replies":[{"embeddable":true,"href":"https:\/\/www.royalpeptides.eu\/ro\/wp-json\/wp\/v2\/comments?post=4001"}],"wp:featuredmedia":[{"embeddable":true,"href":"https:\/\/www.royalpeptides.eu\/ro\/wp-json\/wp\/v2\/media\/3998"}],"wp:attachment":[{"href":"https:\/\/www.royalpeptides.eu\/ro\/wp-json\/wp\/v2\/media?parent=4001"}],"wp:term":[{"taxonomy":"product_brand","embeddable":true,"href":"https:\/\/www.royalpeptides.eu\/ro\/wp-json\/wp\/v2\/product_brand?post=4001"},{"taxonomy":"product_cat","embeddable":true,"href":"https:\/\/www.royalpeptides.eu\/ro\/wp-json\/wp\/v2\/product_cat?post=4001"},{"taxonomy":"product_tag","embeddable":true,"href":"https:\/\/www.royalpeptides.eu\/ro\/wp-json\/wp\/v2\/product_tag?post=4001"}],"curies":[{"name":"wp","href":"https:\/\/api.w.org\/{rel}","templated":true}]}}