{"id":4013,"date":"2026-04-22T21:07:54","date_gmt":"2026-04-22T19:07:54","guid":{"rendered":"https:\/\/www.royalpeptides.eu\/?post_type=product&#038;p=4013"},"modified":"2026-04-22T22:01:40","modified_gmt":"2026-04-22T20:01:40","slug":"davkovacie-pero","status":"publish","type":"product","link":"https:\/\/www.royalpeptides.eu\/ro\/produkt\/davkovacie-pero","title":{"rendered":"Stilou dozator"},"content":{"rendered":"<p>Stiloul dozator cu logo-ul RoyalPeptides este un dispozitiv gol de unic\u0103 folosin\u021b\u0103, destinat utiliz\u0103rii \u00een scopuri de laborator \u0219i cercetare. Con\u021bine un cartu\u0219 de 3 ml ambalat steril \u0219i este compatibil cu ace standard pentru insulin\u0103 (acele nu sunt incluse \u00een pachet). Mecanismul stiloului permite setarea a p\u00e2n\u0103 la 50 de clicuri, unde 1 clic corespunde la 1 IU, oferind o manipulare precis\u0103 \u0219i controlat\u0103 \u00een condi\u021bii experimentale.<\/p>\n<p>Stiloul este livrat gol \u0219i este destinat umplerii individuale \u00een func\u021bie de nevoile cercet\u0103rii. Cartu\u0219ul poate fi umplut, de exemplu, cu o sering\u0103 de injec\u021bie sau de insulin\u0103. \u00cenainte de umplere, este necesar s\u0103 se elimine aerul din sering\u0103; dac\u0103 este necesar, \u00een timpul umplerii se poate folosi un al doilea ac, prin care aerul din cartu\u0219 poate fi evacuat. Acesta este un produs de unic\u0103 folosin\u021b\u0103.<\/p>\n<p>\u274c Nu este destinat utiliz\u0103rii umane sau veterinare<br \/>\n\u274c Nu este destinat diagnosticului sau tratamentului<\/p>\n<p>\u2705 Destinat exclusiv cercet\u0103rii de laborator \u0219i \u0219tiin\u021bifice<\/p>\n","protected":false},"excerpt":{"rendered":"<p>Stiloul dozator cu logo-ul RoyalPeptides este un dispozitiv gol de unic\u0103 folosin\u021b\u0103, destinat utiliz\u0103rii \u00een scopuri de laborator \u0219i cercetare. Con\u021bine un cartu\u0219 de 3 ml ambalat steril \u0219i este compatibil cu ace standard pentru insulin\u0103 (acele nu sunt incluse \u00een pachet). Mecanismul stiloului permite setarea a p\u00e2n\u0103 la 50 de clicuri, unde 1 clic [&hellip;]<\/p>\n","protected":false},"featured_media":4010,"comment_status":"closed","ping_status":"closed","template":"","meta":[],"product_brand":[],"product_cat":[302],"product_tag":[],"class_list":{"0":"post-4013","1":"product","2":"type-product","3":"status-publish","4":"has-post-thumbnail","6":"product_cat-accesorii","7":"pa_obsah-3ml","9":"first","10":"instock","11":"purchasable","12":"product-type-simple"},"yoast_head":"<!-- This site is optimized with the Yoast SEO plugin v27.0 - https:\/\/yoast.com\/product\/yoast-seo-wordpress\/ -->\n<title>Stilou dozator - Royal Peptides<\/title>\n<meta name=\"robots\" content=\"index, follow, max-snippet:-1, max-image-preview:large, max-video-preview:-1\" \/>\n<link rel=\"canonical\" href=\"https:\/\/www.royalpeptides.eu\/ro\/produkt\/davkovacie-pero\" \/>\n<meta property=\"og:locale\" content=\"ro_RO\" \/>\n<meta property=\"og:type\" content=\"article\" \/>\n<meta property=\"og:title\" content=\"Stilou dozator - Royal Peptides\" \/>\n<meta property=\"og:description\" content=\"Stiloul dozator cu logo-ul RoyalPeptides este un dispozitiv gol de unic\u0103 folosin\u021b\u0103, destinat utiliz\u0103rii \u00een scopuri de laborator \u0219i cercetare. Con\u021bine un cartu\u0219 de 3 ml ambalat steril \u0219i este compatibil cu ace standard pentru insulin\u0103 (acele nu sunt incluse \u00een pachet). Mecanismul stiloului permite setarea a p\u00e2n\u0103 la 50 de clicuri, unde 1 clic [&hellip;]\" \/>\n<meta property=\"og:url\" content=\"https:\/\/www.royalpeptides.eu\/ro\/produkt\/davkovacie-pero\" \/>\n<meta property=\"og:site_name\" content=\"Royal Peptides\" \/>\n<meta property=\"article:publisher\" content=\"https:\/\/www.facebook.com\/profile.php?id=61588101646707\" \/>\n<meta property=\"article:modified_time\" content=\"2026-04-22T20:01:40+00:00\" \/>\n<meta property=\"og:image\" content=\"https:\/\/www.royalpeptides.eu\/wp-content\/uploads\/2026\/04\/pero-produkt.png\" \/>\n\t<meta property=\"og:image:width\" content=\"1536\" \/>\n\t<meta property=\"og:image:height\" content=\"1024\" \/>\n\t<meta property=\"og:image:type\" content=\"image\/png\" \/>\n<meta name=\"twitter:card\" content=\"summary_large_image\" \/>\n<meta name=\"twitter:label1\" content=\"Timp estimat pentru citire\" \/>\n\t<meta name=\"twitter:data1\" content=\"2 minute\" \/>\n<script type=\"application\/ld+json\" class=\"yoast-schema-graph\">{\"@context\":\"https:\/\/schema.org\",\"@graph\":[{\"@type\":\"WebPage\",\"@id\":\"https:\/\/www.royalpeptides.eu\/ro\/produkt\/davkovacie-pero\",\"url\":\"https:\/\/www.royalpeptides.eu\/ro\/produkt\/davkovacie-pero\",\"name\":\"Stilou dozator - Royal Peptides\",\"isPartOf\":{\"@id\":\"https:\/\/www.royalpeptides.eu\/ro#website\"},\"primaryImageOfPage\":{\"@id\":\"https:\/\/www.royalpeptides.eu\/ro\/produkt\/davkovacie-pero#primaryimage\"},\"image\":{\"@id\":\"https:\/\/www.royalpeptides.eu\/ro\/produkt\/davkovacie-pero#primaryimage\"},\"thumbnailUrl\":\"https:\/\/www.royalpeptides.eu\/wp-content\/uploads\/2026\/04\/pero-produkt.png\",\"datePublished\":\"2026-04-22T19:07:54+00:00\",\"dateModified\":\"2026-04-22T20:01:40+00:00\",\"breadcrumb\":{\"@id\":\"https:\/\/www.royalpeptides.eu\/ro\/produkt\/davkovacie-pero#breadcrumb\"},\"inLanguage\":\"ro-RO\",\"potentialAction\":[{\"@type\":\"ReadAction\",\"target\":[\"https:\/\/www.royalpeptides.eu\/ro\/produkt\/davkovacie-pero\"]}]},{\"@type\":\"ImageObject\",\"inLanguage\":\"ro-RO\",\"@id\":\"https:\/\/www.royalpeptides.eu\/ro\/produkt\/davkovacie-pero#primaryimage\",\"url\":\"https:\/\/www.royalpeptides.eu\/wp-content\/uploads\/2026\/04\/pero-produkt.png\",\"contentUrl\":\"https:\/\/www.royalpeptides.eu\/wp-content\/uploads\/2026\/04\/pero-produkt.png\",\"width\":1536,\"height\":1024},{\"@type\":\"BreadcrumbList\",\"@id\":\"https:\/\/www.royalpeptides.eu\/ro\/produkt\/davkovacie-pero#breadcrumb\",\"itemListElement\":[{\"@type\":\"ListItem\",\"position\":1,\"name\":\"Domovsk\u00e1 str\u00e1nka\",\"item\":\"https:\/\/www.royalpeptides.eu\/ro\"},{\"@type\":\"ListItem\",\"position\":2,\"name\":\"Cump\u0103r\u0103 peptide\",\"item\":\"https:\/\/www.royalpeptides.eu\/ro\/cumpara-peptide\"},{\"@type\":\"ListItem\",\"position\":3,\"name\":\"Stilou dozator\"}]},{\"@type\":\"WebSite\",\"@id\":\"https:\/\/www.royalpeptides.eu\/ro#website\",\"url\":\"https:\/\/www.royalpeptides.eu\/ro\",\"name\":\"Royal Peptides\",\"description\":\"\",\"publisher\":{\"@id\":\"https:\/\/www.royalpeptides.eu\/ro#organization\"},\"potentialAction\":[{\"@type\":\"SearchAction\",\"target\":{\"@type\":\"EntryPoint\",\"urlTemplate\":\"https:\/\/www.royalpeptides.eu\/ro?s={search_term_string}\"},\"query-input\":{\"@type\":\"PropertyValueSpecification\",\"valueRequired\":true,\"valueName\":\"search_term_string\"}}],\"inLanguage\":\"ro-RO\"},{\"@type\":\"Organization\",\"@id\":\"https:\/\/www.royalpeptides.eu\/ro#organization\",\"name\":\"Royal Peptides\",\"url\":\"https:\/\/www.royalpeptides.eu\/ro\",\"logo\":{\"@type\":\"ImageObject\",\"inLanguage\":\"ro-RO\",\"@id\":\"https:\/\/www.royalpeptides.eu\/ro#\/schema\/logo\/image\/\",\"url\":\"https:\/\/www.royalpeptides.eu\/wp-content\/uploads\/2026\/02\/royal_peptides_fade_edges.png\",\"contentUrl\":\"https:\/\/www.royalpeptides.eu\/wp-content\/uploads\/2026\/02\/royal_peptides_fade_edges.png\",\"width\":2048,\"height\":909,\"caption\":\"Royal Peptides\"},\"image\":{\"@id\":\"https:\/\/www.royalpeptides.eu\/ro#\/schema\/logo\/image\/\"},\"sameAs\":[\"https:\/\/www.facebook.com\/profile.php?id=61588101646707\",\"https:\/\/www.instagram.com\/royal_pep?igsh=Z2RoamNlaW1sZmFr\"]}]}<\/script>\n<!-- \/ Yoast SEO plugin. -->","yoast_head_json":{"title":"Stilou dozator - Royal Peptides","robots":{"index":"index","follow":"follow","max-snippet":"max-snippet:-1","max-image-preview":"max-image-preview:large","max-video-preview":"max-video-preview:-1"},"canonical":"https:\/\/www.royalpeptides.eu\/ro\/produkt\/davkovacie-pero","og_locale":"ro_RO","og_type":"article","og_title":"Stilou dozator - Royal Peptides","og_description":"Stiloul dozator cu logo-ul RoyalPeptides este un dispozitiv gol de unic\u0103 folosin\u021b\u0103, destinat utiliz\u0103rii \u00een scopuri de laborator \u0219i cercetare. Con\u021bine un cartu\u0219 de 3 ml ambalat steril \u0219i este compatibil cu ace standard pentru insulin\u0103 (acele nu sunt incluse \u00een pachet). Mecanismul stiloului permite setarea a p\u00e2n\u0103 la 50 de clicuri, unde 1 clic [&hellip;]","og_url":"https:\/\/www.royalpeptides.eu\/ro\/produkt\/davkovacie-pero","og_site_name":"Royal Peptides","article_publisher":"https:\/\/www.facebook.com\/profile.php?id=61588101646707","article_modified_time":"2026-04-22T20:01:40+00:00","og_image":[{"width":1536,"height":1024,"url":"https:\/\/www.royalpeptides.eu\/wp-content\/uploads\/2026\/04\/pero-produkt.png","type":"image\/png"}],"twitter_card":"summary_large_image","twitter_misc":{"Timp estimat pentru citire":"2 minute"},"schema":{"@context":"https:\/\/schema.org","@graph":[{"@type":"WebPage","@id":"https:\/\/www.royalpeptides.eu\/ro\/produkt\/davkovacie-pero","url":"https:\/\/www.royalpeptides.eu\/ro\/produkt\/davkovacie-pero","name":"Stilou dozator - Royal Peptides","isPartOf":{"@id":"https:\/\/www.royalpeptides.eu\/ro#website"},"primaryImageOfPage":{"@id":"https:\/\/www.royalpeptides.eu\/ro\/produkt\/davkovacie-pero#primaryimage"},"image":{"@id":"https:\/\/www.royalpeptides.eu\/ro\/produkt\/davkovacie-pero#primaryimage"},"thumbnailUrl":"https:\/\/www.royalpeptides.eu\/wp-content\/uploads\/2026\/04\/pero-produkt.png","datePublished":"2026-04-22T19:07:54+00:00","dateModified":"2026-04-22T20:01:40+00:00","breadcrumb":{"@id":"https:\/\/www.royalpeptides.eu\/ro\/produkt\/davkovacie-pero#breadcrumb"},"inLanguage":"ro-RO","potentialAction":[{"@type":"ReadAction","target":["https:\/\/www.royalpeptides.eu\/ro\/produkt\/davkovacie-pero"]}]},{"@type":"ImageObject","inLanguage":"ro-RO","@id":"https:\/\/www.royalpeptides.eu\/ro\/produkt\/davkovacie-pero#primaryimage","url":"https:\/\/www.royalpeptides.eu\/wp-content\/uploads\/2026\/04\/pero-produkt.png","contentUrl":"https:\/\/www.royalpeptides.eu\/wp-content\/uploads\/2026\/04\/pero-produkt.png","width":1536,"height":1024},{"@type":"BreadcrumbList","@id":"https:\/\/www.royalpeptides.eu\/ro\/produkt\/davkovacie-pero#breadcrumb","itemListElement":[{"@type":"ListItem","position":1,"name":"Domovsk\u00e1 str\u00e1nka","item":"https:\/\/www.royalpeptides.eu\/ro"},{"@type":"ListItem","position":2,"name":"Cump\u0103r\u0103 peptide","item":"https:\/\/www.royalpeptides.eu\/ro\/cumpara-peptide"},{"@type":"ListItem","position":3,"name":"Stilou dozator"}]},{"@type":"WebSite","@id":"https:\/\/www.royalpeptides.eu\/ro#website","url":"https:\/\/www.royalpeptides.eu\/ro","name":"Royal Peptides","description":"","publisher":{"@id":"https:\/\/www.royalpeptides.eu\/ro#organization"},"potentialAction":[{"@type":"SearchAction","target":{"@type":"EntryPoint","urlTemplate":"https:\/\/www.royalpeptides.eu\/ro?s={search_term_string}"},"query-input":{"@type":"PropertyValueSpecification","valueRequired":true,"valueName":"search_term_string"}}],"inLanguage":"ro-RO"},{"@type":"Organization","@id":"https:\/\/www.royalpeptides.eu\/ro#organization","name":"Royal Peptides","url":"https:\/\/www.royalpeptides.eu\/ro","logo":{"@type":"ImageObject","inLanguage":"ro-RO","@id":"https:\/\/www.royalpeptides.eu\/ro#\/schema\/logo\/image\/","url":"https:\/\/www.royalpeptides.eu\/wp-content\/uploads\/2026\/02\/royal_peptides_fade_edges.png","contentUrl":"https:\/\/www.royalpeptides.eu\/wp-content\/uploads\/2026\/02\/royal_peptides_fade_edges.png","width":2048,"height":909,"caption":"Royal Peptides"},"image":{"@id":"https:\/\/www.royalpeptides.eu\/ro#\/schema\/logo\/image\/"},"sameAs":["https:\/\/www.facebook.com\/profile.php?id=61588101646707","https:\/\/www.instagram.com\/royal_pep?igsh=Z2RoamNlaW1sZmFr"]}]}},"_links":{"self":[{"href":"https:\/\/www.royalpeptides.eu\/ro\/wp-json\/wp\/v2\/product\/4013","targetHints":{"allow":["GET"]}}],"collection":[{"href":"https:\/\/www.royalpeptides.eu\/ro\/wp-json\/wp\/v2\/product"}],"about":[{"href":"https:\/\/www.royalpeptides.eu\/ro\/wp-json\/wp\/v2\/types\/product"}],"replies":[{"embeddable":true,"href":"https:\/\/www.royalpeptides.eu\/ro\/wp-json\/wp\/v2\/comments?post=4013"}],"wp:featuredmedia":[{"embeddable":true,"href":"https:\/\/www.royalpeptides.eu\/ro\/wp-json\/wp\/v2\/media\/4010"}],"wp:attachment":[{"href":"https:\/\/www.royalpeptides.eu\/ro\/wp-json\/wp\/v2\/media?parent=4013"}],"wp:term":[{"taxonomy":"product_brand","embeddable":true,"href":"https:\/\/www.royalpeptides.eu\/ro\/wp-json\/wp\/v2\/product_brand?post=4013"},{"taxonomy":"product_cat","embeddable":true,"href":"https:\/\/www.royalpeptides.eu\/ro\/wp-json\/wp\/v2\/product_cat?post=4013"},{"taxonomy":"product_tag","embeddable":true,"href":"https:\/\/www.royalpeptides.eu\/ro\/wp-json\/wp\/v2\/product_tag?post=4013"}],"curies":[{"name":"wp","href":"https:\/\/api.w.org\/{rel}","templated":true}]}}